{"id":67,"date":"2024-04-04T08:54:56","date_gmt":"2024-04-04T05:54:56","guid":{"rendered":"https:\/\/sisu.ut.ee\/biopohikool\/1-mis-elu-ja-kuidas-see-avaldub-eri-organismiruhmadel\/"},"modified":"2024-04-04T08:56:55","modified_gmt":"2024-04-04T05:56:55","slug":"1-mis-elu-ja-kuidas-see-avaldub-eri-organismiruhmadel","status":"publish","type":"page","link":"https:\/\/sisu.ut.ee\/biopohikool\/1-mis-elu-ja-kuidas-see-avaldub-eri-organismiruhmadel\/","title":{"rendered":"1. MIS ON ELU JA KUIDAS SEE AVALDUB ERI ORGANISMIR\u00dcHMADEL?"},"content":{"rendered":"<p>\n\tMeid \u00fcmbritsev maailm koosneb\u00a0 elus- ja eluta loodusest.\n<\/p>\n<p>\n\t<img loading=\"lazy\" decoding=\"async\" width=\"1197\" height=\"367\" class=\"alignnone wp-image-227\" style=\"width: 800px;height: 245px\" src=\"https:\/\/sisu.ut.ee\/wp-content\/uploads\/sites\/648\/loodus.png\" title=\"Joonis. Elus- ja eluta loodus\" alt=\"Joonis. Elus- ja eluta loodus\" srcset=\"https:\/\/sisu.ut.ee\/wp-content\/uploads\/sites\/648\/loodus.png 1197w, https:\/\/sisu.ut.ee\/wp-content\/uploads\/sites\/648\/loodus-300x92.png 300w, https:\/\/sisu.ut.ee\/wp-content\/uploads\/sites\/648\/loodus-1024x314.png 1024w, https:\/\/sisu.ut.ee\/wp-content\/uploads\/sites\/648\/loodus-768x235.png 768w\" sizes=\"auto, (max-width: 1197px) 100vw, 1197px\">\n<\/p>\n<p>\n\t\u00a0\n<\/p>\n<p>\n\tOrganisme iseloomustavad eluavaldused:\n<\/p>\n<p>\n\t\u00a0\n<\/p>\n<ol>\n<li>\n\t\tK\u00f5ik organismid koosnevad\u00a0<strong>rakkudest<\/strong>, olles kas \u00fcherakulised (bakterid) v\u00f5i hulkraksed. Rakkudel on k\u00f5ik elu tunnused.\n\t<\/li>\n<li>\n\t\tOrganisme iseloomustab\u00a0<strong>ainevahetus<\/strong>\u00a0(toitumine, hingamine, eritamine).\n\t<\/li>\n<li>\n\t\tOrganismid\u00a0<strong>kasvavad ja arenevad<\/strong>. Kasvamine t\u00e4hendab m\u00f5\u00f5tmete suurenemist. Kasvades organismid arenevad: nad muutuvad keerukamaks. Organismidele on iseloomulik kas otsene v\u00f5i moondega areng.\n\t<\/li>\n<li>\n\t\tK\u00f5ik organismid\u00a0<strong>reageerivad \u00e4rritusele ja keskkonna muutustele.<\/strong>\n\t<\/li>\n<li>\n\t\tElusorganismid\u00a0<strong>paljunevad\u00a0<\/strong>kas suguliselt v\u00f5i mittesuguliselt.\n\t<\/li>\n<\/ol>\n<h4>\n\tVaata videot<br>\n<\/h4>\n<p>\n\tElu tunnused ja avaldumine eri organismir\u00fchmadel\n<\/p>\n<p>\n\t<\/p><div class=\"ratio ratio-16x9 mb-3\"><div class=\"video-placeholder-wrapper video-placeholder-wrapper--16x9\">\n\t\t\t    <div class=\"video-placeholder d-flex justify-content-center align-items-center\">\n\t\t\t        <div class=\"overlay text-white p-2 w-100 text-center d-block justify-content-center align-items-center\">\n\t\t\t            <div>Kolmandate osapoolte sisu n\u00e4gemiseks palun n\u00f5ustu k\u00fcpsistega.<\/div>\n\t\t\t            <button class=\"btn btn-secondary btn-sm mt-1 consent-change\">Muuda n\u00f5usolekut<\/button>\n\t\t\t        <\/div>\n\t\t\t    <\/div>\n\t\t\t<\/div>\n<\/div>\n\n<h4>\n\tHarjutus<br>\n<\/h4>\n<p>\n\t<strong id=\"yui_3_17_2_1_1697368650373_50\" style=\"font-weight:500;sans-serif;font-style:normal;letter-spacing:normal;text-align:left;text-transform:none\">Nimeta rakkudele iseloomulikud elu tunnused.<\/strong>\n<\/p>\n<p>\n\t<\/p><div class=\"accordion mb-3\">\n        <div class=\"accordion-item accordion-item--white\">\n        <h2 class=\"accordion-header\" id=\"accordion-69db1c34f2c8e-heading\">\n            <button class=\"accordion-button collapsed\" type=\"button\" data-bs-toggle=\"collapse\" data-bs-target=\"#accordion-69db1c34f2c8e-collapse\" aria-expanded=\"true\" aria-controls=\"accordion-69db1c34f2c8e-collapse\">Kontrolli vastust<\/button>\n        <\/h2>\n        <div id=\"accordion-69db1c34f2c8e-collapse\" class=\"accordion-collapse collapse\" aria-labelledby=\"accordion-69db1c34f2c8e-heading\">\n            <div class=\"accordion-body\">Paljunevad, ainevahetus, reageerivad keskkonnamuutustele, kasvavad ja arenevad.<\/div>\n        <\/div>\n        <\/div>\n    <\/div>\n\n<p>\n\t\u00a0<\/p>\n","protected":false},"excerpt":{"rendered":"<p>Meid \u00fcmbritsev maailm koosneb\u00a0 elus- ja eluta loodusest. \u00a0 Organisme iseloomustavad eluavaldused: \u00a0 K\u00f5ik organismid koosnevad\u00a0rakkudest, olles kas \u00fcherakulised (bakterid) v\u00f5i hulkraksed. Rakkudel on k\u00f5ik elu tunnused. Organisme iseloomustab\u00a0ainevahetus\u00a0(toitumine, hingamine, eritamine). Organismid\u00a0kasvavad ja arenevad. Kasvamine t\u00e4hendab m\u00f5\u00f5tmete suurenemist. Kasvades organismid &#8230;<\/p>\n","protected":false},"author":345,"featured_media":0,"parent":0,"menu_order":0,"comment_status":"closed","ping_status":"closed","template":"","meta":{"_acf_changed":false,"inline_featured_image":false,"footnotes":""},"class_list":["post-67","page","type-page","status-publish","hentry"],"acf":[],"_links":{"self":[{"href":"https:\/\/sisu.ut.ee\/biopohikool\/wp-json\/wp\/v2\/pages\/67","targetHints":{"allow":["GET"]}}],"collection":[{"href":"https:\/\/sisu.ut.ee\/biopohikool\/wp-json\/wp\/v2\/pages"}],"about":[{"href":"https:\/\/sisu.ut.ee\/biopohikool\/wp-json\/wp\/v2\/types\/page"}],"author":[{"embeddable":true,"href":"https:\/\/sisu.ut.ee\/biopohikool\/wp-json\/wp\/v2\/users\/345"}],"replies":[{"embeddable":true,"href":"https:\/\/sisu.ut.ee\/biopohikool\/wp-json\/wp\/v2\/comments?post=67"}],"version-history":[{"count":1,"href":"https:\/\/sisu.ut.ee\/biopohikool\/wp-json\/wp\/v2\/pages\/67\/revisions"}],"predecessor-version":[{"id":573,"href":"https:\/\/sisu.ut.ee\/biopohikool\/wp-json\/wp\/v2\/pages\/67\/revisions\/573"}],"wp:attachment":[{"href":"https:\/\/sisu.ut.ee\/biopohikool\/wp-json\/wp\/v2\/media?parent=67"}],"curies":[{"name":"wp","href":"https:\/\/api.w.org\/{rel}","templated":true}]}}