{"id":65,"date":"2024-04-04T08:54:56","date_gmt":"2024-04-04T05:54:56","guid":{"rendered":"https:\/\/sisu.ut.ee\/biopohikool\/8-kuidas-selgrootud-toitu-seedivad\/"},"modified":"2024-04-04T08:56:55","modified_gmt":"2024-04-04T05:56:55","slug":"8-kuidas-selgrootud-toitu-seedivad","status":"publish","type":"page","link":"https:\/\/sisu.ut.ee\/biopohikool\/8-kuidas-selgrootud-toitu-seedivad\/","title":{"rendered":"8. KUIDAS SELGROOTUD TOITU SEEDIVAD?"},"content":{"rendered":"<p>\n\t<strong>Selgrootud<\/strong>\u00a0v\u00f5ivad olla:\n<\/p>\n<ul>\n<li>\n\t\ttaimtoidulised, n\u00e4iteks teod, meripurad, paljud putukad;\n\t<\/li>\n<li>\n\t\tloomtoidulised, n\u00e4iteks ainu\u00f5\u00f5ssed, \u00e4mblikud, v\u00e4hid;\n\t<\/li>\n<li>\n\t\tsegatoidulised, n\u00e4iteks prussakad;\n\t<\/li>\n<li>\n\t\ttoituda v\u00e4ljaheidetest ja surnud organismide j\u00e4\u00e4nustest, n\u00e4iteks vihmaussid.\n\t<\/li>\n<\/ul>\n<p>\n\t<strong>Selgrootute toitumisviisid<\/strong>\u00a0on mitmekesised:\n<\/p>\n<ul>\n<li>\n\t\tVett filtreerides toituvad k\u00e4snad ja karbid.\n\t<\/li>\n<li>\n\t\tVedelikust toitujad imevad taimest v\u00f5i loomast toitainerikast vedelikku. N\u00e4iteks s\u00e4\u00e4sed, parmud, lehet\u00e4id.\n\t<\/li>\n<li>\n\t\tOsa loomi elab oma toiduallika pinnal v\u00f5i sees, vihmauss elab mullas ja toitub mullas sisalduvast orgaanilisest materjalist. Liblika r\u00f6\u00f6vikud toituvad taimelehtedest.\n\t<\/li>\n<li>\n\t\tSuurem osa loomi neelab tahkeid toidupalu. N\u00e4iteks v\u00e4hk haarab saagi s\u00f5rgadega ja peenestab selle l\u00f5ugadega.\n\t<\/li>\n<\/ul>\n<p>Selgrootud seedivad toitu erinevalt, selleks on kolm v\u00f5imalust:<br>\u00a0<\/p>\n<table class=\"table table-hover\" border=\"1\" cellpadding=\"5\" cellspacing=\"0\" style=\"width: 100%\">\n<thead>\n<tr>\n<th scope=\"col\">\n\t\t\t\tSeedimine raku sees\n\t\t\t<\/th>\n<th scope=\"col\">\n\t\t\t\t<strong>Seedimine \u00fche avaga \u00f5\u00f5nes<\/strong>\n\t\t\t<\/th>\n<th scope=\"col\">\n\t\t\t\t<strong>Kahe avaga seedes\u00fcsteem<\/strong>\n\t\t\t<\/th>\n<\/tr>\n<\/thead>\n<tbody>\n<tr>\n<td>\n\t\t\t\tK\u00e4snad\n\t\t\t<\/td>\n<td>\n\t\t\t\tH\u00fcdra, maksakaan\n\t\t\t<\/td>\n<td>\n\t\t\t\tVihmauss, solge, teod, l\u00fclijalgsed\n\t\t\t<\/td>\n<\/tr>\n<\/tbody>\n<\/table>\n<p>\n\t\u00a0\n<\/p>\n<p>\n\tParasiitussidel puudub seedeelundkond ja nad ei seedi toitu, vaid kasutavad peremeesorganismi poolt seeditud toitu.<\/p>\n","protected":false},"excerpt":{"rendered":"<p>Selgrootud\u00a0v\u00f5ivad olla: taimtoidulised, n\u00e4iteks teod, meripurad, paljud putukad; loomtoidulised, n\u00e4iteks ainu\u00f5\u00f5ssed, \u00e4mblikud, v\u00e4hid; segatoidulised, n\u00e4iteks prussakad; toituda v\u00e4ljaheidetest ja surnud organismide j\u00e4\u00e4nustest, n\u00e4iteks vihmaussid. Selgrootute toitumisviisid\u00a0on mitmekesised: Vett filtreerides toituvad k\u00e4snad ja karbid. Vedelikust toitujad imevad taimest v\u00f5i loomast toitainerikast &#8230;<\/p>\n","protected":false},"author":345,"featured_media":0,"parent":0,"menu_order":0,"comment_status":"closed","ping_status":"closed","template":"","meta":{"_acf_changed":false,"inline_featured_image":false,"footnotes":""},"class_list":["post-65","page","type-page","status-publish","hentry"],"acf":[],"_links":{"self":[{"href":"https:\/\/sisu.ut.ee\/biopohikool\/wp-json\/wp\/v2\/pages\/65","targetHints":{"allow":["GET"]}}],"collection":[{"href":"https:\/\/sisu.ut.ee\/biopohikool\/wp-json\/wp\/v2\/pages"}],"about":[{"href":"https:\/\/sisu.ut.ee\/biopohikool\/wp-json\/wp\/v2\/types\/page"}],"author":[{"embeddable":true,"href":"https:\/\/sisu.ut.ee\/biopohikool\/wp-json\/wp\/v2\/users\/345"}],"replies":[{"embeddable":true,"href":"https:\/\/sisu.ut.ee\/biopohikool\/wp-json\/wp\/v2\/comments?post=65"}],"version-history":[{"count":1,"href":"https:\/\/sisu.ut.ee\/biopohikool\/wp-json\/wp\/v2\/pages\/65\/revisions"}],"predecessor-version":[{"id":575,"href":"https:\/\/sisu.ut.ee\/biopohikool\/wp-json\/wp\/v2\/pages\/65\/revisions\/575"}],"wp:attachment":[{"href":"https:\/\/sisu.ut.ee\/biopohikool\/wp-json\/wp\/v2\/media?parent=65"}],"curies":[{"name":"wp","href":"https:\/\/api.w.org\/{rel}","templated":true}]}}