{"id":63,"date":"2024-04-04T08:54:56","date_gmt":"2024-04-04T05:54:56","guid":{"rendered":"https:\/\/sisu.ut.ee\/biopohikool\/72-mis-iseloomustab-amblikulaadseid\/"},"modified":"2024-04-04T08:56:55","modified_gmt":"2024-04-04T05:56:55","slug":"72-mis-iseloomustab-amblikulaadseid","status":"publish","type":"page","link":"https:\/\/sisu.ut.ee\/biopohikool\/72-mis-iseloomustab-amblikulaadseid\/","title":{"rendered":"7.2. Mis iseloomustab \u00e4mblikulaadseid?"},"content":{"rendered":"<p>\n\t<strong>\u00c4mblikulaadsetel<\/strong>\u00a0on kaheksa l\u00fclilist jalga. \u00c4mblikulaadsete hulka kuuluvad:\n<\/p>\n<p>\n\t\u00a0\n<\/p>\n<ul>\n<li>\n\t\t\u00e4mblikud\n\t<\/li>\n<li>\n\t\tkoibikud\n\t<\/li>\n<li>\n\t\tskorpionid\n\t<\/li>\n<li>\n\t\tlestad\n\t<\/li>\n<\/ul>\n<h4>\n\t6.2.1. Mis iseloomustab \u00e4mblikke?<br>\n<\/h4>\n<p>\n\t<strong>Vaata videot:\u00a0<\/strong>N\u00e4ituse \u201cImelised \u00e4mblikud\u201d \u00f5ppefilm\n<\/p>\n<p>\n\t<\/p><div class=\"ratio ratio-16x9 mb-3\"><div class=\"video-placeholder-wrapper video-placeholder-wrapper--16x9\">\n\t\t\t    <div class=\"video-placeholder d-flex justify-content-center align-items-center\">\n\t\t\t        <div class=\"overlay text-white p-2 w-100 text-center d-block justify-content-center align-items-center\">\n\t\t\t            <div>Kolmandate osapoolte sisu n\u00e4gemiseks palun n\u00f5ustu k\u00fcpsistega.<\/div>\n\t\t\t            <button class=\"btn btn-secondary btn-sm mt-1 consent-change\">Muuda n\u00f5usolekut<\/button>\n\t\t\t        <\/div>\n\t\t\t    <\/div>\n\t\t\t<\/div>\n<\/div>\n\n<p>\n\t\u00a0\n<\/p>\n<ul id=\"yui_3_17_2_1_1697367857876_50\">\n<li>\n\t\tEnamus elab maismaal.\n\t<\/li>\n<li>\n\t\tKeha jaguneb pearindmikuks ja tagakehaks.\n\t<\/li>\n<li>\n\t\tTundlad puuduvad, nende asemel on l\u00f5ugtundlad toidu haaramiseks ja l\u00f5ugkobijad kompimiseks.\n\t<\/li>\n<li>\n\t\t\u00c4mblikel on 8 lihtsilma ja 4 paari jalgu.\n\t<\/li>\n<li>\n\t\tOsa \u00e4mblikke koob v\u00f5rku.\n\t<\/li>\n<li>\n\t\tHingavad raamatkopsude ja trahheedega.\n\t<\/li>\n<li>\n\t\tVereringe on avatud.\n\t<\/li>\n<li>\n\t\tToidu muudavad vedelaks v\u00e4ljaspool keha, eritades ohvri kehasse seeden\u00f5ret.\n\t<\/li>\n<\/ul>\n<p>\n\t<img loading=\"lazy\" decoding=\"async\" width=\"1438\" height=\"629\" class=\"alignnone wp-image-223\" style=\"width: 600px;height: 262px\" src=\"https:\/\/sisu.ut.ee\/wp-content\/uploads\/sites\/648\/amblik.jpg\" title=\"Joonis. \u00c4mbliku siseehitus\" alt=\"Joonis. \u00c4mbliku siseehitus\" srcset=\"https:\/\/sisu.ut.ee\/wp-content\/uploads\/sites\/648\/amblik.jpg 1438w, https:\/\/sisu.ut.ee\/wp-content\/uploads\/sites\/648\/amblik-300x131.jpg 300w, https:\/\/sisu.ut.ee\/wp-content\/uploads\/sites\/648\/amblik-1024x448.jpg 1024w, https:\/\/sisu.ut.ee\/wp-content\/uploads\/sites\/648\/amblik-768x336.jpg 768w\" sizes=\"auto, (max-width: 1438px) 100vw, 1438px\">\n<\/p>\n<h4>\n\t6.2.2. Milline on \u00e4mblikulaadsete t\u00e4htsus?<br>\n<\/h4>\n<p>\n\t\u00a0\n<\/p>\n<ul>\n<li>\n\t\tOlulised putukate arvukuse reguleerijad (v\u00e4hendades ka kahjurputukate hulka)\n\t<\/li>\n<li>\n\t\tPaljud lestad on\u00a0 t\u00e4htsad lagundajad, aga rikuvad ka inimese toitu\n\t<\/li>\n<li>\n\t\t\u00c4mblikud on toiduks paljudele loomadele\n\t<\/li>\n<li>\n\t\tMitmete \u00e4mblikulaadsete m\u00fcrgist saab toota ravimeid\n\t<\/li>\n<li>\n\t\tM\u00f5nedes maades neid s\u00fc\u00fcakse\n\t<\/li>\n<li>\n\t\tM\u00f5nede \u00e4mblikulaadsete m\u00fcrk on inimesele ohtlik\n\t<\/li>\n<li>\n\t\tPaljud lestad on parasiidid\n\t<\/li>\n<li>\n\t\tSkorpionid on r\u00f6\u00f6vtoidulised ja enamike m\u00fcrk pole inimesele ohtlik\n\t<\/li>\n<li>\n\t\tLesti elab k\u00f5ikjal, paljud on parasiidid\n\t<\/li>\n<li>\n\t\tPuuke on Eestis kaks\u00a0 liiki \u2013 laanepuuk ja v\u00f5sapuuk, kes kannavad edasi inimesele ohtlikke haigusi \u2013 borrelioosi ja entsefaliiti\n\t<\/li>\n<li>\n\t\tTolmulestad p\u00f5hjustavad allergiat\n\t<\/li>\n<\/ul>\n<p>\n\t\u00a0\n<\/p>\n<p>\n\t\u00a0\n<\/p>\n<div id=\"gtx-trans\" style=\"position: absolute;left: 391px;top: 1069.22px\">\n<div class=\"gtx-trans-icon\">\n\t\t\u00a0\n\t<\/div>\n<\/div>\n","protected":false},"excerpt":{"rendered":"<p>\u00c4mblikulaadsetel\u00a0on kaheksa l\u00fclilist jalga. \u00c4mblikulaadsete hulka kuuluvad: \u00a0 \u00e4mblikud koibikud skorpionid lestad 6.2.1. Mis iseloomustab \u00e4mblikke? Vaata videot:\u00a0N\u00e4ituse \u201cImelised \u00e4mblikud\u201d \u00f5ppefilm Kolmandate osapoolte sisu n\u00e4gemiseks palun n\u00f5ustu k\u00fcpsistega. Muuda n\u00f5usolekut \u00a0 Enamus elab maismaal. Keha jaguneb pearindmikuks ja tagakehaks. Tundlad &#8230;<\/p>\n","protected":false},"author":345,"featured_media":0,"parent":0,"menu_order":0,"comment_status":"closed","ping_status":"closed","template":"","meta":{"_acf_changed":false,"inline_featured_image":false,"footnotes":""},"class_list":["post-63","page","type-page","status-publish","hentry"],"acf":[],"_links":{"self":[{"href":"https:\/\/sisu.ut.ee\/biopohikool\/wp-json\/wp\/v2\/pages\/63","targetHints":{"allow":["GET"]}}],"collection":[{"href":"https:\/\/sisu.ut.ee\/biopohikool\/wp-json\/wp\/v2\/pages"}],"about":[{"href":"https:\/\/sisu.ut.ee\/biopohikool\/wp-json\/wp\/v2\/types\/page"}],"author":[{"embeddable":true,"href":"https:\/\/sisu.ut.ee\/biopohikool\/wp-json\/wp\/v2\/users\/345"}],"replies":[{"embeddable":true,"href":"https:\/\/sisu.ut.ee\/biopohikool\/wp-json\/wp\/v2\/comments?post=63"}],"version-history":[{"count":1,"href":"https:\/\/sisu.ut.ee\/biopohikool\/wp-json\/wp\/v2\/pages\/63\/revisions"}],"predecessor-version":[{"id":577,"href":"https:\/\/sisu.ut.ee\/biopohikool\/wp-json\/wp\/v2\/pages\/63\/revisions\/577"}],"wp:attachment":[{"href":"https:\/\/sisu.ut.ee\/biopohikool\/wp-json\/wp\/v2\/media?parent=63"}],"curies":[{"name":"wp","href":"https:\/\/api.w.org\/{rel}","templated":true}]}}