{"id":61,"date":"2024-04-04T08:54:55","date_gmt":"2024-04-04T05:54:55","guid":{"rendered":"https:\/\/sisu.ut.ee\/biopohikool\/7-millised-lulijalgsetele-iseloomulikud-tunnused\/"},"modified":"2024-04-04T08:56:55","modified_gmt":"2024-04-04T05:56:55","slug":"7-millised-lulijalgsetele-iseloomulikud-tunnused","status":"publish","type":"page","link":"https:\/\/sisu.ut.ee\/biopohikool\/7-millised-lulijalgsetele-iseloomulikud-tunnused\/","title":{"rendered":"7. MILLISED ON L\u00dcLIJALGSETELE ISELOOMULIKUD TUNNUSED?"},"content":{"rendered":"<p>\n\t<strong>Vaata videot:\u00a0<\/strong>Lu\u0308lijalgsete ehituse u\u0308hised tunnused ja isea\u0308rasused\u00a0(Sihtasutus Noored Teaduses ja Ettev\u00f5tluses)\n<\/p>\n<p>\n\t<\/p><div class=\"ratio ratio-16x9 mb-3\"><div class=\"video-placeholder-wrapper video-placeholder-wrapper--16x9\">\n\t\t\t    <div class=\"video-placeholder d-flex justify-content-center align-items-center\">\n\t\t\t        <div class=\"overlay text-white p-2 w-100 text-center d-block justify-content-center align-items-center\">\n\t\t\t            <div>Kolmandate osapoolte sisu n\u00e4gemiseks palun n\u00f5ustu k\u00fcpsistega.<\/div>\n\t\t\t            <button class=\"btn btn-secondary btn-sm mt-1 consent-change\">Muuda n\u00f5usolekut<\/button>\n\t\t\t        <\/div>\n\t\t\t    <\/div>\n\t\t\t<\/div>\n<\/div>\n\n<p>\n\t\u00a0\n<\/p>\n<p>\n\t<strong>L\u00fclijalgsetele \u00fchised tunnused:<\/strong>\n<\/p>\n<ul>\n<li>\n\t\tkeha ja jalad koosnevad l\u00fclidest\n\t<\/li>\n<li>\n\t\tj\u00e4ik kitiinkest\n\t<\/li>\n<li>\n\t\th\u00e4sti arenenud n\u00e4rvis\u00fcsteem ja meeleelundid\n\t<\/li>\n<li>\n\t\tavavereringe\n\t<\/li>\n<li>\n\t\tlahksugulised\n\t<\/li>\n<li>\n\t\tarenevad moondega\n\t<\/li>\n<\/ul>\n<table class=\"table table-hover\" border=\"1\" cellpadding=\"5\" cellspacing=\"0\" style=\"width: 100%\" width=\"0\">\n<thead>\n<tr>\n<th scope=\"col\">\n<p>\n\t\t\t\t\t<b>Tunnus<\/b>\n\t\t\t\t<\/p>\n<\/th>\n<th scope=\"col\">\n<p>\n\t\t\t\t\t<b>Koorikloomad<\/b>\n\t\t\t\t<\/p>\n<p>\n\t\t\t\t\t<b>(j\u00f5ev\u00e4hk)<\/b>\n\t\t\t\t<\/p>\n<\/th>\n<th scope=\"col\">\n<p>\n\t\t\t\t\t<b>\u00c4mblikulaadsed<\/b>\n\t\t\t\t<\/p>\n<p>\n\t\t\t\t\t<b>(rist\u00e4mblik)<\/b>\n\t\t\t\t<\/p>\n<\/th>\n<th scope=\"col\">\n<p>\n\t\t\t\t\t<b>Putukad<\/b>\n\t\t\t\t<\/p>\n<p>\n\t\t\t\t\t<b>(maip\u00f5rnikas)<\/b>\n\t\t\t\t<\/p>\n<\/th>\n<\/tr>\n<\/thead>\n<tbody>\n<tr>\n<td valign=\"top\" width=\"153\">\n<p>\n\t\t\t\t\tKeha jaotumine\n\t\t\t\t<\/p>\n<\/td>\n<td valign=\"top\" width=\"153\">\n<p>\n\t\t\t\t\tMassiivne pearindmik l\u00fclistunud tagakeha\n\t\t\t\t<\/p>\n<\/td>\n<td valign=\"top\" width=\"153\">\n<p>\n\t\t\t\t\tPearindmik, l\u00fclistumata tagakeha\n\t\t\t\t<\/p>\n<\/td>\n<td valign=\"top\" width=\"153\">\n<p>\n\t\t\t\t\tPea, rindmik, tagakeha\n\t\t\t\t<\/p>\n<\/td>\n<\/tr>\n<tr>\n<td valign=\"top\" width=\"153\">\n<p>\n\t\t\t\t\tSilmad\n\t\t\t\t<\/p>\n<\/td>\n<td valign=\"top\" width=\"153\">\n<p>\n\t\t\t\t\t1 paar liitsilmi\n\t\t\t\t<\/p>\n<\/td>\n<td valign=\"top\" width=\"153\">\n<p>\n\t\t\t\t\t4 paari lihtsilmi\n\t\t\t\t<\/p>\n<\/td>\n<td valign=\"top\" width=\"153\">\n<p>\n\t\t\t\t\t1 paar liitsilmi\n\t\t\t\t<\/p>\n<\/td>\n<\/tr>\n<tr>\n<td valign=\"top\" width=\"153\">\n<p>\n\t\t\t\t\tTundlad\n\t\t\t\t<\/p>\n<\/td>\n<td valign=\"top\" width=\"153\">\n<p>\n\t\t\t\t\t2 paari\n\t\t\t\t<\/p>\n<\/td>\n<td valign=\"top\" width=\"153\">\n<p>\n\t\t\t\t\tpuuduvad\n\t\t\t\t<\/p>\n<\/td>\n<td valign=\"top\" width=\"153\">\n<p>\n\t\t\t\t\t1 paar\n\t\t\t\t<\/p>\n<\/td>\n<\/tr>\n<tr>\n<td valign=\"top\" width=\"153\">\n<p>\n\t\t\t\t\tSuised\n\t\t\t\t<\/p>\n<\/td>\n<td valign=\"top\" width=\"153\">\n<p>\n\t\t\t\t\t3 paari\n\t\t\t\t<\/p>\n<\/td>\n<td valign=\"top\" width=\"153\">\n<p>\n\t\t\t\t\t2 paari\n\t\t\t\t<\/p>\n<\/td>\n<td valign=\"top\" width=\"153\">\n<p>\n\t\t\t\t\tHaukamissuised\u00a0\n\t\t\t\t<\/p>\n<\/td>\n<\/tr>\n<tr>\n<td valign=\"top\" width=\"153\">\n<p>\n\t\t\t\t\tJalad\n\t\t\t\t<\/p>\n<\/td>\n<td valign=\"top\" width=\"153\">\n<p>\n\t\t\t\t\tRohkem kui 4 paari\n\t\t\t\t<\/p>\n<\/td>\n<td valign=\"top\" width=\"153\">\n<p>\n\t\t\t\t\t4 paari\n\t\t\t\t<\/p>\n<\/td>\n<td valign=\"top\" width=\"153\">\n<p>\n\t\t\t\t\t3 paari\n\t\t\t\t<\/p>\n<\/td>\n<\/tr>\n<tr>\n<td valign=\"top\" width=\"153\">\n<p>\n\t\t\t\t\tHingamiselundid\n\t\t\t\t<\/p>\n<\/td>\n<td valign=\"top\" width=\"153\">\n<p>\n\t\t\t\t\tL\u00f5pused\n\t\t\t\t<\/p>\n<\/td>\n<td valign=\"top\" width=\"153\">\n<p>\n\t\t\t\t\tRaamatkopsud ja trahheed\n\t\t\t\t<\/p>\n<\/td>\n<td valign=\"top\" width=\"153\">\n<p>\n\t\t\t\t\tTrahheed\n\t\t\t\t<\/p>\n<\/td>\n<\/tr>\n<tr>\n<td valign=\"top\" width=\"153\">\n<p>\n\t\t\t\t\tS\u00fcda\n\t\t\t\t<\/p>\n<\/td>\n<td valign=\"top\" width=\"153\">\n<p>\n\t\t\t\t\tPearindmiku seljapoolel\n\t\t\t\t<\/p>\n<\/td>\n<td valign=\"top\" width=\"153\">\n<p>\n\t\t\t\t\tTagakeha seljapoolel\n\t\t\t\t<\/p>\n<\/td>\n<td valign=\"top\" width=\"153\">\n<p>\n\t\t\t\t\tTagakeha seljapoolel\n\t\t\t\t<\/p>\n<\/td>\n<\/tr>\n<tr>\n<td valign=\"top\" width=\"153\">\n<p>\n\t\t\t\t\tAreng\n\t\t\t\t<\/p>\n<\/td>\n<td valign=\"top\" width=\"153\">\n<p>\n\t\t\t\t\tVaegmoone\n\t\t\t\t<\/p>\n<\/td>\n<td valign=\"top\" width=\"153\">\n<p>\n\t\t\t\t\tVaegmoone\n\t\t\t\t<\/p>\n<\/td>\n<td valign=\"top\" width=\"153\">\n<p>\n\t\t\t\t\tT\u00e4ismoone\n\t\t\t\t<\/p>\n<\/td>\n<\/tr>\n<\/tbody>\n<\/table>\n<p>\n\t\u00a0<\/p>\n","protected":false},"excerpt":{"rendered":"<p>Vaata videot:\u00a0Lu\u0308lijalgsete ehituse u\u0308hised tunnused ja isea\u0308rasused\u00a0(Sihtasutus Noored Teaduses ja Ettev\u00f5tluses) Kolmandate osapoolte sisu n\u00e4gemiseks palun n\u00f5ustu k\u00fcpsistega. Muuda n\u00f5usolekut \u00a0 L\u00fclijalgsetele \u00fchised tunnused: keha ja jalad koosnevad l\u00fclidest j\u00e4ik kitiinkest h\u00e4sti arenenud n\u00e4rvis\u00fcsteem ja meeleelundid avavereringe lahksugulised arenevad moondega &#8230;<\/p>\n","protected":false},"author":345,"featured_media":0,"parent":0,"menu_order":0,"comment_status":"closed","ping_status":"closed","template":"","meta":{"_acf_changed":false,"inline_featured_image":false,"footnotes":""},"class_list":["post-61","page","type-page","status-publish","hentry"],"acf":[],"_links":{"self":[{"href":"https:\/\/sisu.ut.ee\/biopohikool\/wp-json\/wp\/v2\/pages\/61","targetHints":{"allow":["GET"]}}],"collection":[{"href":"https:\/\/sisu.ut.ee\/biopohikool\/wp-json\/wp\/v2\/pages"}],"about":[{"href":"https:\/\/sisu.ut.ee\/biopohikool\/wp-json\/wp\/v2\/types\/page"}],"author":[{"embeddable":true,"href":"https:\/\/sisu.ut.ee\/biopohikool\/wp-json\/wp\/v2\/users\/345"}],"replies":[{"embeddable":true,"href":"https:\/\/sisu.ut.ee\/biopohikool\/wp-json\/wp\/v2\/comments?post=61"}],"version-history":[{"count":1,"href":"https:\/\/sisu.ut.ee\/biopohikool\/wp-json\/wp\/v2\/pages\/61\/revisions"}],"predecessor-version":[{"id":579,"href":"https:\/\/sisu.ut.ee\/biopohikool\/wp-json\/wp\/v2\/pages\/61\/revisions\/579"}],"wp:attachment":[{"href":"https:\/\/sisu.ut.ee\/biopohikool\/wp-json\/wp\/v2\/media?parent=61"}],"curies":[{"name":"wp","href":"https:\/\/api.w.org\/{rel}","templated":true}]}}