{"id":6,"date":"2024-04-04T08:54:49","date_gmt":"2024-04-04T05:54:49","guid":{"rendered":"https:\/\/sisu.ut.ee\/biopohikool\/31-ois-ja-tolmlemine\/"},"modified":"2024-04-04T08:56:58","modified_gmt":"2024-04-04T05:56:58","slug":"31-ois-ja-tolmlemine","status":"publish","type":"page","link":"https:\/\/sisu.ut.ee\/biopohikool\/31-ois-ja-tolmlemine\/","title":{"rendered":"3.1. \u00d5IS JA TOLMLEMINE"},"content":{"rendered":"<h4>\n\t3.1.1. Milline on \u00f5ie ehitus?<br>\n<\/h4>\n<p>\n\t\u00d5ie osadeks on tupplehed, kroonlehed, tolmukad ja emakas, mis kinnituvad \u00f5iep\u00f5hjale.\u00a0\n<\/p>\n<p>\n\t<img loading=\"lazy\" decoding=\"async\" width=\"329\" height=\"275\" class=\"alignnone wp-image-151\" src=\"https:\/\/sisu.ut.ee\/wp-content\/uploads\/sites\/648\/oie_skeem3.jpg\" title=\"oie_skeem3.jpg\" alt=\"\u00d5is\" srcset=\"https:\/\/sisu.ut.ee\/wp-content\/uploads\/sites\/648\/oie_skeem3.jpg 329w, https:\/\/sisu.ut.ee\/wp-content\/uploads\/sites\/648\/oie_skeem3-300x251.jpg 300w\" sizes=\"auto, (max-width: 329px) 100vw, 329px\">\n<\/p>\n<p>\n\tJoonis 5. \u00d5ie ehitus\n<\/p>\n<p>\n\t<strong>Emakas<\/strong>\u00a0koosneb emakasuudmest, -kaelast ja sigimikust. Sigimikus asuvad seemnealgmed.\u00a0<strong>Tolmukal<\/strong>\u00a0saab eristada tolmukapead, kus arenevad tolmuterad, ning tolmukaniiti. \u00d5ied v\u00f5ivad olla m\u00f5lemasugulised ehk liitsugulised, siis on \u00f5ies nii emakas kui tolmukas, v\u00f5i lahksugulised \u2013 \u00f5ies on kas ainult emakas (emas\u00f5is) v\u00f5i ainult tolmukad (isas\u00f5is).<br>\u00a0\n<\/p>\n<h4>\n\t3.1.2. Kuidas j\u00f5uab \u00f5ietolm emakasuudmele?\u00a0<br>\n<\/h4>\n<p>\n\t\u00d5ietolmu kandumist tolmukailt emakasuudmeile nimetatakse\u00a0<strong>tolmlemiseks<\/strong>. Kui emakasuudmele langeb \u00f5ietolm samast \u00f5iest, siis toimub\u00a0<strong>isetolmlemine.<\/strong>\u00a0Kui aga emakasuudmele satub\u00a0 teise taime \u00f5ietolm, toimub\u00a0<strong>v\u00f5\u00f5rtolmlemine.\u00a0<\/strong>K\u00f5ige tavalisemad v\u00f5\u00f5rtolmlemise viisid on putuk- ja tuultolmlemine.\n<\/p>\n<p>\u00a0<\/p>\n<p>\n\t<img loading=\"lazy\" decoding=\"async\" width=\"504\" height=\"433\" class=\"alignnone wp-image-152\" src=\"https:\/\/sisu.ut.ee\/wp-content\/uploads\/sites\/648\/tolmlemisviisid.png\" title=\"tolmlemisviisid.png\" alt=\"Tolmlemisviisid\" srcset=\"https:\/\/sisu.ut.ee\/wp-content\/uploads\/sites\/648\/tolmlemisviisid.png 504w, https:\/\/sisu.ut.ee\/wp-content\/uploads\/sites\/648\/tolmlemisviisid-300x258.png 300w\" sizes=\"auto, (max-width: 504px) 100vw, 504px\">\n<\/p>\n<p>\n\t<strong>Joonis 6.\u00a0<\/strong>Tolmlemisviisid<br>\u00a0\n<\/p>\n<h4>\n\t3.1.3. Mille poolest erinevad putuk- ja tuultolmlejate taimede \u00f5ied?<br>\n<\/h4>\n<p>\n\tPutuktolmlejate ja tuultolmlejate taimede \u00f5ied on v\u00e4ga erinevad.\u00a0\n<\/p>\n<table class=\"table table-hover\" border=\"0\" cellpadding=\"5\" cellspacing=\"0\">\n<tbody>\n<tr>\n<td>\n\t\t\t\t<img loading=\"lazy\" decoding=\"async\" width=\"360\" height=\"480\" class=\"alignnone wp-image-153\" style=\"width: 300px;height: 400px\" src=\"https:\/\/sisu.ut.ee\/wp-content\/uploads\/sites\/648\/quercus_acutissima12.jpg\" title=\"quercus_acutissima12.jpg\" alt=\"Teravalehine tamm\" srcset=\"https:\/\/sisu.ut.ee\/wp-content\/uploads\/sites\/648\/quercus_acutissima12.jpg 360w, https:\/\/sisu.ut.ee\/wp-content\/uploads\/sites\/648\/quercus_acutissima12-225x300.jpg 225w\" sizes=\"auto, (max-width: 360px) 100vw, 360px\">\n\t\t\t<\/td>\n<td>\n\t\t\t\t<img loading=\"lazy\" decoding=\"async\" width=\"685\" height=\"534\" class=\"alignnone wp-image-154\" style=\"width: 500px;height: 400px\" src=\"https:\/\/sisu.ut.ee\/wp-content\/uploads\/sites\/648\/13915331t1h4eea.jpg\" title=\"13915331t1h4eea.jpg\" alt=\"Karikakar\" srcset=\"https:\/\/sisu.ut.ee\/wp-content\/uploads\/sites\/648\/13915331t1h4eea.jpg 685w, https:\/\/sisu.ut.ee\/wp-content\/uploads\/sites\/648\/13915331t1h4eea-300x234.jpg 300w\" sizes=\"auto, (max-width: 685px) 100vw, 685px\">\n\t\t\t<\/td>\n<\/tr>\n<tr>\n<td>\n<p style=\"text-align: center\">\n\t\t\t\t\tTeravalehine tamm on tuultolmleja\u00a0\n\t\t\t\t<\/p>\n<\/td>\n<td>\n<p style=\"text-align: center\">\n\t\t\t\t\tKarikakar on putuktolmleja.\u00a0\n\t\t\t\t<\/p>\n<\/td>\n<\/tr>\n<\/tbody>\n<\/table>\n<p>\n\t<strong>Joonis 7.<\/strong>\u00a0Tuultolmleja ja putuktolmleja\u00a0 taimede \u00f5ied.\n<\/p>\n<p>\n\t\u00a0\n<\/p>\n<p>\n\t<strong>Tabel 5.<\/strong>\u00a0 \u00a0Putuktolmlejate ja tuultolmlejate taimede \u00f5ite v\u00f5rdlus.\u00a0\n<\/p>\n<table class=\"table table-hover\" border=\"1\" cellpadding=\"5\" cellspacing=\"0\">\n<thead>\n<tr>\n<th scope=\"col\">\n<p>\n\t\t\t\t\t<strong>\u00d5ie omadus<\/strong>\n\t\t\t\t<\/p>\n<\/th>\n<th scope=\"col\">\n<p>\n\t\t\t\t\t<strong>Putuktolmlejad<\/strong>\n\t\t\t\t<\/p>\n<\/th>\n<th scope=\"col\">\n<p>\n\t\t\t\t\t<strong>Tuultolmlejad<\/strong>\n\t\t\t\t<\/p>\n<\/th>\n<\/tr>\n<\/thead>\n<tbody>\n<tr>\n<td valign=\"top\" width=\"187\">\n<p>\n\t\t\t\t\tV\u00e4rvus\n\t\t\t\t<\/p>\n<\/td>\n<td valign=\"top\" width=\"188\">\n<p>\n\t\t\t\t\tErksav\u00e4rvilised ( kollased, punased, lillad, valged)\n\t\t\t\t<\/p>\n<\/td>\n<td valign=\"top\" width=\"188\">\n<p>\n\t\t\t\t\tRohelist v\u00e4rvi, tagasihoidlikud\n\t\t\t\t<\/p>\n<\/td>\n<\/tr>\n<tr>\n<td valign=\"top\" width=\"187\">\n<p>\n\t\t\t\t\tKroonlehed\n\t\t\t\t<\/p>\n<\/td>\n<td valign=\"top\" width=\"188\">\n<p>\n\t\t\t\t\tSuured v\u00f5i v\u00e4ikesed \u00f5ied\u00a0koondunud \u00f5isikusse\n\t\t\t\t<\/p>\n<\/td>\n<td valign=\"top\" width=\"188\">\n<p>\n\t\t\t\t\tKroonlehed v\u00e4ikesed\n\t\t\t\t<\/p>\n<\/td>\n<\/tr>\n<tr>\n<td valign=\"top\" width=\"187\">\n<p>\n\t\t\t\t\tTolmukad\n\t\t\t\t<\/p>\n<\/td>\n<td valign=\"top\" width=\"188\">\n<p>\n\t\t\t\t\tP\u00fcstised\n\t\t\t\t<\/p>\n<\/td>\n<td valign=\"top\" width=\"188\">\n<p>\n\t\t\t\t\tRippuvad\n\t\t\t\t<\/p>\n<\/td>\n<\/tr>\n<tr>\n<td valign=\"top\" width=\"187\">\n<p>\n\t\t\t\t\tEmakasuue\n\t\t\t\t<\/p>\n<\/td>\n<td valign=\"top\" width=\"188\">\n<p>\n\t\t\t\t\tKaetud magusa ja kleepuva nektariga\n\t\t\t\t<\/p>\n<\/td>\n<td valign=\"top\" width=\"188\">\n<p>\n\t\t\t\t\tEmakasuue meenutab pintslit\n\t\t\t\t<\/p>\n<\/td>\n<\/tr>\n<tr>\n<td valign=\"top\" width=\"187\">\n<p>\n\t\t\t\t\tL\u00f5hn\n\t\t\t\t<\/p>\n<\/td>\n<td valign=\"top\" width=\"188\">\n<p>\n\t\t\t\t\tTugev l\u00f5hn, mis meelitab\u00a0putukaid ligi\n\t\t\t\t<\/p>\n<\/td>\n<td valign=\"top\" width=\"188\">\n<p>\n\t\t\t\t\tL\u00f5hn puudub\n\t\t\t\t<\/p>\n<\/td>\n<\/tr>\n<tr>\n<td valign=\"top\" width=\"187\">\n<p>\n\t\t\t\t\tTolmuterad\n\t\t\t\t<\/p>\n<\/td>\n<td valign=\"top\" width=\"188\">\n<p>\n\t\t\t\t\tSuured ja kleepuvad\n\t\t\t\t<\/p>\n<\/td>\n<td valign=\"top\" width=\"188\">\n<p>\n\t\t\t\t\tV\u00e4ikesed ja h\u00e4sti palju\n\t\t\t\t<\/p>\n<\/td>\n<\/tr>\n<\/tbody>\n<\/table>\n<p>\n\tPeale tolmlemist toimub viljastamine ning hakkavad arenema seemned<strong>. Viljastamiseks\u00a0<\/strong>nimetatakse seemneraku \u00fchinemist munarakuga. See on<strong>\u00a0suguline paljunemine.<\/strong><\/p>\n","protected":false},"excerpt":{"rendered":"<p>3.1.1. Milline on \u00f5ie ehitus? \u00d5ie osadeks on tupplehed, kroonlehed, tolmukad ja emakas, mis kinnituvad \u00f5iep\u00f5hjale.\u00a0 Joonis 5. \u00d5ie ehitus Emakas\u00a0koosneb emakasuudmest, -kaelast ja sigimikust. Sigimikus asuvad seemnealgmed.\u00a0Tolmukal\u00a0saab eristada tolmukapead, kus arenevad tolmuterad, ning tolmukaniiti. \u00d5ied v\u00f5ivad olla m\u00f5lemasugulised ehk &#8230;<\/p>\n","protected":false},"author":345,"featured_media":0,"parent":0,"menu_order":0,"comment_status":"closed","ping_status":"closed","template":"","meta":{"_acf_changed":false,"inline_featured_image":false,"footnotes":""},"class_list":["post-6","page","type-page","status-publish","hentry"],"acf":[],"_links":{"self":[{"href":"https:\/\/sisu.ut.ee\/biopohikool\/wp-json\/wp\/v2\/pages\/6","targetHints":{"allow":["GET"]}}],"collection":[{"href":"https:\/\/sisu.ut.ee\/biopohikool\/wp-json\/wp\/v2\/pages"}],"about":[{"href":"https:\/\/sisu.ut.ee\/biopohikool\/wp-json\/wp\/v2\/types\/page"}],"author":[{"embeddable":true,"href":"https:\/\/sisu.ut.ee\/biopohikool\/wp-json\/wp\/v2\/users\/345"}],"replies":[{"embeddable":true,"href":"https:\/\/sisu.ut.ee\/biopohikool\/wp-json\/wp\/v2\/comments?post=6"}],"version-history":[{"count":1,"href":"https:\/\/sisu.ut.ee\/biopohikool\/wp-json\/wp\/v2\/pages\/6\/revisions"}],"predecessor-version":[{"id":634,"href":"https:\/\/sisu.ut.ee\/biopohikool\/wp-json\/wp\/v2\/pages\/6\/revisions\/634"}],"wp:attachment":[{"href":"https:\/\/sisu.ut.ee\/biopohikool\/wp-json\/wp\/v2\/media?parent=6"}],"curies":[{"name":"wp","href":"https:\/\/api.w.org\/{rel}","templated":true}]}}