{"id":59,"date":"2024-04-04T08:54:55","date_gmt":"2024-04-04T05:54:55","guid":{"rendered":"https:\/\/sisu.ut.ee\/biopohikool\/61-millised-loomad-kuuluvad-limuste-hulka\/"},"modified":"2024-04-04T08:56:56","modified_gmt":"2024-04-04T05:56:56","slug":"61-millised-loomad-kuuluvad-limuste-hulka","status":"publish","type":"page","link":"https:\/\/sisu.ut.ee\/biopohikool\/61-millised-loomad-kuuluvad-limuste-hulka\/","title":{"rendered":"6.1. Millised loomad kuuluvad limuste hulka?"},"content":{"rendered":"<table class=\"table table-hover\" border=\"1\" cellpadding=\"5\" cellspacing=\"0\" id=\"yui_3_17_2_1_1697367202142_47\" style=\"width: 100%\">\n<thead>\n<tr>\n<th scope=\"col\">\n\t\t\t\tTeod \u2013 k\u00f5htjalgsed\n\t\t\t<\/th>\n<th scope=\"col\">\n\t\t\t\tKarbid\n\t\t\t<\/th>\n<th scope=\"col\">\n\t\t\t\tPeajalgsed\n\t\t\t<\/th>\n<\/tr>\n<\/thead>\n<tbody>\n<tr>\n<td>\n<p style=\"text-align: center\">\n\t\t\t\t\t<img loading=\"lazy\" decoding=\"async\" width=\"424\" height=\"424\" class=\"alignnone wp-image-217\" style=\"width: 250px;height: 250px\" src=\"https:\/\/sisu.ut.ee\/wp-content\/uploads\/sites\/648\/snail-5352510_640.jpg\" title=\"snail-5352510_640.jpg\" alt=\"Tigu\" srcset=\"https:\/\/sisu.ut.ee\/wp-content\/uploads\/sites\/648\/snail-5352510_640.jpg 424w, https:\/\/sisu.ut.ee\/wp-content\/uploads\/sites\/648\/snail-5352510_640-300x300.jpg 300w, https:\/\/sisu.ut.ee\/wp-content\/uploads\/sites\/648\/snail-5352510_640-150x150.jpg 150w\" sizes=\"auto, (max-width: 424px) 100vw, 424px\">\n\t\t\t\t<\/p>\n<\/td>\n<td style=\"text-align: center\">\n\t\t\t\t<img loading=\"lazy\" decoding=\"async\" width=\"264\" height=\"264\" class=\"alignnone wp-image-218\" style=\"width: 250px;height: 250px\" src=\"https:\/\/sisu.ut.ee\/wp-content\/uploads\/sites\/648\/parlikarp.png\" title=\"parlikarp.png\" alt=\"P\u00e4rlikarp\" srcset=\"https:\/\/sisu.ut.ee\/wp-content\/uploads\/sites\/648\/parlikarp.png 264w, https:\/\/sisu.ut.ee\/wp-content\/uploads\/sites\/648\/parlikarp-150x150.png 150w\" sizes=\"auto, (max-width: 264px) 100vw, 264px\">\n\t\t\t<\/td>\n<td style=\"text-align: center\">\n\t\t\t\t<img loading=\"lazy\" decoding=\"async\" width=\"250\" height=\"250\" class=\"alignnone wp-image-219\" style=\"width: 250px;height: 250px\" src=\"https:\/\/sisu.ut.ee\/wp-content\/uploads\/sites\/648\/kaheksajalg.png\" title=\"kaheksajalg.png\" alt=\"Kaheksajalg\" srcset=\"https:\/\/sisu.ut.ee\/wp-content\/uploads\/sites\/648\/kaheksajalg.png 250w, https:\/\/sisu.ut.ee\/wp-content\/uploads\/sites\/648\/kaheksajalg-150x150.png 150w\" sizes=\"auto, (max-width: 250px) 100vw, 250px\">\n\t\t\t<\/td>\n<\/tr>\n<tr>\n<td>\n<ul>\n<li>\n\t\t\t\t\t\tAs\u00fcmmeetriline, spiraalselt keerdunud koda.\n\t\t\t\t\t<\/li>\n<li>\n\t\t\t\t\t\tPea, kere ja jalg\n\t\t\t\t\t<\/li>\n<li>\n\t\t\t\t\t\tOtsivad aktiivselt toitu.\n\t\t\t\t\t<\/li>\n<li>\n\t\t\t\t\t\tHingavad kopsudega.\n\t\t\t\t\t<\/li>\n<li>\n\t\t\t\t\t\tLiitsugulised.\n\t\t\t\t\t<\/li>\n<li>\n\t\t\t\t\t\tTundlad, silmad, h\u00f5\u00f5rel\n\t\t\t\t\t<\/li>\n<li>\n\t\t\t\t\t\tIlma kojata teod on n\u00e4lkjad.\n\t\t\t\t\t<\/li>\n<\/ul>\n<\/td>\n<td>\n<p>\n\t\t\t\t\t\u00a0\n\t\t\t\t<\/p>\n<ul>\n<li>\n\t\t\t\t\t\tBilateraals\u00fcmmeetrilised, kahepoolmega koda.\n\t\t\t\t\t<\/li>\n<li>\n\t\t\t\t\t\tPuudub pea ja meeleelundid.\n\t\t\t\t\t<\/li>\n<li>\n\t\t\t\t\t\tHingavad l\u00f5pustega.\n\t\t\t\t\t<\/li>\n<li>\n\t\t\t\t\t\tToituvad passiivselt.\n\t\t\t\t\t<\/li>\n<li>\n\t\t\t\t\t\tLahksugulised.\n\t\t\t\t\t<\/li>\n<\/ul>\n<p>\n\t\t\t\t\t\u00a0\n\t\t\t\t<\/p>\n<p>\n\t\t\t\t\t\u00a0\n\t\t\t\t<\/p>\n<p>\n\t\t\t\t\t\u00a0\n\t\t\t\t<\/p>\n<p>\n\t\t\t\t\t\u00a0\n\t\t\t\t<\/p>\n<\/td>\n<td>\n<p>\n\t\t\t\t\t\u00a0\n\t\t\t\t<\/p>\n<ul>\n<li>\n\t\t\t\t\t\tPuudub v\u00e4line koda.\n\t\t\t\t\t<\/li>\n<li>\n\t\t\t\t\t\tJala asemel on kombitsad\n\t\t\t\t\t<\/li>\n<li>\n\t\t\t\t\t\tLiiguvad reaktiivj\u00f5ul.\n\t\t\t\t\t<\/li>\n<li>\n\t\t\t\t\t\tV\u00f5ivad omada tindin\u00e4\u00e4ret.\n\t\t\t\t\t<\/li>\n<li>\n\t\t\t\t\t\tSuus on tugevad papagoi noka taolised l\u00f5uad.\n\t\t\t\t\t<\/li>\n<li>\n\t\t\t\t\t\tMuudavad oma v\u00e4rvust.\n\t\t\t\t\t<\/li>\n<li>\n\t\t\t\t\t\tToituvad aktiivselt.\n\t\t\t\t\t<\/li>\n<\/ul>\n<p>\n\t\t\t\t\t\u00a0\n\t\t\t\t<\/p>\n<\/td>\n<\/tr>\n<tr>\n<td>\n\t\t\t\tViinam\u00e4etigu, mudakukk, kiritigu\n\t\t\t<\/td>\n<td>\n\t\t\t\tEbap\u00e4rlikarp, rannakarp, auster.\n\t\t\t<\/td>\n<td>\n\t\t\t\tSeepiad, kalmaarid ja kaheksajalad\n\t\t\t<\/td>\n<\/tr>\n<\/tbody>\n<\/table>\n<p>\n\t<img loading=\"lazy\" decoding=\"async\" width=\"409\" height=\"310\" class=\"alignnone wp-image-220\" src=\"https:\/\/sisu.ut.ee\/wp-content\/uploads\/sites\/648\/teosiseehitus.png\" title=\"Joonis. Tigude siseehitus\" alt=\"Joonis. Tigude siseehitus\" srcset=\"https:\/\/sisu.ut.ee\/wp-content\/uploads\/sites\/648\/teosiseehitus.png 409w, https:\/\/sisu.ut.ee\/wp-content\/uploads\/sites\/648\/teosiseehitus-300x227.png 300w\" sizes=\"auto, (max-width: 409px) 100vw, 409px\">\n<\/p>\n<p>\n\t<strong>Vaata videoid<\/strong>\u00a0kaheksajalgadest\n<\/p>\n<p>\n\t<\/p><div class=\"ratio ratio-16x9 mb-3\"><div class=\"video-placeholder-wrapper video-placeholder-wrapper--16x9\">\n\t\t\t    <div class=\"video-placeholder d-flex justify-content-center align-items-center\">\n\t\t\t        <div class=\"overlay text-white p-2 w-100 text-center d-block justify-content-center align-items-center\">\n\t\t\t            <div>Kolmandate osapoolte sisu n\u00e4gemiseks palun n\u00f5ustu k\u00fcpsistega.<\/div>\n\t\t\t            <button class=\"btn btn-secondary btn-sm mt-1 consent-change\">Muuda n\u00f5usolekut<\/button>\n\t\t\t        <\/div>\n\t\t\t    <\/div>\n\t\t\t<\/div>\n<\/div>\n\n<p>\n\t<\/p><div class=\"ratio ratio-16x9 mb-3\"><div class=\"video-placeholder-wrapper video-placeholder-wrapper--16x9\">\n\t\t\t    <div class=\"video-placeholder d-flex justify-content-center align-items-center\">\n\t\t\t        <div class=\"overlay text-white p-2 w-100 text-center d-block justify-content-center align-items-center\">\n\t\t\t            <div>Kolmandate osapoolte sisu n\u00e4gemiseks palun n\u00f5ustu k\u00fcpsistega.<\/div>\n\t\t\t            <button class=\"btn btn-secondary btn-sm mt-1 consent-change\">Muuda n\u00f5usolekut<\/button>\n\t\t\t        <\/div>\n\t\t\t    <\/div>\n\t\t\t<\/div>\n<\/div>\n","protected":false},"excerpt":{"rendered":"<p>Teod \u2013 k\u00f5htjalgsed Karbid Peajalgsed As\u00fcmmeetriline, spiraalselt keerdunud koda. Pea, kere ja jalg Otsivad aktiivselt toitu. Hingavad kopsudega. Liitsugulised. Tundlad, silmad, h\u00f5\u00f5rel Ilma kojata teod on n\u00e4lkjad. \u00a0 Bilateraals\u00fcmmeetrilised, kahepoolmega koda. Puudub pea ja meeleelundid. Hingavad l\u00f5pustega. Toituvad passiivselt. Lahksugulised. &#8230;<\/p>\n","protected":false},"author":345,"featured_media":0,"parent":0,"menu_order":0,"comment_status":"closed","ping_status":"closed","template":"","meta":{"_acf_changed":false,"inline_featured_image":false,"footnotes":""},"class_list":["post-59","page","type-page","status-publish","hentry"],"acf":[],"_links":{"self":[{"href":"https:\/\/sisu.ut.ee\/biopohikool\/wp-json\/wp\/v2\/pages\/59","targetHints":{"allow":["GET"]}}],"collection":[{"href":"https:\/\/sisu.ut.ee\/biopohikool\/wp-json\/wp\/v2\/pages"}],"about":[{"href":"https:\/\/sisu.ut.ee\/biopohikool\/wp-json\/wp\/v2\/types\/page"}],"author":[{"embeddable":true,"href":"https:\/\/sisu.ut.ee\/biopohikool\/wp-json\/wp\/v2\/users\/345"}],"replies":[{"embeddable":true,"href":"https:\/\/sisu.ut.ee\/biopohikool\/wp-json\/wp\/v2\/comments?post=59"}],"version-history":[{"count":1,"href":"https:\/\/sisu.ut.ee\/biopohikool\/wp-json\/wp\/v2\/pages\/59\/revisions"}],"predecessor-version":[{"id":581,"href":"https:\/\/sisu.ut.ee\/biopohikool\/wp-json\/wp\/v2\/pages\/59\/revisions\/581"}],"wp:attachment":[{"href":"https:\/\/sisu.ut.ee\/biopohikool\/wp-json\/wp\/v2\/media?parent=59"}],"curies":[{"name":"wp","href":"https:\/\/api.w.org\/{rel}","templated":true}]}}