{"id":56,"date":"2024-04-04T08:54:55","date_gmt":"2024-04-04T05:54:55","guid":{"rendered":"https:\/\/sisu.ut.ee\/biopohikool\/52-mis-iseloomustab-umarusse\/"},"modified":"2024-04-04T08:56:56","modified_gmt":"2024-04-04T05:56:56","slug":"52-mis-iseloomustab-umarusse","status":"publish","type":"page","link":"https:\/\/sisu.ut.ee\/biopohikool\/52-mis-iseloomustab-umarusse\/","title":{"rendered":"5.2. Mis iseloomustab \u00fcmarusse?"},"content":{"rendered":"<ul>\n<li>\n\t\t<strong>\u00dcmarussidel<\/strong>\u00a0on tugevasti v\u00e4ljavenitunud, l\u00e4bil\u00f5ikes \u00fcmmargune j\u00e4tketeta keha.\n\t<\/li>\n<li>\n\t\tErinevalt lameussidest on \u00fcmarussidel keha\u00f5\u00f5s, kus asuvad siseelundid.\n\t<\/li>\n<li>\n\t\t\u00dcmarusside hulka kuulub solge.\n\t<\/li>\n<\/ul>\n<h4>\n\tKuidas solge paljuneb?<br>\n<\/h4>\n<p>\n\tSolkmed on lahksugulised. Emaslooma poolt munetud munad inimese sooles\u00a0 edasi areneda ei saa. Muna peab viibima v\u00e4hemalt kaks n\u00e4dalat\u00a0 mullas \u00f5hu ja niiskuse k\u00e4es. Selle aja jooksul areneb munas vastne. Kui muna satub uuesti inimese soolde, siis vastne v\u00e4ljub. Ta puurib ennast sooleseina kaudu veresoonde. Edasi kannab veri vastse kopsu. M\u00f5nda aega elab vastne kopsus. Kopsust liigub vastne kopsutoru kaudu neelu ja sealt tagasi soolde.\n<\/p>\n<p>\n\t<img loading=\"lazy\" decoding=\"async\" width=\"483\" height=\"401\" class=\"alignnone wp-image-215\" src=\"https:\/\/sisu.ut.ee\/wp-content\/uploads\/sites\/648\/image_2.png\" title=\"Joonis. Solkme paljunemine\" alt=\"Joonis. Solkme paljunemine\" srcset=\"https:\/\/sisu.ut.ee\/wp-content\/uploads\/sites\/648\/image_2.png 483w, https:\/\/sisu.ut.ee\/wp-content\/uploads\/sites\/648\/image_2-300x249.png 300w\" sizes=\"auto, (max-width: 483px) 100vw, 483px\"><\/p>\n","protected":false},"excerpt":{"rendered":"<p>\u00dcmarussidel\u00a0on tugevasti v\u00e4ljavenitunud, l\u00e4bil\u00f5ikes \u00fcmmargune j\u00e4tketeta keha. Erinevalt lameussidest on \u00fcmarussidel keha\u00f5\u00f5s, kus asuvad siseelundid. \u00dcmarusside hulka kuulub solge. Kuidas solge paljuneb? Solkmed on lahksugulised. Emaslooma poolt munetud munad inimese sooles\u00a0 edasi areneda ei saa. Muna peab viibima v\u00e4hemalt kaks &#8230;<\/p>\n","protected":false},"author":345,"featured_media":0,"parent":0,"menu_order":0,"comment_status":"closed","ping_status":"closed","template":"","meta":{"_acf_changed":false,"inline_featured_image":false,"footnotes":""},"class_list":["post-56","page","type-page","status-publish","hentry"],"acf":[],"_links":{"self":[{"href":"https:\/\/sisu.ut.ee\/biopohikool\/wp-json\/wp\/v2\/pages\/56","targetHints":{"allow":["GET"]}}],"collection":[{"href":"https:\/\/sisu.ut.ee\/biopohikool\/wp-json\/wp\/v2\/pages"}],"about":[{"href":"https:\/\/sisu.ut.ee\/biopohikool\/wp-json\/wp\/v2\/types\/page"}],"author":[{"embeddable":true,"href":"https:\/\/sisu.ut.ee\/biopohikool\/wp-json\/wp\/v2\/users\/345"}],"replies":[{"embeddable":true,"href":"https:\/\/sisu.ut.ee\/biopohikool\/wp-json\/wp\/v2\/comments?post=56"}],"version-history":[{"count":1,"href":"https:\/\/sisu.ut.ee\/biopohikool\/wp-json\/wp\/v2\/pages\/56\/revisions"}],"predecessor-version":[{"id":584,"href":"https:\/\/sisu.ut.ee\/biopohikool\/wp-json\/wp\/v2\/pages\/56\/revisions\/584"}],"wp:attachment":[{"href":"https:\/\/sisu.ut.ee\/biopohikool\/wp-json\/wp\/v2\/media?parent=56"}],"curies":[{"name":"wp","href":"https:\/\/api.w.org\/{rel}","templated":true}]}}