{"id":54,"date":"2024-04-04T08:54:55","date_gmt":"2024-04-04T05:54:55","guid":{"rendered":"https:\/\/sisu.ut.ee\/biopohikool\/5-kes-kuuluvad-usside-hulka\/"},"modified":"2024-04-04T08:56:56","modified_gmt":"2024-04-04T05:56:56","slug":"5-kes-kuuluvad-usside-hulka","status":"publish","type":"page","link":"https:\/\/sisu.ut.ee\/biopohikool\/5-kes-kuuluvad-usside-hulka\/","title":{"rendered":"5. KES KUULUVAD USSIDE HULKA?"},"content":{"rendered":"<p>\n\t<strong>Ussid<\/strong>\u00a0on mitmesuguse v\u00e4limuse ja eluviisiga selgrootud loomad. Neil on v\u00e4ljakujunenud selgmine ja k\u00f5htmine pool. Usside keha \u00fcmbritseb\u00a0<strong>nahklihasm\u00f5ik<\/strong>, milles lihaskiud paiknevad kihiti ja on katterakkudega \u00fchendatud.\n<\/p>\n<p>\n\t<img loading=\"lazy\" decoding=\"async\" width=\"698\" height=\"403\" class=\"alignnone wp-image-212\" src=\"https:\/\/sisu.ut.ee\/wp-content\/uploads\/sites\/648\/ussid.png\" title=\"Joonis. Ussid\" alt=\"Joonis. Ussid\" srcset=\"https:\/\/sisu.ut.ee\/wp-content\/uploads\/sites\/648\/ussid.png 698w, https:\/\/sisu.ut.ee\/wp-content\/uploads\/sites\/648\/ussid-300x173.png 300w\" sizes=\"auto, (max-width: 698px) 100vw, 698px\">\n<\/p>\n<p>\n\t\u00a0\n<\/p>\n<table class=\"table table-hover\" border=\"1\" cellpadding=\"5\" cellspacing=\"0\" id=\"yui_3_17_2_1_1697366416974_51\" style=\"width: 100%\">\n<thead>\n<tr id=\"yui_3_17_2_1_1697366416974_49\">\n<th id=\"yui_3_17_2_1_1697366416974_48\" scope=\"row\">\n<p id=\"yui_3_17_2_1_1697366416974_47\">\n\t\t\t\t\t\u00a0\n\t\t\t\t<\/p>\n<\/th>\n<th scope=\"col\">\n<p>\n\t\t\t\t\tLAMEUSSID\n\t\t\t\t<\/p>\n<\/th>\n<th scope=\"col\">\n<p>\n\t\t\t\t\t\u00dcMARUSSID\n\t\t\t\t<\/p>\n<\/th>\n<th scope=\"col\">\n<p>\n\t\t\t\t\tR\u00d5NGUSSID\n\t\t\t\t<\/p>\n<\/th>\n<\/tr>\n<\/thead>\n<tbody id=\"yui_3_17_2_1_1697366416974_50\">\n<tr>\n<th scope=\"row\" valign=\"top\" width=\"131\">\n<p>\n\t\t\t\t\t<strong>N\u00e4ited<\/strong>\n\t\t\t\t<\/p>\n<\/th>\n<td valign=\"top\" width=\"189\">\n<p>\n\t\t\t\t\tMaksakakssuulane, laiuss, nudipaeluss\n\t\t\t\t<\/p>\n<\/td>\n<td valign=\"top\" width=\"159\">\n<p>\n\t\t\t\t\tLiikuksolge, naaskelsaba, kartuli-kiduuss\n\t\t\t\t<\/p>\n<\/td>\n<td valign=\"top\" width=\"153\">\n<p>\n\t\t\t\t\tVihmauss, harjasliimukas, kaanid\n\t\t\t\t<\/p>\n<\/td>\n<\/tr>\n<tr>\n<th scope=\"row\" valign=\"top\" width=\"131\">\n<p>\n\t\t\t\t\t<strong>Elupaik<\/strong>\n\t\t\t\t<\/p>\n<\/th>\n<td valign=\"top\" width=\"189\">\n<p>\n\t\t\t\t\tLoomade organismis\n\t\t\t\t<\/p>\n<\/td>\n<td valign=\"top\" width=\"159\">\n<p>\n\t\t\t\t\tVees, maismaal, teiste organismide sees.\n\t\t\t\t<\/p>\n<\/td>\n<td valign=\"top\" width=\"153\">\n<p>\n\t\t\t\t\tVees, maismaal,\n\t\t\t\t<\/p>\n<\/td>\n<\/tr>\n<tr>\n<th scope=\"row\" valign=\"top\" width=\"131\">\n<p>\n\t\t\t\t\t<strong>Eluviis<\/strong>\n\t\t\t\t<\/p>\n<\/th>\n<td valign=\"top\" width=\"189\">\n<p>\n\t\t\t\t\tParasiidid\n\t\t\t\t<\/p>\n<\/td>\n<td valign=\"top\" width=\"159\">\n<p>\n\t\t\t\t\tParasiidid\n\t\t\t\t<\/p>\n<\/td>\n<td valign=\"top\" width=\"153\">\n<p>\n\t\t\t\t\tVabalt elavad. Liiguvad\u00a0 lihaste ja harjaste abil.\n\t\t\t\t<\/p>\n<\/td>\n<\/tr>\n<tr>\n<th scope=\"row\" valign=\"top\" width=\"131\">\n<p>\n\t\t\t\t\t<strong>Toes<\/strong>\n\t\t\t\t<\/p>\n<\/th>\n<td valign=\"top\" width=\"189\">\n<p>\n\t\t\t\t\t\u00a0\n\t\t\t\t<\/p>\n<\/td>\n<td valign=\"top\" width=\"159\">\n<p>\n\t\t\t\t\t\u00a0\n\t\t\t\t<\/p>\n<\/td>\n<td valign=\"top\" width=\"153\">\n<p>\n\t\t\t\t\tNahklihasm\u00f5ik ja keha\u00f5\u00f5nevedelik\n\t\t\t\t<\/p>\n<\/td>\n<\/tr>\n<tr>\n<th scope=\"row\" valign=\"top\" width=\"131\">\n<p>\n\t\t\t\t\t<strong>Seedeelundid<\/strong>\n\t\t\t\t<\/p>\n<\/th>\n<td valign=\"top\" width=\"189\">\n<p>\n\t\t\t\t\tOsal sooltoru (p\u00e4rakuta), osal seedeelundid puuduvad.\n\t\t\t\t<\/p>\n<\/td>\n<td valign=\"top\" width=\"159\">\n<p>\n\t\t\t\t\tP\u00e4rakuga l\u00f5ppev sooltoru\n\t\t\t\t<\/p>\n<\/td>\n<td valign=\"top\" width=\"153\">\n<p>\n\t\t\t\t\tP\u00e4rakuga l\u00f5ppev sooltoru\n\t\t\t\t<\/p>\n<\/td>\n<\/tr>\n<tr>\n<th scope=\"row\" valign=\"top\" width=\"131\">\n<p>\n\t\t\t\t\t<strong>N\u00e4rvis\u00fcsteem<\/strong>\n\t\t\t\t<\/p>\n<\/th>\n<td valign=\"top\" width=\"189\">\n<p>\n\t\t\t\t\tPikad j\u00e4tketega n\u00e4rviv\u00e4\u00e4did (v\u00f5ivad puududa)\n\t\t\t\t<\/p>\n<\/td>\n<td valign=\"top\" width=\"159\">\n<p>\n\t\t\t\t\tN\u00e4rviv\u00e4\u00e4did\n\t\t\t\t<\/p>\n<\/td>\n<td valign=\"top\" width=\"153\">\n<p>\n\t\t\t\t\tPeaaju ja k\u00f5htmine n\u00e4rvikett\n\t\t\t\t<\/p>\n<\/td>\n<\/tr>\n<tr>\n<th scope=\"row\" valign=\"top\" width=\"131\">\n<p>\n\t\t\t\t\t<strong>Meeleelundid (silmad)<\/strong>\n\t\t\t\t<\/p>\n<\/th>\n<td valign=\"top\" width=\"189\">\n<p>\n\t\t\t\t\tPuuduvad\n\t\t\t\t<\/p>\n<\/td>\n<td valign=\"top\" width=\"159\">\n<p>\n\t\t\t\t\tPuuduvad\n\t\t\t\t<\/p>\n<\/td>\n<td valign=\"top\" width=\"153\">\n<p>\n\t\t\t\t\tOsal t\u00e4ppsilmad\n\t\t\t\t<\/p>\n<\/td>\n<\/tr>\n<tr>\n<th scope=\"row\" valign=\"top\" width=\"131\">\n<p>\n\t\t\t\t\t<strong>Erituselundid<\/strong>\n\t\t\t\t<\/p>\n<\/th>\n<td valign=\"top\" width=\"189\">\n<p>\n\t\t\t\t\tTorukujulised, \u00fchest otsast suletud neerud.\n\t\t\t\t<\/p>\n<\/td>\n<td valign=\"top\" width=\"159\">\n<p>\n\t\t\t\t\tTorukujulised \u00fchest otsast suletud moodustised\n\t\t\t\t<\/p>\n<\/td>\n<td valign=\"top\" width=\"153\">\n<p>\n\t\t\t\t\tIgas l\u00fclis kaks m\u00f5lemast otsast avatud torukujulist eritustorukest (neeru)\n\t\t\t\t<\/p>\n<\/td>\n<\/tr>\n<tr>\n<th scope=\"row\" valign=\"top\" width=\"131\">\n<p>\n\t\t\t\t\t<strong>Hingamiselundid<\/strong>\n\t\t\t\t<\/p>\n<\/th>\n<td valign=\"top\" width=\"189\">\n<p>\n\t\t\t\t\tPuuduvad\n\t\t\t\t<\/p>\n<\/td>\n<td valign=\"top\" width=\"159\">\n<p>\n\t\t\t\t\tPuuduvad\n\t\t\t\t<\/p>\n<\/td>\n<td valign=\"top\" width=\"153\">\n<p>\n\t\t\t\t\tEnamasti l\u00e4bi naha, osa l\u00f5pusj\u00e4tkete abil\n\t\t\t\t<\/p>\n<\/td>\n<\/tr>\n<tr>\n<th scope=\"row\" valign=\"top\" width=\"131\">\n<p>\n\t\t\t\t\t<strong>Vereringe<\/strong>\n\t\t\t\t<\/p>\n<\/th>\n<td valign=\"top\" width=\"189\">\n<p>\n\t\t\t\t\tPuudub\n\t\t\t\t<\/p>\n<\/td>\n<td valign=\"top\" width=\"159\">\n<p>\n\t\t\t\t\tPuudub\n\t\t\t\t<\/p>\n<\/td>\n<td valign=\"top\" width=\"153\">\n<p>\n\t\t\t\t\tSuletud, kaks pikisoont, mis \u00fchendatud ringsoontega. S\u00fcdant pole\n\t\t\t\t<\/p>\n<\/td>\n<\/tr>\n<tr>\n<th scope=\"row\" valign=\"top\" width=\"131\">\n<p>\n\t\t\t\t\t<strong>Sigimine<\/strong>\n\t\t\t\t<\/p>\n<\/th>\n<td valign=\"top\" width=\"189\">\n<p>\n\t\t\t\t\tLiitsugulised. Suguline paljunemine. Otsene areng (muna-vastne-t\u00e4iskasvanud isend)\n\t\t\t\t<\/p>\n<\/td>\n<td valign=\"top\" width=\"159\">\n<p>\n\t\t\t\t\tLahksugulised. Suguline paljunemine. Otsene areng (muna-vastne-t\u00e4iskasvanud isend)\n\t\t\t\t<\/p>\n<\/td>\n<td valign=\"top\" width=\"153\">\n<p>\n\t\t\t\t\tLiitsugulised. Suguline paljunemine. Otsene areng (muna-vastne-t\u00e4iskasvanud isend)\n\t\t\t\t<\/p>\n<\/td>\n<\/tr>\n<\/tbody>\n<\/table>\n","protected":false},"excerpt":{"rendered":"<p>Ussid\u00a0on mitmesuguse v\u00e4limuse ja eluviisiga selgrootud loomad. Neil on v\u00e4ljakujunenud selgmine ja k\u00f5htmine pool. Usside keha \u00fcmbritseb\u00a0nahklihasm\u00f5ik, milles lihaskiud paiknevad kihiti ja on katterakkudega \u00fchendatud. \u00a0 \u00a0 LAMEUSSID \u00dcMARUSSID R\u00d5NGUSSID N\u00e4ited Maksakakssuulane, laiuss, nudipaeluss Liikuksolge, naaskelsaba, kartuli-kiduuss Vihmauss, harjasliimukas, kaanid &#8230;<\/p>\n","protected":false},"author":345,"featured_media":0,"parent":0,"menu_order":0,"comment_status":"closed","ping_status":"closed","template":"","meta":{"_acf_changed":false,"inline_featured_image":false,"footnotes":""},"class_list":["post-54","page","type-page","status-publish","hentry"],"acf":[],"_links":{"self":[{"href":"https:\/\/sisu.ut.ee\/biopohikool\/wp-json\/wp\/v2\/pages\/54","targetHints":{"allow":["GET"]}}],"collection":[{"href":"https:\/\/sisu.ut.ee\/biopohikool\/wp-json\/wp\/v2\/pages"}],"about":[{"href":"https:\/\/sisu.ut.ee\/biopohikool\/wp-json\/wp\/v2\/types\/page"}],"author":[{"embeddable":true,"href":"https:\/\/sisu.ut.ee\/biopohikool\/wp-json\/wp\/v2\/users\/345"}],"replies":[{"embeddable":true,"href":"https:\/\/sisu.ut.ee\/biopohikool\/wp-json\/wp\/v2\/comments?post=54"}],"version-history":[{"count":1,"href":"https:\/\/sisu.ut.ee\/biopohikool\/wp-json\/wp\/v2\/pages\/54\/revisions"}],"predecessor-version":[{"id":586,"href":"https:\/\/sisu.ut.ee\/biopohikool\/wp-json\/wp\/v2\/pages\/54\/revisions\/586"}],"wp:attachment":[{"href":"https:\/\/sisu.ut.ee\/biopohikool\/wp-json\/wp\/v2\/media?parent=54"}],"curies":[{"name":"wp","href":"https:\/\/api.w.org\/{rel}","templated":true}]}}