{"id":53,"date":"2024-04-04T08:54:54","date_gmt":"2024-04-04T05:54:54","guid":{"rendered":"https:\/\/sisu.ut.ee\/biopohikool\/41-miks-okasnahksed-tahtsad-looduses-ja-inimese-elus\/"},"modified":"2024-04-04T08:56:56","modified_gmt":"2024-04-04T05:56:56","slug":"41-miks-okasnahksed-tahtsad-looduses-ja-inimese-elus","status":"publish","type":"page","link":"https:\/\/sisu.ut.ee\/biopohikool\/41-miks-okasnahksed-tahtsad-looduses-ja-inimese-elus\/","title":{"rendered":"4.1. Miks on okasnahksed t\u00e4htsad  looduses ja inimese elus?"},"content":{"rendered":"<ul id=\"yui_3_17_2_1_1697366347395_47\">\n<li>\n\t\tOluline koht maailmamere toiduahelates\n\t<\/li>\n<li>\n\t\tInimene kasutab okasnahkseid toiduks. K\u00f5ige tuntum on trepang (meripura). S\u00fc\u00fcakse ka merisiilikute marja.\n\t<\/li>\n<li>\n\t\tKahjurid austrikasvandustes\n\t<\/li>\n<\/ul>\n<p>\n\t<img loading=\"lazy\" decoding=\"async\" width=\"640\" height=\"425\" class=\"alignnone wp-image-211\" src=\"https:\/\/sisu.ut.ee\/wp-content\/uploads\/sites\/648\/sea-cucumber-2602720_640_2.jpg\" title=\"Joonis. Meripura kandikul (Image by \u8bbe\u8ba1 \u5927\u9f50 from Pixabay)\" alt=\"Joonis. Meripura kandikul (Image by \u8bbe\u8ba1 \u5927\u9f50 from Pixabay)\" srcset=\"https:\/\/sisu.ut.ee\/wp-content\/uploads\/sites\/648\/sea-cucumber-2602720_640_2.jpg 640w, https:\/\/sisu.ut.ee\/wp-content\/uploads\/sites\/648\/sea-cucumber-2602720_640_2-300x199.jpg 300w\" sizes=\"auto, (max-width: 640px) 100vw, 640px\"><\/p>\n","protected":false},"excerpt":{"rendered":"<p>Oluline koht maailmamere toiduahelates Inimene kasutab okasnahkseid toiduks. K\u00f5ige tuntum on trepang (meripura). S\u00fc\u00fcakse ka merisiilikute marja. Kahjurid austrikasvandustes<\/p>\n","protected":false},"author":345,"featured_media":0,"parent":0,"menu_order":0,"comment_status":"closed","ping_status":"closed","template":"","meta":{"_acf_changed":false,"inline_featured_image":false,"footnotes":""},"class_list":["post-53","page","type-page","status-publish","hentry"],"acf":[],"_links":{"self":[{"href":"https:\/\/sisu.ut.ee\/biopohikool\/wp-json\/wp\/v2\/pages\/53","targetHints":{"allow":["GET"]}}],"collection":[{"href":"https:\/\/sisu.ut.ee\/biopohikool\/wp-json\/wp\/v2\/pages"}],"about":[{"href":"https:\/\/sisu.ut.ee\/biopohikool\/wp-json\/wp\/v2\/types\/page"}],"author":[{"embeddable":true,"href":"https:\/\/sisu.ut.ee\/biopohikool\/wp-json\/wp\/v2\/users\/345"}],"replies":[{"embeddable":true,"href":"https:\/\/sisu.ut.ee\/biopohikool\/wp-json\/wp\/v2\/comments?post=53"}],"version-history":[{"count":1,"href":"https:\/\/sisu.ut.ee\/biopohikool\/wp-json\/wp\/v2\/pages\/53\/revisions"}],"predecessor-version":[{"id":587,"href":"https:\/\/sisu.ut.ee\/biopohikool\/wp-json\/wp\/v2\/pages\/53\/revisions\/587"}],"wp:attachment":[{"href":"https:\/\/sisu.ut.ee\/biopohikool\/wp-json\/wp\/v2\/media?parent=53"}],"curies":[{"name":"wp","href":"https:\/\/api.w.org\/{rel}","templated":true}]}}