{"id":51,"date":"2024-04-04T08:54:54","date_gmt":"2024-04-04T05:54:54","guid":{"rendered":"https:\/\/sisu.ut.ee\/biopohikool\/3-kes-kuuluvad-ainuoossete-hulka\/"},"modified":"2024-04-04T08:56:56","modified_gmt":"2024-04-04T05:56:56","slug":"3-kes-kuuluvad-ainuoossete-hulka","status":"publish","type":"page","link":"https:\/\/sisu.ut.ee\/biopohikool\/3-kes-kuuluvad-ainuoossete-hulka\/","title":{"rendered":"3. KES KUULUVAD AINU\u00d5\u00d5SSETE HULKA?"},"content":{"rendered":"<ul>\n<li>\n\t\tLihtsa ehitusega veeloomad, kelle kehas on \u00fcks \u00f5\u00f5s.\n\t<\/li>\n<li>\n\t\tKiireliselt s\u00fcmmeetrilised hulkraksed loomad.\n\t<\/li>\n<li>\n\t\tKeha koosneb kahest rakukihist: v\u00e4limisest ja sisemisest kihist, mille vahel on \u00f5hem v\u00f5i paksem rakkudeta kiht.\n\t<\/li>\n<li>\n\t\tKehaseinas ja suu\u00f5\u00f5nt \u00fcmbritsevatel kombitsatel asetsevad arvukad k\u00f5rverakud.\n\t<\/li>\n<li>\n\t\tN\u00e4rvis\u00fcsteem on v\u00f5rkjas.\n\t<\/li>\n<li>\n\t\tEristatakse kahte eluvormi:\u00a0 merep\u00f5hja talla abil kinnitunud\u00a0<strong>pol\u00fc\u00fcp\u00a0<\/strong>ja\u00a0 vees vabalt ujuv\u00a0<strong>meduus.<\/strong>\n\t<\/li>\n<li>\n\t\tPaljunevad pungudes ja suguliselt.\n\t<\/li>\n<li>\n\t\tMerirooside kehasein on paks ja lihaseline, selles pole lubiainet. Meriroosid elavad \u00fcksikult.\n\t<\/li>\n<li>\n\t\tKorallidel moodustub \u00f5rna keha toeks ja kaitseks lubiainest skelett. Korallid elavad enamasti kolooniatena, moodustavad korallrahusid.\n\t<\/li>\n<li>\n\t\tEesti magevetes elab varsh\u00fcdra ning L\u00e4\u00e4nemeres meririst.\n\t<\/li>\n<\/ul>\n<table class=\"table table-hover\" border=\"1\" cellpadding=\"0\" cellspacing=\"0\">\n<tbody>\n<tr>\n<th scope=\"col\">\n<p>\n\t\t\t\t\t<strong>H\u00fcdraloomad<\/strong>\n\t\t\t\t<\/p>\n<\/th>\n<th scope=\"col\">\n<p>\n\t\t\t\t\t<strong>Karikloomad<\/strong>\n\t\t\t\t<\/p>\n<\/th>\n<th scope=\"col\">\n<p>\n\t\t\t\t\t<strong>\u00d5isloomad<\/strong>\n\t\t\t\t<\/p>\n<\/th>\n<\/tr>\n<tr>\n<td valign=\"top\" width=\"189\">\n<p>\n\t\t\t\t\tMagevee pol\u00fc\u00fcp\u00a0<strong>h\u00fcdra\u00a0<\/strong>(elab kinnitunult veekogu p\u00f5hjas v\u00f5i taimedel).\n\t\t\t\t<\/p>\n<p>\n\t\t\t\t\t1-1,5 cm pikk.\n\t\t\t\t<\/p>\n<p>\n\t\t\t\t\t\u00a0\n\t\t\t\t<\/p>\n<\/td>\n<td valign=\"top\" width=\"189\">\n<p>\n\t\t\t\t\tTuntakse\u00a0<strong>meduuside<\/strong>\u00a0nime all.\u00a0 L\u00e4\u00e4nemeres elab\u00a0<strong>meririst<\/strong>\u00a0(ujub vabalt ringi).\u00a0 Kummiku l\u00e4bim\u00f5\u00f5t 5-10cm. Keerukas paljunemists\u00fckkel\n\t\t\t\t<\/p>\n<\/td>\n<td valign=\"top\" width=\"189\">\n<p>\n\t\t\t\t\tMere p\u00f5hja kinnitunud\u00a0<strong>pol\u00fc\u00fcbid<\/strong>. V\u00f5rreldes eelnevate loomadega on nad keerukama ehitusega.\n\t\t\t\t<\/p>\n<p>\n\t\t\t\t\t<strong>Meriroosid<\/strong>\u00a0elavad \u00fcksikult,\u00a0<strong>korallid<\/strong>\u00a0aga kolooniatena\n\t\t\t\t<\/p>\n<\/td>\n<\/tr>\n<tr>\n<td valign=\"top\" width=\"189\">\n\t\t\t\t<img loading=\"lazy\" decoding=\"async\" width=\"597\" height=\"552\" class=\"alignnone wp-image-203\" style=\"width: 300px;height: 277px\" src=\"https:\/\/sisu.ut.ee\/wp-content\/uploads\/sites\/648\/hydra_wikipedia.jpg\" title=\"Joonis. H\u00fcdra (Vikipeedia)\" alt=\"Joonis. H\u00fcdra (Vikipeedia)\" srcset=\"https:\/\/sisu.ut.ee\/wp-content\/uploads\/sites\/648\/hydra_wikipedia.jpg 597w, https:\/\/sisu.ut.ee\/wp-content\/uploads\/sites\/648\/hydra_wikipedia-300x277.jpg 300w\" sizes=\"auto, (max-width: 597px) 100vw, 597px\">\n<p>\u00a0\n\t\t\t<\/p><\/td>\n<td valign=\"top\" width=\"189\">\n\t\t\t\t<img loading=\"lazy\" decoding=\"async\" width=\"367\" height=\"344\" class=\"alignnone wp-image-204\" style=\"width: 300px;height: 281px\" src=\"https:\/\/sisu.ut.ee\/wp-content\/uploads\/sites\/648\/jellyfish_pexels.jpg\" title=\"Joonis. Meririst\" alt=\"Joonis. Meririst\" srcset=\"https:\/\/sisu.ut.ee\/wp-content\/uploads\/sites\/648\/jellyfish_pexels.jpg 367w, https:\/\/sisu.ut.ee\/wp-content\/uploads\/sites\/648\/jellyfish_pexels-300x281.jpg 300w\" sizes=\"auto, (max-width: 367px) 100vw, 367px\">\n\t\t\t<\/td>\n<td valign=\"top\" width=\"189\">\n<p>\n\t\t\t\t\t<img loading=\"lazy\" decoding=\"async\" width=\"640\" height=\"640\" class=\"alignnone wp-image-205\" style=\"width: 300px;height: 300px\" src=\"https:\/\/sisu.ut.ee\/wp-content\/uploads\/sites\/648\/anemone-2874006_640.jpg\" title=\"Joonis. Meriroos\" alt=\"Joonis. Meriroos\" srcset=\"https:\/\/sisu.ut.ee\/wp-content\/uploads\/sites\/648\/anemone-2874006_640.jpg 640w, https:\/\/sisu.ut.ee\/wp-content\/uploads\/sites\/648\/anemone-2874006_640-300x300.jpg 300w, https:\/\/sisu.ut.ee\/wp-content\/uploads\/sites\/648\/anemone-2874006_640-150x150.jpg 150w\" sizes=\"auto, (max-width: 640px) 100vw, 640px\">\n\t\t\t\t<\/p>\n<p>\n\t\t\t\t\t<img loading=\"lazy\" decoding=\"async\" width=\"364\" height=\"364\" class=\"alignnone wp-image-206\" style=\"width: 300px;height: 300px\" src=\"https:\/\/sisu.ut.ee\/wp-content\/uploads\/sites\/648\/fish-382487_640.jpg\" title=\"Joonis. Korallid\" alt=\"Joonis. Korallid\" srcset=\"https:\/\/sisu.ut.ee\/wp-content\/uploads\/sites\/648\/fish-382487_640.jpg 364w, https:\/\/sisu.ut.ee\/wp-content\/uploads\/sites\/648\/fish-382487_640-300x300.jpg 300w, https:\/\/sisu.ut.ee\/wp-content\/uploads\/sites\/648\/fish-382487_640-150x150.jpg 150w\" sizes=\"auto, (max-width: 364px) 100vw, 364px\">\n\t\t\t\t<\/p>\n<\/td>\n<\/tr>\n<\/tbody>\n<\/table>\n<h4>\n\tVaata videoid:<br>\n<\/h4>\n<ul>\n<li>\n\t\tH\u00fcdraloomad\n\t<\/li>\n<\/ul>\n<a href=\"#\" data-bs-toggle=\"modal\" data-bs-target=\"#popup-modal\" data-title=\"NB! Vaata, kuidas l\u00fclitada sisse eestikeelseid subtiitreid\" data-content='&lt;img class=\"alignnone wp-image-207\" src=\"https:\/\/sisu.ut.ee\/wp-content\/uploads\/sites\/648\/youtube_subtiitrid.png\" title=\"youtube_subtiitrid.png\" alt=\"Subtiitrid\"&gt;\n&lt;\/p&gt;\n&lt;p&gt;\n\t1. L\u00fclita videol sisse subtiitrid&lt;br \/&gt;2. Vajuta seadete hammasrattale&lt;br \/&gt;3. Vali seadetest &amp;#8220;Subtiitrid&amp;#8221;&lt;br \/&gt;4. Vali men\u00fc\u00fcst &amp;#8220;Automaatne t\u00f5lkimine&amp;#8221;&lt;br \/&gt;5. Vali keeleks &amp;#8220;Eesti&amp;#8221;&lt;br \/&gt;&lt;em&gt;NB! See seadistus kohandub ainult praeguse video vaatamisel, k\u00f5igi videote automaat\u00f5lkimiseks tuleb Youtube&amp;#8217;i seadeid muuta.&lt;\/em&gt;'>NB! Vaata, kuidas l\u00fclitada sisse eestikeelseid subtiitreid<\/a>\n<p>\n\t<\/p><div class=\"ratio ratio-16x9 mb-3\"><div class=\"video-placeholder-wrapper video-placeholder-wrapper--16x9\">\n\t\t\t    <div class=\"video-placeholder d-flex justify-content-center align-items-center\">\n\t\t\t        <div class=\"overlay text-white p-2 w-100 text-center d-block justify-content-center align-items-center\">\n\t\t\t            <div>Kolmandate osapoolte sisu n\u00e4gemiseks palun n\u00f5ustu k\u00fcpsistega.<\/div>\n\t\t\t            <button class=\"btn btn-secondary btn-sm mt-1 consent-change\">Muuda n\u00f5usolekut<\/button>\n\t\t\t        <\/div>\n\t\t\t    <\/div>\n\t\t\t<\/div>\n<\/div>\n\n<ul>\n<li>\n\t\tMeririst ehk millimallikas:\n\t<\/li>\n<\/ul>\n<p>\n\t<\/p><div class=\"ratio ratio-16x9 mb-3\"><div class=\"video-placeholder-wrapper video-placeholder-wrapper--16x9\">\n\t\t\t    <div class=\"video-placeholder d-flex justify-content-center align-items-center\">\n\t\t\t        <div class=\"overlay text-white p-2 w-100 text-center d-block justify-content-center align-items-center\">\n\t\t\t            <div>Kolmandate osapoolte sisu n\u00e4gemiseks palun n\u00f5ustu k\u00fcpsistega.<\/div>\n\t\t\t            <button class=\"btn btn-secondary btn-sm mt-1 consent-change\">Muuda n\u00f5usolekut<\/button>\n\t\t\t        <\/div>\n\t\t\t    <\/div>\n\t\t\t<\/div>\n<\/div>\n\n<ul id=\"yui_3_17_2_1_1697365459768_48\">\n<li id=\"yui_3_17_2_1_1697365459768_282\">\n\t\t\u00d5isloomad:\u00a0<a href=\"https:\/\/youtube.com\/shorts\/Ev4WHKr0njo?feature=share\" id=\"yui_3_17_2_1_1697365459768_283\" target=\"_blank\" rel=\"noopener\">https:\/\/youtube.com\/shorts\/Ev4WHKr0njo?feature=share<\/a>\n\t<\/li>\n<\/ul>\n<p>\n\t<strong>Tee lisaks taskutarga\u00a0 harjutusi:\u00a0<\/strong><a href=\"https:\/\/www.taskutark.ee\/test\/ainuoossed\/\" target=\"_blank\" rel=\"noopener\">https:\/\/www.taskutark.ee\/test\/ainuoossed\/<\/a><\/p>\n","protected":false},"excerpt":{"rendered":"<p>Lihtsa ehitusega veeloomad, kelle kehas on \u00fcks \u00f5\u00f5s. Kiireliselt s\u00fcmmeetrilised hulkraksed loomad. Keha koosneb kahest rakukihist: v\u00e4limisest ja sisemisest kihist, mille vahel on \u00f5hem v\u00f5i paksem rakkudeta kiht. Kehaseinas ja suu\u00f5\u00f5nt \u00fcmbritsevatel kombitsatel asetsevad arvukad k\u00f5rverakud. N\u00e4rvis\u00fcsteem on v\u00f5rkjas. Eristatakse &#8230;<\/p>\n","protected":false},"author":345,"featured_media":0,"parent":0,"menu_order":0,"comment_status":"closed","ping_status":"closed","template":"","meta":{"_acf_changed":false,"inline_featured_image":false,"footnotes":""},"class_list":["post-51","page","type-page","status-publish","hentry"],"acf":[],"_links":{"self":[{"href":"https:\/\/sisu.ut.ee\/biopohikool\/wp-json\/wp\/v2\/pages\/51","targetHints":{"allow":["GET"]}}],"collection":[{"href":"https:\/\/sisu.ut.ee\/biopohikool\/wp-json\/wp\/v2\/pages"}],"about":[{"href":"https:\/\/sisu.ut.ee\/biopohikool\/wp-json\/wp\/v2\/types\/page"}],"author":[{"embeddable":true,"href":"https:\/\/sisu.ut.ee\/biopohikool\/wp-json\/wp\/v2\/users\/345"}],"replies":[{"embeddable":true,"href":"https:\/\/sisu.ut.ee\/biopohikool\/wp-json\/wp\/v2\/comments?post=51"}],"version-history":[{"count":1,"href":"https:\/\/sisu.ut.ee\/biopohikool\/wp-json\/wp\/v2\/pages\/51\/revisions"}],"predecessor-version":[{"id":589,"href":"https:\/\/sisu.ut.ee\/biopohikool\/wp-json\/wp\/v2\/pages\/51\/revisions\/589"}],"wp:attachment":[{"href":"https:\/\/sisu.ut.ee\/biopohikool\/wp-json\/wp\/v2\/media?parent=51"}],"curies":[{"name":"wp","href":"https:\/\/api.w.org\/{rel}","templated":true}]}}