{"id":49,"date":"2024-04-04T08:54:54","date_gmt":"2024-04-04T05:54:54","guid":{"rendered":"https:\/\/sisu.ut.ee\/biopohikool\/1-mille-poolest-erinevad-selgroogsed-ja-selgrootud-loomad\/"},"modified":"2024-04-04T08:56:56","modified_gmt":"2024-04-04T05:56:56","slug":"1-mille-poolest-erinevad-selgroogsed-ja-selgrootud-loomad","status":"publish","type":"page","link":"https:\/\/sisu.ut.ee\/biopohikool\/1-mille-poolest-erinevad-selgroogsed-ja-selgrootud-loomad\/","title":{"rendered":"1. MILLE POOLEST ERINEVAD SELGROOGSED JA SELGROOTUD LOOMAD?"},"content":{"rendered":"<table class=\"table table-hover\" border=\"1\" cellpadding=\"0\" cellspacing=\"0\" id=\"yui_3_17_2_1_1697364926582_48\" width=\"602\">\n<thead>\n<tr>\n<th scope=\"row\">\n<p>\n\t\t\t\t\t<strong>Tunnus<\/strong>\n\t\t\t\t<\/p>\n<\/th>\n<th scope=\"col\">\n<p>\n\t\t\t\t\t<strong>Selgrootud loomad<\/strong>\n\t\t\t\t<\/p>\n<\/th>\n<th scope=\"col\">\n<p>\n\t\t\t\t\t<strong>Selgroogsed loomad<\/strong>\n\t\t\t\t<\/p>\n<\/th>\n<\/tr>\n<\/thead>\n<tbody id=\"yui_3_17_2_1_1697364926582_47\">\n<tr>\n<th scope=\"row\" valign=\"top\" width=\"142\">\n<p>\n\t\t\t\t\tS\u00fcda ja vereringe\n\t\t\t\t<\/p>\n<\/th>\n<td valign=\"top\" width=\"252\">\n<ul>\n<li>\n\t\t\t\t\t\tS\u00fcda ja vereringe v\u00f5ivad puududa. Kui s\u00fcda esineb, paikneb see selgmiselt.\n\t\t\t\t\t<\/li>\n<li>\n\t\t\t\t\t\tVereringe v\u00f5ib olla suletud v\u00f5i avatud.\n\t\t\t\t\t<\/li>\n<\/ul>\n<p>\n\t\t\t\t\t\u00a0\n\t\t\t\t<\/p>\n<\/td>\n<td valign=\"top\" width=\"208\">\n<ul>\n<li>\n\t\t\t\t\t\tS\u00fcda 2-4- osaline ja paikneb k\u00f5htmiselt.\n\t\t\t\t\t<\/li>\n<li>\n\t\t\t\t\t\tKaladel on \u00fcks vereringe, alates kahepaiksetest (roomajad, linnud, imetajad) on suur ja v\u00e4ike vereringe.\u00a0\n\t\t\t\t\t<\/li>\n<\/ul>\n<\/td>\n<\/tr>\n<tr>\n<th scope=\"row\" valign=\"top\" width=\"142\">\n<p>\n\t\t\t\t\tToes\n\t\t\t\t<\/p>\n<\/th>\n<td valign=\"top\" width=\"252\">\n<ul>\n<li>\n\t\t\t\t\t\tV\u00e4limine toes kitiinist v\u00f5i lubiainest.\n\t\t\t\t\t<\/li>\n<li>\n\t\t\t\t\t\tKeha sees toestab kehavedelik.\n\t\t\t\t\t<\/li>\n<\/ul>\n<\/td>\n<td valign=\"top\" width=\"208\">\n<ul>\n<li>\n\t\t\t\t\t\tKehasisene toes, k\u00f5hreline v\u00f5i luuline skelett.\n\t\t\t\t\t<\/li>\n<\/ul>\n<\/td>\n<\/tr>\n<tr>\n<th scope=\"row\" valign=\"top\" width=\"142\">\n<p>\n\t\t\t\t\tN\u00e4rvis\u00fcsteem\n\t\t\t\t<\/p>\n<\/th>\n<td valign=\"top\" width=\"252\">\n<ul>\n<li>\n\t\t\t\t\t\tPaljudel selgrootutel puudub. Kui esineb n\u00e4rvikett, paikneb see k\u00f5htmiselt. N\u00f6\u00f6rredelt\u00fc\u00fcpi, neelupealsete ja neelualuste n\u00e4rvit\u00e4nkudega.\n\t\t\t\t\t<\/li>\n<\/ul>\n<\/td>\n<td valign=\"top\" width=\"208\">\n<ul>\n<li>\n\t\t\t\t\t\tPeaaju ja seljaaju, mida kaitseb vastvalt kolju v\u00f5i selgroog. Seljaaju asub selgmiselt.\n\t\t\t\t\t<\/li>\n<\/ul>\n<\/td>\n<\/tr>\n<tr>\n<th scope=\"row\">\n\t\t\t\t\u00a0\n\t\t\t<\/th>\n<td>\n\t\t\t\t\u00a0<img loading=\"lazy\" decoding=\"async\" width=\"427\" height=\"198\" class=\"alignnone wp-image-199\" src=\"https:\/\/sisu.ut.ee\/wp-content\/uploads\/sites\/648\/selgrootud.jpg\" title=\"Joonis 15. Selgrootu ehitus\" alt=\"Joonis 15. Selgrootu ehitus\" srcset=\"https:\/\/sisu.ut.ee\/wp-content\/uploads\/sites\/648\/selgrootud.jpg 427w, https:\/\/sisu.ut.ee\/wp-content\/uploads\/sites\/648\/selgrootud-300x139.jpg 300w\" sizes=\"auto, (max-width: 427px) 100vw, 427px\">\n\t\t\t<\/td>\n<td>\n\t\t\t\t\u00a0<img loading=\"lazy\" decoding=\"async\" width=\"449\" height=\"203\" class=\"alignnone wp-image-200\" src=\"https:\/\/sisu.ut.ee\/wp-content\/uploads\/sites\/648\/selgroogsed.jpg\" title=\"Joonis 16. Selgroogse ehitus\" alt=\"Joonis 16. Selgroogse ehitus\" srcset=\"https:\/\/sisu.ut.ee\/wp-content\/uploads\/sites\/648\/selgroogsed.jpg 449w, https:\/\/sisu.ut.ee\/wp-content\/uploads\/sites\/648\/selgroogsed-300x136.jpg 300w\" sizes=\"auto, (max-width: 449px) 100vw, 449px\">\n\t\t\t<\/td>\n<\/tr>\n<\/tbody>\n<\/table>\n<p>\n\t<img loading=\"lazy\" decoding=\"async\" width=\"1527\" height=\"1191\" class=\"alignnone wp-image-201\" style=\"width: 900px;height: 702px\" src=\"https:\/\/sisu.ut.ee\/wp-content\/uploads\/sites\/648\/loomade_lihtsustatud_sugupuu.jpg\" title=\"Joonis 17. Loomade lihtsustatud sugupuu\" alt=\"Joonis 17. Loomade lihtsustatud sugupuu\" srcset=\"https:\/\/sisu.ut.ee\/wp-content\/uploads\/sites\/648\/loomade_lihtsustatud_sugupuu.jpg 1527w, https:\/\/sisu.ut.ee\/wp-content\/uploads\/sites\/648\/loomade_lihtsustatud_sugupuu-300x234.jpg 300w, https:\/\/sisu.ut.ee\/wp-content\/uploads\/sites\/648\/loomade_lihtsustatud_sugupuu-1024x799.jpg 1024w, https:\/\/sisu.ut.ee\/wp-content\/uploads\/sites\/648\/loomade_lihtsustatud_sugupuu-768x599.jpg 768w\" sizes=\"auto, (max-width: 1527px) 100vw, 1527px\">\n<\/p>\n<h4>\n\tVaata videot<br>\n<\/h4>\n<p>\n\tSelgrootute mitmekesisus (Illar Leuhin)\u00a0\n<\/p>\n<p>\n\t<\/p><div class=\"ratio ratio-16x9 mb-3\"><div class=\"video-placeholder-wrapper video-placeholder-wrapper--16x9\">\n\t\t\t    <div class=\"video-placeholder d-flex justify-content-center align-items-center\">\n\t\t\t        <div class=\"overlay text-white p-2 w-100 text-center d-block justify-content-center align-items-center\">\n\t\t\t            <div>Kolmandate osapoolte sisu n\u00e4gemiseks palun n\u00f5ustu k\u00fcpsistega.<\/div>\n\t\t\t            <button class=\"btn btn-secondary btn-sm mt-1 consent-change\">Muuda n\u00f5usolekut<\/button>\n\t\t\t        <\/div>\n\t\t\t    <\/div>\n\t\t\t<\/div>\n<\/div>\n","protected":false},"excerpt":{"rendered":"<p>Tunnus Selgrootud loomad Selgroogsed loomad S\u00fcda ja vereringe S\u00fcda ja vereringe v\u00f5ivad puududa. Kui s\u00fcda esineb, paikneb see selgmiselt. Vereringe v\u00f5ib olla suletud v\u00f5i avatud. \u00a0 S\u00fcda 2-4- osaline ja paikneb k\u00f5htmiselt. Kaladel on \u00fcks vereringe, alates kahepaiksetest (roomajad, linnud, &#8230;<\/p>\n","protected":false},"author":345,"featured_media":0,"parent":0,"menu_order":0,"comment_status":"closed","ping_status":"closed","template":"","meta":{"_acf_changed":false,"inline_featured_image":false,"footnotes":""},"class_list":["post-49","page","type-page","status-publish","hentry"],"acf":[],"_links":{"self":[{"href":"https:\/\/sisu.ut.ee\/biopohikool\/wp-json\/wp\/v2\/pages\/49","targetHints":{"allow":["GET"]}}],"collection":[{"href":"https:\/\/sisu.ut.ee\/biopohikool\/wp-json\/wp\/v2\/pages"}],"about":[{"href":"https:\/\/sisu.ut.ee\/biopohikool\/wp-json\/wp\/v2\/types\/page"}],"author":[{"embeddable":true,"href":"https:\/\/sisu.ut.ee\/biopohikool\/wp-json\/wp\/v2\/users\/345"}],"replies":[{"embeddable":true,"href":"https:\/\/sisu.ut.ee\/biopohikool\/wp-json\/wp\/v2\/comments?post=49"}],"version-history":[{"count":1,"href":"https:\/\/sisu.ut.ee\/biopohikool\/wp-json\/wp\/v2\/pages\/49\/revisions"}],"predecessor-version":[{"id":591,"href":"https:\/\/sisu.ut.ee\/biopohikool\/wp-json\/wp\/v2\/pages\/49\/revisions\/591"}],"wp:attachment":[{"href":"https:\/\/sisu.ut.ee\/biopohikool\/wp-json\/wp\/v2\/media?parent=49"}],"curies":[{"name":"wp","href":"https:\/\/api.w.org\/{rel}","templated":true}]}}