{"id":47,"date":"2024-04-04T08:54:54","date_gmt":"2024-04-04T05:54:54","guid":{"rendered":"https:\/\/sisu.ut.ee\/biopohikool\/pohimoisted-0\/"},"modified":"2024-04-04T08:56:56","modified_gmt":"2024-04-04T05:56:56","slug":"pohimoisted-0","status":"publish","type":"page","link":"https:\/\/sisu.ut.ee\/biopohikool\/pohimoisted-0\/","title":{"rendered":"P\u00f5him\u00f5isted"},"content":{"rendered":"<p>\n\t<strong>Aeroob\u00a0<\/strong>\u2013 hapnikuga keskkonnas elav organism\n<\/p>\n<p>\n\t<strong>Algloom\u00a0<\/strong>\u2013 \u00fcherakulised tuumaga organismid, kes toitumist\u00fc\u00fcbilt sarnanevad enamasti loomadega\n<\/p>\n<p>\n\t<strong>Anaeroob\u00a0<\/strong>\u2013 hapnikuvabas keskkonnas elav organism\n<\/p>\n<p>\n\t<strong>Bakter<\/strong>\u00a0\u2013 k\u00f5ige v\u00e4iksem \u00fcherakuline organism, kellel on k\u00f5ik elu tunnused\n<\/p>\n<p>\n\t<strong>Eeltuumsed organismid<\/strong>\u00a0\u2013 organismid, kelle rakkudes pole tuuma\n<\/p>\n<p>\n\t<strong>M\u00fcgarbakterid<\/strong>\u00a0\u2013 liblik\u00f5ieliste taimede juurtega s\u00fcmbioosis elavad bakterid, kes seovad \u00f5hul\u00e4mmastikku\n<\/p>\n<p>\n\t<strong>Past\u00f6\u00f6rimine\u00a0<\/strong>\u2013 toiduainete t\u00f6\u00f6tlemine l\u00fchiajalise kuumutamisega temperatuuril 70 -90\u00b0C, mil h\u00e4vivad bakterid, kuid mitte nende spoorid\n<\/p>\n<p>\n\t<strong>Peiteaeg<\/strong>\u00a0\u2013 ajavahemik, mis j\u00e4\u00e4b haigustekitajaga nakatumise ja haigustunnuste ilmnemise vahele\n<\/p>\n<p>\n\t<strong>Pooldumine\u00a0<\/strong>\u2013 paljunemisviis, mille korral rakk v\u00f5i \u00fcherakuline organism jaguneb kaheks enam-v\u00e4hem v\u00f5rdseks osaks.\n<\/p>\n<p>\n\t<strong>Spoor\u00a0<\/strong>\u2013 bakterite eriline mitme paksu kestaga kaetud rakk, mille veesisaldus on v\u00e4henenud\u00a0 ja ainevahetus aeglustunud\n<\/p>\n<p>\n\t<strong>Viirus\u00a0<\/strong>\u2013 \u00fcliv\u00e4ike bioobjekt, mis asub eluta ja elusa looduse piirimail.<\/p>\n","protected":false},"excerpt":{"rendered":"<p>Aeroob\u00a0\u2013 hapnikuga keskkonnas elav organism Algloom\u00a0\u2013 \u00fcherakulised tuumaga organismid, kes toitumist\u00fc\u00fcbilt sarnanevad enamasti loomadega Anaeroob\u00a0\u2013 hapnikuvabas keskkonnas elav organism Bakter\u00a0\u2013 k\u00f5ige v\u00e4iksem \u00fcherakuline organism, kellel on k\u00f5ik elu tunnused Eeltuumsed organismid\u00a0\u2013 organismid, kelle rakkudes pole tuuma M\u00fcgarbakterid\u00a0\u2013 liblik\u00f5ieliste taimede juurtega &#8230;<\/p>\n","protected":false},"author":345,"featured_media":0,"parent":0,"menu_order":0,"comment_status":"closed","ping_status":"closed","template":"","meta":{"_acf_changed":false,"inline_featured_image":false,"footnotes":""},"class_list":["post-47","page","type-page","status-publish","hentry"],"acf":[],"_links":{"self":[{"href":"https:\/\/sisu.ut.ee\/biopohikool\/wp-json\/wp\/v2\/pages\/47","targetHints":{"allow":["GET"]}}],"collection":[{"href":"https:\/\/sisu.ut.ee\/biopohikool\/wp-json\/wp\/v2\/pages"}],"about":[{"href":"https:\/\/sisu.ut.ee\/biopohikool\/wp-json\/wp\/v2\/types\/page"}],"author":[{"embeddable":true,"href":"https:\/\/sisu.ut.ee\/biopohikool\/wp-json\/wp\/v2\/users\/345"}],"replies":[{"embeddable":true,"href":"https:\/\/sisu.ut.ee\/biopohikool\/wp-json\/wp\/v2\/comments?post=47"}],"version-history":[{"count":1,"href":"https:\/\/sisu.ut.ee\/biopohikool\/wp-json\/wp\/v2\/pages\/47\/revisions"}],"predecessor-version":[{"id":593,"href":"https:\/\/sisu.ut.ee\/biopohikool\/wp-json\/wp\/v2\/pages\/47\/revisions\/593"}],"wp:attachment":[{"href":"https:\/\/sisu.ut.ee\/biopohikool\/wp-json\/wp\/v2\/media?parent=47"}],"curies":[{"name":"wp","href":"https:\/\/api.w.org\/{rel}","templated":true}]}}