{"id":44,"date":"2024-04-04T08:54:53","date_gmt":"2024-04-04T05:54:53","guid":{"rendered":"https:\/\/sisu.ut.ee\/biopohikool\/33-kuidas-algloomad-paljunevad-ja-elavad-ule-ebasoodsaid-tingimusi\/"},"modified":"2024-04-04T08:56:56","modified_gmt":"2024-04-04T05:56:56","slug":"33-kuidas-algloomad-paljunevad-ja-elavad-ule-ebasoodsaid-tingimusi","status":"publish","type":"page","link":"https:\/\/sisu.ut.ee\/biopohikool\/33-kuidas-algloomad-paljunevad-ja-elavad-ule-ebasoodsaid-tingimusi\/","title":{"rendered":"3.3. Kuidas algloomad paljunevad ja elavad \u00fcle ebasoodsaid tingimusi?"},"content":{"rendered":"<p>\n\tAlgloomad\u00a0<strong>paljunevad pooldudes.<\/strong>\n<\/p>\n<p>\n\tEbasobivate tingimuste \u00fcleelamiseks v\u00f5ivad moodustada\u00a0<strong>ts\u00fcste<\/strong>.\u00a0Ts\u00fcstid on oma olemuselt sarnased bakterite spooridega, sisaldavad v\u00e4he vett ja on kaetud tiheda kestaga. \u00dchest algloomast moodustub \u00fcks ts\u00fcst, seega pole see paljunemine.\n<\/p>\n<p>\n\t\u00a0\n<\/p>\n<h4>\n\tVaata videot<br>\n<\/h4>\n<p>\n\tAlglooma pooldumine:\n<\/p>\n<p>\n\t<\/p><div class=\"ratio ratio-16x9 mb-3\"><div class=\"video-placeholder-wrapper video-placeholder-wrapper--16x9\">\n\t\t\t    <div class=\"video-placeholder d-flex justify-content-center align-items-center\">\n\t\t\t        <div class=\"overlay text-white p-2 w-100 text-center d-block justify-content-center align-items-center\">\n\t\t\t            <div>Kolmandate osapoolte sisu n\u00e4gemiseks palun n\u00f5ustu k\u00fcpsistega.<\/div>\n\t\t\t            <button class=\"btn btn-secondary btn-sm mt-1 consent-change\">Muuda n\u00f5usolekut<\/button>\n\t\t\t        <\/div>\n\t\t\t    <\/div>\n\t\t\t<\/div>\n<\/div>\n\n<p>\n\t\u00a0<\/p>\n","protected":false},"excerpt":{"rendered":"<p>Algloomad\u00a0paljunevad pooldudes. Ebasobivate tingimuste \u00fcleelamiseks v\u00f5ivad moodustada\u00a0ts\u00fcste.\u00a0Ts\u00fcstid on oma olemuselt sarnased bakterite spooridega, sisaldavad v\u00e4he vett ja on kaetud tiheda kestaga. \u00dchest algloomast moodustub \u00fcks ts\u00fcst, seega pole see paljunemine. \u00a0 Vaata videot Alglooma pooldumine: Kolmandate osapoolte sisu n\u00e4gemiseks palun &#8230;<\/p>\n","protected":false},"author":345,"featured_media":0,"parent":0,"menu_order":0,"comment_status":"closed","ping_status":"closed","template":"","meta":{"_acf_changed":false,"inline_featured_image":false,"footnotes":""},"class_list":["post-44","page","type-page","status-publish","hentry"],"acf":[],"_links":{"self":[{"href":"https:\/\/sisu.ut.ee\/biopohikool\/wp-json\/wp\/v2\/pages\/44","targetHints":{"allow":["GET"]}}],"collection":[{"href":"https:\/\/sisu.ut.ee\/biopohikool\/wp-json\/wp\/v2\/pages"}],"about":[{"href":"https:\/\/sisu.ut.ee\/biopohikool\/wp-json\/wp\/v2\/types\/page"}],"author":[{"embeddable":true,"href":"https:\/\/sisu.ut.ee\/biopohikool\/wp-json\/wp\/v2\/users\/345"}],"replies":[{"embeddable":true,"href":"https:\/\/sisu.ut.ee\/biopohikool\/wp-json\/wp\/v2\/comments?post=44"}],"version-history":[{"count":1,"href":"https:\/\/sisu.ut.ee\/biopohikool\/wp-json\/wp\/v2\/pages\/44\/revisions"}],"predecessor-version":[{"id":596,"href":"https:\/\/sisu.ut.ee\/biopohikool\/wp-json\/wp\/v2\/pages\/44\/revisions\/596"}],"wp:attachment":[{"href":"https:\/\/sisu.ut.ee\/biopohikool\/wp-json\/wp\/v2\/media?parent=44"}],"curies":[{"name":"wp","href":"https:\/\/api.w.org\/{rel}","templated":true}]}}