{"id":43,"date":"2024-04-04T08:54:53","date_gmt":"2024-04-04T05:54:53","guid":{"rendered":"https:\/\/sisu.ut.ee\/biopohikool\/32-kuidas-algloomad-toituvad-ja-liiguvad\/"},"modified":"2024-04-04T08:56:56","modified_gmt":"2024-04-04T05:56:56","slug":"32-kuidas-algloomad-toituvad-ja-liiguvad","status":"publish","type":"page","link":"https:\/\/sisu.ut.ee\/biopohikool\/32-kuidas-algloomad-toituvad-ja-liiguvad\/","title":{"rendered":"3.2. Kuidas algloomad toituvad ja liiguvad?"},"content":{"rendered":"<p>\n\tEnamik algloomi toitub orgaanilisest ainest ja nende hulgas on parasiite (d\u00fcsenteeria am\u00f6\u00f6b, toksoplasmoodium, malaaria plasmoodium).\n<\/p>\n<table class=\"table table-hover\" border=\"1\" cellpadding=\"5\" cellspacing=\"0\" width=\"60%\">\n<thead>\n<tr>\n<th scope=\"col\">\n<p>\n\t\t\t\t\t\t<strong>Alglooma p\u00f5hjustatud haigus<\/strong>\n\t\t\t\t\t<\/p>\n<\/th>\n<th scope=\"col\">\n<p>\n\t\t\t\t\t\t<strong>Kahjustuvad rakud, organ, elundkond<\/strong>\n\t\t\t\t\t<\/p>\n<\/th>\n<\/tr>\n<\/thead>\n<tbody>\n<tr>\n<td valign=\"top\" width=\"170\">\n<p>\n\t\t\t\t\t\tD\u00fcsenteeria\n\t\t\t\t\t<\/p>\n<\/td>\n<td valign=\"top\" width=\"213\">\n<p>\n\t\t\t\t\t\tJ\u00e4mesool\n\t\t\t\t\t<\/p>\n<\/td>\n<\/tr>\n<tr>\n<td valign=\"top\" width=\"170\">\n<p>\n\t\t\t\t\t\tLamblioos\n\t\t\t\t\t<\/p>\n<\/td>\n<td valign=\"top\" width=\"213\">\n<p>\n\t\t\t\t\t\tKaksteists\u00f5rmiksool\n\t\t\t\t\t<\/p>\n<\/td>\n<\/tr>\n<tr>\n<td valign=\"top\" width=\"170\">\n<p>\n\t\t\t\t\t\tTrihomonoos\n\t\t\t\t\t<\/p>\n<\/td>\n<td valign=\"top\" width=\"213\">\n<p>\n\t\t\t\t\t\tSuguelundid\n\t\t\t\t\t<\/p>\n<\/td>\n<\/tr>\n<tr>\n<td valign=\"top\" width=\"170\">\n<p>\n\t\t\t\t\t\tMalaaria\n\t\t\t\t\t<\/p>\n<\/td>\n<td valign=\"top\" width=\"213\">\n<p>\n\t\t\t\t\t\tPunased vererakud, maks\n\t\t\t\t\t<\/p>\n<\/td>\n<\/tr>\n<tr>\n<td valign=\"top\" width=\"170\">\n<p>\n\t\t\t\t\t\tToksoplasmoos\n\t\t\t\t\t<\/p>\n<\/td>\n<td valign=\"top\" width=\"213\">\n<p>\n\t\t\t\t\t\tKeharakud ja raseduse korral ka loode\n\t\t\t\t\t<\/p>\n<\/td>\n<\/tr>\n<\/tbody>\n<\/table>\n<p>\n\t\u00a0\n<\/p>\n<p>\n\tAlgloomad elavad loomade soolestikus, aidates n\u00e4iteks m\u00e4letsejatel tselluloosi seedida.\n<\/p>\n<p id=\"yui_3_17_2_1_1697363999764_47\">\n\t<strong>Lii<\/strong><strong>kumiseks\u00a0<\/strong>v\u00f5ivad olla\u00a0<strong>viburid, kulendid<\/strong>\u00a0v\u00f5i\u00a0<strong>ripsmed.<\/strong>\n<\/p>\n<table class=\"table table-hover\" border=\"1\" cellpadding=\"5\" cellspacing=\"0\">\n<thead>\n<tr>\n<th scope=\"col\">\n\t\t\t\t<strong>Viburloomad<\/strong>\n\t\t\t<\/th>\n<th scope=\"col\">\n\t\t\t\t<strong>Kulendloomad<\/strong>\n\t\t\t<\/th>\n<th scope=\"col\">\n\t\t\t\t<strong>Ripsloomad<\/strong>\n\t\t\t<\/th>\n<\/tr>\n<\/thead>\n<tbody>\n<tr>\n<td>\n\t\t\t\tRoheline silmviburlane\n\t\t\t<\/td>\n<td>\n\t\t\t\tHarilik am\u00f6\u00f6b, d\u00fcsenteeria am\u00f6\u00f6b (parasiit)\n\t\t\t<\/td>\n<td>\n\t\t\t\tKingloom\n\t\t\t<\/td>\n<\/tr>\n<tr>\n<td>\n\t\t\t\tValguse k\u00e4es toitub kui taim (fotos\u00fcnteesib), pimedas aga kui loom (toitub orgaanilisest ainest)\n\t\t\t<\/td>\n<td>\n\t\t\t\tRakukest v\u00e4ga \u00f5huke. Moodustab liikumiseks ja toitumiseks kulendeid. \u00a0Toitub orgaanilisest ainest\u00a0(teistest organismidest)\n\t\t\t<\/td>\n<td>\n\t\t\t\tToitub orgaanilisest ainest (teistest organismidest)\n\t\t\t<\/td>\n<\/tr>\n<tr>\n<td>\n\t\t\t\t<img loading=\"lazy\" decoding=\"async\" width=\"226\" height=\"87\" class=\"alignnone wp-image-195\" src=\"https:\/\/sisu.ut.ee\/wp-content\/uploads\/sites\/648\/silmviburlane.png\" title=\"Joonis 11. Roheline silmviburlane\" alt=\"Joonis 11. Roheline silmviburlane\">\n\t\t\t<\/td>\n<td>\n\t\t\t\t<img loading=\"lazy\" decoding=\"async\" width=\"192\" height=\"226\" class=\"alignnone wp-image-196\" src=\"https:\/\/sisu.ut.ee\/wp-content\/uploads\/sites\/648\/amoob.png\" title=\"Joonis 12. Am\u00f6\u00f6b\" alt=\"Joonis 12. Am\u00f6\u00f6b\">\n\t\t\t<\/td>\n<td>\n\t\t\t\t<img loading=\"lazy\" decoding=\"async\" width=\"198\" height=\"143\" class=\"alignnone wp-image-197\" src=\"https:\/\/sisu.ut.ee\/wp-content\/uploads\/sites\/648\/kingloom.png\" title=\"Joonis 13. Kingloom\" alt=\"Joonis 13. Kingloom\">\n\t\t\t<\/td>\n<\/tr>\n<\/tbody>\n<\/table>\n<p>\n\t\u00a0\n<\/p>\n<h4>\n\tVaata videot<br>\n<\/h4>\n<p>\n\tKuidas algloomad liiguvad ja toituvad:\n<\/p>\n<p>\n\t<\/p><div class=\"ratio ratio-16x9 mb-3\"><div class=\"video-placeholder-wrapper video-placeholder-wrapper--16x9\">\n\t\t\t    <div class=\"video-placeholder d-flex justify-content-center align-items-center\">\n\t\t\t        <div class=\"overlay text-white p-2 w-100 text-center d-block justify-content-center align-items-center\">\n\t\t\t            <div>Kolmandate osapoolte sisu n\u00e4gemiseks palun n\u00f5ustu k\u00fcpsistega.<\/div>\n\t\t\t            <button class=\"btn btn-secondary btn-sm mt-1 consent-change\">Muuda n\u00f5usolekut<\/button>\n\t\t\t        <\/div>\n\t\t\t    <\/div>\n\t\t\t<\/div>\n<\/div>\n\n<p>\n\t\u00a0<\/p>\n","protected":false},"excerpt":{"rendered":"<p>Enamik algloomi toitub orgaanilisest ainest ja nende hulgas on parasiite (d\u00fcsenteeria am\u00f6\u00f6b, toksoplasmoodium, malaaria plasmoodium). Alglooma p\u00f5hjustatud haigus Kahjustuvad rakud, organ, elundkond D\u00fcsenteeria J\u00e4mesool Lamblioos Kaksteists\u00f5rmiksool Trihomonoos Suguelundid Malaaria Punased vererakud, maks Toksoplasmoos Keharakud ja raseduse korral ka loode \u00a0 &#8230;<\/p>\n","protected":false},"author":345,"featured_media":0,"parent":0,"menu_order":0,"comment_status":"closed","ping_status":"closed","template":"","meta":{"_acf_changed":false,"inline_featured_image":false,"footnotes":""},"class_list":["post-43","page","type-page","status-publish","hentry"],"acf":[],"_links":{"self":[{"href":"https:\/\/sisu.ut.ee\/biopohikool\/wp-json\/wp\/v2\/pages\/43","targetHints":{"allow":["GET"]}}],"collection":[{"href":"https:\/\/sisu.ut.ee\/biopohikool\/wp-json\/wp\/v2\/pages"}],"about":[{"href":"https:\/\/sisu.ut.ee\/biopohikool\/wp-json\/wp\/v2\/types\/page"}],"author":[{"embeddable":true,"href":"https:\/\/sisu.ut.ee\/biopohikool\/wp-json\/wp\/v2\/users\/345"}],"replies":[{"embeddable":true,"href":"https:\/\/sisu.ut.ee\/biopohikool\/wp-json\/wp\/v2\/comments?post=43"}],"version-history":[{"count":1,"href":"https:\/\/sisu.ut.ee\/biopohikool\/wp-json\/wp\/v2\/pages\/43\/revisions"}],"predecessor-version":[{"id":597,"href":"https:\/\/sisu.ut.ee\/biopohikool\/wp-json\/wp\/v2\/pages\/43\/revisions\/597"}],"wp:attachment":[{"href":"https:\/\/sisu.ut.ee\/biopohikool\/wp-json\/wp\/v2\/media?parent=43"}],"curies":[{"name":"wp","href":"https:\/\/api.w.org\/{rel}","templated":true}]}}