{"id":42,"date":"2024-04-04T08:54:53","date_gmt":"2024-04-04T05:54:53","guid":{"rendered":"https:\/\/sisu.ut.ee\/biopohikool\/31-kes-algloomad\/"},"modified":"2024-04-04T08:56:56","modified_gmt":"2024-04-04T05:56:56","slug":"31-kes-algloomad","status":"publish","type":"page","link":"https:\/\/sisu.ut.ee\/biopohikool\/31-kes-algloomad\/","title":{"rendered":"3.1. Kes on algloomad?"},"content":{"rendered":"<p>\n\tAlgloomad on \u00fcherakulised ehk ainuraksed rakutuumaga organismid. Enamikku algloomi \u00fcmbritseb v\u00e4ga \u00f5huke ts\u00fctoplasma tihenenud v\u00e4liskiht, mis ei kaitse kuivamise eest.\u00a0 Seet\u00f5ttu saavad algloomad elada ainult niiskes keskkonnas, n\u00e4iteks vees v\u00f5i mullas.\u00a0 Algloomad erinevad toitumist\u00fc\u00fcbi poolest. N\u00e4iteks viburloomadest roheline silmviburlane v\u00f5ib toituda p\u00e4eval kui taim ja \u00f6\u00f6sel (pimedas) kui loom. Tal on olemas kloroplastid ja ta fotos\u00fcnteesib valguse k\u00e4es. Samuti on tal olemas silmt\u00e4pp, mis tajub valgust, ning ta on v\u00f5imeline viburi abil liikuma valguse poole.\n<\/p>\n<p>\n\tTuntakse \u00fcle 39\u00a0000 liigi.\n<\/p>\n<p>\n\t<img loading=\"lazy\" decoding=\"async\" width=\"1063\" height=\"353\" class=\"alignnone wp-image-194\" src=\"https:\/\/sisu.ut.ee\/wp-content\/uploads\/sites\/648\/ainuraksed.png\" title=\"Joonis 10. Algloomad\" alt=\"Joonis 10. Algloomad\" srcset=\"https:\/\/sisu.ut.ee\/wp-content\/uploads\/sites\/648\/ainuraksed.png 1063w, https:\/\/sisu.ut.ee\/wp-content\/uploads\/sites\/648\/ainuraksed-300x100.png 300w, https:\/\/sisu.ut.ee\/wp-content\/uploads\/sites\/648\/ainuraksed-1024x340.png 1024w, https:\/\/sisu.ut.ee\/wp-content\/uploads\/sites\/648\/ainuraksed-768x255.png 768w\" sizes=\"auto, (max-width: 1063px) 100vw, 1063px\"><\/p>\n","protected":false},"excerpt":{"rendered":"<p>Algloomad on \u00fcherakulised ehk ainuraksed rakutuumaga organismid. Enamikku algloomi \u00fcmbritseb v\u00e4ga \u00f5huke ts\u00fctoplasma tihenenud v\u00e4liskiht, mis ei kaitse kuivamise eest.\u00a0 Seet\u00f5ttu saavad algloomad elada ainult niiskes keskkonnas, n\u00e4iteks vees v\u00f5i mullas.\u00a0 Algloomad erinevad toitumist\u00fc\u00fcbi poolest. N\u00e4iteks viburloomadest roheline silmviburlane v\u00f5ib &#8230;<\/p>\n","protected":false},"author":345,"featured_media":0,"parent":0,"menu_order":0,"comment_status":"closed","ping_status":"closed","template":"","meta":{"_acf_changed":false,"inline_featured_image":false,"footnotes":""},"class_list":["post-42","page","type-page","status-publish","hentry"],"acf":[],"_links":{"self":[{"href":"https:\/\/sisu.ut.ee\/biopohikool\/wp-json\/wp\/v2\/pages\/42","targetHints":{"allow":["GET"]}}],"collection":[{"href":"https:\/\/sisu.ut.ee\/biopohikool\/wp-json\/wp\/v2\/pages"}],"about":[{"href":"https:\/\/sisu.ut.ee\/biopohikool\/wp-json\/wp\/v2\/types\/page"}],"author":[{"embeddable":true,"href":"https:\/\/sisu.ut.ee\/biopohikool\/wp-json\/wp\/v2\/users\/345"}],"replies":[{"embeddable":true,"href":"https:\/\/sisu.ut.ee\/biopohikool\/wp-json\/wp\/v2\/comments?post=42"}],"version-history":[{"count":1,"href":"https:\/\/sisu.ut.ee\/biopohikool\/wp-json\/wp\/v2\/pages\/42\/revisions"}],"predecessor-version":[{"id":598,"href":"https:\/\/sisu.ut.ee\/biopohikool\/wp-json\/wp\/v2\/pages\/42\/revisions\/598"}],"wp:attachment":[{"href":"https:\/\/sisu.ut.ee\/biopohikool\/wp-json\/wp\/v2\/media?parent=42"}],"curies":[{"name":"wp","href":"https:\/\/api.w.org\/{rel}","templated":true}]}}