{"id":4,"date":"2024-04-04T08:54:49","date_gmt":"2024-04-04T05:54:49","guid":{"rendered":"https:\/\/sisu.ut.ee\/biopohikool\/taimerakk-ja-koed\/"},"modified":"2024-04-04T08:56:58","modified_gmt":"2024-04-04T05:56:58","slug":"taimerakk-ja-koed","status":"publish","type":"page","link":"https:\/\/sisu.ut.ee\/biopohikool\/taimerakk-ja-koed\/","title":{"rendered":"2. TAIMERAKK JA KOED"},"content":{"rendered":"<h2>\n\t2.1. Millised on taimeraku tunnused?<br>\n<\/h2>\n<p>\n\tTaimerakul on\u00a0<strong>rakukest<\/strong>, suur\u00a0<strong>tsentraalvakuool<\/strong>\u00a0ja\u00a0<strong>plastiid<\/strong>\u00a0(kloroplastid, leukoplastid, kromoplastid),\u00a0 mis loomarakul puuduvad.\u00a0\n<\/p>\n<p><strong>Tabel 2.\u00a0<\/strong>Taime- ja loomaraku v\u00f5rdlus.<\/p>\n<table class=\"table table-hover\" border=\"1\" cellpadding=\"5\" cellspacing=\"0\" style=\"width: 100%\">\n<thead>\n<tr>\n<th scope=\"col\">\n<p>\n\t\t\t\t\t<strong>Rakustruktuur<\/strong>\n\t\t\t\t<\/p>\n<\/th>\n<th scope=\"col\">\n<p>\n\t\t\t\t\t<strong>\u00dclesanne<\/strong>\n\t\t\t\t<\/p>\n<\/th>\n<th scope=\"col\">\n<p>\n\t\t\t\t\t<strong>Taimerakk<\/strong>\n\t\t\t\t<\/p>\n<\/th>\n<th scope=\"col\">\n<p>\n\t\t\t\t\t<strong>Loomarakk<\/strong>\n\t\t\t\t<\/p>\n<\/th>\n<\/tr>\n<\/thead>\n<tbody>\n<tr>\n<td valign=\"top\" width=\"127\">\n<p>\n\t\t\t\t\tTuum\n\t\t\t\t<\/p>\n<\/td>\n<td valign=\"top\" width=\"208\">\n<p>\n\t\t\t\t\tKontrollib raku elutegevust\n\t\t\t\t<\/p>\n<\/td>\n<td valign=\"top\" width=\"94\">\n<p>\n\t\t\t\t\t<strong>+<\/strong>\n\t\t\t\t<\/p>\n<\/td>\n<td valign=\"top\" width=\"105\">\n<p>\n\t\t\t\t\t<strong>+<\/strong>\n\t\t\t\t<\/p>\n<\/td>\n<\/tr>\n<tr>\n<td valign=\"top\" width=\"127\">\n<p>\n\t\t\t\t\tTuumamembraan\n\t\t\t\t<\/p>\n<\/td>\n<td valign=\"top\" width=\"208\">\n<p>\n\t\t\t\t\tValikuline ainete transport\n\t\t\t\t<\/p>\n<\/td>\n<td valign=\"top\" width=\"94\">\n<p>\n\t\t\t\t\t<strong>+<\/strong>\n\t\t\t\t<\/p>\n<\/td>\n<td valign=\"top\" width=\"105\">\n<p>\n\t\t\t\t\t<strong>+<\/strong>\n\t\t\t\t<\/p>\n<\/td>\n<\/tr>\n<tr>\n<td valign=\"top\" width=\"127\">\n<p>\n\t\t\t\t\tRakuplasma\n\t\t\t\t<\/p>\n<\/td>\n<td valign=\"top\" width=\"208\">\n<p>\n\t\t\t\t\tSeob rakuorganellid tervikuks\n\t\t\t\t<\/p>\n<\/td>\n<td valign=\"top\" width=\"94\">\n<p>\n\t\t\t\t\t<strong>+<\/strong>\n\t\t\t\t<\/p>\n<\/td>\n<td valign=\"top\" width=\"105\">\n<p>\n\t\t\t\t\t<strong>+<\/strong>\n\t\t\t\t<\/p>\n<\/td>\n<\/tr>\n<tr>\n<td valign=\"top\" width=\"127\">\n<p>\n\t\t\t\t\tMitokonder\n\t\t\t\t<\/p>\n<\/td>\n<td valign=\"top\" width=\"208\">\n<p>\n\t\t\t\t\tRaku varustamine energiaga\n\t\t\t\t<\/p>\n<\/td>\n<td valign=\"top\" width=\"94\">\n<p>\n\t\t\t\t\t<strong>+<\/strong>\n\t\t\t\t<\/p>\n<\/td>\n<td valign=\"top\" width=\"105\">\n<p>\n\t\t\t\t\t<strong>+<\/strong>\n\t\t\t\t<\/p>\n<\/td>\n<\/tr>\n<tr>\n<td valign=\"top\" width=\"127\">\n<p>\n\t\t\t\t\tRibosoomid\n\t\t\t\t<\/p>\n<\/td>\n<td valign=\"top\" width=\"208\">\n<p>\n\t\t\t\t\tValkude\u00a0s\u00fcntees\n\t\t\t\t<\/p>\n<\/td>\n<td valign=\"top\" width=\"94\">\n<p>\n\t\t\t\t\t<strong>+<\/strong>\n\t\t\t\t<\/p>\n<\/td>\n<td valign=\"top\" width=\"105\">\n<p>\n\t\t\t\t\t<strong>+<\/strong>\n\t\t\t\t<\/p>\n<\/td>\n<\/tr>\n<tr>\n<td valign=\"top\" width=\"127\">\n<p>\n\t\t\t\t\tVakuool\n\t\t\t\t<\/p>\n<\/td>\n<td valign=\"top\" width=\"208\">\n<p>\n\t\t\t\t\tSisaldavad varu- ja\u00a0j\u00e4\u00e4kaineid\n\t\t\t\t<\/p>\n<\/td>\n<td valign=\"top\" width=\"94\">\n<p>\n\t\t\t\t\t<strong>Suured<\/strong>\n\t\t\t\t<\/p>\n<\/td>\n<td valign=\"top\" width=\"105\">\n<p>\n\t\t\t\t\t<strong>V<\/strong><strong>\u00e4ikesed<\/strong>\n\t\t\t\t<\/p>\n<\/td>\n<\/tr>\n<tr>\n<td valign=\"top\" width=\"127\">\n<p>\n\t\t\t\t\tKloroplastid\n\t\t\t\t<\/p>\n<\/td>\n<td valign=\"top\" width=\"208\">\n<p>\n\t\t\t\t\tFotos\u00fcntees\n\t\t\t\t<\/p>\n<\/td>\n<td valign=\"top\" width=\"94\">\n<p>\n\t\t\t\t\t<strong>+<\/strong>\n\t\t\t\t<\/p>\n<\/td>\n<td valign=\"top\" width=\"105\">\n<p>\n\t\t\t\t\t<strong>\u2013<\/strong>\n\t\t\t\t<\/p>\n<\/td>\n<\/tr>\n<tr>\n<td valign=\"top\" width=\"127\">\n<p>\n\t\t\t\t\tKromoplastid\n\t\t\t\t<\/p>\n<\/td>\n<td valign=\"top\" width=\"208\">\n<p>\n\t\t\t\t\tAnnavad \u00f5itele ja viljadele v\u00e4rvuse\n\t\t\t\t<\/p>\n<\/td>\n<td valign=\"top\" width=\"94\">\n<p>\n\t\t\t\t\t<strong>+<\/strong>\n\t\t\t\t<\/p>\n<\/td>\n<td valign=\"top\" width=\"105\">\n<p>\n\t\t\t\t\t<strong>\u2013<\/strong>\n\t\t\t\t<\/p>\n<\/td>\n<\/tr>\n<tr>\n<td valign=\"top\" width=\"127\">\n<p>\n\t\t\t\t\tLeukoplastid\n\t\t\t\t<\/p>\n<\/td>\n<td valign=\"top\" width=\"208\">\n<p>\n\t\t\t\t\tKoguvad t\u00e4rklist\n\t\t\t\t<\/p>\n<\/td>\n<td valign=\"top\" width=\"94\">\n<p>\n\t\t\t\t\t<strong>+<\/strong>\n\t\t\t\t<\/p>\n<\/td>\n<td valign=\"top\" width=\"105\">\n<p>\n\t\t\t\t\t<strong>\u2013<\/strong>\n\t\t\t\t<\/p>\n<\/td>\n<\/tr>\n<tr>\n<td valign=\"top\" width=\"127\">\n<p>\n\t\t\t\t\tRakumembraan\n\t\t\t\t<\/p>\n<\/td>\n<td valign=\"top\" width=\"208\">\n<p>\n\t\t\t\t\tAinete valikuline transport,\u00a0\u00fchendab rakke ja kaitseb rakku.\n\t\t\t\t<\/p>\n<\/td>\n<td valign=\"top\" width=\"94\">\n<p>\n\t\t\t\t\t<strong>+<\/strong>\n\t\t\t\t<\/p>\n<\/td>\n<td valign=\"top\" width=\"105\">\n<p>\n\t\t\t\t\t<strong>+<\/strong>\n\t\t\t\t<\/p>\n<\/td>\n<\/tr>\n<tr>\n<td valign=\"top\" width=\"127\">\n<p>\n\t\t\t\t\tRakukest\n\t\t\t\t<\/p>\n<\/td>\n<td valign=\"top\" width=\"208\">\n<p>\n\t\t\t\t\tTugi- ja kaitsefunktsioon\n\t\t\t\t<\/p>\n<\/td>\n<td valign=\"top\" width=\"94\">\n<p>\n\t\t\t\t\t<strong>+<\/strong>\n\t\t\t\t<\/p>\n<\/td>\n<td valign=\"top\" width=\"105\">\n<p>\n\t\t\t\t\t<strong>\u2013<\/strong>\n\t\t\t\t<\/p>\n<\/td>\n<\/tr>\n<\/tbody>\n<\/table>\n<p>\n\t\u00a0\n<\/p>\n<p>\n\t<strong>Taimerakule iseloomulikud rakustruktuurid:\u00a0<\/strong>\n<\/p>\n<p>\n\t1)\u00a0<strong>RAKUKEST<\/strong>\n<\/p>\n<ul>\n<li>\n\t\tKaitseb ja toestab rakku ning annab sellele kuju\n\t<\/li>\n<li>\n\t\tAvaldab j\u00e4ikuse t\u00f5ttu vee sissetungile vastum\u00f5ju ja takistab nii vee liigset sissetungi rakku\n\t<\/li>\n<li>\n\t\tLaseb vabalt l\u00e4bi pooride vett ja paljusid selles lahustunud aineid rakku ja rakust v\u00e4lja\n\t<\/li>\n<li>\n\t\tPooride kaudu on naaberrakkude rakuplasmad \u00fchenduses\n\t<\/li>\n<\/ul>\n<p>\n\t2)\u00a0<strong>VAKUOOL<\/strong>\n<\/p>\n<ul>\n<li>\n\t\tSisaldavad vett ja varuaineid\n\t<\/li>\n<li>\n\t\tKoguvad j\u00e4\u00e4kaineid ja lagundavad neid\n\t<\/li>\n<li>\n\t\tReguleerivad raku siser\u00f5hku ning aitavad sellega s\u00e4ilitada raku kuju.\n\t<\/li>\n<\/ul>\n<p>\n\t3)\u00a0<strong>KLOROPLASTID<\/strong>\n<\/p>\n<ul>\n<li>\n\t\tNeis toimub fotos\u00fcntees\n\t<\/li>\n<\/ul>\n<p>\n\t<strong>4) KROMOPLASTID<\/strong>\n<\/p>\n<ul>\n<li>\n\t\tAnnavad lehtedele v\u00f5i viljadele kollaka-oran\u017eika v\u00e4rvuse\n\t<\/li>\n<\/ul>\n<p>\n\t5)<strong>\u00a0LEUKOPLASTID<\/strong>\n<\/p>\n<ul>\n<li>\n\t\tPaiknevad tavaliselt taimede maa-alustes osades, on v\u00e4rvitud ja sisaldavad varuaineid (t\u00e4rklist)\n\t<\/li>\n<\/ul>\n<p>\n\t\u00a0\n<\/p>\n<p>\n\t<img loading=\"lazy\" decoding=\"async\" width=\"1599\" height=\"689\" class=\"alignnone wp-image-144\" src=\"https:\/\/sisu.ut.ee\/wp-content\/uploads\/sites\/648\/image2.png\" title=\"Joonis 1. Taime- ja loomaraku ehitus.\" alt=\"Taime- ja loomarakk\" srcset=\"https:\/\/sisu.ut.ee\/wp-content\/uploads\/sites\/648\/image2.png 1599w, https:\/\/sisu.ut.ee\/wp-content\/uploads\/sites\/648\/image2-300x129.png 300w, https:\/\/sisu.ut.ee\/wp-content\/uploads\/sites\/648\/image2-1024x441.png 1024w, https:\/\/sisu.ut.ee\/wp-content\/uploads\/sites\/648\/image2-768x331.png 768w, https:\/\/sisu.ut.ee\/wp-content\/uploads\/sites\/648\/image2-1536x662.png 1536w\" sizes=\"auto, (max-width: 1599px) 100vw, 1599px\">\n<\/p>\n<p>\n\t\u00a0\n<\/p>\n<p>\n\t\u00a0\n<\/p>\n<p>\n\t\u00a0\n<\/p>\n<h2>\n\t2.2. Millised koed on taimedel?\u00a0<br>\n<\/h2>\n<p>\n\t<strong>Koeks\u00a0<\/strong>nimetatakse \u00fchetaolise ehitusega rakkude r\u00fchma, mis t\u00e4idab \u00fcht kindlat \u00fclesannet.\n<\/p>\n<p>\n\tErineva koe rakud on erineva ehitusega. Taimede t\u00e4htsamad koed on\u00a0<strong>katte-, tugi- ja juhtkude.<\/strong>\n<\/p>\n<p>\n\t<strong>\u00a0Tabel 3.<\/strong>\u00a0Taimede koed ja nende \u00fclesanded.\n<\/p>\n<table class=\"table table-hover\" border=\"1\" cellpadding=\"5\" cellspacing=\"0\">\n<thead>\n<tr>\n<th scope=\"col\">\n<p>\n\t\t\t\t\t<strong>Koe nimetus<\/strong>\n\t\t\t\t<\/p>\n<\/th>\n<th scope=\"col\">\n<p>\n\t\t\t\t\t<strong>Ehituslik ise\u00e4rasus ja \u00fclesanne<\/strong>\n\t\t\t\t<\/p>\n<\/th>\n<th scope=\"col\">\n<p>\n\t\t\t\t\t<strong>N\u00e4ited<\/strong>\n\t\t\t\t<\/p>\n<\/th>\n<\/tr>\n<\/thead>\n<tbody>\n<tr>\n<td valign=\"top\" width=\"187\">\n<p>\n\t\t\t\t\t<strong>Algkoed<\/strong>\n\t\t\t\t<\/p>\n<p>\n\t\t\t\t\t\u00a0\n\t\t\t\t<\/p>\n<\/td>\n<td valign=\"top\" width=\"188\">\n<p>\n\t\t\t\t\tRakud jagunevad kiiresti,\u00a0neist kujunevad p\u00fcsikoed\n\t\t\t\t<\/p>\n<\/td>\n<td valign=\"top\" width=\"188\">\n<p>\n\t\t\t\t\t\u00a0\n\t\t\t\t<\/p>\n<\/td>\n<\/tr>\n<tr>\n<td valign=\"top\" width=\"187\">\n<p>\n\t\t\t\t\ta) tipmised\n\t\t\t\t<\/p>\n<\/td>\n<td valign=\"top\" width=\"188\">\n<p>\n\t\t\t\t\tTaim kasvab pikemaks\n\t\t\t\t<\/p>\n<\/td>\n<td valign=\"top\" width=\"188\">\n<p>\n\t\t\t\t\tVarre ja juure kasvukuhikutes\n\t\t\t\t<\/p>\n<\/td>\n<\/tr>\n<tr>\n<td valign=\"top\" width=\"187\">\n<p>\n\t\t\t\t\tb) k\u00fclgmised\n\t\t\t\t<\/p>\n<\/td>\n<td valign=\"top\" width=\"188\">\n<p>\n\t\t\t\t\tTaim kasvab j\u00e4medamaks\n\t\t\t\t<\/p>\n<\/td>\n<td valign=\"top\" width=\"188\">\n<p>\n\t\t\t\t\tKambium varres\n\t\t\t\t<\/p>\n<\/td>\n<\/tr>\n<tr>\n<td valign=\"top\" width=\"187\">\n<p>\n\t\t\t\t\t<strong>P\u00fcsikoed<\/strong>\n\t\t\t\t<\/p>\n<p>\n\t\t\t\t\t\u00a0\n\t\t\t\t<\/p>\n<\/td>\n<td valign=\"top\" width=\"188\">\n<p>\n\t\t\t\t\t\u00a0\n\t\t\t\t<\/p>\n<\/td>\n<td valign=\"top\" width=\"188\">\n<p>\n\t\t\t\t\t\u00a0\n\t\t\t\t<\/p>\n<\/td>\n<\/tr>\n<tr>\n<td valign=\"top\" width=\"187\">\n<p>\n\t\t\t\t\ta) assimilatsioonikude\n\t\t\t\t<\/p>\n<\/td>\n<td valign=\"top\" width=\"188\">\n<p>\n\t\t\t\t\tFotos\u00fcntees\n\t\t\t\t<\/p>\n<\/td>\n<td valign=\"top\" width=\"188\">\n<p>\n\t\t\t\t\tLehe p\u00f5hikude\n\t\t\t\t<\/p>\n<\/td>\n<\/tr>\n<tr>\n<td valign=\"top\" width=\"187\">\n<p>\n\t\t\t\t\tb) s\u00e4ilituskude\n\t\t\t\t<\/p>\n<\/td>\n<td valign=\"top\" width=\"188\">\n<p>\n\t\t\t\t\tVaruainete s\u00e4ilitamine\n\t\t\t\t<\/p>\n<\/td>\n<td valign=\"top\" width=\"188\">\n<p>\n\t\t\t\t\tToitekude seemnetes\n\t\t\t\t<\/p>\n<\/td>\n<\/tr>\n<tr>\n<td valign=\"top\" width=\"187\">\n<p>\n\t\t\t\t\tc) juhtkude\n\t\t\t\t<\/p>\n<\/td>\n<td valign=\"top\" width=\"188\">\n<p>\n\t\t\t\t\tVee ja selles lahustunud ainete liikumine t\u00f5usva vooluna; orgaaniliste ainete\u00a0liikumine laskuva vooluna\n\t\t\t\t<\/p>\n<\/td>\n<td valign=\"top\" width=\"188\">\n<p>\n\t\t\t\t\tSooned ehk trahheed juhtkimbu puiduosas; s\u00f5eltorud juhtkimbu\u00a0niineosas.\n\t\t\t\t<\/p>\n<\/td>\n<\/tr>\n<tr>\n<td valign=\"top\" width=\"187\">\n<p>\n\t\t\t\t\td) tugikude\n\t\t\t\t<\/p>\n<\/td>\n<td valign=\"top\" width=\"188\">\n<p>\n\t\t\t\t\tTugevuse andmine\n\t\t\t\t<\/p>\n<\/td>\n<td valign=\"top\" width=\"188\">\n<p>\n\t\t\t\t\tNiine- ja puidukiud, kivisrakud\n\t\t\t\t<\/p>\n<\/td>\n<\/tr>\n<tr>\n<td valign=\"top\" width=\"187\">\n<p>\n\t\t\t\t\te) kattekude\n\t\t\t\t<\/p>\n<\/td>\n<td valign=\"top\" width=\"188\">\n<p>\n\t\t\t\t\tSisemiste kudede\u00a0kaitsmine kuivamise, mikroobide ja teiste\u00a0kahjustuste eest\n\t\t\t\t<\/p>\n<\/td>\n<td valign=\"top\" width=\"188\">\n<p>\n\t\t\t\t\tLehe kattekude ehk\u00a0epiderm, korkkude\n\t\t\t\t<\/p>\n<\/td>\n<\/tr>\n<\/tbody>\n<\/table>\n<p>\n\t<strong>\u00a0<\/strong>\n<\/p>\n<h2>\n\t2.3. Kuidas ained rakku liiguvad?<br>\n<\/h2>\n<p>\u00a0<\/p>\n<p>\n\tVee liikumist l\u00e4bi pooll\u00e4bilaskva membraani v\u00e4iksema kontsentratsiooniga lahusest suurema kontsentratsiooniga lahusesse nimetatakse\u00a0<strong>OSMOOSIKS.<\/strong>\n<\/p>\n<p>\n\t\u00a0\n<\/p>\n<table class=\"table table-hover\">\n<thead>\n<tr>\n<th scope=\"col\">\n\t\t\t\tMadala konsentratsiooniga lahus \/ k\u00f5rge konsentratsiooniga lahus.\u00a0Kahe lahuse vahel on membraan, vedelike tasemed on \u00fchek\u00f5rgused.\n\t\t\t<\/th>\n<th scope=\"col\">\n\t\t\t\tTeatud aja m\u00f6\u00f6dudes on n\u00e4ha, et madala konsentratsiooniga\u00a0lahuse tase on v\u00e4henenud, sest lahusti liigub l\u00e4bi\u00a0membraani nii kaua, kui m\u00f5lema lahuse konsentratsioonid\u00a0saavad v\u00f5rdseks.\n\t\t\t<\/th>\n<\/tr>\n<\/thead>\n<tbody>\n\t<\/tbody>\n<\/table>\n<p>\n\t\u00a0\n<\/p>\n<p>\n\t\u00a0\n<\/p>\n<p><img loading=\"lazy\" decoding=\"async\" width=\"1200\" height=\"594\" class=\"alignnone wp-image-145\" src=\"https:\/\/sisu.ut.ee\/wp-content\/uploads\/sites\/648\/image1.png\" title=\"Joonis 2. Osmoosi toimumine\" alt=\"Osmoos\" srcset=\"https:\/\/sisu.ut.ee\/wp-content\/uploads\/sites\/648\/image1.png 1200w, https:\/\/sisu.ut.ee\/wp-content\/uploads\/sites\/648\/image1-300x149.png 300w, https:\/\/sisu.ut.ee\/wp-content\/uploads\/sites\/648\/image1-1024x507.png 1024w, https:\/\/sisu.ut.ee\/wp-content\/uploads\/sites\/648\/image1-768x380.png 768w\" sizes=\"auto, (max-width: 1200px) 100vw, 1200px\"><br>\u00a0<\/p>\n<h2>\n\t2.4. Mis juhtub rakus, kui v\u00e4liskeskkonnas on erinev ainete konsentratsioon?\u00a0<br>\n<\/h2>\n<p>\n\t\u00a0\n<\/p>\n<p>\u00a0<\/p>\n<table class=\"table table-hover\">\n<thead>\n<tr>\n<th scope=\"col\">\n\t\t\t\t<img loading=\"lazy\" decoding=\"async\" width=\"268\" height=\"276\" class=\"alignnone wp-image-146\" style=\"height: 200px;width: 194px\" src=\"https:\/\/sisu.ut.ee\/wp-content\/uploads\/sites\/648\/image_7.png\" title=\"Kui raku sees on ainete konsentratsioon madalam kui rakust v\u00e4ljas, siis vesi liigub rakust v\u00e4lja. Rakur\u00f5hk v\u00e4heneb ja taim n\u00e4rtsib.\" alt=\"Kui raku sees on ainete konsentratsioon madalam kui rakust v\u00e4ljas, siis vesi liigub rakust v\u00e4lja. Rakur\u00f5hk v\u00e4heneb ja taim n\u00e4rtsib.\">\n\t\t\t<\/th>\n<th scope=\"col\">\n\t\t\t\t<img loading=\"lazy\" decoding=\"async\" width=\"310\" height=\"276\" class=\"alignnone wp-image-147\" style=\"width: 225px;height: 200px\" src=\"https:\/\/sisu.ut.ee\/wp-content\/uploads\/sites\/648\/image_10.png\" title=\"Raku sees ja rakust v\u00e4ljas on ainete konsentratsioonid v\u00f5rdsed. Rakur\u00f5hk ei muutu.\" alt=\"Raku sees ja rakust v\u00e4ljas on ainete konsentratsioonid v\u00f5rdsed. Rakur\u00f5hk ei muutu.\" srcset=\"https:\/\/sisu.ut.ee\/wp-content\/uploads\/sites\/648\/image_10.png 310w, https:\/\/sisu.ut.ee\/wp-content\/uploads\/sites\/648\/image_10-300x267.png 300w\" sizes=\"auto, (max-width: 310px) 100vw, 310px\">\n\t\t\t<\/th>\n<th scope=\"col\">\n\t\t\t\t<img loading=\"lazy\" decoding=\"async\" width=\"338\" height=\"276\" class=\"alignnone wp-image-148\" style=\"width: 245px;height: 200px\" src=\"https:\/\/sisu.ut.ee\/wp-content\/uploads\/sites\/648\/image_9_1.png\" title=\"Ainete konsentratsioon taimerakus on k\u00f5rgem kui v\u00e4ljaspool rakku. Vesi liigub rakku. Rakur\u00f5hk kasvab.\" alt=\"Ainete konsentratsioon taimerakus on k\u00f5rgem kui v\u00e4ljaspool rakku. Vesi liigub rakku. Rakur\u00f5hk kasvab.\" srcset=\"https:\/\/sisu.ut.ee\/wp-content\/uploads\/sites\/648\/image_9_1.png 338w, https:\/\/sisu.ut.ee\/wp-content\/uploads\/sites\/648\/image_9_1-300x245.png 300w\" sizes=\"auto, (max-width: 338px) 100vw, 338px\">\n\t\t\t<\/th>\n<\/tr>\n<\/thead>\n<tbody>\n\t<\/tbody>\n<\/table>\n<p>\u00a0<\/p>\n<p style=\"text-align: center\">\n\tJoonis 3. Osmoosi toimumine erinevates keskkondades.\n<\/p>\n<p>\u00a0<\/p>\n<h2>\n\t2.5. Kuidas taim saab mullast vett k\u00e4tte?<br>\n<\/h2>\n<p>\n\tVesi ja selles lahustunud mineraalained liiguvad mullast juurekatvadesse osmoosist tingitult.\n<\/p>\n<ul>\n<li>\n\t\tJuurekarva kaudu siseneb n\u00f5rk soolalahus juure sisse.\n\t<\/li>\n<li>\n\t\tRakust\u00a0 rakku liiguvad lahustunud toitained osmoosi \u00a0teel\n\t<\/li>\n<li>\n\t\tJuurest liiguvad vees lahustunud toitained (t\u00e4nu kapillaarj\u00f5ule) teistesse taime osadesse. Lehtedest toimub vee auramine, mis soodustab samuti vee ja mineraalainete liikumist \u00fclespoole.\u00a0\n\t<\/li>\n<\/ul>\n<p>\n\t\u00a0\n<\/p>\n<p>\n\t<img loading=\"lazy\" decoding=\"async\" width=\"325\" height=\"304\" class=\"alignnone wp-image-149\" src=\"https:\/\/sisu.ut.ee\/wp-content\/uploads\/sites\/648\/image_5.png\" title=\"Joonis 4. Vee ja mineraalainete liikumine mullast taime juurtesse.1 -  juurekarv mullas, 2- kattekude, 3 -p\u00f5hikude, 4- juhtkude\" alt=\"Joonis 4. Vee ja mineraalainete liikumine mullast taime juurtesse. 1 -  juurekarv mullas, 2- kattekude, 3 -p\u00f5hikude, 4- juhtkude\" srcset=\"https:\/\/sisu.ut.ee\/wp-content\/uploads\/sites\/648\/image_5.png 325w, https:\/\/sisu.ut.ee\/wp-content\/uploads\/sites\/648\/image_5-300x281.png 300w\" sizes=\"auto, (max-width: 325px) 100vw, 325px\"><\/p>\n","protected":false},"excerpt":{"rendered":"<p>2.1. Millised on taimeraku tunnused? Taimerakul on\u00a0rakukest, suur\u00a0tsentraalvakuool\u00a0ja\u00a0plastiid\u00a0(kloroplastid, leukoplastid, kromoplastid),\u00a0 mis loomarakul puuduvad.\u00a0 Tabel 2.\u00a0Taime- ja loomaraku v\u00f5rdlus. Rakustruktuur \u00dclesanne Taimerakk Loomarakk Tuum Kontrollib raku elutegevust + + Tuumamembraan Valikuline ainete transport + + Rakuplasma Seob rakuorganellid tervikuks + + &#8230;<\/p>\n","protected":false},"author":345,"featured_media":0,"parent":0,"menu_order":0,"comment_status":"closed","ping_status":"closed","template":"","meta":{"_acf_changed":false,"inline_featured_image":false,"footnotes":""},"class_list":["post-4","page","type-page","status-publish","hentry"],"acf":[],"_links":{"self":[{"href":"https:\/\/sisu.ut.ee\/biopohikool\/wp-json\/wp\/v2\/pages\/4","targetHints":{"allow":["GET"]}}],"collection":[{"href":"https:\/\/sisu.ut.ee\/biopohikool\/wp-json\/wp\/v2\/pages"}],"about":[{"href":"https:\/\/sisu.ut.ee\/biopohikool\/wp-json\/wp\/v2\/types\/page"}],"author":[{"embeddable":true,"href":"https:\/\/sisu.ut.ee\/biopohikool\/wp-json\/wp\/v2\/users\/345"}],"replies":[{"embeddable":true,"href":"https:\/\/sisu.ut.ee\/biopohikool\/wp-json\/wp\/v2\/comments?post=4"}],"version-history":[{"count":1,"href":"https:\/\/sisu.ut.ee\/biopohikool\/wp-json\/wp\/v2\/pages\/4\/revisions"}],"predecessor-version":[{"id":636,"href":"https:\/\/sisu.ut.ee\/biopohikool\/wp-json\/wp\/v2\/pages\/4\/revisions\/636"}],"wp:attachment":[{"href":"https:\/\/sisu.ut.ee\/biopohikool\/wp-json\/wp\/v2\/media?parent=4"}],"curies":[{"name":"wp","href":"https:\/\/api.w.org\/{rel}","templated":true}]}}