{"id":35,"date":"2024-04-04T08:54:52","date_gmt":"2024-04-04T05:54:52","guid":{"rendered":"https:\/\/sisu.ut.ee\/biopohikool\/24-millest-bakterid-toituvad\/"},"modified":"2024-04-04T08:56:57","modified_gmt":"2024-04-04T05:56:57","slug":"24-millest-bakterid-toituvad","status":"publish","type":"page","link":"https:\/\/sisu.ut.ee\/biopohikool\/24-millest-bakterid-toituvad\/","title":{"rendered":"2.4. Millest bakterid toituvad?"},"content":{"rendered":"<p>\n\tEnamik toitub valmis\u00a0<b>orgaanilisest ainest<\/b>. Nende hulgas on nii parasiite, lagundajaid kui s\u00fcmbionte. Bakterid omastavad toitaineid l\u00e4bi kogu raku pinna.\n<\/p>\n<p>\n\tTunduvalt v\u00e4hem on baktereid, kes s\u00fcnteesivad eluks vajalikud orgaanilised \u00fchendid ise lihtsatest mineraal\u00fchenditest, kasutades kehav\u00e4list energiallikat. Nende hulka kuuluvad\u00a0<b>fotos\u00fcnteesivad bakterid<\/b>\u00a0ja n\u00e4iteks v\u00e4\u00e4vli- ja rauabakterid.<\/p>\n","protected":false},"excerpt":{"rendered":"<p>Enamik toitub valmis\u00a0orgaanilisest ainest. Nende hulgas on nii parasiite, lagundajaid kui s\u00fcmbionte. Bakterid omastavad toitaineid l\u00e4bi kogu raku pinna. Tunduvalt v\u00e4hem on baktereid, kes s\u00fcnteesivad eluks vajalikud orgaanilised \u00fchendid ise lihtsatest mineraal\u00fchenditest, kasutades kehav\u00e4list energiallikat. Nende hulka kuuluvad\u00a0fotos\u00fcnteesivad bakterid\u00a0ja n\u00e4iteks &#8230;<\/p>\n","protected":false},"author":345,"featured_media":0,"parent":0,"menu_order":0,"comment_status":"closed","ping_status":"closed","template":"","meta":{"_acf_changed":false,"inline_featured_image":false,"footnotes":""},"class_list":["post-35","page","type-page","status-publish","hentry"],"acf":[],"_links":{"self":[{"href":"https:\/\/sisu.ut.ee\/biopohikool\/wp-json\/wp\/v2\/pages\/35","targetHints":{"allow":["GET"]}}],"collection":[{"href":"https:\/\/sisu.ut.ee\/biopohikool\/wp-json\/wp\/v2\/pages"}],"about":[{"href":"https:\/\/sisu.ut.ee\/biopohikool\/wp-json\/wp\/v2\/types\/page"}],"author":[{"embeddable":true,"href":"https:\/\/sisu.ut.ee\/biopohikool\/wp-json\/wp\/v2\/users\/345"}],"replies":[{"embeddable":true,"href":"https:\/\/sisu.ut.ee\/biopohikool\/wp-json\/wp\/v2\/comments?post=35"}],"version-history":[{"count":1,"href":"https:\/\/sisu.ut.ee\/biopohikool\/wp-json\/wp\/v2\/pages\/35\/revisions"}],"predecessor-version":[{"id":605,"href":"https:\/\/sisu.ut.ee\/biopohikool\/wp-json\/wp\/v2\/pages\/35\/revisions\/605"}],"wp:attachment":[{"href":"https:\/\/sisu.ut.ee\/biopohikool\/wp-json\/wp\/v2\/media?parent=35"}],"curies":[{"name":"wp","href":"https:\/\/api.w.org\/{rel}","templated":true}]}}