{"id":33,"date":"2024-04-04T08:54:52","date_gmt":"2024-04-04T05:54:52","guid":{"rendered":"https:\/\/sisu.ut.ee\/biopohikool\/22-kuidas-moned-bakterid-elavad-ule-ebasobivad-tingimused\/"},"modified":"2024-04-04T08:56:57","modified_gmt":"2024-04-04T05:56:57","slug":"22-kuidas-moned-bakterid-elavad-ule-ebasobivad-tingimused","status":"publish","type":"page","link":"https:\/\/sisu.ut.ee\/biopohikool\/22-kuidas-moned-bakterid-elavad-ule-ebasobivad-tingimused\/","title":{"rendered":"2.2. Kuidas m\u00f5ned bakterid elavad \u00fcle ebasobivad tingimused?"},"content":{"rendered":"<p>\n\tM\u00f5ned bakteriliigid moodustavd\u00a0<strong>spoore<\/strong>.\u00a0 Bakteri spoor on eriline mitme paksu kestaga kaetud rakk, milles veesisaldus on v\u00e4henenud ja ainevahetus aeglustunud. \u00dchest bakterirakust tekib \u00fcks spoor, seega ei ole see paljunemine. Spooride eluv\u00f5ime v\u00f5ib s\u00e4ilida k\u00fcmneid tuhandeid aastaid ja kui nad satuvad sobilikesse tingimustesse, hakkavad nad idanema.\n<\/p>\n<p>\n\tSpoorid p\u00f5hjustavad ka past\u00f6riseeritud toiduainete riknemist.\n<\/p>\n<p>\n\t<img loading=\"lazy\" decoding=\"async\" width=\"485\" height=\"288\" class=\"alignnone wp-image-190\" src=\"https:\/\/sisu.ut.ee\/wp-content\/uploads\/sites\/648\/spoorid.png\" title=\"Joonis 5. Tingimused on muutunud bakteri jaoks ebasoodsateks ja on n\u00e4ha, et moodustuvad spoorid (joonisel b).\" alt=\"Joonis 5. Tingimused on muutunud bakteri jaoks ebasoodsateks ja on n\u00e4ha, et moodustuvad spoorid (joonisel b).\" srcset=\"https:\/\/sisu.ut.ee\/wp-content\/uploads\/sites\/648\/spoorid.png 485w, https:\/\/sisu.ut.ee\/wp-content\/uploads\/sites\/648\/spoorid-300x178.png 300w\" sizes=\"auto, (max-width: 485px) 100vw, 485px\"><\/p>\n","protected":false},"excerpt":{"rendered":"<p>M\u00f5ned bakteriliigid moodustavd\u00a0spoore.\u00a0 Bakteri spoor on eriline mitme paksu kestaga kaetud rakk, milles veesisaldus on v\u00e4henenud ja ainevahetus aeglustunud. \u00dchest bakterirakust tekib \u00fcks spoor, seega ei ole see paljunemine. Spooride eluv\u00f5ime v\u00f5ib s\u00e4ilida k\u00fcmneid tuhandeid aastaid ja kui nad satuvad &#8230;<\/p>\n","protected":false},"author":345,"featured_media":0,"parent":0,"menu_order":0,"comment_status":"closed","ping_status":"closed","template":"","meta":{"_acf_changed":false,"inline_featured_image":false,"footnotes":""},"class_list":["post-33","page","type-page","status-publish","hentry"],"acf":[],"_links":{"self":[{"href":"https:\/\/sisu.ut.ee\/biopohikool\/wp-json\/wp\/v2\/pages\/33","targetHints":{"allow":["GET"]}}],"collection":[{"href":"https:\/\/sisu.ut.ee\/biopohikool\/wp-json\/wp\/v2\/pages"}],"about":[{"href":"https:\/\/sisu.ut.ee\/biopohikool\/wp-json\/wp\/v2\/types\/page"}],"author":[{"embeddable":true,"href":"https:\/\/sisu.ut.ee\/biopohikool\/wp-json\/wp\/v2\/users\/345"}],"replies":[{"embeddable":true,"href":"https:\/\/sisu.ut.ee\/biopohikool\/wp-json\/wp\/v2\/comments?post=33"}],"version-history":[{"count":1,"href":"https:\/\/sisu.ut.ee\/biopohikool\/wp-json\/wp\/v2\/pages\/33\/revisions"}],"predecessor-version":[{"id":607,"href":"https:\/\/sisu.ut.ee\/biopohikool\/wp-json\/wp\/v2\/pages\/33\/revisions\/607"}],"wp:attachment":[{"href":"https:\/\/sisu.ut.ee\/biopohikool\/wp-json\/wp\/v2\/media?parent=33"}],"curies":[{"name":"wp","href":"https:\/\/api.w.org\/{rel}","templated":true}]}}