{"id":30,"date":"2024-04-04T08:54:52","date_gmt":"2024-04-04T05:54:52","guid":{"rendered":"https:\/\/sisu.ut.ee\/biopohikool\/15-kuidas-viirushaigustest-hoiduda\/"},"modified":"2024-04-04T08:56:57","modified_gmt":"2024-04-04T05:56:57","slug":"15-kuidas-viirushaigustest-hoiduda","status":"publish","type":"page","link":"https:\/\/sisu.ut.ee\/biopohikool\/15-kuidas-viirushaigustest-hoiduda\/","title":{"rendered":"1.5. Kuidas viirushaigustest hoiduda?"},"content":{"rendered":"<p id=\"yui_3_17_2_1_1697362488800_42\">\n\t\u00dcks v\u00f5imalus on vaktsineerimine. Oluline on tugevdada igak\u00fclgselt organismi ning v\u00e4hendada kokkupuudet viirushaigega ning viirustega saastatud esemetega. Oluline on j\u00e4rgida h\u00fcgieenireegleid (pesta k\u00e4si, aevastamisel kasutada taskur\u00e4tti, pandeemia korral kanda maski jne)\n<\/p>\n<h4>\n\t<strong>Vaata videot<\/strong><br>\n<\/h4>\n<p>\n\tVaata terviseameti l\u00fchifilmi\u00a0\u201cK\u00f5ik on sinu k\u00e4tes\u201d:\n<\/p>\n<p>\n\t<\/p><div class=\"ratio ratio-16x9 mb-3\"><div class=\"video-placeholder-wrapper video-placeholder-wrapper--16x9\">\n\t\t\t    <div class=\"video-placeholder d-flex justify-content-center align-items-center\">\n\t\t\t        <div class=\"overlay text-white p-2 w-100 text-center d-block justify-content-center align-items-center\">\n\t\t\t            <div>Kolmandate osapoolte sisu n\u00e4gemiseks palun n\u00f5ustu k\u00fcpsistega.<\/div>\n\t\t\t            <button class=\"btn btn-secondary btn-sm mt-1 consent-change\">Muuda n\u00f5usolekut<\/button>\n\t\t\t        <\/div>\n\t\t\t    <\/div>\n\t\t\t<\/div>\n<\/div>\n","protected":false},"excerpt":{"rendered":"<p>\u00dcks v\u00f5imalus on vaktsineerimine. Oluline on tugevdada igak\u00fclgselt organismi ning v\u00e4hendada kokkupuudet viirushaigega ning viirustega saastatud esemetega. Oluline on j\u00e4rgida h\u00fcgieenireegleid (pesta k\u00e4si, aevastamisel kasutada taskur\u00e4tti, pandeemia korral kanda maski jne) Vaata videot Vaata terviseameti l\u00fchifilmi\u00a0\u201cK\u00f5ik on sinu k\u00e4tes\u201d: Kolmandate &#8230;<\/p>\n","protected":false},"author":345,"featured_media":0,"parent":0,"menu_order":0,"comment_status":"closed","ping_status":"closed","template":"","meta":{"_acf_changed":false,"inline_featured_image":false,"footnotes":""},"class_list":["post-30","page","type-page","status-publish","hentry"],"acf":[],"_links":{"self":[{"href":"https:\/\/sisu.ut.ee\/biopohikool\/wp-json\/wp\/v2\/pages\/30","targetHints":{"allow":["GET"]}}],"collection":[{"href":"https:\/\/sisu.ut.ee\/biopohikool\/wp-json\/wp\/v2\/pages"}],"about":[{"href":"https:\/\/sisu.ut.ee\/biopohikool\/wp-json\/wp\/v2\/types\/page"}],"author":[{"embeddable":true,"href":"https:\/\/sisu.ut.ee\/biopohikool\/wp-json\/wp\/v2\/users\/345"}],"replies":[{"embeddable":true,"href":"https:\/\/sisu.ut.ee\/biopohikool\/wp-json\/wp\/v2\/comments?post=30"}],"version-history":[{"count":1,"href":"https:\/\/sisu.ut.ee\/biopohikool\/wp-json\/wp\/v2\/pages\/30\/revisions"}],"predecessor-version":[{"id":610,"href":"https:\/\/sisu.ut.ee\/biopohikool\/wp-json\/wp\/v2\/pages\/30\/revisions\/610"}],"wp:attachment":[{"href":"https:\/\/sisu.ut.ee\/biopohikool\/wp-json\/wp\/v2\/media?parent=30"}],"curies":[{"name":"wp","href":"https:\/\/api.w.org\/{rel}","templated":true}]}}