{"id":29,"date":"2024-04-04T08:54:52","date_gmt":"2024-04-04T05:54:52","guid":{"rendered":"https:\/\/sisu.ut.ee\/biopohikool\/14-kuidas-ja-millised-viirused-inimest-nakatavad\/"},"modified":"2024-04-04T08:56:57","modified_gmt":"2024-04-04T05:56:57","slug":"14-kuidas-ja-millised-viirused-inimest-nakatavad","status":"publish","type":"page","link":"https:\/\/sisu.ut.ee\/biopohikool\/14-kuidas-ja-millised-viirused-inimest-nakatavad\/","title":{"rendered":"1.4. Kuidas ja millised viirused inimest nakatavad?"},"content":{"rendered":"<table class=\"table table-hover\" border=\"1\" cellpadding=\"5\" cellspacing=\"0\" id=\"yui_3_17_2_1_1697362361170_48\">\n<thead>\n<tr>\n<th scope=\"col\">\n<p>\n\t\t\t\t\t<strong>Haigus<\/strong>\n\t\t\t\t<\/p>\n<\/th>\n<th scope=\"col\">\n<p>\n\t\t\t\t\t<strong>Peamine levimisviis<\/strong>\n\t\t\t\t<\/p>\n<\/th>\n<th scope=\"col\">\n<p>\n\t\t\t\t\t<strong>Peamine kahjustusp<\/strong><strong>iirkond<\/strong>\n\t\t\t\t<\/p>\n<\/th>\n<\/tr>\n<\/thead>\n<tbody id=\"yui_3_17_2_1_1697362361170_47\">\n<tr>\n<td valign=\"top\" width=\"106\">\n<p>\n\t\t\t\t\tGripp\n\t\t\t\t<\/p>\n<\/td>\n<td valign=\"top\" width=\"169\">\n<p>\n\t\t\t\t\tPiisknakkus\n\t\t\t\t<\/p>\n<\/td>\n<td valign=\"top\" width=\"149\">\n<p>\n\t\t\t\t\tHingamisteed, lihased\n\t\t\t\t<\/p>\n<\/td>\n<\/tr>\n<tr>\n<td valign=\"top\" width=\"106\">\n<p>\n\t\t\t\t\tKollat\u00f5bi\n\t\t\t\t<\/p>\n<\/td>\n<td valign=\"top\" width=\"169\">\n<p>\n\t\t\t\t\tSaastunud toidu ja joogiga\n\t\t\t\t<\/p>\n<\/td>\n<td valign=\"top\" width=\"149\">\n<p>\n\t\t\t\t\tMaks\n\t\t\t\t<\/p>\n<\/td>\n<\/tr>\n<tr>\n<td valign=\"top\" width=\"106\">\n<p>\n\t\t\t\t\tPuukentsefaliit\n\t\t\t\t<\/p>\n<p>\n\t\t\t\t\tMarutaud\n\t\t\t\t<\/p>\n<\/td>\n<td valign=\"top\" width=\"169\">\n<p>\n\t\t\t\t\tSiirutajate vahendusel\n\t\t\t\t<\/p>\n<\/td>\n<td valign=\"top\" width=\"149\">\n<p>\n\t\t\t\t\tKeskn\u00e4rvis\u00fcsteem\n\t\t\t\t<\/p>\n<\/td>\n<\/tr>\n<tr>\n<td valign=\"top\" width=\"106\">\n<p>\n\t\t\t\t\tAIDS\n\t\t\t\t<\/p>\n<\/td>\n<td valign=\"top\" width=\"169\">\n<p>\n\t\t\t\t\tBiovedelikega\n\t\t\t\t<\/p>\n<\/td>\n<td valign=\"top\" width=\"149\">\n<p>\n\t\t\t\t\tImmuuns\u00fcsteem\n\t\t\t\t<\/p>\n<\/td>\n<\/tr>\n<tr>\n<td valign=\"top\" width=\"106\">\n<p>\n\t\t\t\t\tTuuler\u00f5uged\n\t\t\t\t<\/p>\n<\/td>\n<td valign=\"top\" width=\"169\">\n<p>\n\t\t\t\t\tKontaktnakkus\n\t\t\t\t<\/p>\n<\/td>\n<td valign=\"top\" width=\"149\">\n<p>\n\t\t\t\t\tNahk\n\t\t\t\t<\/p>\n<\/td>\n<\/tr>\n<tr>\n<td valign=\"top\" width=\"106\">\n<p>\n\t\t\t\t\tPunetised\n\t\t\t\t<\/p>\n<\/td>\n<td valign=\"top\" width=\"169\">\n<p>\n\t\t\t\t\tEmalt lootele\n\t\t\t\t<\/p>\n<\/td>\n<td valign=\"top\" width=\"149\">\n<p>\n\t\t\t\t\tNahk\n\t\t\t\t<\/p>\n<\/td>\n<\/tr>\n<\/tbody>\n<\/table>\n<p>\n\t<img loading=\"lazy\" decoding=\"async\" width=\"970\" height=\"473\" class=\"alignnone wp-image-187\" style=\"width: 970px;height: 473px\" src=\"https:\/\/sisu.ut.ee\/wp-content\/uploads\/sites\/648\/viirusetuubid4.png\" title=\"Joonis 4. Viirused on erineva kujuga\" alt=\"Joonis 4. Viirused on erineva kujuga\" srcset=\"https:\/\/sisu.ut.ee\/wp-content\/uploads\/sites\/648\/viirusetuubid4.png 970w, https:\/\/sisu.ut.ee\/wp-content\/uploads\/sites\/648\/viirusetuubid4-300x146.png 300w, https:\/\/sisu.ut.ee\/wp-content\/uploads\/sites\/648\/viirusetuubid4-768x374.png 768w\" sizes=\"auto, (max-width: 970px) 100vw, 970px\"><\/p>\n","protected":false},"excerpt":{"rendered":"<p>Haigus Peamine levimisviis Peamine kahjustuspiirkond Gripp Piisknakkus Hingamisteed, lihased Kollat\u00f5bi Saastunud toidu ja joogiga Maks Puukentsefaliit Marutaud Siirutajate vahendusel Keskn\u00e4rvis\u00fcsteem AIDS Biovedelikega Immuuns\u00fcsteem Tuuler\u00f5uged Kontaktnakkus Nahk Punetised Emalt lootele Nahk<\/p>\n","protected":false},"author":345,"featured_media":0,"parent":0,"menu_order":0,"comment_status":"closed","ping_status":"closed","template":"","meta":{"_acf_changed":false,"inline_featured_image":false,"footnotes":""},"class_list":["post-29","page","type-page","status-publish","hentry"],"acf":[],"_links":{"self":[{"href":"https:\/\/sisu.ut.ee\/biopohikool\/wp-json\/wp\/v2\/pages\/29","targetHints":{"allow":["GET"]}}],"collection":[{"href":"https:\/\/sisu.ut.ee\/biopohikool\/wp-json\/wp\/v2\/pages"}],"about":[{"href":"https:\/\/sisu.ut.ee\/biopohikool\/wp-json\/wp\/v2\/types\/page"}],"author":[{"embeddable":true,"href":"https:\/\/sisu.ut.ee\/biopohikool\/wp-json\/wp\/v2\/users\/345"}],"replies":[{"embeddable":true,"href":"https:\/\/sisu.ut.ee\/biopohikool\/wp-json\/wp\/v2\/comments?post=29"}],"version-history":[{"count":1,"href":"https:\/\/sisu.ut.ee\/biopohikool\/wp-json\/wp\/v2\/pages\/29\/revisions"}],"predecessor-version":[{"id":611,"href":"https:\/\/sisu.ut.ee\/biopohikool\/wp-json\/wp\/v2\/pages\/29\/revisions\/611"}],"wp:attachment":[{"href":"https:\/\/sisu.ut.ee\/biopohikool\/wp-json\/wp\/v2\/media?parent=29"}],"curies":[{"name":"wp","href":"https:\/\/api.w.org\/{rel}","templated":true}]}}