{"id":28,"date":"2024-04-04T08:54:52","date_gmt":"2024-04-04T05:54:52","guid":{"rendered":"https:\/\/sisu.ut.ee\/biopohikool\/13-kuidas-viirused-paljunevad\/"},"modified":"2024-04-04T08:56:57","modified_gmt":"2024-04-04T05:56:57","slug":"13-kuidas-viirused-paljunevad","status":"publish","type":"page","link":"https:\/\/sisu.ut.ee\/biopohikool\/13-kuidas-viirused-paljunevad\/","title":{"rendered":"1.3. Kuidas viirused paljunevad?"},"content":{"rendered":"<p>\n\tPaljunemiseks peab viirus tungima m\u00f5ne organismi rakku (k\u00f5ik viirused on rakusisesed parasiidid). Erinevad viirused nakatavad erinevaid peremeesrakke. Rakku tunginud viirus paneb enda p\u00e4rilikkusaine info p\u00f5hjal peremeesraku kas kohe (l\u00fc\u00fctiline ts\u00fckkel) v\u00f5i kunagi hiljem tootma uusi viirusosakesi (l\u00fcsogeenne ts\u00fckkel \u2013 viiruse p\u00e4rilikkusaine \u00fchineb m\u00f5neks ajaks peremeesraku p\u00e4rilikkusainega).\n<\/p>\n<p>\n\t<img loading=\"lazy\" decoding=\"async\" width=\"617\" height=\"575\" class=\"alignnone wp-image-186\" style=\"width: 500px;height: 466px\" src=\"https:\/\/sisu.ut.ee\/wp-content\/uploads\/sites\/648\/viirused_tsuklid.png\" title=\"Joonis 3. Viiruste paljunemine\" alt=\"Joonis 3. Viiruste paljunemine\" srcset=\"https:\/\/sisu.ut.ee\/wp-content\/uploads\/sites\/648\/viirused_tsuklid.png 617w, https:\/\/sisu.ut.ee\/wp-content\/uploads\/sites\/648\/viirused_tsuklid-300x280.png 300w\" sizes=\"auto, (max-width: 617px) 100vw, 617px\">\n<\/p>\n<p>\n\t\u00a0\n<\/p>\n<table class=\"table table-hover\" border=\"1\" cellpadding=\"5\" cellspacing=\"0\" id=\"yui_3_17_2_1_1697362218803_50\">\n<thead>\n<tr>\n<th scope=\"col\" width=\"50%\">\n<p>\n\t\t\t\t\tL\u00fc\u00fctiline ts\u00fckkel\n\t\t\t\t<\/p>\n<\/th>\n<th scope=\"col\">\n<p>\n\t\t\t\t\tL\u00fcsogeenne ts\u00fckkel\n\t\t\t\t<\/p>\n<\/th>\n<\/tr>\n<\/thead>\n<tbody id=\"yui_3_17_2_1_1697362218803_49\">\n<tr>\n<td>\n\t\t\t\t1. Viirus sisestab peremeesrakku oma p\u00e4rilikkusaine\n\t\t\t<\/td>\n<td>\n\t\t\t\t1. Viirus sisestab peremeesrakku oma\u00a0 p\u00e4rilikkusaine\n\t\t\t<\/td>\n<\/tr>\n<tr>\n<td>\n\t\t\t\t2. Peremeesraku ainevahetus korraldatakse \u00fcmber\n\t\t\t<\/td>\n<td>\n\t\t\t\t2. Viiruse p\u00e4rilikkusaine l\u00fclitub peremeesraku p\u00e4rilikkusaine \u00a0hulka\n\t\t\t<\/td>\n<\/tr>\n<tr>\n<td>\n\t\t\t\t3. Peremeesrakus paljundatakse viiruse\u00a0p\u00e4rilikkusainet ja toodetakse viirusvalgud\n\t\t\t<\/td>\n<td>\n\t\t\t\t3. Viiruse p\u00e4rilikkusaine p\u00fcsib inaktiivsena peremeesrakus pikka aega ja kahekordistub iga peremeesraku jagunemisega\n\t\t\t<\/td>\n<\/tr>\n<tr>\n<td>\n\t\t\t\t4. Rakus pannakse kokku uued viirusosakesed\n\t\t\t<\/td>\n<td>\n\t\t\t\t\u00a0\n\t\t\t<\/td>\n<\/tr>\n<tr>\n<td>\n\t\t\t\t5. Peremeesrakk h\u00e4vib\n\t\t\t<\/td>\n<td>\n\t\t\t\t\u00a0\n\t\t\t<\/td>\n<\/tr>\n<\/tbody>\n<\/table>\n<p>\n\t\u00a0<\/p>\n","protected":false},"excerpt":{"rendered":"<p>Paljunemiseks peab viirus tungima m\u00f5ne organismi rakku (k\u00f5ik viirused on rakusisesed parasiidid). Erinevad viirused nakatavad erinevaid peremeesrakke. Rakku tunginud viirus paneb enda p\u00e4rilikkusaine info p\u00f5hjal peremeesraku kas kohe (l\u00fc\u00fctiline ts\u00fckkel) v\u00f5i kunagi hiljem tootma uusi viirusosakesi (l\u00fcsogeenne ts\u00fckkel \u2013 viiruse &#8230;<\/p>\n","protected":false},"author":345,"featured_media":0,"parent":0,"menu_order":0,"comment_status":"closed","ping_status":"closed","template":"","meta":{"_acf_changed":false,"inline_featured_image":false,"footnotes":""},"class_list":["post-28","page","type-page","status-publish","hentry"],"acf":[],"_links":{"self":[{"href":"https:\/\/sisu.ut.ee\/biopohikool\/wp-json\/wp\/v2\/pages\/28","targetHints":{"allow":["GET"]}}],"collection":[{"href":"https:\/\/sisu.ut.ee\/biopohikool\/wp-json\/wp\/v2\/pages"}],"about":[{"href":"https:\/\/sisu.ut.ee\/biopohikool\/wp-json\/wp\/v2\/types\/page"}],"author":[{"embeddable":true,"href":"https:\/\/sisu.ut.ee\/biopohikool\/wp-json\/wp\/v2\/users\/345"}],"replies":[{"embeddable":true,"href":"https:\/\/sisu.ut.ee\/biopohikool\/wp-json\/wp\/v2\/comments?post=28"}],"version-history":[{"count":1,"href":"https:\/\/sisu.ut.ee\/biopohikool\/wp-json\/wp\/v2\/pages\/28\/revisions"}],"predecessor-version":[{"id":612,"href":"https:\/\/sisu.ut.ee\/biopohikool\/wp-json\/wp\/v2\/pages\/28\/revisions\/612"}],"wp:attachment":[{"href":"https:\/\/sisu.ut.ee\/biopohikool\/wp-json\/wp\/v2\/media?parent=28"}],"curies":[{"name":"wp","href":"https:\/\/api.w.org\/{rel}","templated":true}]}}