{"id":26,"date":"2024-04-04T08:54:51","date_gmt":"2024-04-04T05:54:51","guid":{"rendered":"https:\/\/sisu.ut.ee\/biopohikool\/11-kas-viirused-elus-voi-elutud\/"},"modified":"2024-04-04T08:56:57","modified_gmt":"2024-04-04T05:56:57","slug":"11-kas-viirused-elus-voi-elutud","status":"publish","type":"page","link":"https:\/\/sisu.ut.ee\/biopohikool\/11-kas-viirused-elus-voi-elutud\/","title":{"rendered":"1.1. Kas viirused on elus v\u00f5i elutud?"},"content":{"rendered":"<p>\n\t<strong>Viirused<\/strong>\u00a0on \u00fcliv\u00e4ikesed bioobjektid, mis asuvad eluta ja eluslooduse piirimail.\n<\/p>\n<p>\n\t<img loading=\"lazy\" decoding=\"async\" width=\"640\" height=\"360\" class=\"alignnone wp-image-184\" style=\"width: 300px;height: 169px\" src=\"https:\/\/sisu.ut.ee\/wp-content\/uploads\/sites\/648\/pexels-cdc-3992933.jpg\" title=\"Joonis 1. Viirus\" alt=\"Joonis 1. Viirus\" srcset=\"https:\/\/sisu.ut.ee\/wp-content\/uploads\/sites\/648\/pexels-cdc-3992933.jpg 640w, https:\/\/sisu.ut.ee\/wp-content\/uploads\/sites\/648\/pexels-cdc-3992933-300x169.jpg 300w\" sizes=\"auto, (max-width: 640px) 100vw, 640px\">\n<\/p>\n<p>\n\t\u00a0\n<\/p>\n<table class=\"table table-hover\" border=\"1\" cellpadding=\"5\" cellspacing=\"0\" id=\"yui_3_17_2_1_1697361860688_51\">\n<thead>\n<tr>\n<th scope=\"col\">\n<p>\n\t\t\t\t\t<strong>Sarnasused elusorganismidega<\/strong>\n\t\t\t\t<\/p>\n<\/th>\n<th scope=\"col\">\n<p>\n\t\t\t\t\t<strong>Erinevus elusorganismidest<\/strong>\n\t\t\t\t<\/p>\n<\/th>\n<\/tr>\n<\/thead>\n<tbody id=\"yui_3_17_2_1_1697361860688_50\">\n<tr>\n<td valign=\"top\" width=\"213\">\n<p>\n\t\t\t\t\tP\u00e4rilikkusaine ja valkude olemasolu\n\t\t\t\t<\/p>\n<\/td>\n<td valign=\"top\" width=\"213\">\n<p>\n\t\t\t\t\tPole rakulist ehitust\n\t\t\t\t<\/p>\n<\/td>\n<\/tr>\n<tr>\n<td valign=\"top\" width=\"213\">\n\t\t\t\tV\u00f5ime kiiresti muutuda (muteeruda)\n\t\t\t<\/td>\n<td valign=\"top\" width=\"213\">\n\t\t\t\tPuudub iseseisev ainevahetus\n\t\t\t<\/td>\n<\/tr>\n<tr>\n<td valign=\"top\" width=\"213\">\n\t\t\t\tV\u00f5ime pika aja jooksul areneda (evolutsioneeruda)\n\t\t\t<\/td>\n<td valign=\"top\" width=\"213\">\n\t\t\t\tPuudub iseseisev paljunemisv\u00f5ime\n\t\t\t<\/td>\n<\/tr>\n<tr>\n<td valign=\"top\" width=\"213\">\n\t\t\t\t\u00a0\n\t\t\t<\/td>\n<td valign=\"top\" width=\"213\">\n\t\t\t\t\u00dcliv\u00e4ikesed m\u00f5\u00f5tmed\n\t\t\t<\/td>\n<\/tr>\n<\/tbody>\n<\/table>\n<p>\n\t\u00a0<\/p>\n","protected":false},"excerpt":{"rendered":"<p>Viirused\u00a0on \u00fcliv\u00e4ikesed bioobjektid, mis asuvad eluta ja eluslooduse piirimail. \u00a0 Sarnasused elusorganismidega Erinevus elusorganismidest P\u00e4rilikkusaine ja valkude olemasolu Pole rakulist ehitust V\u00f5ime kiiresti muutuda (muteeruda) Puudub iseseisev ainevahetus V\u00f5ime pika aja jooksul areneda (evolutsioneeruda) Puudub iseseisev paljunemisv\u00f5ime \u00a0 \u00dcliv\u00e4ikesed m\u00f5\u00f5tmed &#8230;<\/p>\n","protected":false},"author":345,"featured_media":0,"parent":0,"menu_order":0,"comment_status":"closed","ping_status":"closed","template":"","meta":{"_acf_changed":false,"inline_featured_image":false,"footnotes":""},"class_list":["post-26","page","type-page","status-publish","hentry"],"acf":[],"_links":{"self":[{"href":"https:\/\/sisu.ut.ee\/biopohikool\/wp-json\/wp\/v2\/pages\/26","targetHints":{"allow":["GET"]}}],"collection":[{"href":"https:\/\/sisu.ut.ee\/biopohikool\/wp-json\/wp\/v2\/pages"}],"about":[{"href":"https:\/\/sisu.ut.ee\/biopohikool\/wp-json\/wp\/v2\/types\/page"}],"author":[{"embeddable":true,"href":"https:\/\/sisu.ut.ee\/biopohikool\/wp-json\/wp\/v2\/users\/345"}],"replies":[{"embeddable":true,"href":"https:\/\/sisu.ut.ee\/biopohikool\/wp-json\/wp\/v2\/comments?post=26"}],"version-history":[{"count":1,"href":"https:\/\/sisu.ut.ee\/biopohikool\/wp-json\/wp\/v2\/pages\/26\/revisions"}],"predecessor-version":[{"id":614,"href":"https:\/\/sisu.ut.ee\/biopohikool\/wp-json\/wp\/v2\/pages\/26\/revisions\/614"}],"wp:attachment":[{"href":"https:\/\/sisu.ut.ee\/biopohikool\/wp-json\/wp\/v2\/media?parent=26"}],"curies":[{"name":"wp","href":"https:\/\/api.w.org\/{rel}","templated":true}]}}