{"id":142,"date":"2024-04-04T08:55:05","date_gmt":"2024-04-04T05:55:05","guid":{"rendered":"https:\/\/sisu.ut.ee\/biopohikool\/2-organismid-ja-keskkond\/"},"modified":"2024-04-04T08:56:51","modified_gmt":"2024-04-04T05:56:51","slug":"2-organismid-ja-keskkond","status":"publish","type":"page","link":"https:\/\/sisu.ut.ee\/biopohikool\/2-organismid-ja-keskkond\/","title":{"rendered":"2. ORGANISMID JA KESKKOND"},"content":{"rendered":"<p dir=\"ltr\">\n\t<strong>Vaata videot:<\/strong>\u00a0\u00f6koloogia ja keskkonnategurid (Illar Leuhin)\n<\/p>\n<p>\n\t(NB! Siin on m\u00f5ned v\u00f5\u00f5rad m\u00f5isted:\u00a0 bioom, Liebigi seadus, \u00f6koloogiline amplituud)\n<\/p>\n<p>\n\t<\/p><div class=\"ratio ratio-16x9 mb-3\"><div class=\"video-placeholder-wrapper video-placeholder-wrapper--16x9\">\n\t\t\t    <div class=\"video-placeholder d-flex justify-content-center align-items-center\">\n\t\t\t        <div class=\"overlay text-white p-2 w-100 text-center d-block justify-content-center align-items-center\">\n\t\t\t            <div>Kolmandate osapoolte sisu n\u00e4gemiseks palun n\u00f5ustu k\u00fcpsistega.<\/div>\n\t\t\t            <button class=\"btn btn-secondary btn-sm mt-1 consent-change\">Muuda n\u00f5usolekut<\/button>\n\t\t\t        <\/div>\n\t\t\t    <\/div>\n\t\t\t<\/div>\n<\/div>\n","protected":false},"excerpt":{"rendered":"<p>Vaata videot:\u00a0\u00f6koloogia ja keskkonnategurid (Illar Leuhin) (NB! Siin on m\u00f5ned v\u00f5\u00f5rad m\u00f5isted:\u00a0 bioom, Liebigi seadus, \u00f6koloogiline amplituud) Kolmandate osapoolte sisu n\u00e4gemiseks palun n\u00f5ustu k\u00fcpsistega. Muuda n\u00f5usolekut<\/p>\n","protected":false},"author":345,"featured_media":0,"parent":0,"menu_order":0,"comment_status":"closed","ping_status":"closed","template":"","meta":{"_acf_changed":false,"inline_featured_image":false,"footnotes":""},"class_list":["post-142","page","type-page","status-publish","hentry"],"acf":[],"_links":{"self":[{"href":"https:\/\/sisu.ut.ee\/biopohikool\/wp-json\/wp\/v2\/pages\/142","targetHints":{"allow":["GET"]}}],"collection":[{"href":"https:\/\/sisu.ut.ee\/biopohikool\/wp-json\/wp\/v2\/pages"}],"about":[{"href":"https:\/\/sisu.ut.ee\/biopohikool\/wp-json\/wp\/v2\/types\/page"}],"author":[{"embeddable":true,"href":"https:\/\/sisu.ut.ee\/biopohikool\/wp-json\/wp\/v2\/users\/345"}],"replies":[{"embeddable":true,"href":"https:\/\/sisu.ut.ee\/biopohikool\/wp-json\/wp\/v2\/comments?post=142"}],"version-history":[{"count":1,"href":"https:\/\/sisu.ut.ee\/biopohikool\/wp-json\/wp\/v2\/pages\/142\/revisions"}],"predecessor-version":[{"id":498,"href":"https:\/\/sisu.ut.ee\/biopohikool\/wp-json\/wp\/v2\/pages\/142\/revisions\/498"}],"wp:attachment":[{"href":"https:\/\/sisu.ut.ee\/biopohikool\/wp-json\/wp\/v2\/media?parent=142"}],"curies":[{"name":"wp","href":"https:\/\/api.w.org\/{rel}","templated":true}]}}