{"id":140,"date":"2024-04-04T08:55:05","date_gmt":"2024-04-04T05:55:05","guid":{"rendered":"https:\/\/sisu.ut.ee\/biopohikool\/1-liik-populatsioon-kooslus-okosusteem-biosfaar-0\/"},"modified":"2024-04-04T08:56:51","modified_gmt":"2024-04-04T05:56:51","slug":"1-liik-populatsioon-kooslus-okosusteem-biosfaar-0","status":"publish","type":"page","link":"https:\/\/sisu.ut.ee\/biopohikool\/1-liik-populatsioon-kooslus-okosusteem-biosfaar-0\/","title":{"rendered":"1. LIIK, POPULATSIOON, KOOSLUS, \u00d6KOS\u00dcSTEEM, BIOSF\u00c4\u00c4R"},"content":{"rendered":"<p>Liik, populatsioon, kooslus, \u00f6kos\u00fcsteem ja biosf\u00e4\u00e4r on \u00f6koloogia organiseerituse tasemed. K\u00f5ige v\u00e4iksem neist on populatsioon ja k\u00f5ige suurem \u00f6kos\u00fcsteem.\u00a0<\/p>\n","protected":false},"excerpt":{"rendered":"<p>Liik, populatsioon, kooslus, \u00f6kos\u00fcsteem ja biosf\u00e4\u00e4r on \u00f6koloogia organiseerituse tasemed. K\u00f5ige v\u00e4iksem neist on populatsioon ja k\u00f5ige suurem \u00f6kos\u00fcsteem.\u00a0<\/p>\n","protected":false},"author":345,"featured_media":0,"parent":0,"menu_order":0,"comment_status":"closed","ping_status":"closed","template":"","meta":{"_acf_changed":false,"inline_featured_image":false,"footnotes":""},"class_list":["post-140","page","type-page","status-publish","hentry"],"acf":[],"_links":{"self":[{"href":"https:\/\/sisu.ut.ee\/biopohikool\/wp-json\/wp\/v2\/pages\/140","targetHints":{"allow":["GET"]}}],"collection":[{"href":"https:\/\/sisu.ut.ee\/biopohikool\/wp-json\/wp\/v2\/pages"}],"about":[{"href":"https:\/\/sisu.ut.ee\/biopohikool\/wp-json\/wp\/v2\/types\/page"}],"author":[{"embeddable":true,"href":"https:\/\/sisu.ut.ee\/biopohikool\/wp-json\/wp\/v2\/users\/345"}],"replies":[{"embeddable":true,"href":"https:\/\/sisu.ut.ee\/biopohikool\/wp-json\/wp\/v2\/comments?post=140"}],"version-history":[{"count":1,"href":"https:\/\/sisu.ut.ee\/biopohikool\/wp-json\/wp\/v2\/pages\/140\/revisions"}],"predecessor-version":[{"id":500,"href":"https:\/\/sisu.ut.ee\/biopohikool\/wp-json\/wp\/v2\/pages\/140\/revisions\/500"}],"wp:attachment":[{"href":"https:\/\/sisu.ut.ee\/biopohikool\/wp-json\/wp\/v2\/media?parent=140"}],"curies":[{"name":"wp","href":"https:\/\/api.w.org\/{rel}","templated":true}]}}