{"id":139,"date":"2024-04-04T08:55:05","date_gmt":"2024-04-04T05:55:05","guid":{"rendered":"https:\/\/sisu.ut.ee\/biopohikool\/13-parmseened\/"},"modified":"2024-04-04T08:56:51","modified_gmt":"2024-04-04T05:56:51","slug":"13-parmseened","status":"publish","type":"page","link":"https:\/\/sisu.ut.ee\/biopohikool\/13-parmseened\/","title":{"rendered":"1.3. P\u00e4rmseened"},"content":{"rendered":"<p>\n\t\u00a0\n<\/p>\n<h4>\n\t1.3.1.\u00a0 Millised on p\u00e4rmseened?<br>\n<\/h4>\n<table class=\"table table-hover\" border=\"1\" cellpadding=\"5\" cellspacing=\"0\" style=\"width: 100%\">\n<thead>\n<tr>\n<td>\n\t\t\t\t\u00a0\n\t\t\t<\/td>\n<td>\n\t\t\t\t\u00a0\n\t\t\t<\/td>\n<td>\n<ul>\n<li>\n\t\t\t\t\t\tP\u00e4rmseened on \u00fcherakulised.\n\t\t\t\t\t<\/li>\n<li>\n\t\t\t\t\t\tNad on mikroskoopilised\n\t\t\t\t\t<\/li>\n<li>\n\t\t\t\t\t\tNeil on rakutuum\n\t\t\t\t\t<\/li>\n<li>\n\t\t\t\t\t\tNeil on membraaniga \u00fcmbritsetud rakuorganellid\n\t\t\t\t\t<\/li>\n<li>\n\t\t\t\t\t\tLisaks rakumembraanile o<span>\u00a0<\/span>n neil ka rakukest\n\t\t\t\t\t<\/li>\n<\/ul>\n<p>\n\t\t\t\t\t\u00a0\n\t\t\t\t<\/p>\n<p>\n\t\t\t\t\t\u00a0\n\t\t\t\t<\/p>\n<\/td>\n<td>\n\t\t\t\t<img loading=\"lazy\" decoding=\"async\" width=\"324\" height=\"234\" class=\"alignnone wp-image-347\" src=\"https:\/\/sisu.ut.ee\/wp-content\/uploads\/sites\/648\/parmseen.png\" title=\"parmseen.png\" alt=\"p\u00e4rmseen\" srcset=\"https:\/\/sisu.ut.ee\/wp-content\/uploads\/sites\/648\/parmseen.png 324w, https:\/\/sisu.ut.ee\/wp-content\/uploads\/sites\/648\/parmseen-300x217.png 300w\" sizes=\"auto, (max-width: 324px) 100vw, 324px\">\n\t\t\t<\/td>\n<\/tr>\n<\/thead>\n<tbody>\n\t<\/tbody>\n<\/table>\n<p>\n\t\u00a0\n<\/p>\n<h4>\n\t1.3.2.\u00a0Kuidas p\u00e4rmseened paljunevad?<br>\n<\/h4>\n<p>\n\tP\u00e4rmseened paljunevad pungudes ja eostega.\n<\/p>\n<table class=\"table table-hover\" border=\"1\" cellpadding=\"5\" cellspacing=\"0\">\n<thead>\n<tr>\n<td>\n\t\t\t\t\u00a0\n\t\t\t<\/td>\n<td>\n<p>\n\t\t\t\t\t1. P\u00e4rmseened paljunevad soodsates tin<span>\u00a0<\/span>gimustes pungudes. Selle tulemusena tekib koloonia.\n\t\t\t\t<\/p>\n<p>\n\t\t\t\t\t2. Ebasoodsates tingimustes\u00a0 aga eostega.\n\t\t\t\t<\/p>\n<\/td>\n<td>\n\t\t\t\t<img loading=\"lazy\" decoding=\"async\" width=\"663\" height=\"413\" class=\"alignnone wp-image-346\" src=\"https:\/\/sisu.ut.ee\/wp-content\/uploads\/sites\/648\/parmseente_paljunemine.png\" title=\"parmseente_paljunemine.png\" alt=\"p\u00e4rmseente paljunemine\" srcset=\"https:\/\/sisu.ut.ee\/wp-content\/uploads\/sites\/648\/parmseente_paljunemine.png 663w, https:\/\/sisu.ut.ee\/wp-content\/uploads\/sites\/648\/parmseente_paljunemine-300x187.png 300w\" sizes=\"auto, (max-width: 663px) 100vw, 663px\">\n\t\t\t<\/td>\n<\/tr>\n<\/thead>\n<tbody>\n\t<\/tbody>\n<\/table>\n<p>\n\t\u00a0\n<\/p>\n<h4>\n\t1.3.3. Miks on p\u00e4rmseened t\u00e4htsad?<br>\n<\/h4>\n<p>P\u00e4rmseened on looduses laialdaselt\u00a0 levinud. Neid v\u00f5ib leida puut\u00fcve haavadest eritunud mahlast, kevadel v\u00e4rsketelt kasek\u00e4ndudelt v\u00f5i s\u00fcgisel k\u00fcpsetelt viljadelt. P\u00e4rmseeni v\u00f5ib leida loomade nahalt ja seedetraktist.\u00a0<\/p>\n<p>P\u00e4rmseeni on juba ammu kultuuristatud ja kasvatatud. Kokkupressitud p\u00e4rmseente massi nimetatakse p\u00e4rmiks. Lisaks pagarit\u00f6\u00f6stusele kasutatakse p\u00e4rmseeni \u00f5lle ja veini valmistamisel, samuti keefiri tootmisel.<\/p>\n<p>Suhkrute lagunemist hapnikuvabas keskkonnas nimetatakse k\u00e4\u00e4rimiseks. P\u00e4rmid viivad l\u00e4bi alkoholk\u00e4\u00e4rimist.\u00a0<\/p>\n<p><img loading=\"lazy\" decoding=\"async\" width=\"777\" height=\"78\" class=\"alignnone wp-image-345\" src=\"https:\/\/sisu.ut.ee\/wp-content\/uploads\/sites\/648\/parmseened.png\" title=\"parmseened.png\" alt=\"P\u00e4rmseened\" srcset=\"https:\/\/sisu.ut.ee\/wp-content\/uploads\/sites\/648\/parmseened.png 777w, https:\/\/sisu.ut.ee\/wp-content\/uploads\/sites\/648\/parmseened-300x30.png 300w, https:\/\/sisu.ut.ee\/wp-content\/uploads\/sites\/648\/parmseened-768x77.png 768w\" sizes=\"auto, (max-width: 777px) 100vw, 777px\"><\/p>\n<ul>\n<li>\n\t\tP\u00e4rmseened sisaldavad rohkesti valku ja vitamiine, seep\u00e4rast kasutatakse neid ka s\u00f6\u00f6dap\u00e4rmi ning ravimite valmistamisel .\n\t<\/li>\n<li>\n\t\tNende hulgas on parasiite.\n\t<\/li>\n<li>\n\t\tInimesel p\u00f5hjustavad naha- ja kopsuhaigusi.\n\t<\/li>\n<\/ul>\n","protected":false},"excerpt":{"rendered":"<p>\u00a0 1.3.1.\u00a0 Millised on p\u00e4rmseened? \u00a0 \u00a0 P\u00e4rmseened on \u00fcherakulised. Nad on mikroskoopilised Neil on rakutuum Neil on membraaniga \u00fcmbritsetud rakuorganellid Lisaks rakumembraanile o\u00a0n neil ka rakukest \u00a0 \u00a0 \u00a0 1.3.2.\u00a0Kuidas p\u00e4rmseened paljunevad? P\u00e4rmseened paljunevad pungudes ja eostega. \u00a0 1. &#8230;<\/p>\n","protected":false},"author":345,"featured_media":0,"parent":0,"menu_order":0,"comment_status":"closed","ping_status":"closed","template":"","meta":{"_acf_changed":false,"inline_featured_image":false,"footnotes":""},"class_list":["post-139","page","type-page","status-publish","hentry"],"acf":[],"_links":{"self":[{"href":"https:\/\/sisu.ut.ee\/biopohikool\/wp-json\/wp\/v2\/pages\/139","targetHints":{"allow":["GET"]}}],"collection":[{"href":"https:\/\/sisu.ut.ee\/biopohikool\/wp-json\/wp\/v2\/pages"}],"about":[{"href":"https:\/\/sisu.ut.ee\/biopohikool\/wp-json\/wp\/v2\/types\/page"}],"author":[{"embeddable":true,"href":"https:\/\/sisu.ut.ee\/biopohikool\/wp-json\/wp\/v2\/users\/345"}],"replies":[{"embeddable":true,"href":"https:\/\/sisu.ut.ee\/biopohikool\/wp-json\/wp\/v2\/comments?post=139"}],"version-history":[{"count":1,"href":"https:\/\/sisu.ut.ee\/biopohikool\/wp-json\/wp\/v2\/pages\/139\/revisions"}],"predecessor-version":[{"id":501,"href":"https:\/\/sisu.ut.ee\/biopohikool\/wp-json\/wp\/v2\/pages\/139\/revisions\/501"}],"wp:attachment":[{"href":"https:\/\/sisu.ut.ee\/biopohikool\/wp-json\/wp\/v2\/media?parent=139"}],"curies":[{"name":"wp","href":"https:\/\/api.w.org\/{rel}","templated":true}]}}