{"id":137,"date":"2024-04-04T08:55:04","date_gmt":"2024-04-04T05:55:04","guid":{"rendered":"https:\/\/sisu.ut.ee\/biopohikool\/1-liik-populatsioon-kooslus-okosusteem-biosfaar\/"},"modified":"2024-04-04T08:56:51","modified_gmt":"2024-04-04T05:56:51","slug":"1-liik-populatsioon-kooslus-okosusteem-biosfaar","status":"publish","type":"page","link":"https:\/\/sisu.ut.ee\/biopohikool\/1-liik-populatsioon-kooslus-okosusteem-biosfaar\/","title":{"rendered":"1.1. Mis on liik, populatsioon ja kooslus?"},"content":{"rendered":"<table class=\"table table-hover\" border=\"1\" cellpadding=\"1\" cellspacing=\"0\" style=\"width: 100%\">\n<tbody>\n<tr>\n<td>\n<p>\n\t\t\t\t\t<span style=\"font-size:20px\"><strong>Liik<\/strong><\/span>\n\t\t\t\t<\/p>\n<p>\n\t\t\t\t\t\u00a0<strong><img loading=\"lazy\" decoding=\"async\" width=\"731\" height=\"399\" class=\"alignnone wp-image-338\" style=\"width: 400px;height: 218px\" src=\"https:\/\/sisu.ut.ee\/wp-content\/uploads\/sites\/648\/liik.png\" title=\"liik.png\" alt=\"Liik\" srcset=\"https:\/\/sisu.ut.ee\/wp-content\/uploads\/sites\/648\/liik.png 731w, https:\/\/sisu.ut.ee\/wp-content\/uploads\/sites\/648\/liik-300x164.png 300w\" sizes=\"auto, (max-width: 731px) 100vw, 731px\"><\/strong>\n\t\t\t\t<\/p>\n<p>\n\t\t\t\t\t\u2013 see on\u00a0sarnaste tunnustega\u00a0isendite r\u00fchm, kellel on teistest liikidest erinevad tunnused ning levila ja kes omavahel annavad\u00a0viljakaid j\u00e4rglasi.<br>Ladina keeles\u00a0 t\u00e4histatakse liigi nime kahe s\u00f5naga. Esimene s\u00f5na n\u00e4itab perekonda, kuhu liik kuulub.\u00a0<br>T\u00e4nap\u00e4eval on k\u00f5ik teadaolevad liigid paigutatud nende sarnasuse ja oletatava sugulusastme p\u00f5hjal eluslooduse s\u00fcsteemi.\u00a0\n\t\t\t\t<\/p>\n<\/td>\n<td>\n\t\t\t\t<strong>Liik on n\u00e4iteks:<\/strong>\n<ul>\n<li>\n\t\t\t\t\t\t<em>Mustela lutreola<\/em>\u00a0\u2013 Euroopa naarits\n\t\t\t\t\t<\/li>\n<li>\n\t\t\t\t\t\t<em>Mustela nivalis<\/em>\u00a0\u2013 nirk jne.\n\t\t\t\t\t<\/li>\n<\/ul>\n<p>\n\t\t\t\t\t<em>Mustela\u00a0<\/em>(perekond naarits) on perekonnanimi. Seega, Euroopa naarits ja nirk kuuluvad \u00fchte perekonda.\u00a0\n\t\t\t\t<\/p>\n<\/td>\n<\/tr>\n<tr>\n<td>\n<p>\n\t\t\t\t\t<span style=\"font-size:20px\"><strong>Populatsioon<\/strong><\/span>\n\t\t\t\t<\/p>\n<p>\n\t\t\t\t\t<img loading=\"lazy\" decoding=\"async\" width=\"649\" height=\"555\" class=\"alignnone wp-image-339\" style=\"width: 400px;height: 342px\" src=\"https:\/\/sisu.ut.ee\/wp-content\/uploads\/sites\/648\/populatsioon.png\" title=\"populatsioon.png\" alt=\"Populatsioon\" srcset=\"https:\/\/sisu.ut.ee\/wp-content\/uploads\/sites\/648\/populatsioon.png 649w, https:\/\/sisu.ut.ee\/wp-content\/uploads\/sites\/648\/populatsioon-300x257.png 300w\" sizes=\"auto, (max-width: 649px) 100vw, 649px\">\n\t\t\t\t<\/p>\n<p>\n\t\t\t\t\t\u00dchisel territooriumil elavad \u00fche ja sama liigi isendid moodustavad\u00a0populatsiooni.\u00a0<br>Populatsioon on v\u00e4iksem \u00fcksus kui liik.\u00a0\u00a0\u00dche liigi erinevad populatsioonid on eraldatud geograafilise takistusega ja ei saa vabalt ristuda.\u00a0\n\t\t\t\t<\/p>\n<\/td>\n<td>\n\t\t\t\t<strong>Populatsioon on n\u00e4iteks:<\/strong>\n<ul>\n<li>\n\t\t\t\t\t\tPeipsi j\u00e4rve ahvenate populatsioon.\u00a0\n\t\t\t\t\t<\/li>\n<li>\n\t\t\t\t\t\tKahe erineva j\u00e4rve\u00a0 (Peipsi j\u00e4rve ja Saadj\u00e4rve) ahvenate populatsioonid.\n\t\t\t\t\t<\/li>\n<\/ul>\n<\/td>\n<\/tr>\n<tr>\n<td>\n<p>\n\t\t\t\t\t<span style=\"font-size:20px\"><strong>Kooslus<\/strong><\/span>\n\t\t\t\t<\/p>\n<p>\n\t\t\t\t\t<img loading=\"lazy\" decoding=\"async\" width=\"803\" height=\"571\" class=\"alignnone wp-image-340\" style=\"width: 400px;height: 284px\" src=\"https:\/\/sisu.ut.ee\/wp-content\/uploads\/sites\/648\/kooslus.png\" title=\"kooslus.png\" alt=\"Kooslus\" srcset=\"https:\/\/sisu.ut.ee\/wp-content\/uploads\/sites\/648\/kooslus.png 803w, https:\/\/sisu.ut.ee\/wp-content\/uploads\/sites\/648\/kooslus-300x213.png 300w, https:\/\/sisu.ut.ee\/wp-content\/uploads\/sites\/648\/kooslus-768x546.png 768w\" sizes=\"auto, (max-width: 803px) 100vw, 803px\">\n\t\t\t\t<\/p>\n<p>\n\t\t\t\t\tK\u00f5ik \u00fche elupaiga populatsioonid moodustavad\u00a0koosluse.\n\t\t\t\t<\/p>\n<\/td>\n<td>\n\t\t\t\t<strong>Kooslus on n\u00e4iteks:<\/strong>\n<ul>\n<li>\n\t\t\t\t\t\tNiidu koosluse moodustavad lepatriinude, valge ristiku, karikakarde ja koerliblikate populatsioonid (vaata j\u00e4rgmist joonist)\n\t\t\t\t\t<\/li>\n<\/ul>\n<\/td>\n<\/tr>\n<\/tbody>\n<\/table>\n<p>\n\t\u00a0\n<\/p>\n<p>\n\t<img loading=\"lazy\" decoding=\"async\" width=\"1116\" height=\"646\" class=\"alignnone wp-image-341\" style=\"width: 600px;height: 347px\" src=\"https:\/\/sisu.ut.ee\/wp-content\/uploads\/sites\/648\/kooslus_niit.png\" title=\"Joonis 1. Niidu koosluse moodustavad lepatriinude, valge ristiku, karikakarde ja koerliblikate populatsioonid.\" alt=\"Kooslus: niit\" srcset=\"https:\/\/sisu.ut.ee\/wp-content\/uploads\/sites\/648\/kooslus_niit.png 1116w, https:\/\/sisu.ut.ee\/wp-content\/uploads\/sites\/648\/kooslus_niit-300x174.png 300w, https:\/\/sisu.ut.ee\/wp-content\/uploads\/sites\/648\/kooslus_niit-1024x593.png 1024w, https:\/\/sisu.ut.ee\/wp-content\/uploads\/sites\/648\/kooslus_niit-768x445.png 768w\" sizes=\"auto, (max-width: 1116px) 100vw, 1116px\">\n<\/p>\n<table class=\"table table-hover\" border=\"1\" cellpadding=\"1\" cellspacing=\"0\" style=\"width: 100%\">\n<tbody>\n<tr>\n<td>\n<p>\n\t\t\t\t\t<img loading=\"lazy\" decoding=\"async\" width=\"640\" height=\"360\" class=\"alignnone wp-image-342\" style=\"width: 300px;height: 169px;margin: 10px\" src=\"https:\/\/sisu.ut.ee\/wp-content\/uploads\/sites\/648\/lions_family_portrait_masai_mara.jpg\" title=\"lions_family_portrait_masai_mara.jpg\" alt=\"Populatsioon\" srcset=\"https:\/\/sisu.ut.ee\/wp-content\/uploads\/sites\/648\/lions_family_portrait_masai_mara.jpg 640w, https:\/\/sisu.ut.ee\/wp-content\/uploads\/sites\/648\/lions_family_portrait_masai_mara-300x169.jpg 300w\" sizes=\"auto, (max-width: 640px) 100vw, 640px\">\n\t\t\t\t<\/p>\n<\/td>\n<td>\n<p>\n\t\t\t\t\t<span style=\"font-size:20px\"><strong>Populatsioon<\/strong><\/span>\n\t\t\t\t<\/p>\n<p>\t\t\t\tR\u00fchm \u00fcht liiki isendeid, kes elavad koos samal ajal samas elupaigas.\n\t\t\t<\/p><\/td>\n<\/tr>\n<tr>\n<td>\n\t\t\t\t<img loading=\"lazy\" decoding=\"async\" width=\"640\" height=\"360\" class=\"alignnone wp-image-343\" style=\"width: 300px;height: 169px;margin: 10px\" src=\"https:\/\/sisu.ut.ee\/wp-content\/uploads\/sites\/648\/zebra-1170177_640.jpg\" title=\"zebra-1170177_640.jpg\" alt=\"Kooslus\" srcset=\"https:\/\/sisu.ut.ee\/wp-content\/uploads\/sites\/648\/zebra-1170177_640.jpg 640w, https:\/\/sisu.ut.ee\/wp-content\/uploads\/sites\/648\/zebra-1170177_640-300x169.jpg 300w\" sizes=\"auto, (max-width: 640px) 100vw, 640px\">\n\t\t\t<\/td>\n<td>\n<p>\n\t\t\t\t\t<span style=\"font-size:20px\"><strong>Kooslus<\/strong><\/span>\n\t\t\t\t<\/p>\n<p>\t\t\t\tEri liikide populatsioonide kogum \u00fches elupaigas.\n\t\t\t<\/p><\/td>\n<\/tr>\n<\/tbody>\n<\/table>\n","protected":false},"excerpt":{"rendered":"<p>Liik \u00a0 \u2013 see on\u00a0sarnaste tunnustega\u00a0isendite r\u00fchm, kellel on teistest liikidest erinevad tunnused ning levila ja kes omavahel annavad\u00a0viljakaid j\u00e4rglasi.Ladina keeles\u00a0 t\u00e4histatakse liigi nime kahe s\u00f5naga. Esimene s\u00f5na n\u00e4itab perekonda, kuhu liik kuulub.\u00a0T\u00e4nap\u00e4eval on k\u00f5ik teadaolevad liigid paigutatud nende sarnasuse &#8230;<\/p>\n","protected":false},"author":345,"featured_media":0,"parent":0,"menu_order":0,"comment_status":"closed","ping_status":"closed","template":"","meta":{"_acf_changed":false,"inline_featured_image":false,"footnotes":""},"class_list":["post-137","page","type-page","status-publish","hentry"],"acf":[],"_links":{"self":[{"href":"https:\/\/sisu.ut.ee\/biopohikool\/wp-json\/wp\/v2\/pages\/137","targetHints":{"allow":["GET"]}}],"collection":[{"href":"https:\/\/sisu.ut.ee\/biopohikool\/wp-json\/wp\/v2\/pages"}],"about":[{"href":"https:\/\/sisu.ut.ee\/biopohikool\/wp-json\/wp\/v2\/types\/page"}],"author":[{"embeddable":true,"href":"https:\/\/sisu.ut.ee\/biopohikool\/wp-json\/wp\/v2\/users\/345"}],"replies":[{"embeddable":true,"href":"https:\/\/sisu.ut.ee\/biopohikool\/wp-json\/wp\/v2\/comments?post=137"}],"version-history":[{"count":1,"href":"https:\/\/sisu.ut.ee\/biopohikool\/wp-json\/wp\/v2\/pages\/137\/revisions"}],"predecessor-version":[{"id":503,"href":"https:\/\/sisu.ut.ee\/biopohikool\/wp-json\/wp\/v2\/pages\/137\/revisions\/503"}],"wp:attachment":[{"href":"https:\/\/sisu.ut.ee\/biopohikool\/wp-json\/wp\/v2\/media?parent=137"}],"curies":[{"name":"wp","href":"https:\/\/api.w.org\/{rel}","templated":true}]}}