{"id":136,"date":"2024-04-04T08:55:04","date_gmt":"2024-04-04T05:55:04","guid":{"rendered":"https:\/\/sisu.ut.ee\/biopohikool\/11-milline-seente-ehitus\/"},"modified":"2024-04-04T08:56:51","modified_gmt":"2024-04-04T05:56:51","slug":"11-milline-seente-ehitus","status":"publish","type":"page","link":"https:\/\/sisu.ut.ee\/biopohikool\/11-milline-seente-ehitus\/","title":{"rendered":"1.1. Milline on seente ehitus?"},"content":{"rendered":"<p>\n\tSeentel on sarnaseid ja erinevaid\u00a0 tunnuseid nii taimede kui loomadega ning seet\u00f5ttu paigutatakse seened omaette riiki.\n<\/p>\n<table class=\"table table-hover\" align=\"center\" border=\"1\" cellpadding=\"5\" cellspacing=\"0\" style=\"width: 100%\">\n<tbody>\n<tr>\n<td>\n\t\t\t\t\u00a0\n\t\t\t<\/td>\n<td style=\"text-align: center\">\n\t\t\t\t<strong>Sarnasused<\/strong>\n\t\t\t<\/td>\n<td style=\"text-align: center\">\n\t\t\t\t<strong id=\"yui_3_17_2_1_1695988366630_327\">Erinevused<\/strong>\n\t\t\t<\/td>\n<\/tr>\n<tr>\n<td>\n\t\t\t\t<strong>Seened ja loomad<\/strong>\n\t\t\t<\/td>\n<td>\n<ul>\n<li>\n\t\t\t\t\t\tEi sisalda klorof\u00fclli, toituvad orgaanilisest ainest, ei vaja toitumiseks valgust.\n\t\t\t\t\t<\/li>\n<li>\n\t\t\t\t\t\tVaruaineks on gl\u00fckogeen.\n\t\t\t\t\t<\/li>\n<\/ul>\n<\/td>\n<td>\n<ul>\n<li>\n\t\t\t\t\t\tLoomad liiguvad aktiivselt, seened ei liigu.\u00a0\n\t\t\t\t\t<\/li>\n<li>\n\t\t\t\t\t\tSelgroogsetel loomadel on sisemine toes, seentel toes puudub.\u00a0\n\t\t\t\t\t<\/li>\n<li>\n\t\t\t\t\t\tSelgroogsetel loomadel on koed, elundid ja elundkonnad, seentel aga puuduvad.\u00a0\u00a0\n\t\t\t\t\t<\/li>\n<li>\n\t\t\t\t\t\tSeened kasvavad kogu elu, loomad kuni suguk\u00fcpsuse saabumiseni.\n\t\t\t\t\t<\/li>\n<\/ul>\n<\/td>\n<\/tr>\n<tr>\n<td>\n\t\t\t\t<strong id=\"yui_3_17_2_1_1695988366630_338\">Seened ja taimed<\/strong>\n\t\t\t<\/td>\n<td>\n<ul>\n<li>\n\t\t\t\t\t\tM\u00f5lemal esineb \u00a0rakukest. Seente rakukest on kitiinist, taimede rakukest tselluloosist.\n\t\t\t\t\t<\/li>\n<li id=\"yui_3_17_2_1_1695988366630_376\">\n\t\t\t\t\t\tM\u00f5lemad kasvavad kogu elu.\n\t\t\t\t\t<\/li>\n<li>\n\t\t\t\t\t\tKasvavad \u00fchel kohal ega liigu aktiivselt.\n\t\t\t\t\t<\/li>\n<\/ul>\n<\/td>\n<td>\n<ul>\n<li id=\"yui_3_17_2_1_1695988366630_381\">\n\t\t\t\t\t\tTaimed fotos\u00fcnteesivad ja vajavad selleks valgust.\n\t\t\t\t\t<\/li>\n<li>\n\t\t\t\t\t\tSeened on enamasti \u00a0lagundajad (toituvad orgaanilisest ainest) ja ei vaja kasvamiseks valgust.\n\t\t\t\t\t<\/li>\n<li>\n\t\t\t\t\t\tTaimede varuaineks t\u00e4rklis, seentel gl\u00fckogeen.\n\t\t\t\t\t<\/li>\n<\/ul>\n<\/td>\n<\/tr>\n<\/tbody>\n<\/table>\n<p>\n\tHulkraksed seened koosnevad pikkadest peenetest\u00a0<strong>seeneniitidest<\/strong>\u00a0ehk\u00a0<strong>h\u00fc\u00fcfidest<\/strong>. Seeneniidid kasvavad mullas v\u00f5i teiste organismide sees, kus nad moodustavad\u00a0<strong>seeneniidistiku<\/strong>\u00a0ehk\u00a0<strong>m\u00fctseeli<\/strong>.\n<\/p>\n<p>\n\t<strong>Vaata videot:\u00a0<\/strong>\u201cMille poolest organismid \u00fcksteisest erinevad \u2013 seened, taimed ja loomad\u201d\n<\/p>\n<p>\n\t<\/p><div class=\"ratio ratio-16x9 mb-3\"><div class=\"video-placeholder-wrapper video-placeholder-wrapper--16x9\">\n\t\t\t    <div class=\"video-placeholder d-flex justify-content-center align-items-center\">\n\t\t\t        <div class=\"overlay text-white p-2 w-100 text-center d-block justify-content-center align-items-center\">\n\t\t\t            <div>Kolmandate osapoolte sisu n\u00e4gemiseks palun n\u00f5ustu k\u00fcpsistega.<\/div>\n\t\t\t            <button class=\"btn btn-secondary btn-sm mt-1 consent-change\">Muuda n\u00f5usolekut<\/button>\n\t\t\t        <\/div>\n\t\t\t    <\/div>\n\t\t\t<\/div>\n<\/div>\n","protected":false},"excerpt":{"rendered":"<p>Seentel on sarnaseid ja erinevaid\u00a0 tunnuseid nii taimede kui loomadega ning seet\u00f5ttu paigutatakse seened omaette riiki. \u00a0 Sarnasused Erinevused Seened ja loomad Ei sisalda klorof\u00fclli, toituvad orgaanilisest ainest, ei vaja toitumiseks valgust. Varuaineks on gl\u00fckogeen. Loomad liiguvad aktiivselt, seened ei &#8230;<\/p>\n","protected":false},"author":345,"featured_media":0,"parent":0,"menu_order":0,"comment_status":"closed","ping_status":"closed","template":"","meta":{"_acf_changed":false,"inline_featured_image":false,"footnotes":""},"class_list":["post-136","page","type-page","status-publish","hentry"],"acf":[],"_links":{"self":[{"href":"https:\/\/sisu.ut.ee\/biopohikool\/wp-json\/wp\/v2\/pages\/136","targetHints":{"allow":["GET"]}}],"collection":[{"href":"https:\/\/sisu.ut.ee\/biopohikool\/wp-json\/wp\/v2\/pages"}],"about":[{"href":"https:\/\/sisu.ut.ee\/biopohikool\/wp-json\/wp\/v2\/types\/page"}],"author":[{"embeddable":true,"href":"https:\/\/sisu.ut.ee\/biopohikool\/wp-json\/wp\/v2\/users\/345"}],"replies":[{"embeddable":true,"href":"https:\/\/sisu.ut.ee\/biopohikool\/wp-json\/wp\/v2\/comments?post=136"}],"version-history":[{"count":1,"href":"https:\/\/sisu.ut.ee\/biopohikool\/wp-json\/wp\/v2\/pages\/136\/revisions"}],"predecessor-version":[{"id":504,"href":"https:\/\/sisu.ut.ee\/biopohikool\/wp-json\/wp\/v2\/pages\/136\/revisions\/504"}],"wp:attachment":[{"href":"https:\/\/sisu.ut.ee\/biopohikool\/wp-json\/wp\/v2\/media?parent=136"}],"curies":[{"name":"wp","href":"https:\/\/api.w.org\/{rel}","templated":true}]}}