{"id":127,"date":"2024-04-04T08:55:03","date_gmt":"2024-04-04T05:55:03","guid":{"rendered":"https:\/\/sisu.ut.ee\/biopohikool\/moodul-1\/"},"modified":"2024-04-04T08:56:52","modified_gmt":"2024-04-04T05:56:52","slug":"moodul-1","status":"publish","type":"page","link":"https:\/\/sisu.ut.ee\/biopohikool\/moodul-1\/","title":{"rendered":"Moodul 1"},"content":{"rendered":"<h3>\n\t\u00d6koloogia ja keskkonnakaitse<br>\n<\/h3>\n<p>\n\t<img loading=\"lazy\" decoding=\"async\" width=\"500\" height=\"500\" class=\"alignnone wp-image-330\" style=\"width: 150px;height: 150px;margin: 10px 20px;float: left\" src=\"https:\/\/sisu.ut.ee\/wp-content\/uploads\/sites\/648\/moodul1.png\" title=\"moodul1.png\" alt=\"Moodul 1\" srcset=\"https:\/\/sisu.ut.ee\/wp-content\/uploads\/sites\/648\/moodul1.png 500w, https:\/\/sisu.ut.ee\/wp-content\/uploads\/sites\/648\/moodul1-300x300.png 300w, https:\/\/sisu.ut.ee\/wp-content\/uploads\/sites\/648\/moodul1-150x150.png 150w\" sizes=\"auto, (max-width: 500px) 100vw, 500px\">Esimene teema bioloogia p\u00f5hikooli kursusel annab \u00fclevaate \u00f6koloogiast ja keskkonnakaitsest.\n<\/p>\n<p>\n\t<strong>\u00d6koloogia<\/strong>\u00a0on teadus, mis uurib elusorganismide ja nende keskkonna omavahelisi suhteid.\n<\/p>\n<p>\n\t<strong>Keskkonnakaitse<\/strong>\u00a0on tegevus, mille abil kaitstakse nii inimese vahetut elukeskkonda kui ka loodust tervikuna inimtegevuse negatiivsete m\u00f5jude eest.\n<\/p>\n<p>\n\t\u00a0\n<\/p>\n<p>\n\t\u00a0\n<\/p>\n<p>\n\t<strong>P\u00e4rast materjali l\u00e4bit\u00f6\u00f6tamist peaksid oskama selgitada:<\/strong>\n<\/p>\n<ul>\n<li>\n\t\tmis on liik, populatsioon, kooslus, \u00f6kos\u00fcsteem ja biosf\u00e4\u00e4r;\n\t<\/li>\n<li>\n\t\tmillised tegurid m\u00f5jutavad organismi tema elupaigas;\n\t<\/li>\n<li>\n\t\tmillised on organismidevahelised suhted looduses;\n\t<\/li>\n<li>\n\t\tmille poolest erinevad toiduahelad toiduv\u00f5rgustikust;\n\t<\/li>\n<li>\n\t\tmiks on toitumissuhted p\u00fcramiidi kujuga; mis on \u00f6koloogiline tasakaal;\n\t<\/li>\n<li>\n\t\tmiks on bioloogiline mitmekesisus ehk elurikkus t\u00e4htis;\n\t<\/li>\n<li>\n\t\tkuidas kaitsta elurikkust.\n\t<\/li>\n<\/ul>\n","protected":false},"excerpt":{"rendered":"<p>\u00d6koloogia ja keskkonnakaitse Esimene teema bioloogia p\u00f5hikooli kursusel annab \u00fclevaate \u00f6koloogiast ja keskkonnakaitsest. \u00d6koloogia\u00a0on teadus, mis uurib elusorganismide ja nende keskkonna omavahelisi suhteid. Keskkonnakaitse\u00a0on tegevus, mille abil kaitstakse nii inimese vahetut elukeskkonda kui ka loodust tervikuna inimtegevuse negatiivsete m\u00f5jude eest. &#8230;<\/p>\n","protected":false},"author":345,"featured_media":0,"parent":0,"menu_order":0,"comment_status":"closed","ping_status":"closed","template":"","meta":{"_acf_changed":false,"inline_featured_image":false,"footnotes":""},"class_list":["post-127","page","type-page","status-publish","hentry"],"acf":[],"_links":{"self":[{"href":"https:\/\/sisu.ut.ee\/biopohikool\/wp-json\/wp\/v2\/pages\/127","targetHints":{"allow":["GET"]}}],"collection":[{"href":"https:\/\/sisu.ut.ee\/biopohikool\/wp-json\/wp\/v2\/pages"}],"about":[{"href":"https:\/\/sisu.ut.ee\/biopohikool\/wp-json\/wp\/v2\/types\/page"}],"author":[{"embeddable":true,"href":"https:\/\/sisu.ut.ee\/biopohikool\/wp-json\/wp\/v2\/users\/345"}],"replies":[{"embeddable":true,"href":"https:\/\/sisu.ut.ee\/biopohikool\/wp-json\/wp\/v2\/comments?post=127"}],"version-history":[{"count":1,"href":"https:\/\/sisu.ut.ee\/biopohikool\/wp-json\/wp\/v2\/pages\/127\/revisions"}],"predecessor-version":[{"id":513,"href":"https:\/\/sisu.ut.ee\/biopohikool\/wp-json\/wp\/v2\/pages\/127\/revisions\/513"}],"wp:attachment":[{"href":"https:\/\/sisu.ut.ee\/biopohikool\/wp-json\/wp\/v2\/media?parent=127"}],"curies":[{"name":"wp","href":"https:\/\/api.w.org\/{rel}","templated":true}]}}