{"id":124,"date":"2024-04-04T08:55:03","date_gmt":"2024-04-04T05:55:03","guid":{"rendered":"https:\/\/sisu.ut.ee\/biopohikool\/avaleht\/"},"modified":"2024-04-04T08:56:52","modified_gmt":"2024-04-04T05:56:52","slug":"avaleht","status":"publish","type":"page","link":"https:\/\/sisu.ut.ee\/biopohikool\/","title":{"rendered":"Avaleht"},"content":{"rendered":"<h2 dir=\"ltr\">\n\tTere tulemast!<br>\n<\/h2>\n<blockquote>\n<p dir=\"ltr\">\n\t\tKursus viidi l\u00e4bi aprill-mai 2023. aastal. Kursuse ettevalmistamist\u00a0ja l\u00e4biviimist toetas Haridus- ja Teadusministeerium.<br>Kursuse \u00f5ppematerjale saab kasutada iseseisvaks \u00f5ppimiseks.\n\t<\/p>\n<\/blockquote>\n<p dir=\"ltr\">\n\t<strong>Kursuse eesm\u00e4rgiks<\/strong> on anda s\u00fcstemaatiline \u00fclevaade p\u00f5hikooli bioloogias k\u00e4sitletavatest teemadest. Kursusel l\u00e4htutakse p\u00f5hikooli bioloogia ainekavast.\u00a0\n<\/p>\n<p dir=\"ltr\">\n\t\u201cBioloogia kursus p\u00f5hikooli\u00f5pilastele\u201d on m\u00f5eldud \u00f5pilastele, kes on omandatud esmased teadmised p\u00f5hikooli bioloogia kursustest\u00a0ja on huvitatud \u00f5pitu \u00fclekordamisest.\n<\/p>\n<p dir=\"ltr\">\n\t<strong>\u00d5piv\u00e4ljundid<\/strong>\n<\/p>\n<p dir=\"ltr\">\n\tKursuse l\u00e4binud \u00f5pilane<br>1) oskab seostada selgroogsete ja selgrootute loomade v\u00e4lis- ja siseehitust nende elupaiga ja eluviisiga;<br>2) v\u00f5rdleb eri taimer\u00fchmadele iseloomulikku v\u00e4lisehitust, paljunemisviisi, kasvukohta ja levikut;<br>3) kirjeldab seente ehituse ja talitluse mitmekesisust ning toob selle kohta n\u00e4iteid;<br>4) selgitab bakterite ja algloomade levikut erinevates elupaikades, ehitust ja talitlust ning t\u00e4htsust looduses;<br>5) selgitab elus ja eluta looduse tegurite m\u00f5ju eri organismir\u00fchmadele,<br>6) selgitab populatsioonide, liikide, \u00f6kos\u00fcsteemide ja biosf\u00e4\u00e4ri struktuuri ning v\u00e4\u00e4rtustab bioloogilist mitmekesisust;<br>7) seostab inimese elundkondi nende p\u00f5hi\u00fclesannetega;<br>8) anal\u00fc\u00fcsib p\u00e4rilikkuse ja muutlikkuse osa inimese tunnuste n\u00e4itel;<br>9) selgitab bioloogilise evolutsiooni olemust ja toob selle kohta n\u00e4iteid.\n<\/p>\n<p dir=\"ltr\">\n\t\u00a0\n<\/p>\n<blockquote>\n<h4>\n\t\tMoodulid ja teemad<br>\n\t<\/h4>\n<ol>\n<li>\n\t\t\t\u00d6koloogia ja keskkonnakaitse\n\t\t<\/li>\n<li>\n\t\t\tViirused, bakterid ja algloomad\n\t\t<\/li>\n<li>\n\t\t\tSelgrootud loomad\n\t\t<\/li>\n<li>\n\t\t\tSelgroogsed loomad\n\t\t<\/li>\n<li>\n\t\t\tTaimed\n\t\t<\/li>\n<li>\n\t\t\tSeened ja samblikud\n\t\t<\/li>\n<li>\n\t\t\tInimese anatoomia\n\t\t<\/li>\n<li>\n\t\t\tP\u00e4rilikkus ja evolutsioon\n\t\t<\/li>\n<\/ol>\n<\/blockquote>\n<p>\n\tIga mooduli l\u00f5pus on harjutus\u00fclesanded iseseisvaks lahendamiseks.\n<\/p>\n<p>\n\tKursuse \u00f5ppematerjalid on kokku pannud Ana Valdmann (PhD).\n<\/p>\n<p dir=\"ltr\">\n\t\u00a0<\/p>\n","protected":false},"excerpt":{"rendered":"<p>Tere tulemast! Kursus viidi l\u00e4bi aprill-mai 2023. aastal. Kursuse ettevalmistamist\u00a0ja l\u00e4biviimist toetas Haridus- ja Teadusministeerium.Kursuse \u00f5ppematerjale saab kasutada iseseisvaks \u00f5ppimiseks. Kursuse eesm\u00e4rgiks on anda s\u00fcstemaatiline \u00fclevaade p\u00f5hikooli bioloogias k\u00e4sitletavatest teemadest. Kursusel l\u00e4htutakse p\u00f5hikooli bioloogia ainekavast.\u00a0 \u201cBioloogia kursus p\u00f5hikooli\u00f5pilastele\u201d on m\u00f5eldud &#8230;<\/p>\n","protected":false},"author":345,"featured_media":0,"parent":0,"menu_order":0,"comment_status":"closed","ping_status":"closed","template":"","meta":{"_acf_changed":false,"inline_featured_image":false,"footnotes":""},"class_list":["post-124","page","type-page","status-publish","hentry"],"acf":[],"_links":{"self":[{"href":"https:\/\/sisu.ut.ee\/biopohikool\/wp-json\/wp\/v2\/pages\/124","targetHints":{"allow":["GET"]}}],"collection":[{"href":"https:\/\/sisu.ut.ee\/biopohikool\/wp-json\/wp\/v2\/pages"}],"about":[{"href":"https:\/\/sisu.ut.ee\/biopohikool\/wp-json\/wp\/v2\/types\/page"}],"author":[{"embeddable":true,"href":"https:\/\/sisu.ut.ee\/biopohikool\/wp-json\/wp\/v2\/users\/345"}],"replies":[{"embeddable":true,"href":"https:\/\/sisu.ut.ee\/biopohikool\/wp-json\/wp\/v2\/comments?post=124"}],"version-history":[{"count":1,"href":"https:\/\/sisu.ut.ee\/biopohikool\/wp-json\/wp\/v2\/pages\/124\/revisions"}],"predecessor-version":[{"id":516,"href":"https:\/\/sisu.ut.ee\/biopohikool\/wp-json\/wp\/v2\/pages\/124\/revisions\/516"}],"wp:attachment":[{"href":"https:\/\/sisu.ut.ee\/biopohikool\/wp-json\/wp\/v2\/media?parent=124"}],"curies":[{"name":"wp","href":"https:\/\/api.w.org\/{rel}","templated":true}]}}