{"id":118,"date":"2024-04-04T08:55:02","date_gmt":"2024-04-04T05:55:02","guid":{"rendered":"https:\/\/sisu.ut.ee\/biopohikool\/8-elu-tekkimine-ning-taime-ja-loomariigi-evolutsioon\/"},"modified":"2024-04-04T08:56:53","modified_gmt":"2024-04-04T05:56:53","slug":"8-elu-tekkimine-ning-taime-ja-loomariigi-evolutsioon","status":"publish","type":"page","link":"https:\/\/sisu.ut.ee\/biopohikool\/8-elu-tekkimine-ning-taime-ja-loomariigi-evolutsioon\/","title":{"rendered":"8. Elu tekkimine ning taime- ja loomariigi evolutsioon"},"content":{"rendered":"<h4>\n\tKus ja millal tekkis elu?<br>\n<\/h4>\n<ul>\n<li>\n\t\tMaa tekkis umbes 4,5 miljardit aastat tagasi.\n\t<\/li>\n<li>\n\t\tEsimesed elusolendid umbes 4 miljardit aastat tagasi.\n\t<\/li>\n<li>\n\t\tElu tekkis \u00fcrgookeanis.\n\t<\/li>\n<li>\n\t\tEsimesed organismid olid \u00fcherakulised, eeltuumsed, mittefotos\u00fcnteesivad, bakteritesarnased.\n\t<\/li>\n<li>\n\t\tTs\u00fcnobakterite elutegevuse tulemusena hakkas Maa atmosf\u00e4\u00e4ri lisanduma hapnikku.\n\t<\/li>\n<li>\n\t\tHiljem arenesid bakteritest lihtsad tuumaga \u00fcherakulised organismid.\n\t<\/li>\n<li>\n\t\tEsimesed hulkraksed organismid v\u00f5isid olla vetikad.\n\t<\/li>\n<\/ul>\n<p>\n\t<img loading=\"lazy\" decoding=\"async\" width=\"665\" height=\"522\" class=\"alignnone wp-image-328\" style=\"width: 665px;height: 522px\" src=\"https:\/\/sisu.ut.ee\/wp-content\/uploads\/sites\/648\/evolutsioon.png\" title=\"Joonis. Evolutsioon\" alt=\"Evolutsioon\" srcset=\"https:\/\/sisu.ut.ee\/wp-content\/uploads\/sites\/648\/evolutsioon.png 665w, https:\/\/sisu.ut.ee\/wp-content\/uploads\/sites\/648\/evolutsioon-300x235.png 300w\" sizes=\"auto, (max-width: 665px) 100vw, 665px\">\n<\/p>\n<p>\n\t\u00a0\n<\/p>\n<h4>\n\tKuidas kulges taimede ja loomade evolutsioon?<br>\n<\/h4>\n<table class=\"table table-hover\" border=\"1\" cellpadding=\"5\" cellspacing=\"0\" style=\"width: 100%\">\n<thead>\n<tr>\n<th scope=\"col\">\n<p>\n\t\t\t\t\tAegkond\n\t\t\t\t<\/p>\n<\/th>\n<th scope=\"col\">\n<p>\n\t\t\t\t\tMuutused taimeriigis\n\t\t\t\t<\/p>\n<\/th>\n<th scope=\"col\">\n<p>\n\t\t\t\t\tMuutused loomariigis\n\t\t\t\t<\/p>\n<\/th>\n<\/tr>\n<\/thead>\n<tbody>\n<tr>\n<td valign=\"top\" width=\"154\">\n<p>\n\t\t\t\t\t<strong>Uusaegkond<\/strong>\n\t\t\t\t<\/p>\n<p>\n\t\t\t\t\t65 mln a tagasi\n\t\t\t\t<\/p>\n<\/td>\n<td valign=\"top\" width=\"154\">\n<ul>\n<li>\n\t\t\t\t\t\t\u00d5istaimede levimine ja mitmekesistumine\n\t\t\t\t\t<\/li>\n<\/ul>\n<\/td>\n<td valign=\"top\" width=\"154\">\n<ul>\n<li>\n\t\t\t\t\t\tEsimese inimese ilmumine Maale umbes 2 miljonit aastat tagasi.\n\t\t\t\t\t<\/li>\n<li>\n\t\t\t\t\t\tImetajate, lindude, kalade, putukate levimine ja mitmekesistumine\n\t\t\t\t\t<\/li>\n<\/ul>\n<\/td>\n<\/tr>\n<tr>\n<td valign=\"top\" width=\"154\">\n<p>\n\t\t\t\t\t<strong>Keskaegkond<\/strong>\n\t\t\t\t<\/p>\n<p>\n\t\t\t\t\t230 mln a tagasi\n\t\t\t\t<\/p>\n<\/td>\n<td valign=\"top\" width=\"154\">\n<ul>\n<li>\n\t\t\t\t\t\t\u00d5istaimede ilmumine\n\t\t\t\t\t<\/li>\n<li>\n\t\t\t\t\t\tPaljasseemnetaimede levimine ja mitmekesistumine\n\t\t\t\t\t<\/li>\n<\/ul>\n<\/td>\n<td valign=\"top\" width=\"154\">\n<ul>\n<li>\n\t\t\t\t\t\tHiidroomajate v\u00e4ljasuremine\n\t\t\t\t\t<\/li>\n<li>\n\t\t\t\t\t\tEsimeste lindude ilmumine\n\t\t\t\t\t<\/li>\n<li>\n\t\t\t\t\t\tEsimeste imetajate (hiiretaoliste) ilmumine\n\t\t\t\t\t<\/li>\n<li>\n\t\t\t\t\t\tHiidroomajate\u00a0 (sauruste) levimine\n\t\t\t\t\t<\/li>\n<\/ul>\n<\/td>\n<\/tr>\n<tr>\n<td valign=\"top\" width=\"154\">\n<p>\n\t\t\t\t\t<strong>Vanaaegkond<\/strong>\n\t\t\t\t<\/p>\n<p>\n\t\t\t\t\t600 mln a tagasi\n\t\t\t\t<\/p>\n<\/td>\n<td valign=\"top\" width=\"154\">\n<ul>\n<li>\n\t\t\t\t\t\tEsimesed paljasseemnetaimed\n\t\t\t\t\t<\/li>\n<li>\n\t\t\t\t\t\tS\u00f5najalgtaimede metsad\n\t\t\t\t\t<\/li>\n<li>\n\t\t\t\t\t\tEsimesed maismaataimed \u2013\u00fcrgraikad\n\t\t\t\t\t<\/li>\n<li>\n\t\t\t\t\t\tMerevetikate levimine\n\t\t\t\t\t<\/li>\n<\/ul>\n<\/td>\n<td valign=\"top\" width=\"154\">\n<ul>\n<li>\n\t\t\t\t\t\tEsimeste roomajate ilmumine ja levik\n\t\t\t\t\t<\/li>\n<li>\n\t\t\t\t\t\tKahepaiksete ilmumine ja levik\n\t\t\t\t\t<\/li>\n<li>\n\t\t\t\t\t\tEsimesed maismaaselgrootud (hulkjalgsed, \u00e4mblikud, putukad).\n\t\t\t\t\t<\/li>\n<li>\n\t\t\t\t\t\tEsimeste selgroogsete ilmumine (kilpr\u00fc\u00fckalad)\n\t\t\t\t\t<\/li>\n<li>\n\t\t\t\t\t\tPea- ja l\u00fclijalgsete areng\n\t\t\t\t\t<\/li>\n<li>\n\t\t\t\t\t\tMereselgrootud (k\u00e4snad, meduusid, trilobiidid).\n\t\t\t\t\t<\/li>\n<\/ul>\n<\/td>\n<\/tr>\n<tr>\n<td valign=\"top\" width=\"154\">\n<p>\n\t\t\t\t\t<strong>Aguaegkond<\/strong>\n\t\t\t\t<\/p>\n<p>\n\t\t\t\t\t2600mln a tagasi\n\t\t\t\t<\/p>\n<\/td>\n<td colspan=\"2\" valign=\"top\" width=\"308\">\n<ul>\n<li>\n\t\t\t\t\t\tEsimeste hulkraksete ilmumine: vetikad ja selgrootud\n\t\t\t\t\t<\/li>\n<li>\n\t\t\t\t\t\tP\u00e4ristuumsete organismide teke\n\t\t\t\t\t<\/li>\n<\/ul>\n<\/td>\n<\/tr>\n<tr>\n<td valign=\"top\" width=\"154\">\n<p>\n\t\t\t\t\t<strong>\u00dcrgaegkond<\/strong>\n\t\t\t\t<\/p>\n<\/td>\n<td colspan=\"2\" valign=\"top\" width=\"308\">\n<ul>\n<li>\n\t\t\t\t\t\tTuumata \u00fcherakuliste bakterisarnaste organismide teke\n\t\t\t\t\t<\/li>\n<li>\n\t\t\t\t\t\tElu arenes vees\n\t\t\t\t\t<\/li>\n<\/ul>\n<\/td>\n<\/tr>\n<\/tbody>\n<\/table>\n<p>\u00a0<\/p>\n<blockquote>\n<h4>\n\t\tVaata videot:<br>\n\t<\/h4>\n<p>\n\t\t<\/p><div class=\"ratio ratio-16x9 mb-3\"><div class=\"video-placeholder-wrapper video-placeholder-wrapper--16x9\">\n\t\t\t    <div class=\"video-placeholder d-flex justify-content-center align-items-center\">\n\t\t\t        <div class=\"overlay text-white p-2 w-100 text-center d-block justify-content-center align-items-center\">\n\t\t\t            <div>Kolmandate osapoolte sisu n\u00e4gemiseks palun n\u00f5ustu k\u00fcpsistega.<\/div>\n\t\t\t            <button class=\"btn btn-secondary btn-sm mt-1 consent-change\">Muuda n\u00f5usolekut<\/button>\n\t\t\t        <\/div>\n\t\t\t    <\/div>\n\t\t\t<\/div>\n<\/div>\n\t\n<\/blockquote>\n","protected":false},"excerpt":{"rendered":"<p>Kus ja millal tekkis elu? Maa tekkis umbes 4,5 miljardit aastat tagasi. Esimesed elusolendid umbes 4 miljardit aastat tagasi. Elu tekkis \u00fcrgookeanis. Esimesed organismid olid \u00fcherakulised, eeltuumsed, mittefotos\u00fcnteesivad, bakteritesarnased. Ts\u00fcnobakterite elutegevuse tulemusena hakkas Maa atmosf\u00e4\u00e4ri lisanduma hapnikku. Hiljem arenesid bakteritest &#8230;<\/p>\n","protected":false},"author":345,"featured_media":0,"parent":0,"menu_order":0,"comment_status":"closed","ping_status":"closed","template":"","meta":{"_acf_changed":false,"inline_featured_image":false,"footnotes":""},"class_list":["post-118","page","type-page","status-publish","hentry"],"acf":[],"_links":{"self":[{"href":"https:\/\/sisu.ut.ee\/biopohikool\/wp-json\/wp\/v2\/pages\/118","targetHints":{"allow":["GET"]}}],"collection":[{"href":"https:\/\/sisu.ut.ee\/biopohikool\/wp-json\/wp\/v2\/pages"}],"about":[{"href":"https:\/\/sisu.ut.ee\/biopohikool\/wp-json\/wp\/v2\/types\/page"}],"author":[{"embeddable":true,"href":"https:\/\/sisu.ut.ee\/biopohikool\/wp-json\/wp\/v2\/users\/345"}],"replies":[{"embeddable":true,"href":"https:\/\/sisu.ut.ee\/biopohikool\/wp-json\/wp\/v2\/comments?post=118"}],"version-history":[{"count":1,"href":"https:\/\/sisu.ut.ee\/biopohikool\/wp-json\/wp\/v2\/pages\/118\/revisions"}],"predecessor-version":[{"id":522,"href":"https:\/\/sisu.ut.ee\/biopohikool\/wp-json\/wp\/v2\/pages\/118\/revisions\/522"}],"wp:attachment":[{"href":"https:\/\/sisu.ut.ee\/biopohikool\/wp-json\/wp\/v2\/media?parent=118"}],"curies":[{"name":"wp","href":"https:\/\/api.w.org\/{rel}","templated":true}]}}