{"id":115,"date":"2024-04-04T08:55:02","date_gmt":"2024-04-04T05:55:02","guid":{"rendered":"https:\/\/sisu.ut.ee\/biopohikool\/5-geneetiliselt-muundatud-organismid\/"},"modified":"2024-04-04T08:56:53","modified_gmt":"2024-04-04T05:56:53","slug":"5-geneetiliselt-muundatud-organismid","status":"publish","type":"page","link":"https:\/\/sisu.ut.ee\/biopohikool\/5-geneetiliselt-muundatud-organismid\/","title":{"rendered":"5. Geneetiliselt muundatud organismid"},"content":{"rendered":"<h4>\n\t<strong id=\"yui_3_17_2_1_1704297933078_45\">Millega tegeleb geenitehnoloogia?<\/strong><br>\n<\/h4>\n<p>\n\t<strong>Geenitehnoloogia\u00a0<\/strong>tegeleb geenide siirdamisega \u00fchelt organismilt teisele.\n<\/p>\n<p>\n\tV\u00f5imalik on siirata:\n<\/p>\n<ul>\n<li>\n\t\t<strong>sama liigi\u00a0<\/strong>isendilt v\u00f5etud geene (n\u00e4iteks haigust p\u00f5hjustav geen asendatakse nn terve geeniga);\n\t<\/li>\n<li>\n\t\t<strong>teise liigi<\/strong>\u00a0geene. Sellisel juhul saame transgeensed ehk geneetiliselt muundatud organismid.\n\t<\/li>\n<\/ul>\n<h4>\n\tKuidas organisme geneetiliselt muundatakse?<br>\n<\/h4>\n<p>\n\t1.\u00a0 \u00a0Valitakse tunnus, mida soovitakse muuta.\n<\/p>\n<p>\n\t2.\u00a0 \u00a0\u00a0\u00dchest organismist isoleeritakse seda tunnust m\u00e4\u00e4rav geen.\n<\/p>\n<p>\n\t3.\u00a0 \u00a0\u00a0See geen siirdatakse teise, muudetava organismi kromosoomi.\n<\/p>\n<p>\n\t4.\u00a0 \u00a0\u00a0Uue geeniga organism hakkab tootma valku, mida see geen m\u00e4\u00e4rab.\n<\/p>\n<h4>\n\tMiks luuakse transgeenseid baktereid, taimi ja loomi?<br>\n<\/h4>\n<p>\n\t<strong>Transgeensete bakteritega<\/strong>\u00a0toodetakse erinevaid ravimeid (insuliini, v\u00e4hiravimeid, s\u00fcdameinfarkti ravimeid, interferooni), kasvuhormoone, antibiootikume, toidulisandeid.\n<\/p>\n<p>\n\t<strong>Kultuurtaimedel\u00a0<\/strong>parandatakse haiguskindlust ja vastupidavust kahjuritele, umbrohut\u00f5rjevahenditele, k\u00fclmale, p\u00f5uale. Parandatakse taimede toitev\u00e4\u00e4rtust.\n<\/p>\n<p>\n\t<strong>Transgeensete loomade\u00a0<\/strong>abil toodetakse m\u00f5ningaid inimese raviks vajalikke valke. Transgeenseid loomi kasutatakse ka mudelorganismidena, et uurida inimesel esinevaid p\u00e4rilikke haigusi.<\/p>\n","protected":false},"excerpt":{"rendered":"<p>Millega tegeleb geenitehnoloogia? Geenitehnoloogia\u00a0tegeleb geenide siirdamisega \u00fchelt organismilt teisele. V\u00f5imalik on siirata: sama liigi\u00a0isendilt v\u00f5etud geene (n\u00e4iteks haigust p\u00f5hjustav geen asendatakse nn terve geeniga); teise liigi\u00a0geene. Sellisel juhul saame transgeensed ehk geneetiliselt muundatud organismid. Kuidas organisme geneetiliselt muundatakse? 1.\u00a0 \u00a0Valitakse &#8230;<\/p>\n","protected":false},"author":345,"featured_media":0,"parent":0,"menu_order":0,"comment_status":"closed","ping_status":"closed","template":"","meta":{"_acf_changed":false,"inline_featured_image":false,"footnotes":""},"class_list":["post-115","page","type-page","status-publish","hentry"],"acf":[],"_links":{"self":[{"href":"https:\/\/sisu.ut.ee\/biopohikool\/wp-json\/wp\/v2\/pages\/115","targetHints":{"allow":["GET"]}}],"collection":[{"href":"https:\/\/sisu.ut.ee\/biopohikool\/wp-json\/wp\/v2\/pages"}],"about":[{"href":"https:\/\/sisu.ut.ee\/biopohikool\/wp-json\/wp\/v2\/types\/page"}],"author":[{"embeddable":true,"href":"https:\/\/sisu.ut.ee\/biopohikool\/wp-json\/wp\/v2\/users\/345"}],"replies":[{"embeddable":true,"href":"https:\/\/sisu.ut.ee\/biopohikool\/wp-json\/wp\/v2\/comments?post=115"}],"version-history":[{"count":1,"href":"https:\/\/sisu.ut.ee\/biopohikool\/wp-json\/wp\/v2\/pages\/115\/revisions"}],"predecessor-version":[{"id":525,"href":"https:\/\/sisu.ut.ee\/biopohikool\/wp-json\/wp\/v2\/pages\/115\/revisions\/525"}],"wp:attachment":[{"href":"https:\/\/sisu.ut.ee\/biopohikool\/wp-json\/wp\/v2\/media?parent=115"}],"curies":[{"name":"wp","href":"https:\/\/api.w.org\/{rel}","templated":true}]}}