{"id":107,"date":"2024-04-04T08:55:01","date_gmt":"2024-04-04T05:55:01","guid":{"rendered":"https:\/\/sisu.ut.ee\/biopohikool\/9-meeleelundid\/"},"modified":"2024-04-04T08:56:53","modified_gmt":"2024-04-04T05:56:53","slug":"9-meeleelundid","status":"publish","type":"page","link":"https:\/\/sisu.ut.ee\/biopohikool\/9-meeleelundid\/","title":{"rendered":"9. Meeleelundid"},"content":{"rendered":"<h4>\n\t9.1.\u00a0Millised meeleelundid on inimesel?<br>\n<\/h4>\n<p>\n\tMeeleelundite hulka kuuluvad:\n<\/p>\n<ul>\n<li>\n\t\tn\u00e4gemiselund- silm\n\t<\/li>\n<li>\n\t\tkuulmis- ja tasakaaluelund \u2013k\u00f5rv\n\t<\/li>\n<li>\n\t\thaistmiselund\u00a0 \u2013 nina\u00f5\u00f5s\n\t<\/li>\n<li>\n\t\tmaitsmiselund \u2013 keelel maitsmisn\u00e4sad\n\t<\/li>\n<li>\n\t\tkompimiselund- naha retseptorid\n\t<\/li>\n<\/ul>\n<p>\n\tMeeleelundite \u00fclesanne on v\u00f5tta keskkonnast vastu informatsiooni. Meeleelundite tunderakkudes ehk retseptorites tekib vastuseks v\u00e4lisele \u00e4rritusele n\u00e4rviimpulss. Retseptoritest liigub n\u00e4rviimpulss m\u00f6\u00f6da n\u00e4rve ajusse, kus seda anal\u00fc\u00fcsitakse, ning seej\u00e4rel organism reageerib vastavalt \u00e4rritusele.\n<\/p>\n<p>\n\tMeeleelundid aitavad tajuda \u00fcmbrust, v\u00f5tta vastu otsuseid ja s\u00e4ilitada kontakti keskkonnaga.\n<\/p>\n<h4>\n\t9.2.\u00a0Milline on silma ehitus?<br>\n<\/h4>\n<p>Tabel. Silma osade \u00fclesanded<br>\u00a0<\/p>\n<table class=\"table table-hover\" border=\"1\" cellpadding=\"5\" cellspacing=\"0\" width=\"643\">\n<thead>\n<tr>\n<th scope=\"col\">\n<p>\n\t\t\t\t\t<strong>Silma osa<\/strong>\n\t\t\t\t<\/p>\n<\/th>\n<th scope=\"col\">\n<p>\n\t\t\t\t\t<strong>\u00dclesanne<\/strong>\n\t\t\t\t<\/p>\n<\/th>\n<\/tr>\n<\/thead>\n<tbody>\n<tr>\n<td valign=\"top\" width=\"176\">\n<p>\n\t\t\t\t\tsarvkest\n\t\t\t\t<\/p>\n<\/td>\n<td valign=\"top\" width=\"467\">\n<p>\n\t\t\t\t\tAitab koondada valguskiiri l\u00e4\u00e4tsele.\n\t\t\t\t<\/p>\n<\/td>\n<\/tr>\n<tr>\n<td valign=\"top\" width=\"176\">\n<p>\n\t\t\t\t\tvesivedelik\n\t\t\t\t<\/p>\n<\/td>\n<td valign=\"top\" width=\"467\">\n<p>\n\t\t\t\t\tKaitseb l\u00e4\u00e4tse.\n\t\t\t\t<\/p>\n<\/td>\n<\/tr>\n<tr>\n<td valign=\"top\" width=\"176\">\n<p>\n\t\t\t\t\tsilmaava\n\t\t\t\t<\/p>\n<\/td>\n<td valign=\"top\" width=\"467\">\n<p>\n\t\t\t\t\tSiit kaudu p\u00e4\u00e4sevad valguskiired l\u00e4\u00e4tsele. Reguleerib silma langeva valguse hulka, eredas valguses see aheneb ja h\u00e4maras suureneb.\n\t\t\t\t<\/p>\n<\/td>\n<\/tr>\n<tr>\n<td valign=\"top\" width=\"176\">\n<p>\n\t\t\t\t\tvikerkest\n\t\t\t\t<\/p>\n<\/td>\n<td valign=\"top\" width=\"467\">\n<p>\n\t\t\t\t\tReguleerib silmaava suurust.\n\t\t\t\t<\/p>\n<\/td>\n<\/tr>\n<tr>\n<td valign=\"top\" width=\"176\">\n<p>\n\t\t\t\t\tsilmal\u00e4\u00e4ts\n\t\t\t\t<\/p>\n<\/td>\n<td valign=\"top\" width=\"467\">\n<p>\n\t\t\t\t\tMurrab valguskiiri, nii et need koonduksid \u00fchte punkti v\u00f5rkkestal.\n\t\t\t\t<\/p>\n<\/td>\n<\/tr>\n<tr>\n<td valign=\"top\" width=\"176\">\n<p>\n\t\t\t\t\tripslihas\n\t\t\t\t<\/p>\n<\/td>\n<td valign=\"top\" width=\"467\">\n<p>\n\t\t\t\t\tMuudab l\u00e4\u00e4tse kuju.\n\t\t\t\t<\/p>\n<\/td>\n<\/tr>\n<tr>\n<td valign=\"top\" width=\"176\">\n<p>\n\t\t\t\t\tk\u00f5vakest\n\t\t\t\t<\/p>\n<\/td>\n<td valign=\"top\" width=\"467\">\n<p>\n\t\t\t\t\tKatab silmamuna tagantpoolt.\n\t\t\t\t<\/p>\n<\/td>\n<\/tr>\n<tr>\n<td valign=\"top\" width=\"176\">\n<p>\n\t\t\t\t\tsoonkest\n\t\t\t\t<\/p>\n<\/td>\n<td valign=\"top\" width=\"467\">\n<p>\n\t\t\t\t\tVarustab silma rakke hapniku ja toitainetega.\n\t\t\t\t<\/p>\n<\/td>\n<\/tr>\n<tr>\n<td valign=\"top\" width=\"176\">\n<p>\n\t\t\t\t\tv\u00f5rkkest\n\t\t\t\t<\/p>\n<\/td>\n<td valign=\"top\" width=\"467\">\n<p>\n\t\t\t\t\tSisaldab valgustundlikke rakke. Kujutis tekib v\u00f5rkkestale v\u00e4hendatud ja \u00fcmberp\u00f6\u00f6ratud kujul.\n\t\t\t\t<\/p>\n<\/td>\n<\/tr>\n<tr>\n<td valign=\"top\" width=\"176\">\n<p>\n\t\t\t\t\tpimet\u00e4hn\n\t\t\t\t<\/p>\n<\/td>\n<td valign=\"top\" width=\"467\">\n<p>\n\t\t\t\t\tKoht v\u00f5rkkestal, kus pole valgustundlikke rakke,\u00a0siit\u00a0algab n\u00e4gemisn\u00e4rv.\n\t\t\t\t<\/p>\n<\/td>\n<\/tr>\n<tr>\n<td valign=\"top\" width=\"176\">\n<p>\n\t\t\t\t\tkollat\u00e4hn\n\t\t\t\t<\/p>\n<\/td>\n<td valign=\"top\" width=\"467\">\n<p>\n\t\t\t\t\tKoht v\u00f5rkkestal pupilli vastas, kus n\u00e4gemisteravus on k\u00f5ige suurem.\n\t\t\t\t<\/p>\n<\/td>\n<\/tr>\n<tr>\n<td valign=\"top\" width=\"176\">\n<p>\n\t\t\t\t\tn\u00e4gemisn\u00e4rv\n\t\t\t\t<\/p>\n<\/td>\n<td valign=\"top\" width=\"467\">\n<p>\n\t\t\t\t\tJuhib n\u00e4rviimpulsid ajusse.\n\t\t\t\t<\/p>\n<\/td>\n<\/tr>\n<tr>\n<td valign=\"top\" width=\"176\">\n<p>\n\t\t\t\t\tklaaskeha\n\t\t\t\t<\/p>\n<\/td>\n<td valign=\"top\" width=\"467\">\n<p>\n\t\t\t\t\tAitab koondada valguskiiri.\n\t\t\t\t<\/p>\n<\/td>\n<\/tr>\n<\/tbody>\n<\/table>\n<p>\n\t\u00a0\n<\/p>\n<p>\n\tV\u00f5rkkestas on kahte t\u00fc\u00fcpi valgustundlikke n\u00e4rvirakke:\n<\/p>\n<p>\n\ta)\u00a0<strong>kolvikesed<\/strong>, mis v\u00f5imaldavad n\u00e4gemist p\u00e4evavalguses, eristavad v\u00e4rve;\n<\/p>\n<p>\n\tb)\u00a0<strong>kepikesed<\/strong>, mis v\u00f5imaldavad n\u00e4gemist ka n\u00f5rgas valguses, eristades objektide heledust ja tumedust.\n<\/p>\n<p style=\"text-align: center\">\n\t<img loading=\"lazy\" decoding=\"async\" width=\"900\" height=\"495\" class=\"alignnone wp-image-299\" style=\"width: 600px;height: 330px\" src=\"https:\/\/sisu.ut.ee\/wp-content\/uploads\/sites\/648\/silm.png\" title=\"Joonis. Silma ehitus\" alt=\"Joonis. Silma ehitus\" srcset=\"https:\/\/sisu.ut.ee\/wp-content\/uploads\/sites\/648\/silm.png 900w, https:\/\/sisu.ut.ee\/wp-content\/uploads\/sites\/648\/silm-300x165.png 300w, https:\/\/sisu.ut.ee\/wp-content\/uploads\/sites\/648\/silm-768x422.png 768w\" sizes=\"auto, (max-width: 900px) 100vw, 900px\">\n<\/p>\n<p>\u00a0<\/p>\n<h4>\n\t9.3. Mis on l\u00fchi- ja mis kaugelen\u00e4gevus?<br>\n<\/h4>\n<table class=\"table table-hover\" border=\"1\" cellpadding=\"5\" cellspacing=\"0\">\n<thead>\n<tr>\n<th scope=\"col\">\n<p align=\"center\">\n\t\t\t\t\t<strong>L\u00fchin\u00e4gevus<\/strong>\n\t\t\t\t<\/p>\n<\/th>\n<th scope=\"col\">\n<p align=\"center\">\n\t\t\t\t\t<strong>Kaugelen\u00e4gevus<\/strong>\n\t\t\t\t<\/p>\n<\/th>\n<\/tr>\n<\/thead>\n<tbody>\n<tr>\n<td valign=\"top\" width=\"308\">\n<p>\n\t\t\t\t\tL\u00e4hedale n\u00e4eb h\u00e4sti, kaugele ebateravalt\n\t\t\t\t<\/p>\n<p>\n\t\t\t\t\tP\u00f5hjused:\n\t\t\t\t<\/p>\n<ul>\n<li style=\"margin-left: 40px\">\n\t\t\t\t\t\tsilmal\u00e4\u00e4ts liiga kumer v\u00f5i silmamuna liiga pikergune\n\t\t\t\t\t<\/li>\n<li style=\"margin-left: 40px\">\n\t\t\t\t\t\tkujutis tekib v\u00f5rkkesta ette\n\t\t\t\t\t<\/li>\n<\/ul>\n<p>\n\t\t\t\t\tH\u00e4ire parandamine:\n\t\t\t\t<\/p>\n<p>\n\t\t\t\t\tkanda n\u00f5gusate ehk miinusklaasidega (-) prille\n\t\t\t\t<\/p>\n<p>\n\t\t\t\t\t<img loading=\"lazy\" decoding=\"async\" width=\"357\" height=\"292\" class=\"alignnone wp-image-300\" src=\"https:\/\/sisu.ut.ee\/wp-content\/uploads\/sites\/648\/luhinagevus.png\" title=\"Joonis. L\u00fchin\u00e4gevus\" alt=\"Joonis. L\u00fchin\u00e4gevus\" srcset=\"https:\/\/sisu.ut.ee\/wp-content\/uploads\/sites\/648\/luhinagevus.png 357w, https:\/\/sisu.ut.ee\/wp-content\/uploads\/sites\/648\/luhinagevus-300x245.png 300w\" sizes=\"auto, (max-width: 357px) 100vw, 357px\">\n\t\t\t\t<\/p>\n<\/td>\n<td valign=\"top\" width=\"308\">\n<p>\n\t\t\t\t\tKaugele n\u00e4eb h\u00e4sti, l\u00e4hedale ebateravalt\n\t\t\t\t<\/p>\n<p>\n\t\t\t\t\tP\u00f5hjused:\n\t\t\t\t<\/p>\n<ul>\n<li>\n\t\t\t\t\t\tsilmal\u00e4\u00e4ts liiga lame v\u00f5i silmamuna normaalsest l\u00fchem\n\t\t\t\t\t<\/li>\n<li>\n\t\t\t\t\t\tkujutis tekib v\u00f5rkkesta taha\n\t\t\t\t\t<\/li>\n<\/ul>\n<p>\n\t\t\t\t\tH\u00e4ire parandamine:\n\t\t\t\t<\/p>\n<p>\n\t\t\t\t\tkanda kumerate ehk plussklaasidega (+) prille\n\t\t\t\t<\/p>\n<p>\n\t\t\t\t\t<img loading=\"lazy\" decoding=\"async\" width=\"371\" height=\"298\" class=\"alignnone wp-image-301\" src=\"https:\/\/sisu.ut.ee\/wp-content\/uploads\/sites\/648\/kaugnagevus.png\" title=\"Joonis. Kaugn\u00e4gevus\" alt=\"Joonis. Kaugn\u00e4gevus\" srcset=\"https:\/\/sisu.ut.ee\/wp-content\/uploads\/sites\/648\/kaugnagevus.png 371w, https:\/\/sisu.ut.ee\/wp-content\/uploads\/sites\/648\/kaugnagevus-300x241.png 300w\" sizes=\"auto, (max-width: 371px) 100vw, 371px\">\n\t\t\t\t<\/p>\n<\/td>\n<\/tr>\n<\/tbody>\n<\/table>\n<p>\u00a0<\/p>\n<h4>\n\t9.4. Miks osa inimesi ei erista v\u00e4rve?\u00a0<br>\n<\/h4>\n<p>\n\tM\u00f5ni inimene on v\u00e4rvipime ega erista m\u00f5ningaid v\u00e4rve, sagedamini ei eristata rohelist ja punast v\u00e4rvust.\u00a0\n<\/p>\n<p>\n\tP\u00f5hjuseks on kaasas\u00fcndinud p\u00e4rilik h\u00e4ire, sagedamini meestel (suguliiteline puue). V\u00e4rvipimedus ei ole kahjuks ravitav.\n<\/p>\n<p>\n\t<img decoding=\"async\" alt=\"Joonis. V\u00e4rvipimeduse test\" class=\"\" data-file_info=\"%7B%22fid%22:%2281616%22,%22view_mode%22:%22default%22,%22type%22:%22media%22%7D\" src=\"https:\/\/sisu.ut.ee\/wp-content\/uploads\/sites\/648\/varvipimeduse_test.png\" style=\"width: 900px;height: 540px\" title=\"Joonis. V\u00e4rvipimeduse test\">\n<\/p>\n<blockquote>\n<h4>\n\t\tVaata videot \u201cKuidas me v\u00e4rve n\u00e4eme?\u201d<br>\n\t<\/h4>\n<p>\n\t\t<\/p><div class=\"ratio ratio-16x9 mb-3\"><div class=\"video-placeholder-wrapper video-placeholder-wrapper--16x9\">\n\t\t\t    <div class=\"video-placeholder d-flex justify-content-center align-items-center\">\n\t\t\t        <div class=\"overlay text-white p-2 w-100 text-center d-block justify-content-center align-items-center\">\n\t\t\t            <div>Kolmandate osapoolte sisu n\u00e4gemiseks palun n\u00f5ustu k\u00fcpsistega.<\/div>\n\t\t\t            <button class=\"btn btn-secondary btn-sm mt-1 consent-change\">Muuda n\u00f5usolekut<\/button>\n\t\t\t        <\/div>\n\t\t\t    <\/div>\n\t\t\t<\/div>\n<\/div>\n\t\n<\/blockquote>\n<h4>\n\t9.5. Kuidas hoida oma n\u00e4gemist?\u00a0<br>\n<\/h4>\n<ul>\n<li>\n\t\tSobiv lugemiskaugus 30 -35 cm.\n\t<\/li>\n<li>\n\t\tT\u00f6\u00f6koht peab olema h\u00e4sti valgustatud.\n\t<\/li>\n<li>\n\t\tKirjutamisel peab valgus langema vasakult paremak\u00e4elistel.\n\t<\/li>\n<li>\n\t\tLugeda ei tohiks s\u00f5itvas s\u00f5idukis.\n\t<\/li>\n<li>\n\t\tArvutiga t\u00f6\u00f6tades on oluline, et kujutis poleks liiga ere, ekraan oleks silmadest 60 cm kaugusel, selle \u00fclaserv silmade k\u00f5rgusel v\u00f5i madalamal. Iga 45 minuti j\u00e4rel veerand tundi puhkama.\n\t<\/li>\n<li>\n\t\tJ\u00e4lgi, et toidus oleks piisavalt A-, B- ja C- vitamiine.\n\t<\/li>\n<li>\n\t\tEredas valguses kanna p\u00e4ikeseprille.\n\t<\/li>\n<\/ul>\n<h4>\n\t9.6. Mis \u00fclesandeid t\u00e4idab k\u00f5rv?<br>\n<\/h4>\n<p>\n\tK\u00f5rv on<strong>\u00a0kuulmis- ja tasakaaluelund<\/strong>, mis koosneb kolmest osast:<strong>\u00a0v\u00e4lisk\u00f5rv, keskk\u00f5rv ja sisek\u00f5rv.\u00a0<\/strong>Ainult kahe k\u00f5rvaga kuulates suudetakse m\u00e4\u00e4rata t\u00e4pselt, mis suunast ja kui kaugelt heli tuleb.\n<\/p>\n<p>\n\tK\u00f5rvalest suunab helid v\u00e4liskeskkonnast kuulmek\u00e4iku, sealt trummikilele, mis hakkab v\u00f5nkuma. Edasi levivad helilained keskk\u00f5rva kuulmeluukestele ja sealt sisek\u00f5rvas asuva teo kuulmisrakkudele. Teo kuulmisrakkudes tekib n\u00e4rviimpulss, mis liigub m\u00f6\u00f6da kuulmisn\u00e4rvi kuulmiskeskusesse peaajus, seal tekib kuulmisaisting.\u00a0 Helid v\u00f5ivad sisek\u00f5rva kanduda ka otse koljuluude kaudu.\n<\/p>\n<p style=\"text-align: center\">\n\t<img loading=\"lazy\" decoding=\"async\" width=\"844\" height=\"488\" class=\"alignnone wp-image-303\" src=\"https:\/\/sisu.ut.ee\/wp-content\/uploads\/sites\/648\/korv.png\" title=\"Joonis. K\u00f5rva ehitus\" alt=\"Joonis. K\u00f5rva ehitus\" srcset=\"https:\/\/sisu.ut.ee\/wp-content\/uploads\/sites\/648\/korv.png 844w, https:\/\/sisu.ut.ee\/wp-content\/uploads\/sites\/648\/korv-300x173.png 300w, https:\/\/sisu.ut.ee\/wp-content\/uploads\/sites\/648\/korv-768x444.png 768w\" sizes=\"auto, (max-width: 844px) 100vw, 844px\">\n<\/p>\n<p>\n\tTasakaaluelundi moodustavad sisek\u00f5rvas paiknevad kotikujulised moodustised (m\u00f5ik ja kotike) koos poolringkanalitega. Kui keha v\u00f5i pea asend muutub, hakkavad liikuma tasakaaluelundis olevad kristallid (m\u00f5igus ja kotikeses) ja vedelik (poolringkanalites), mis \u00e4rritavad vastavaid meelerakke. Meelerakkudes tekkivad n\u00e4rviimpulsid liiguvad m\u00f6\u00f6da n\u00e4rve peaaju tasakaalukeskusesse. Keha asendit ja liigutusi aitavad tajuda ka lihastes ja liigestes paiknevad n\u00e4rvirakkude kogumid.\n<\/p>\n<p>Tabel. K\u00f5rva osade \u00fclesanded<br>\u00a0<\/p>\n<table class=\"table table-hover\" border=\"1\" cellpadding=\"5\" cellspacing=\"0\">\n<thead>\n<tr>\n<th scope=\"col\">\n<p>\n\t\t\t\t\tK\u00f5rvaosa\n\t\t\t\t<\/p>\n<\/th>\n<th scope=\"col\">\n<p>\n\t\t\t\t\t\u00dclesanne\n\t\t\t\t<\/p>\n<\/th>\n<\/tr>\n<\/thead>\n<tbody>\n<tr>\n<td valign=\"top\" width=\"111\">\n<p>\n\t\t\t\t\t<strong>v\u00e4lisk\u00f5rv<\/strong>\n\t\t\t\t<\/p>\n<\/td>\n<td valign=\"top\" width=\"505\">\n<p>\n\t\t\t\t\t<strong>K\u00f5rvalesta<\/strong>\u00a0\u00fclesandeks on p\u00fc\u00fcda helisid ja suunata need\u00a0<strong>kuulmek\u00e4iku<\/strong>. Kuulmek\u00e4igu l\u00f5pus on \u00f5huke pingul nahk \u2013\u00a0<strong>trummikile<\/strong>, mis kaitseb keskk\u00f5rva k\u00fclma ja mikroobide eest.\u00a0<strong>K\u00f5rvavaik<\/strong>\u00a0takistab mikroobide ja tolmu sattumist k\u00f5rva sisemistesse osadesse.\n\t\t\t\t<\/p>\n<\/td>\n<\/tr>\n<tr>\n<td valign=\"top\" width=\"111\">\n<p>\n\t\t\t\t\t<strong>keskk\u00f5rv<\/strong>\n\t\t\t\t<\/p>\n<\/td>\n<td valign=\"top\" width=\"505\">\n<p>\n\t\t\t\t\tSiin asuvad\u00a0<strong>kuulmeluukesed<\/strong>\u00a0(vasar, alasi ja jalus).\u00a0Kuulmeluukeste \u00fclesandeks on trummikilelt saadud heli v\u00f5imendamine ja edasiandmine sisek\u00f5rva.\u00a0Keskk\u00f5rv on \u00fchenduses v\u00e4lis\u00f5huga\u00a0\u00a0<strong>kuulmet\u00f5ri\u00a0<\/strong>abil, mis avaneb neelu.\u00a0Kuulmet\u00f5ri \u00fclesandeks on hoida \u00f5hur\u00f5hk m\u00f5lemal pool trummikilet \u00fchesugusena.\n\t\t\t\t<\/p>\n<\/td>\n<\/tr>\n<tr>\n<td valign=\"top\" width=\"111\">\n<p>\n\t\t\t\t\t<strong>sisek\u00f5rv<\/strong>\n\t\t\t\t<\/p>\n<\/td>\n<td valign=\"top\" width=\"505\">\n<p>\n\t\t\t\t\t\u00dches \u00f5\u00f5nes on kuulmiselund (<strong>tigu<\/strong>) ja teises \u00f5\u00f5nes tasakaaluelund (<strong>m\u00f5ik, kotike ja poolringkanalid)<\/strong>\n\t\t\t\t<\/p>\n<p>\n\t\t\t\t\t\u00a0\n\t\t\t\t<\/p>\n<\/td>\n<\/tr>\n<\/tbody>\n<\/table>\n<p>\n\t\u00a0\n<\/p>\n<blockquote>\n<h4>\n\t\t<strong>Vaata videot<\/strong>\u00a0\u201cKui k\u00f5rgeid ja madalaid helisid inimesed kuulevad?\u201d\u00a0<br>\n\t<\/h4>\n<p>\n\t\t<\/p><div class=\"ratio ratio-16x9 mb-3\"><div class=\"video-placeholder-wrapper video-placeholder-wrapper--16x9\">\n\t\t\t    <div class=\"video-placeholder d-flex justify-content-center align-items-center\">\n\t\t\t        <div class=\"overlay text-white p-2 w-100 text-center d-block justify-content-center align-items-center\">\n\t\t\t            <div>Kolmandate osapoolte sisu n\u00e4gemiseks palun n\u00f5ustu k\u00fcpsistega.<\/div>\n\t\t\t            <button class=\"btn btn-secondary btn-sm mt-1 consent-change\">Muuda n\u00f5usolekut<\/button>\n\t\t\t        <\/div>\n\t\t\t    <\/div>\n\t\t\t<\/div>\n<\/div>\n\t\n<\/blockquote>\n<h4>\n\t9.7. Kuidas inimene tunneb maitset?<br>\n<\/h4>\n<p>\n\tMaitsmisretseptorid paiknevad keelel maitsmispungades. Maitse tundmiseks peab suus olev aine lahustuma s\u00fcljes. Inimene tajub viit p\u00f5himaitset: soolast, magusat, kibedat, haput ja umamit.\n<\/p>\n<p>\n\tMaitsmine on vajalik toidu ja joogi k\u00f5lblikkuse hindamiseks.\n<\/p>\n<blockquote>\n<h4>\n\t\t<strong>Vaata videot<\/strong>\u00a0\u201cKuidas me maitset tunneme?\u201d\u00a0<br>\n\t<\/h4>\n<p>\n\t\t<\/p><div class=\"ratio ratio-16x9 mb-3\"><div class=\"video-placeholder-wrapper video-placeholder-wrapper--16x9\">\n\t\t\t    <div class=\"video-placeholder d-flex justify-content-center align-items-center\">\n\t\t\t        <div class=\"overlay text-white p-2 w-100 text-center d-block justify-content-center align-items-center\">\n\t\t\t            <div>Kolmandate osapoolte sisu n\u00e4gemiseks palun n\u00f5ustu k\u00fcpsistega.<\/div>\n\t\t\t            <button class=\"btn btn-secondary btn-sm mt-1 consent-change\">Muuda n\u00f5usolekut<\/button>\n\t\t\t        <\/div>\n\t\t\t    <\/div>\n\t\t\t<\/div>\n<\/div>\n\t\n<\/blockquote>\n<h4>\n\t9.8. Kuidas inimene tunneb l\u00f5hna?\u00a0<br>\n<\/h4>\n<p>\n\tHaistmiselund (haisterakkude kogum) paikneb nina\u00f5\u00f5ne \u00fclaosas. Haisterakkudega kontakteerumiseks peavad \u00f5huga sissehingatud aineosakesed lahustuma limas. L\u00f5hnataju abil saame infot sissehingatava \u00f5hu koostisest, toidu k\u00f5lblikkusest jm.\n<\/p>\n<ul>\n<li>\n\t\tNina\u00f5\u00f5ne \u00fclemises osas asuvad haisterakud (20 miljonit).\n\t<\/li>\n<li>\n\t\tInimene suudab eristada ligi 10 000 erinevat l\u00f5hna.\n\t<\/li>\n<\/ul>\n<p style=\"text-align: center\">\n\t<img loading=\"lazy\" decoding=\"async\" width=\"282\" height=\"302\" class=\"alignnone wp-image-304\" src=\"https:\/\/sisu.ut.ee\/wp-content\/uploads\/sites\/648\/nina.png\" title=\"Joonis. Haistmiselund\" alt=\"Joonis. Haistmiselund\" srcset=\"https:\/\/sisu.ut.ee\/wp-content\/uploads\/sites\/648\/nina.png 282w, https:\/\/sisu.ut.ee\/wp-content\/uploads\/sites\/648\/nina-280x300.png 280w\" sizes=\"auto, (max-width: 282px) 100vw, 282px\">\n<\/p>\n<h4>\n\t9.9.\u00a0\u00a0Milleks inimesele on vaja kompimismeelt?<br>\n<\/h4>\n<p>\n\tKompides on v\u00f5imalik kindlaks teha esemete kuju, pinnastruktuuri, suurust, temperatuuri jm. Komperakud nahas tajuvad puudutust, survet, valu, k\u00fclma ja kuuma. Komperakkude arv naha eri piirkondades on erinev. Eriti tundlik\u00a0 on nahk s\u00f5rmeotstel, jalataldadel, huultel. Kompimine aitab inimesel orienteeruda k\u00e4sikaudu pimedas, hoiduda end vigastamast, imikueas avastada ja tunnetada asju.<\/p>\n","protected":false},"excerpt":{"rendered":"<p>9.1.\u00a0Millised meeleelundid on inimesel? Meeleelundite hulka kuuluvad: n\u00e4gemiselund- silm kuulmis- ja tasakaaluelund \u2013k\u00f5rv haistmiselund\u00a0 \u2013 nina\u00f5\u00f5s maitsmiselund \u2013 keelel maitsmisn\u00e4sad kompimiselund- naha retseptorid Meeleelundite \u00fclesanne on v\u00f5tta keskkonnast vastu informatsiooni. Meeleelundite tunderakkudes ehk retseptorites tekib vastuseks v\u00e4lisele \u00e4rritusele n\u00e4rviimpulss. Retseptoritest &#8230;<\/p>\n","protected":false},"author":345,"featured_media":0,"parent":0,"menu_order":0,"comment_status":"closed","ping_status":"closed","template":"","meta":{"_acf_changed":false,"inline_featured_image":false,"footnotes":""},"class_list":["post-107","page","type-page","status-publish","hentry"],"acf":[],"_links":{"self":[{"href":"https:\/\/sisu.ut.ee\/biopohikool\/wp-json\/wp\/v2\/pages\/107","targetHints":{"allow":["GET"]}}],"collection":[{"href":"https:\/\/sisu.ut.ee\/biopohikool\/wp-json\/wp\/v2\/pages"}],"about":[{"href":"https:\/\/sisu.ut.ee\/biopohikool\/wp-json\/wp\/v2\/types\/page"}],"author":[{"embeddable":true,"href":"https:\/\/sisu.ut.ee\/biopohikool\/wp-json\/wp\/v2\/users\/345"}],"replies":[{"embeddable":true,"href":"https:\/\/sisu.ut.ee\/biopohikool\/wp-json\/wp\/v2\/comments?post=107"}],"version-history":[{"count":1,"href":"https:\/\/sisu.ut.ee\/biopohikool\/wp-json\/wp\/v2\/pages\/107\/revisions"}],"predecessor-version":[{"id":533,"href":"https:\/\/sisu.ut.ee\/biopohikool\/wp-json\/wp\/v2\/pages\/107\/revisions\/533"}],"wp:attachment":[{"href":"https:\/\/sisu.ut.ee\/biopohikool\/wp-json\/wp\/v2\/media?parent=107"}],"curies":[{"name":"wp","href":"https:\/\/api.w.org\/{rel}","templated":true}]}}