{"id":105,"date":"2024-04-04T08:55:00","date_gmt":"2024-04-04T05:55:00","guid":{"rendered":"https:\/\/sisu.ut.ee\/biopohikool\/7-sisenorenaarmed\/"},"modified":"2024-04-04T08:56:53","modified_gmt":"2024-04-04T05:56:53","slug":"7-sisenorenaarmed","status":"publish","type":"page","link":"https:\/\/sisu.ut.ee\/biopohikool\/7-sisenorenaarmed\/","title":{"rendered":"7. Sisen\u00f5ren\u00e4\u00e4rmed"},"content":{"rendered":"<h4>\n\t7.1.\u00a0Milliseid n\u00e4\u00e4rmeid kutsutakse sisen\u00f5ren\u00e4\u00e4rmeteks?<br>\n<\/h4>\n<p dir=\"ltr\">\n\tSisen\u00f5ren\u00e4\u00e4rmed on elundid, mis toodavad\u00a0<strong>hormoone<\/strong>. Hormoonid on aktiivsed ained, mis reguleerivad koos n\u00e4rvis\u00fcsteemiga organismi ainevahetust ja selle kaudu talitlust. Hormoonid kannavad infot edasi aeglasemalt kui n\u00e4rvid ja nende m\u00f5ju on pikaajalisem, sest nad j\u00e4\u00e4vad m\u00f5neks ajaks vereringesse, enne kui nad lagundatakse. Hormoonid erituvad otse verre, sest sisen\u00f5ren\u00e4\u00e4rmetel puuduvad juhad. Igal hormoonil on oma kindel toime, nad m\u00f5jutavad ainult kindlat kudet v\u00f5i elundit. Osal hormoonidel on l\u00fchike m\u00f5juaeg (insuliin reguleerib veresuhkru sisaldust), osa reguleerib pikaajalisi protsesse (kasvamine).\n<\/p>\n<h4>\n\t7.2.\u00a0Millised on olulisemad sisen\u00f5ren\u00e4\u00e4rmed?<br>\n<\/h4>\n<table class=\"table table-hover\" border=\"1\" cellpadding=\"5\" cellspacing=\"0\">\n<thead>\n<tr>\n<th scope=\"col\">\n\t\t\t\tSISEN\u00d5REN\u00c4\u00c4RE\n\t\t\t<\/th>\n<th scope=\"col\">\n\t\t\t\tS\u00dcNTEESITAVATE HORMOONIDE \u00dcLESANDED ORGANISMIS\n\t\t\t<\/th>\n<\/tr>\n<\/thead>\n<tbody>\n<tr>\n<td>\n\t\t\t\tAjuripats\n\t\t\t<\/td>\n<td>\n<ul>\n<li>\n\t\t\t\t\t\t\u00a0Juhib teiste sisen\u00f5ren\u00e4\u00e4rmete t\u00f6\u00f6d\n\t\t\t\t\t<\/li>\n<li>\n\t\t\t\t\t\t\u00a0M\u00f5jutab organismi kasvu (kasvuhormoon)\n\t\t\t\t\t<\/li>\n<li>\n\t\t\t\t\t\t\u00a0M\u00f5jutab suguhormoonide s\u00fcnteesi\n\t\t\t\t\t<\/li>\n<\/ul>\n<\/td>\n<\/tr>\n<tr>\n<td>\n\t\t\t\tKilpn\u00e4\u00e4re\n\t\t\t<\/td>\n<td>\n<ul>\n<li>\n\t\t\t\t\t\t\u00a0M\u00f5jutab ainevahetuse kiirust\n\t\t\t\t\t<\/li>\n<li>\n\t\t\t\t\t\t\u00a0M\u00f5jutab kasvu ja vaimset arengut\n\t\t\t\t\t<\/li>\n<li>\n\t\t\t\t\t\t\u00a0M\u00f5jutab erutusprotsesside tugevust n\u00e4rvis\u00fcsteemis\n\t\t\t\t\t<\/li>\n<\/ul>\n<\/td>\n<\/tr>\n<tr>\n<td>\n\t\t\t\tNeerupealised\n\t\t\t<\/td>\n<td>\n<ul>\n<li>\n\t\t\t\t\t\tValmistab organismi ette pingutuseks (adrenaliin stressihormoon)\n\t\t\t\t\t<\/li>\n<\/ul>\n<\/td>\n<\/tr>\n<tr>\n<td>\n\t\t\t\tK\u00f5hun\u00e4\u00e4re\n\t\t\t<\/td>\n<td>\n<ul>\n<li>\n\t\t\t\t\t\tInsuliin soodustab veres leiduva gl\u00fckoosi (veresuhkru)\u00a0 tungimist rakkudesse ja gl\u00fckoosist gl\u00fckogeeni s\u00fcnteesi\n\t\t\t\t\t<\/li>\n<li>\n\t\t\t\t\t\tKui veresuhkur langeb, siis gl\u00fckagooni m\u00f5jul lagundatakse gl\u00fckogeen gl\u00fckoosiks ja veresuhkur t\u00f5useb vajalikule tasemele\n\t\t\t\t\t<\/li>\n<\/ul>\n<\/td>\n<\/tr>\n<tr>\n<td>\n\t\t\t\tSugun\u00e4\u00e4rmed\n\t\t\t<\/td>\n<td>\n<ul>\n<li>\n\t\t\t\t\t\tM\u00f5jutavad sugulist k\u00fcpsemist\n\t\t\t\t\t<\/li>\n<li>\n\t\t\t\t\t\tM\u00f5jutavad sugurakkude valmimist\n\t\t\t\t\t<\/li>\n<\/ul>\n<\/td>\n<\/tr>\n<\/tbody>\n<\/table>\n<p style=\"text-align: center\">\n\t<br><img loading=\"lazy\" decoding=\"async\" width=\"528\" height=\"404\" class=\"alignnone wp-image-292\" src=\"https:\/\/sisu.ut.ee\/wp-content\/uploads\/sites\/648\/sisenorenaarmed.png\" title=\"Joonis. Sisen\u00f5ren\u00e4\u00e4rmed\" alt=\"Joonis. Sisen\u00f5ren\u00e4\u00e4rmed\" srcset=\"https:\/\/sisu.ut.ee\/wp-content\/uploads\/sites\/648\/sisenorenaarmed.png 528w, https:\/\/sisu.ut.ee\/wp-content\/uploads\/sites\/648\/sisenorenaarmed-300x230.png 300w\" sizes=\"auto, (max-width: 528px) 100vw, 528px\"><br>\u00a0\n<\/p>\n<blockquote>\n<h4>\n\t\tVaata videot\u00a0(Sihtasutus Noored Teaduses ja Ettev\u00f5tluses)<br>\n\t<\/h4>\n<p>\n\t\t<\/p><div class=\"ratio ratio-16x9 mb-3\"><div class=\"video-placeholder-wrapper video-placeholder-wrapper--16x9\">\n\t\t\t    <div class=\"video-placeholder d-flex justify-content-center align-items-center\">\n\t\t\t        <div class=\"overlay text-white p-2 w-100 text-center d-block justify-content-center align-items-center\">\n\t\t\t            <div>Kolmandate osapoolte sisu n\u00e4gemiseks palun n\u00f5ustu k\u00fcpsistega.<\/div>\n\t\t\t            <button class=\"btn btn-secondary btn-sm mt-1 consent-change\">Muuda n\u00f5usolekut<\/button>\n\t\t\t        <\/div>\n\t\t\t    <\/div>\n\t\t\t<\/div>\n<\/div>\n\t\n<\/blockquote>\n","protected":false},"excerpt":{"rendered":"<p>7.1.\u00a0Milliseid n\u00e4\u00e4rmeid kutsutakse sisen\u00f5ren\u00e4\u00e4rmeteks? Sisen\u00f5ren\u00e4\u00e4rmed on elundid, mis toodavad\u00a0hormoone. Hormoonid on aktiivsed ained, mis reguleerivad koos n\u00e4rvis\u00fcsteemiga organismi ainevahetust ja selle kaudu talitlust. Hormoonid kannavad infot edasi aeglasemalt kui n\u00e4rvid ja nende m\u00f5ju on pikaajalisem, sest nad j\u00e4\u00e4vad m\u00f5neks ajaks &#8230;<\/p>\n","protected":false},"author":345,"featured_media":0,"parent":0,"menu_order":0,"comment_status":"closed","ping_status":"closed","template":"","meta":{"_acf_changed":false,"inline_featured_image":false,"footnotes":""},"class_list":["post-105","page","type-page","status-publish","hentry"],"acf":[],"_links":{"self":[{"href":"https:\/\/sisu.ut.ee\/biopohikool\/wp-json\/wp\/v2\/pages\/105","targetHints":{"allow":["GET"]}}],"collection":[{"href":"https:\/\/sisu.ut.ee\/biopohikool\/wp-json\/wp\/v2\/pages"}],"about":[{"href":"https:\/\/sisu.ut.ee\/biopohikool\/wp-json\/wp\/v2\/types\/page"}],"author":[{"embeddable":true,"href":"https:\/\/sisu.ut.ee\/biopohikool\/wp-json\/wp\/v2\/users\/345"}],"replies":[{"embeddable":true,"href":"https:\/\/sisu.ut.ee\/biopohikool\/wp-json\/wp\/v2\/comments?post=105"}],"version-history":[{"count":1,"href":"https:\/\/sisu.ut.ee\/biopohikool\/wp-json\/wp\/v2\/pages\/105\/revisions"}],"predecessor-version":[{"id":535,"href":"https:\/\/sisu.ut.ee\/biopohikool\/wp-json\/wp\/v2\/pages\/105\/revisions\/535"}],"wp:attachment":[{"href":"https:\/\/sisu.ut.ee\/biopohikool\/wp-json\/wp\/v2\/media?parent=105"}],"curies":[{"name":"wp","href":"https:\/\/api.w.org\/{rel}","templated":true}]}}