{"id":617,"date":"2026-01-30T10:54:38","date_gmt":"2026-01-30T08:54:38","guid":{"rendered":"https:\/\/sisu.ut.ee\/biometeorology\/?page_id=617"},"modified":"2026-01-30T10:54:39","modified_gmt":"2026-01-30T08:54:39","slug":"2025-2","status":"publish","type":"page","link":"https:\/\/sisu.ut.ee\/biometeorology\/2025-2\/","title":{"rendered":"2025"},"content":{"rendered":"<figure class=\"wp-block-table\"><table class=\"table table-hover\"><tbody><tr><td>Fritze, H.; Jauhiainen, J.; B\u0101rdule, A.; Butlers, A.; \u010ciuldien\u0117, D.; Kamil-Sardar, M.; Kull, A.; Laiho, R.; Lazdi\u0146\u0161, A.; Samariks, V.; Schindler, T.; Soosaar, K.; Vigricas, E.; Peltoniemi, K. (2025). Soil trenching \u2013 are microbial communities alike in experimental peatland plots measuring total and heterotrophic respiration? Soil Biology and Biochemistry, 203.\u00a0<a href=\"http:\/\/dx.doi.org\/10.1016\/j.soilbio.2025.109747\">DOI: 10.1016\/j.soilbio.2025.109747<\/a>.<\/td><\/tr><tr><td>Wong, G.X.; Hirata, R.; Hirano, T.; Kiew, F.; Waili, J.W.; Mander, \u00dc.; Soosaar, K.; Melling, L. (2025). Impact of land conversion on environmental conditions and methane emissions from a tropical peatland. Science of the Total Environment, 962, 178466.\u00a0<a href=\"http:\/\/dx.doi.org\/10.1016\/j.scitotenv.2025.178466\">DOI: 10.1016\/j.scitotenv.2025.178466<\/a>.<\/td><\/tr><tr><td>Kazmi, Fahad Ali; Mander, Ulo; Khanongnuch, Ramita; \u00d6pik, Maarja; Ranniku, Reti; Soosaar, Kaido; Masta, Mohit; Tenhovirta, Salla A. M.; Kasak, Kuno; Ah-Peng, Claudine; Espenberg, Mikk (2025). Distinct microbial communities drive methane cycling in below- and above-ground compartments of tropical cloud forests growing on peat. Environmental Microbiome, 20 (1), ARTN 54.\u00a0<a href=\"https:\/\/doi.org\/10.1186\/s40793-025-00718-1\">DOI: 10.1186\/s40793-025-00718-1<\/a>.<\/td><\/tr><tr><td>Reiss, Kristel; Mander, \u00dclo; \u00d6pik, Maarja; Sepp, Siim-Kaarel; Kanger, K\u00e4rt; Schindler, Thomas; Soosaar, Kaido; Pihlatie, Mari; Butterbach-Bahl, Klaus; Putkinen, Anuliina; Niinemets, \u00dclo; Espenberg, Mikk (2025). Temporal and spatial dynamics of microbial communities and greenhouse gas flux responses to experimental flooding in riparian forest soils. FEMS Microbiology Ecology, 101 (12).\u00a0<a href=\"https:\/\/doi.org\/10.1093\/femsec\/fiaf109\">DOI: 10.1093\/femsec\/fiaf109<\/a>.<\/td><\/tr><tr><td>Krasnova, Alisa; Soosaar, Kaido; Rogozin, Svyatoslav; Krasnov, Dmitrii; Mander, \u00dclo (2025). Mature riparian alder forest acts as a strong and consistent carbon sink. Biogeosciences, 22 (22), 7089\u22127116.\u00a0<a href=\"https:\/\/doi.org\/10.5194\/bg-22-7089-2025\">DOI: 10.5194\/bg-22-7089-2025<\/a>.<\/td><\/tr><tr><td>Kuusemets, L.; Mander, \u00dc.; Escuer-Gatius, J.; Astover, A.; Kauer, K.; Soosaar, K.; Espenberg, M. (2025). Interactions of fertilisation and crop productivity in soil nitrogen cycle microbiome and gas emissions. Soil, 11 (1), 1\u221215.\u00a0<a href=\"http:\/\/dx.doi.org\/10.5194\/soil-11-1-2025\">DOI: 10.5194\/soil-11-1-2025<\/a>.<\/td><\/tr><\/tbody><\/table><\/figure>\n\n\n\n<p><\/p>\n","protected":false},"excerpt":{"rendered":"<p>Fritze, H.; Jauhiainen, J.; B\u0101rdule, A.; Butlers, A.; \u010ciuldien\u0117, D.; Kamil-Sardar, M.; Kull, A.; Laiho, R.; Lazdi\u0146\u0161, A.; Samariks, V.; Schindler, T.; Soosaar, K.; Vigricas, E.; Peltoniemi, K. (2025). Soil trenching \u2013 are microbial communities alike in experimental peatland plots &#8230;<\/p>\n","protected":false},"author":199,"featured_media":0,"parent":0,"menu_order":0,"comment_status":"closed","ping_status":"closed","template":"","meta":{"_acf_changed":false,"inline_featured_image":false,"footnotes":""},"class_list":["post-617","page","type-page","status-publish","hentry"],"acf":[],"_links":{"self":[{"href":"https:\/\/sisu.ut.ee\/biometeorology\/wp-json\/wp\/v2\/pages\/617","targetHints":{"allow":["GET"]}}],"collection":[{"href":"https:\/\/sisu.ut.ee\/biometeorology\/wp-json\/wp\/v2\/pages"}],"about":[{"href":"https:\/\/sisu.ut.ee\/biometeorology\/wp-json\/wp\/v2\/types\/page"}],"author":[{"embeddable":true,"href":"https:\/\/sisu.ut.ee\/biometeorology\/wp-json\/wp\/v2\/users\/199"}],"replies":[{"embeddable":true,"href":"https:\/\/sisu.ut.ee\/biometeorology\/wp-json\/wp\/v2\/comments?post=617"}],"version-history":[{"count":1,"href":"https:\/\/sisu.ut.ee\/biometeorology\/wp-json\/wp\/v2\/pages\/617\/revisions"}],"predecessor-version":[{"id":618,"href":"https:\/\/sisu.ut.ee\/biometeorology\/wp-json\/wp\/v2\/pages\/617\/revisions\/618"}],"wp:attachment":[{"href":"https:\/\/sisu.ut.ee\/biometeorology\/wp-json\/wp\/v2\/media?parent=617"}],"curies":[{"name":"wp","href":"https:\/\/api.w.org\/{rel}","templated":true}]}}