{"id":46,"date":"2024-04-04T08:59:35","date_gmt":"2024-04-04T05:59:35","guid":{"rendered":"https:\/\/sisu.ut.ee\/biometeorology\/2013-3\/"},"modified":"2024-04-04T08:59:57","modified_gmt":"2024-04-04T05:59:57","slug":"2013-3","status":"publish","type":"page","link":"https:\/\/sisu.ut.ee\/biometeorology\/2013-3\/","title":{"rendered":"&#8230;-2013"},"content":{"rendered":"<table class=\"table table-hover\" border=\"0\" cellpadding=\"1\" cellspacing=\"1\">\n<tbody>\n<tr>\n<td>\n<p>\n\t\t\t\t\t<strong>2013<\/strong>\n\t\t\t\t<\/p>\n<\/td>\n<\/tr>\n<tr>\n<td>\n<p>\n\t\t\t\t\tJ\u00e4rveoja, J.; Laht, J.; Maddison, M.; Soosaar, K.; Ostonen, I.; Mander, \u00dc. (2013). Mitigation of greenhouse gas emissions from an abandoned Baltic peat extraction area by growing reed canary grass: life-cycle assessment. Regional Environmental Change, 13 (4), \u00a0781\u2212795. DOI:\u00a0<a href=\"https:\/\/link.springer.com\/article\/10.1007\/s10113-012-0355-9\" target=\"_blank\" title=\"\" rel=\"noopener\">10.1007\/s10113-012-0355-9<\/a>.\n\t\t\t\t<\/p>\n<\/td>\n<\/tr>\n<tr>\n<td>\n<p>\n\t\t\t\t\tMander, \u00dclo; Noe, Steffen M.; Niinemets, \u00dclo; Soosaar, Kaido; Maddison, Martin; Ostonen, Ivika; Portillo Estrada, Miguel; P\u00fcttsepp, \u00dclle (2013). Seasonal and diurnal dynamics of CO2 balance in two hemi-boreal forests in Estonia. Geophysical Research Abstracts, 15: EGU General Assembly 2013. , EGU2013-6264.\n\t\t\t\t<\/p>\n<\/td>\n<\/tr>\n<tr>\n<td>\n<p>\n\t\t\t\t\tHansen, Raili; Mander, \u00dclo; Soosaar, Kaido; Maddison, Martin; L\u00f5hmus, Krista; Kupper, Priit; Kanal, Arno; S\u00f5ber, Jaak (2013). Greenhouse gas fluxes in an open air humidity manipulation experiment. Landscape Ecology, 28 (4), \u00a0637\u2212649. DOI:\u00a0<a href=\"https:\/\/www.researchgate.net\/publication\/257616809_Greenhouse_gas_fluxes_in_an_open_air_humidity_manipulation_experiment\" target=\"_blank\" title=\"\" rel=\"noopener\">10.1007\/s10980-012-9775-7<\/a>.\n\t\t\t\t<\/p>\n<\/td>\n<\/tr>\n<tr>\n<td>\n<p>\n\t\t\t\t\t\u00a0\n\t\t\t\t<\/p>\n<p>\n\t\t\t\t\t<strong>2012<\/strong>\n\t\t\t\t<\/p>\n<\/td>\n<\/tr>\n<tr>\n<td>\n<p>\n\t\t\t\t\tSalm, J\u00fcri-Ott; Maddison, Martin; Tammik, Sille; Soosaar, Kaido; Truu, Jaak; Mander, \u00dclo (2012). Emissions of CO2, CH4 and N2O from undisturbed, drained and mined peatlands in Estonia. Hydrobiologia, 692 (1), \u00a041\u221255. DOI:\u00a0<a href=\"https:\/\/link.springer.com\/article\/10.1007\/s10750-011-0934-7\" target=\"_blank\" title=\"\" rel=\"noopener\">10.1007\/s10750-011-0934-7<\/a>.\n\t\t\t\t<\/p>\n<\/td>\n<\/tr>\n<tr>\n<td>\n<p>\n\t\t\t\t\tSoosaar, K; Maddison, M; Salm, J.O; J\u00e4rveoja, J: Hansen, R; Mander, \u00dc. (2012). The Regulation of CH4 and N2O fluxes by Wetlands at Landscape Level. Geophysical Research Abstracts, 14: EGU General Assembly 2012. Vienna: European Geosciences Union. (EGU2012-12255-1).\n\t\t\t\t<\/p>\n<\/td>\n<\/tr>\n<tr>\n<td>\n<p>\n\t\t\t\t\tMander, \u00dclo; J\u00e4rveoja, J\u00e4rvi; Maddison, Martin; Soosaar, Kaido; Aavola, Rene; Ostonen, Ivika; Salm, J\u00fcri-Ott (2012). Reed canary grass cultivation mitigates greenhouse gas emissions from abandoned peat extraction areas. GCB Bioenergy, 4 (4), \u00a0462\u2212471. DOI:\u00a0<a href=\"https:\/\/doi.org\/10.1111\/j.1757-1707.2011.01138.x\" target=\"_blank\" title=\"\" rel=\"noopener\">10.1111\/j.1757-1707.2011.01138.x<\/a>.\n\t\t\t\t<\/p>\n<\/td>\n<\/tr>\n<tr>\n<td>\n<p>\n\t\t\t\t\tJ\u00e4rveoja, J; Laht, J; Soosaar, K; Maddison, M; Ostonen, I; Mander, \u00dc. (2012). Mitigation of greenhouse gas emission on abandoned peatlands by growing reed canary grass. Geophysical Research Abstracts, 14: EGU General Assembly 2012. \u00a0 Vienna: European Geosciences Union. (EGU2012-7804).\n\t\t\t\t<\/p>\n<\/td>\n<\/tr>\n<tr>\n<td>\n<p>\n\t\t\t\t\t\u00a0\n\t\t\t\t<\/p>\n<p>\n\t\t\t\t\t<strong>2011<\/strong>\n\t\t\t\t<\/p>\n<\/td>\n<\/tr>\n<tr>\n<td>\n<p>\n\t\t\t\t\tSoosaar, K.; Mander, \u00dc.; Maddison, M.; Kanal, A.; Kull, A.; L\u00f5hmus, K.; Truu, J.; Augustin, J. (2011). Dynamics of gaseous nitrogen and carbon fluxes in riparian alder forests. Ecological Engineering, 37 (1), \u00a040\u221253.\n\t\t\t\t<\/p>\n<\/td>\n<\/tr>\n<tr>\n<td>\n<p>\n\t\t\t\t\tMander, \u00dc.; Maddison, M.; Soosaar, K; Karabelnik, K. (2011). The Impact of Pulsing Hydrology and Fluctuating Water Table on Greenhouse Gas Emissions from Constructed Wetlands. Wetlands, 31 (6), \u00a01023\u22121032. DOI:\u00a0<a href=\"https:\/\/link.springer.com\/article\/10.1007\/s13157-011-0218-z\" target=\"_blank\" title=\"\" rel=\"noopener\">10.1007\/s13157-011-0218-z<\/a>.\n\t\t\t\t<\/p>\n<\/td>\n<\/tr>\n<tr>\n<td>\n<p>\n\t\t\t\t\t\u00a0\n\t\t\t\t<\/p>\n<p>\n\t\t\t\t\t<strong>2010<\/strong>\n\t\t\t\t<\/p>\n<\/td>\n<\/tr>\n<tr>\n<td>\n<p>\n\t\t\t\t\tSalm, J-O; Soosaar, K; Maddison, M; Tammik, S; Mander, \u00dc. (2010). Kasvuhoonegaasid ja s\u00fcsinikukaod Eesti soodest. Eesti Loodus, 9.\n\t\t\t\t<\/p>\n<\/td>\n<\/tr>\n<tr>\n<td>\n<p>\n\t\t\t\t\tSoosaar, Kaido (2010). Greenhouse gas fluxes in rural landscapes of Estonia. (Doktorit\u00f6\u00f6, Tartu \u00dclikool). Tartu: Tartu \u00dclikooli Kirjastus.\n\t\t\t\t<\/p>\n<\/td>\n<\/tr>\n<tr>\n<td>\n<p>\n\t\t\t\t\tMander, \u00dc.; Uuemaa, E.; Kull, A.; Kanal, A.; Maddison, M.; Soosaar, K.; Salm, J.-O.; Lesta, M.; Hansen, R.; Kuller, R.; Harding, A.; Augustin, J. (2010). Assessment of methane and nitrous oxide fluxes in rural landscapes. Landscape and Urban Planning, 98, \u00a0172\u2212181. DOI:\u00a0<a href=\"https:\/\/doi.org\/10.1016\/j.landurbplan.2010.08.021\" target=\"_blank\" title=\"\" rel=\"noopener\">10.1016\/j.landurbplan.2010.08.021<\/a>.\n\t\t\t\t<\/p>\n<\/td>\n<\/tr>\n<tr>\n<td>\n<p>\n\t\t\t\t\t\u00a0\n\t\t\t\t<\/p>\n<p>\n\t\t\t\t\t<strong>2009<\/strong>\n\t\t\t\t<\/p>\n<\/td>\n<\/tr>\n<tr>\n<td>\n<p>\n\t\t\t\t\tSoosaar, K.; Maddison, M.; Mander, \u00dc. (2009). Water quality and emission rates of greenhouse gases in a treatment wetland. In: Brebbia, C.A.; Popov, V. (Ed.). \u00a0Water Resources Management III. (105\u2212125). \u00a0WIT Press. (WIT Transactions on Ecology and the Environment 125).\n\t\t\t\t<\/p>\n<\/td>\n<\/tr>\n<tr>\n<td>\n<p>\n\t\t\t\t\tMaddison, M.; Soosaar, K.; Mauring, T.; Mander, \u00dc. (2009). The biomass and nutrient and heavy metal content of cattails and reeds in wastewater treatment wetlands for the production of construction material in Estonia. Desalination, 246, \u00a0120\u2212128. DOI:\u00a0<a href=\"https:\/\/doi.org\/10.1016\/j.desal.2008.02.040\" target=\"_blank\" title=\"\" rel=\"noopener\">10.1016\/j.desal.2008.02.040<\/a>.\n\t\t\t\t<\/p>\n<\/td>\n<\/tr>\n<tr>\n<td>\n<p>\n\t\t\t\t\t\u00a0\n\t\t\t\t<\/p>\n<p>\n\t\t\t\t\t<strong>2005<\/strong>\n\t\t\t\t<\/p>\n<\/td>\n<\/tr>\n<tr>\n<td>\n<p>\n\t\t\t\t\tMaddison, M.; Soosaar, K.; Lohmus, K.; Mander, U. (2005). Cattail population in wastewater treatment wetlands in Estonia: Biomass production, retention of nutrients, and heavy metals in phytomass. Journal of Environmental Science and Health Part A-Toxic\/Hazardous Substances &amp; Environmental Engineering, 40, \u00a01157\u22121166.\n\t\t\t\t<\/p>\n<\/td>\n<\/tr>\n<tr>\n<td>\n<p>\n\t\t\t\t\t\u00a0\n\t\t\t\t<\/p>\n<p>\n\t\t\t\t\t<strong>2004<\/strong>\n\t\t\t\t<\/p>\n<\/td>\n<\/tr>\n<tr>\n<td>\n<p>\n\t\t\t\t\tMaddison, M.; Soosaar, K.; Mander, \u00dc. (2004). Heitveepuhastusm\u00e4rgalade hundinuiakoosluste biomass ning toitainete ja raskmetalli sisaldus. Mander, \u00dc.; Kurs, O. (Toim.). \u00a0Geograafilisi uurimusi aastatuhande vahetusel: \u00fcllitatud Tartu \u00dclikooli geograafia instituudi 85. aastap\u00e4evaks. (381\u2212395). \u00a0Tartu: Tartu \u00dclikooli Kirjastus. (Publicationes Instituti Geographici Universitatis Tartuensis).\n\t\t\t\t<\/p>\n<\/td>\n<\/tr>\n<tr>\n<td>\n<p>\n\t\t\t\t\t\u00a0\n\t\t\t\t<\/p>\n<p>\n\t\t\t\t\t<strong>2003<\/strong>\n\t\t\t\t<\/p>\n<\/td>\n<\/tr>\n<tr>\n<td>\n<p>\n\t\t\t\t\tMaddison, M.; Soosaar, K.; L\u00f5hmus, K.; Mander, \u00dc. (2003). Typha populations in wastewater treatment wetlands in Estonia: Biomass production, retention of nutrient and heavy metals. Constructed and Riverine Wetlands for Optimal Control of Wastewater at Catchment Scale, 94. \u00a0Ed. Mander, \u00dc.; Vohla,C.; Poom,A. Tartu: Tartu University Press, 273\u2212280. (Publications Instituti Geographici Universitatis Tartuensis).\n\t\t\t\t<\/p>\n<\/td>\n<\/tr>\n<\/tbody>\n<\/table>\n","protected":false},"excerpt":{"rendered":"<p>2013 J\u00e4rveoja, J.; Laht, J.; Maddison, M.; Soosaar, K.; Ostonen, I.; Mander, \u00dc. (2013). Mitigation of greenhouse gas emissions from an abandoned Baltic peat extraction area by growing reed canary grass: life-cycle assessment. Regional Environmental Change, 13 (4), \u00a0781\u2212795. DOI:\u00a010.1007\/s10113-012-0355-9. &#8230;<\/p>\n","protected":false},"author":199,"featured_media":0,"parent":0,"menu_order":0,"comment_status":"closed","ping_status":"closed","template":"","meta":{"_acf_changed":false,"inline_featured_image":false,"footnotes":""},"class_list":["post-46","page","type-page","status-publish","hentry"],"acf":[],"_links":{"self":[{"href":"https:\/\/sisu.ut.ee\/biometeorology\/wp-json\/wp\/v2\/pages\/46","targetHints":{"allow":["GET"]}}],"collection":[{"href":"https:\/\/sisu.ut.ee\/biometeorology\/wp-json\/wp\/v2\/pages"}],"about":[{"href":"https:\/\/sisu.ut.ee\/biometeorology\/wp-json\/wp\/v2\/types\/page"}],"author":[{"embeddable":true,"href":"https:\/\/sisu.ut.ee\/biometeorology\/wp-json\/wp\/v2\/users\/199"}],"replies":[{"embeddable":true,"href":"https:\/\/sisu.ut.ee\/biometeorology\/wp-json\/wp\/v2\/comments?post=46"}],"version-history":[{"count":1,"href":"https:\/\/sisu.ut.ee\/biometeorology\/wp-json\/wp\/v2\/pages\/46\/revisions"}],"predecessor-version":[{"id":89,"href":"https:\/\/sisu.ut.ee\/biometeorology\/wp-json\/wp\/v2\/pages\/46\/revisions\/89"}],"wp:attachment":[{"href":"https:\/\/sisu.ut.ee\/biometeorology\/wp-json\/wp\/v2\/media?parent=46"}],"curies":[{"name":"wp","href":"https:\/\/api.w.org\/{rel}","templated":true}]}}