{"id":43,"date":"2024-04-04T08:59:34","date_gmt":"2024-04-04T05:59:34","guid":{"rendered":"https:\/\/sisu.ut.ee\/biometeorology\/2016-3\/"},"modified":"2024-04-04T08:59:57","modified_gmt":"2024-04-04T05:59:57","slug":"2016-3","status":"publish","type":"page","link":"https:\/\/sisu.ut.ee\/biometeorology\/2016-3\/","title":{"rendered":"2016"},"content":{"rendered":"<table class=\"table table-hover\" border=\"0\" cellpadding=\"1\" cellspacing=\"1\">\n<tbody>\n<tr>\n<td>\n<p>\n\t\t\t\t\tMander, \u00dc; P\u00e4rn, J; Maddison, M; Soosaar, K; Salm, J-O; Sohar, K; Teemusk, A. (2016). Hydrology controls methane and nitrous oxide fluxes in swamp and bog forests. Geophysical Research Abstracts, 18: GU General Assembly 2016. \u00a0 Vienna: European Geosciences Union. ( EGU2016-2926).\n\t\t\t\t<\/p>\n<\/td>\n<\/tr>\n<tr>\n<td>\n<p>\n\t\t\t\t\tK. Soosaar, K. Repp, K. L\u00f5hmus, V. Uri, K. Rannik, A. Krasnova, I. Ostonen, M. Kukum\u00e4gi, M. Maddison, \u00dc. Mander (2016). Carbon balance of an old hemi-boreal pineforest in Southern Estonia determined by different methods. In: \u00a0Geophysical Research Abstracts European Geosciences Union General Assembly 2016 Vienna, Austria, 17-22 April. \u00a0(EGU2016-18229).\n\t\t\t\t<\/p>\n<\/td>\n<\/tr>\n<tr>\n<td>\n<p>\n\t\t\t\t\tJ\u00e4rveoja, J\u00e4rvi; Peichl, Matthias; Maddison, Martin; Soosaar, Kaido; Vellak, Kai; Karofeld, Edgar; Teemusk, Alar; Mander, \u00dclo (2016). Impact of water table level on annual carbon and greenhouse gas balances of a restored peat extraction area. Biogeosciences, 13, \u00a02637\u22122651. DOI:\u00a0<a href=\"https:\/\/bg.copernicus.org\/articles\/13\/2637\/2016\/\" target=\"_blank\" title=\"\" rel=\"noopener\">10.5194\/bg-13-2637-2016<\/a>.\n\t\t\t\t<\/p>\n<\/td>\n<\/tr>\n<\/tbody>\n<\/table>\n","protected":false},"excerpt":{"rendered":"<p>Mander, \u00dc; P\u00e4rn, J; Maddison, M; Soosaar, K; Salm, J-O; Sohar, K; Teemusk, A. (2016). Hydrology controls methane and nitrous oxide fluxes in swamp and bog forests. Geophysical Research Abstracts, 18: GU General Assembly 2016. \u00a0 Vienna: European Geosciences Union. &#8230;<\/p>\n","protected":false},"author":199,"featured_media":0,"parent":0,"menu_order":0,"comment_status":"closed","ping_status":"closed","template":"","meta":{"_acf_changed":false,"inline_featured_image":false,"footnotes":""},"class_list":["post-43","page","type-page","status-publish","hentry"],"acf":[],"_links":{"self":[{"href":"https:\/\/sisu.ut.ee\/biometeorology\/wp-json\/wp\/v2\/pages\/43","targetHints":{"allow":["GET"]}}],"collection":[{"href":"https:\/\/sisu.ut.ee\/biometeorology\/wp-json\/wp\/v2\/pages"}],"about":[{"href":"https:\/\/sisu.ut.ee\/biometeorology\/wp-json\/wp\/v2\/types\/page"}],"author":[{"embeddable":true,"href":"https:\/\/sisu.ut.ee\/biometeorology\/wp-json\/wp\/v2\/users\/199"}],"replies":[{"embeddable":true,"href":"https:\/\/sisu.ut.ee\/biometeorology\/wp-json\/wp\/v2\/comments?post=43"}],"version-history":[{"count":1,"href":"https:\/\/sisu.ut.ee\/biometeorology\/wp-json\/wp\/v2\/pages\/43\/revisions"}],"predecessor-version":[{"id":98,"href":"https:\/\/sisu.ut.ee\/biometeorology\/wp-json\/wp\/v2\/pages\/43\/revisions\/98"}],"wp:attachment":[{"href":"https:\/\/sisu.ut.ee\/biometeorology\/wp-json\/wp\/v2\/media?parent=43"}],"curies":[{"name":"wp","href":"https:\/\/api.w.org\/{rel}","templated":true}]}}