{"id":40,"date":"2024-04-04T08:59:34","date_gmt":"2024-04-04T05:59:34","guid":{"rendered":"https:\/\/sisu.ut.ee\/biometeorology\/2020-3\/"},"modified":"2024-04-04T08:59:57","modified_gmt":"2024-04-04T05:59:57","slug":"2020-3","status":"publish","type":"page","link":"https:\/\/sisu.ut.ee\/biometeorology\/2020-3\/","title":{"rendered":"2020"},"content":{"rendered":"<table class=\"table table-hover\" border=\"0\" cellpadding=\"1\" cellspacing=\"1\">\n<tbody>\n<tr>\n<td>\n<p>\n\t\t\t\t\tSchindler, Thomas; Mander, Ulo; Machacova, Katerina; Espenberg, Mikk; Krasnov, Dmitrii; Escuer-Gatius, Jordi; Veber, Gert; Parn, Jaan; Soosaar, Kaido<strong>\u00a0<\/strong>(2020). Short-term flooding increases CH4 and N2O emissions from trees in a riparian forest soil-stem continuum. Scientific reports, 10 (1), \u00a0ARTN 3204. DOI:\u00a0<a href=\"https:\/\/www.nature.com\/articles\/s41598-020-60058-7\" target=\"_blank\" title=\"\" rel=\"noopener\">10.1038\/s41598-020-60058-7<\/a>.\n\t\t\t\t<\/p>\n<\/td>\n<\/tr>\n<tr>\n<td>\n<p>\n\t\t\t\t\tLindroth, Anders; Holst, Jutta; Linderson, Maj-Lena; Aurela, Mika; Biermann, Tobias; Heliasz, Michal; Chi, Jinshu; Ibrom, Andreas; Kolari, Pasi; Klemedtsson, Leif; Krasnova, Alisa; Laurila, Tuomas; Lehner, Irene; Lohila, Annalea; Mammarella, Ivan; Molder, Meelis; Lofvenius, Mikaell Ottosson; Peichl, Matthias; Pilegaard, Kim; Soosaar, Kaido \u2026 Nilsson, Mats (2020). Effects of drought and meteorological forcing on carbon and water fluxes in Nordic forests during the dry summer of 2018. Philosophical Transactions of the Royal Society B Biological Sciences, 375 (1810), \u00a0ARTN 20190516. DOI:\u00a0<a href=\"https:\/\/doi.org\/10.1098\/rstb.2019.0516\" target=\"_blank\" title=\"\" rel=\"noopener\">10.1098\/rstb.2019.0516<\/a>.\n\t\t\t\t<\/p>\n<\/td>\n<\/tr>\n<tr>\n<td>\n<p>\n\t\t\t\t\tStegarescu, G.; Escuer-Gatius, J.; Soosaar, K.; Kauer, K.; T\u00f5nutare, T.; Astover, A.; Reintam, E. (2020). Effect of Crop Residue Decomposition on Soil Aggregate Stability. Agriculture, 10 (11), \u00a01\u221217. DOI:\u00a0<a href=\"https:\/\/doi.org\/10.3390\/agriculture10110527\" target=\"_blank\" title=\"\" rel=\"noopener\">10.3390\/agriculture10110527<\/a>.\n\t\t\t\t<\/p>\n<\/td>\n<\/tr>\n<tr>\n<td>\n<p>\n\t\t\t\t\tLinderson, Maj-Lena; Holst, Jutta; Heliasz, Michal; Klemedtsson, Leif; Klosterhalfen, Anne; Krasnova, Alisa; L\u00e4\u00e4nelaid, Alar; Linderson, Hans; Mart\u00ednez Garc\u00eda, Eduardo; M\u00f6lder, Meelis; Peichl, Matthias; Soosaar, Kaido; Tung Chen, Tzu; Vestin, Patrik; Weslien, Per; Lindroth, Anders (2020). Boreal forest carbon exchange and growth recovery after the summer 2018 drought. Boreal forest carbon exchange and growth recovery after the summer 2018 drought: Online, 4\u20138 May 2020, EGU2020-10559. \u00a0EGU General Assembly 2020. DOI:\u00a0<a href=\"https:\/\/meetingorganizer.copernicus.org\/EGU2020\/EGU2020-10715.html\" target=\"_blank\" title=\"\" rel=\"noopener\">10.5194\/egusphere-egu2020-10559<\/a>.\n\t\t\t\t<\/p>\n<\/td>\n<\/tr>\n<tr>\n<td>\n<p>\n\t\t\t\t\tEscuer-Gatius, J.; Shanskiy, M.; Mander, \u00dc.; Kauer, K.; Astover, A.; Vahter, H.; Soosaar, K. (2020). Intensive rain hampers the effectiveness of nitrification inhibition in controlling N2O emissions from dairy slurry-fertilized soils. Agriculture, 10 (11), \u00a0ARTN 497. DOI:\u00a0<a href=\"https:\/\/doi.org\/10.3390\/agriculture10110497\" target=\"_blank\" title=\"\" rel=\"noopener\">10.3390\/agriculture10110497<\/a>.\n\t\t\t\t<\/p>\n<\/td>\n<\/tr>\n<tr>\n<td>\n<p>\n\t\t\t\t\tStegarescu, Gheorghe; Escuer-Gatius, Jordi; Soosaar, Kaido; Kauer, Karin; Tonutare, Tonu; Astover, Alar; Reintam, Endla (2020). Effect of Crop Residue Decomposition on Soil Aggregate Stability. Agriculture, 10 (11), \u00a0ARTN 527. DOI:\u00a0<a href=\"https:\/\/doi.org\/10.3390\/agriculture10110527\" target=\"_blank\" title=\"\" rel=\"noopener\">10.3390\/agriculture10110527<\/a>.\n\t\t\t\t<\/p>\n<\/td>\n<\/tr>\n<tr>\n<td>\n<p>\n\t\t\t\t\tEscuer-Gatius, Jordi; Shanskiy, Merrit; Soosaar, Kaido; Astover, Alar; Raave, Henn (2020). High-Temperature Hay Biochar Application into Soil Increases N2O Fluxes. Agronomy, 10 (1), \u00a0ARTN 109. DOI:\u00a0<a href=\"https:\/\/doi.org\/10.3390\/agronomy10010109\" target=\"_blank\" title=\"\" rel=\"noopener\">10.3390\/agronomy10010109<\/a>.\n\t\t\t\t<\/p>\n<\/td>\n<\/tr>\n<tr>\n<td>\n<p>\n\t\t\t\t\tMachacova, Katerina; Borak, Libor; Agyei, Thomas; Schindler, Thomas; Soosaar, Kaido; Mander, Ulo; Ah-Peng, Claudine (2020). Trees as net sinks for methane (CH4) and nitrous oxide (N2O) in the lowland tropical rain forest on volcanic Reunion Island. New Phytologist. DOI:\u00a0<a href=\"https:\/\/doi.org\/10.1111\/nph.17002\" target=\"_blank\" title=\"\" rel=\"noopener\">10.1111\/nph.17002<\/a>.\n\t\t\t\t<\/p>\n<\/td>\n<\/tr>\n<\/tbody>\n<\/table>\n","protected":false},"excerpt":{"rendered":"<p>Schindler, Thomas; Mander, Ulo; Machacova, Katerina; Espenberg, Mikk; Krasnov, Dmitrii; Escuer-Gatius, Jordi; Veber, Gert; Parn, Jaan; Soosaar, Kaido\u00a0(2020). Short-term flooding increases CH4 and N2O emissions from trees in a riparian forest soil-stem continuum. Scientific reports, 10 (1), \u00a0ARTN 3204. DOI:\u00a010.1038\/s41598-020-60058-7. &#8230;<\/p>\n","protected":false},"author":199,"featured_media":0,"parent":0,"menu_order":0,"comment_status":"closed","ping_status":"closed","template":"","meta":{"_acf_changed":false,"inline_featured_image":false,"footnotes":""},"class_list":["post-40","page","type-page","status-publish","hentry"],"acf":[],"_links":{"self":[{"href":"https:\/\/sisu.ut.ee\/biometeorology\/wp-json\/wp\/v2\/pages\/40","targetHints":{"allow":["GET"]}}],"collection":[{"href":"https:\/\/sisu.ut.ee\/biometeorology\/wp-json\/wp\/v2\/pages"}],"about":[{"href":"https:\/\/sisu.ut.ee\/biometeorology\/wp-json\/wp\/v2\/types\/page"}],"author":[{"embeddable":true,"href":"https:\/\/sisu.ut.ee\/biometeorology\/wp-json\/wp\/v2\/users\/199"}],"replies":[{"embeddable":true,"href":"https:\/\/sisu.ut.ee\/biometeorology\/wp-json\/wp\/v2\/comments?post=40"}],"version-history":[{"count":1,"href":"https:\/\/sisu.ut.ee\/biometeorology\/wp-json\/wp\/v2\/pages\/40\/revisions"}],"predecessor-version":[{"id":95,"href":"https:\/\/sisu.ut.ee\/biometeorology\/wp-json\/wp\/v2\/pages\/40\/revisions\/95"}],"wp:attachment":[{"href":"https:\/\/sisu.ut.ee\/biometeorology\/wp-json\/wp\/v2\/media?parent=40"}],"curies":[{"name":"wp","href":"https:\/\/api.w.org\/{rel}","templated":true}]}}