{"id":4,"date":"2024-04-04T08:59:33","date_gmt":"2024-04-04T05:59:33","guid":{"rendered":"https:\/\/sisu.ut.ee\/biometeorology\/avaleht\/"},"modified":"2024-09-25T15:13:10","modified_gmt":"2024-09-25T12:13:10","slug":"avaleht","status":"publish","type":"page","link":"https:\/\/sisu.ut.ee\/biometeorology\/avaleht\/?lang=et","title":{"rendered":"Avaleht"},"content":{"rendered":"<div class=\"wp-block-columns is-layout-flex wp-container-core-columns-is-layout-9d6595d7 wp-block-columns-is-layout-flex\">\n<div class=\"wp-block-column is-layout-flow wp-block-column-is-layout-flow\">\n<h2 class=\"wp-block-heading\">Biometeoroloogia labor<\/h2>\n\n\n\n<p>Meie uurimisr\u00fchm uurib f\u00fc\u00fcsikalisi, bioloogilisi ja keemilisi protsesse, mis reguleerivad gaaside, vee ja energia vahetust maapinna ja atmosf\u00e4\u00e4ri vahel. Uurime, kuidas kasvuhoonegaaside vahetus maa ja atmosf\u00e4\u00e4ri vahel reageerib muutuvale kliimale ja h\u00e4iretele, nagu \u00fcleujutused ja kuumalained, ning kuidas saaks muuta maakorraldustavasid, et kliimamuutustega kohaneda ja neid v\u00e4hendada.<\/p>\n\n\n\n<p>Kasutame kambrip\u00f5hiseid vaatlusi, modelleerimist ja mikrometeoroloogilisi m\u00f5\u00f5tmisi, et m\u00f5ista pinnase, taimestiku ja atmosf\u00e4\u00e4ri koostoimeid erinevatel geograafilistel ja ajalistel skaalal. Kliimapoliitika toetamiseks ja edendamiseks teeme koost\u00f6\u00f6d mitmekesise teadlaste ja institutsioonidega. <\/p>\n\n\n\n<p>Meie labori, uuringute ja v\u00e4ljaannete kohta lisateabe saamiseks vaadake \u00fclalolevaid linke.<\/p>\n<\/div>\n\n\n\n<div class=\"wp-block-column is-layout-flow wp-block-column-is-layout-flow\">\n<figure class=\"wp-block-image size-full\"><img loading=\"lazy\" decoding=\"async\" width=\"825\" height=\"550\" src=\"https:\/\/sisu.ut.ee\/wp-content\/uploads\/sites\/655\/Kuresoo_Photo-by-Anto-Raig-1-edited.jpg\" alt=\"\" class=\"wp-image-249\" srcset=\"https:\/\/sisu.ut.ee\/wp-content\/uploads\/sites\/655\/Kuresoo_Photo-by-Anto-Raig-1-edited.jpg 825w, https:\/\/sisu.ut.ee\/wp-content\/uploads\/sites\/655\/Kuresoo_Photo-by-Anto-Raig-1-edited-300x200.jpg 300w, https:\/\/sisu.ut.ee\/wp-content\/uploads\/sites\/655\/Kuresoo_Photo-by-Anto-Raig-1-edited-768x512.jpg 768w\" sizes=\"auto, (max-width: 825px) 100vw, 825px\"><\/figure>\n<\/div>\n<\/div>\n\n\n\n<hr class=\"wp-block-separator has-alpha-channel-opacity\">\n\n\n<section class=\"page-cards-block page-section page-section--wide\">\n    <h2 class=\"visually-hidden\">Page links<\/h2>\n    <div class=\"container-fluid g-0\">\n      <div class=\"row g-0\">\n                  <div class=\"col-12\">\n            <div class=\"page-card d-flex justify-content-center align-items-end w-100 position-relative\" style=\"background-image: url(https:\/\/sisu.ut.ee\/wp-content\/uploads\/sites\/655\/dji_fly_20240430_112514_159_1714465532736_photo_optimized-1-1920x1080.jpg);\">\n  <div class=\"page-card__content text-center w-100 p-2 p-lg-4\">\n          <h3 class=\"h4 text-white mb-2\">Meie meeskond ootab uusi doktorante, j\u00e4reldoktorante, k\u00fclalisteadlasi ja praktikante!<\/h3>\n        <a href=\"https:\/\/sisu.ut.ee\/biometeorology\/kontakt\/?lang=et\" class=\"btn btn-outline-light btn-icon\" target=\"_self\">V\u00f5ta meiega \u00fchendust<\/a>\n  <\/div>\n<\/div>\n          <\/div>\n              <\/div>\n    <\/div>\n  <\/section>\n","protected":false},"excerpt":{"rendered":"<p>Biometeoroloogia labor Meie uurimisr\u00fchm uurib f\u00fc\u00fcsikalisi, bioloogilisi ja keemilisi protsesse, mis reguleerivad gaaside, vee ja energia vahetust maapinna ja atmosf\u00e4\u00e4ri vahel. Uurime, kuidas kasvuhoonegaaside vahetus maa ja atmosf\u00e4\u00e4ri vahel reageerib muutuvale kliimale ja h\u00e4iretele, nagu \u00fcleujutused ja kuumalained, ning kuidas &#8230;<\/p>\n","protected":false},"author":199,"featured_media":226,"parent":0,"menu_order":0,"comment_status":"closed","ping_status":"closed","template":"","meta":{"_acf_changed":false,"inline_featured_image":false,"footnotes":""},"class_list":["post-4","page","type-page","status-publish","has-post-thumbnail","hentry"],"acf":[],"_links":{"self":[{"href":"https:\/\/sisu.ut.ee\/biometeorology\/wp-json\/wp\/v2\/pages\/4","targetHints":{"allow":["GET"]}}],"collection":[{"href":"https:\/\/sisu.ut.ee\/biometeorology\/wp-json\/wp\/v2\/pages"}],"about":[{"href":"https:\/\/sisu.ut.ee\/biometeorology\/wp-json\/wp\/v2\/types\/page"}],"author":[{"embeddable":true,"href":"https:\/\/sisu.ut.ee\/biometeorology\/wp-json\/wp\/v2\/users\/199"}],"replies":[{"embeddable":true,"href":"https:\/\/sisu.ut.ee\/biometeorology\/wp-json\/wp\/v2\/comments?post=4"}],"version-history":[{"count":5,"href":"https:\/\/sisu.ut.ee\/biometeorology\/wp-json\/wp\/v2\/pages\/4\/revisions"}],"predecessor-version":[{"id":309,"href":"https:\/\/sisu.ut.ee\/biometeorology\/wp-json\/wp\/v2\/pages\/4\/revisions\/309"}],"wp:featuredmedia":[{"embeddable":true,"href":"https:\/\/sisu.ut.ee\/biometeorology\/wp-json\/wp\/v2\/media\/226"}],"wp:attachment":[{"href":"https:\/\/sisu.ut.ee\/biometeorology\/wp-json\/wp\/v2\/media?parent=4"}],"curies":[{"name":"wp","href":"https:\/\/api.w.org\/{rel}","templated":true}]}}