{"id":37,"date":"2024-04-04T08:59:34","date_gmt":"2024-04-04T05:59:34","guid":{"rendered":"https:\/\/sisu.ut.ee\/biometeorology\/2023-3\/"},"modified":"2024-10-08T11:35:57","modified_gmt":"2024-10-08T08:35:57","slug":"2023-3","status":"publish","type":"page","link":"https:\/\/sisu.ut.ee\/biometeorology\/2023-3\/","title":{"rendered":"2023"},"content":{"rendered":"<figure class=\"wp-block-table\"><table class=\"table table-hover\"><tbody><tr><td>P\u00e4rn, Jaan; Soosaar, Kaido; Schindler, Thomas; Machacova, Katerina; Munoz, Waldemar Alegria; Fachin, Lizardo; Aspajo, Jose Luis Jibaja; Negron-Juarez, Robinson I.; Maddison, Martin; Rengifo, Jhon; Dinis, Danika Journeth Garay; Oversluijs, Adriana Gabriela Arista; Fucos, Manuel Calixto Avila; Vasquez, Rafael Chavez; Wampuch, Ronald Huaje; Garcia, Edgar Peas; Sohar, Kristina; Horna, Segundo Cordova; Gomez, Tedi Pacheco; Munoz, Jose David Urquiza \u2026 Mander, Ulo (2023). Effects of Water Table Fluctuation on Greenhouse Gas Emissions from Wetland Soils in the Peruvian Amazon. Wetlands, 43 (6), ARTN 62. <a href=\"http:\/\/dx.doi.org\/10.1007\/s13157-023-01709-z\">DOI: 10.1007\/s13157-023-01709-z<\/a>.<\/td><\/tr><tr><td><p>Masta, M.; Espenberg, M.; Kuusemets, L.; P\u00e4rn, J.; Thayamkottu, S.; Sepp, H.; Kirsim\u00e4e, K.; Sgouridis, F.; Kasak, K.; Soosaar, K.; Mander, \u00dc.\u00a0(2023). 15N tracers and microbial analyses reveal in situ N2O sources in contrasting water regimes on drained peatland forest.\u00a0Pedosphere.<\/p><\/td><\/tr><tr><td>Ranniku, R.; Schindler, T.; Escuer-Gatius, J.; Mander, \u00dc.; Machacova, K.; Soosaar, K. (2023). Tree stems are a net source of CH4 and N2O in a hemiboreal drained peatland forest during the winter period. Environmental Research Communications\u00a05(5): 051010<\/td><\/tr><\/tbody><\/table><\/figure>\n","protected":false},"excerpt":{"rendered":"<p>P\u00e4rn, Jaan; Soosaar, Kaido; Schindler, Thomas; Machacova, Katerina; Munoz, Waldemar Alegria; Fachin, Lizardo; Aspajo, Jose Luis Jibaja; Negron-Juarez, Robinson I.; Maddison, Martin; Rengifo, Jhon; Dinis, Danika Journeth Garay; Oversluijs, Adriana Gabriela Arista; Fucos, Manuel Calixto Avila; Vasquez, Rafael Chavez; Wampuch, &#8230;<\/p>\n","protected":false},"author":199,"featured_media":0,"parent":0,"menu_order":0,"comment_status":"closed","ping_status":"closed","template":"","meta":{"_acf_changed":false,"inline_featured_image":false,"footnotes":""},"class_list":["post-37","page","type-page","status-publish","hentry"],"acf":[],"_links":{"self":[{"href":"https:\/\/sisu.ut.ee\/biometeorology\/wp-json\/wp\/v2\/pages\/37","targetHints":{"allow":["GET"]}}],"collection":[{"href":"https:\/\/sisu.ut.ee\/biometeorology\/wp-json\/wp\/v2\/pages"}],"about":[{"href":"https:\/\/sisu.ut.ee\/biometeorology\/wp-json\/wp\/v2\/types\/page"}],"author":[{"embeddable":true,"href":"https:\/\/sisu.ut.ee\/biometeorology\/wp-json\/wp\/v2\/users\/199"}],"replies":[{"embeddable":true,"href":"https:\/\/sisu.ut.ee\/biometeorology\/wp-json\/wp\/v2\/comments?post=37"}],"version-history":[{"count":2,"href":"https:\/\/sisu.ut.ee\/biometeorology\/wp-json\/wp\/v2\/pages\/37\/revisions"}],"predecessor-version":[{"id":376,"href":"https:\/\/sisu.ut.ee\/biometeorology\/wp-json\/wp\/v2\/pages\/37\/revisions\/376"}],"wp:attachment":[{"href":"https:\/\/sisu.ut.ee\/biometeorology\/wp-json\/wp\/v2\/media?parent=37"}],"curies":[{"name":"wp","href":"https:\/\/api.w.org\/{rel}","templated":true}]}}