{"id":27,"date":"2024-04-04T08:59:32","date_gmt":"2024-04-04T05:59:32","guid":{"rendered":"https:\/\/sisu.ut.ee\/biometeorology\/vanda\/"},"modified":"2025-03-11T15:37:11","modified_gmt":"2025-03-11T13:37:11","slug":"vanda","status":"publish","type":"page","link":"https:\/\/sisu.ut.ee\/biometeorology\/vanda\/","title":{"rendered":"V\u00c4NDA"},"content":{"rendered":"<p>\n\t<b>Konstrueeritud m\u00e4rgala<\/b>\n<\/p>\n<p>\n\t<b>P\u00f5hit\u00e4itja: Kuno Kasak (<a href=\"mailto:kuno.kasak@ut.ee\">kuno.kasak@ut.ee<\/a>)<\/b>\n<\/p>\n<ul>\n<li>\n\t\t<strong>V\u00e4ljakutse<\/strong>: P\u00f5llumajanduslik \u00e4ravool halvendab vee kvaliteeti ja p\u00f5hjustab pinna-, mere- ja magevee eutrofeerumist; seet\u00f5ttu on oluline v\u00e4hendada inimtekkelise eutrofeerumise m\u00f5ju mandrivetes ja rannikuv\u00f6\u00f6ndis.\n\t<\/li>\n<li>\n\t\t<strong>Lahendus<\/strong>: Konstrueeritud m\u00e4rgalasid (CW) saab kasutada t\u00f5husa meetmena veekvaliteedi parandamiseks. Samuti annab v\u00f5imaluse edukalt luua v\u00f5i taastada v\u00e4\u00e4rtuslikku m\u00e4rgalade elupaika metsloomade kasutamiseks ja keskkonnaseisundi parandamiseks. Taastatud m\u00e4rgalasid kasutatakse reovee veekvaliteedi parandamiseks, p\u00f5llumajandusliku \u00e4ravoolu v\u00f5i sademevee puhverdamiseks ja puhastamiseks. Kui neil eesm\u00e4rkidel kasutatakse rajatud m\u00e4rgalasid, on vaja teostada seiret, et tagada m\u00e4rgalade s\u00fcsteemide s\u00e4ilimine.\n\t<\/li>\n<li>\n\t\t<strong>Oodatud tulemused<\/strong>: Konstrueeritud m\u00e4rgalad, mis seovad p\u00f5llumajandusliku \u00e4ravoolu C ja toitaineid \u00f6kos\u00fcsteemiks ning pakuvad elupaika ka mitmesugustele metsloomaliikidele.\n\t<\/li>\n<li>\n\t\t<strong>\u00dclekantavus<\/strong>: Konstrueeritud m\u00e4rgalasid saab konkreetsete vajaduste rahuldamiseks projekteerida mitmesuguste s\u00fcsteemit\u00fc\u00fcpide ja konfiguratsioonidega. Need s\u00fcsteemid on kulut\u00f5husad ning h\u00f5lpsasti kasutatavad ja hooldatavad.\n\t<\/li>\n<li>\n\t\t<strong>Suurus<\/strong>: 0,5 ha\n\t<\/li>\n<li>\n\t\t<strong>Koordinaadid<\/strong>: 58.282426, 26.721543\n\t<\/li>\n<\/ul>\n<p>\n\t<div class=\"video-placeholder-wrapper video-placeholder-wrapper--fixed\" style=\"height: 450px;\">\n\t\t\t    <div class=\"video-placeholder d-flex justify-content-center align-items-center\">\n\t\t\t        <div class=\"overlay text-white p-2 w-100 text-center d-block justify-content-center align-items-center\">\n\t\t\t            <div>To view third-party content, please accept cookies.<\/div>\n\t\t\t            <button class=\"btn btn-secondary btn-sm mt-1 consent-change\">Change consent<\/button>\n\t\t\t        <\/div>\n\t\t\t    <\/div>\n\t\t\t<\/div>\n<\/p>\n","protected":false},"excerpt":{"rendered":"<p>Konstrueeritud m\u00e4rgala P\u00f5hit\u00e4itja: Kuno Kasak (kuno.kasak@ut.ee) V\u00e4ljakutse: P\u00f5llumajanduslik \u00e4ravool halvendab vee kvaliteeti ja p\u00f5hjustab pinna-, mere- ja magevee eutrofeerumist; seet\u00f5ttu on oluline v\u00e4hendada inimtekkelise eutrofeerumise m\u00f5ju mandrivetes ja rannikuv\u00f6\u00f6ndis. Lahendus: Konstrueeritud m\u00e4rgalasid (CW) saab kasutada t\u00f5husa meetmena veekvaliteedi parandamiseks. Samuti &#8230;<\/p>\n","protected":false},"author":199,"featured_media":0,"parent":0,"menu_order":0,"comment_status":"closed","ping_status":"closed","template":"","meta":{"_acf_changed":false,"inline_featured_image":false,"footnotes":""},"class_list":["post-27","page","type-page","status-publish","hentry"],"acf":[],"_links":{"self":[{"href":"https:\/\/sisu.ut.ee\/biometeorology\/wp-json\/wp\/v2\/pages\/27","targetHints":{"allow":["GET"]}}],"collection":[{"href":"https:\/\/sisu.ut.ee\/biometeorology\/wp-json\/wp\/v2\/pages"}],"about":[{"href":"https:\/\/sisu.ut.ee\/biometeorology\/wp-json\/wp\/v2\/types\/page"}],"author":[{"embeddable":true,"href":"https:\/\/sisu.ut.ee\/biometeorology\/wp-json\/wp\/v2\/users\/199"}],"replies":[{"embeddable":true,"href":"https:\/\/sisu.ut.ee\/biometeorology\/wp-json\/wp\/v2\/comments?post=27"}],"version-history":[{"count":2,"href":"https:\/\/sisu.ut.ee\/biometeorology\/wp-json\/wp\/v2\/pages\/27\/revisions"}],"predecessor-version":[{"id":487,"href":"https:\/\/sisu.ut.ee\/biometeorology\/wp-json\/wp\/v2\/pages\/27\/revisions\/487"}],"wp:attachment":[{"href":"https:\/\/sisu.ut.ee\/biometeorology\/wp-json\/wp\/v2\/media?parent=27"}],"curies":[{"name":"wp","href":"https:\/\/api.w.org\/{rel}","templated":true}]}}