{"id":18,"date":"2024-04-04T08:59:31","date_gmt":"2024-04-04T05:59:31","guid":{"rendered":"https:\/\/sisu.ut.ee\/biometeorology\/2017-0\/"},"modified":"2024-04-04T08:59:59","modified_gmt":"2024-04-04T05:59:59","slug":"2017-0","status":"publish","type":"page","link":"https:\/\/sisu.ut.ee\/biometeorology\/2017-0\/","title":{"rendered":"2017"},"content":{"rendered":"<table class=\"table table-hover\" border=\"0\" cellpadding=\"1\" cellspacing=\"1\">\n<tbody>\n<tr>\n<td>\n<p>\n\t\t\t\t\tTorga, Raili; Mander, \u00dclo; Soosaar, Kaido; Kupper, Priit; Tullus, Arvo; Rosenvald, Katrin; Ostonen, Ivika; Kutti, Sander; Jaagus, Jaak; S\u00f5ber, Jaak; Maddison, Martin; Kaasik, Ants; L\u00f5hmus, Krista (2017). Weather extremes and tree species shape soil greenhouse gas fluxes in an experimental fast-growing deciduous forest of air humidity manipulation. Ecological Engineering, 106, \u00a0369\u2212377. DOI:\u00a0<a href=\"https:\/\/doi.org\/10.1016\/j.ecoleng.2017.05.025\" target=\"_blank\" title=\"\" rel=\"noopener\">10.1016\/j.ecoleng.2017.05.025<\/a>.\n\t\t\t\t<\/p>\n<\/td>\n<\/tr>\n<tr>\n<td>\n<p>\n\t\t\t\t\tUri, Veiko; Kukum\u00e4gi, Mai; Aosaar, J\u00fcrgen; Varik, Mats; Becker, Hardo; Soosaar, Kaido; Morozov, Gunnar; Ligi, Karli; Padari, Allar; Ostonen, Ivika; Karoles, Kalle (2017). Carbon budgets in fertile grey alder (Alnus incana (L.) Moench.) stands of different ages. Forest Ecology and Management, 396, \u00a055\u221267. DOI:\u00a0<a href=\"https:\/\/doi.org\/10.1016\/j.foreco.2017.04.004\" target=\"_blank\" title=\"\" rel=\"noopener\">10.1016\/j.foreco.2017.04.004<\/a>.\n\t\t\t\t<\/p>\n<\/td>\n<\/tr>\n<tr>\n<td>\n<p>\n\t\t\t\t\tL\u00f5hmus, K.; Rosenvald, K.; Ostonen, I.; Kukum\u00e4gi, M.; Parts, K.; Uri, V.; Tullus, A.; Sellin, A.; Niglas, A.; Aosaar, J.; Varik, M.; Kupper, P.; Truu, M.; Truu, J.; Torga, R.; Maddison, M.; Soosaar, K.; S\u00f5ber, J.; Mander, \u00dc.; S\u00f5ber, A. (2017). Elevated atmospheric humidity shapes fine root foraging strategies and the carbon cycle of a silver birch forest ecosystem: a FAHM study. In: Kriiska, K.; Rosenvald, K.; Meitern, A.; Ostonen, I. (Ed.). \u00a0Abstract book of the 7th International Symposium on Physiological Processes in Roots of Woody Plants. (55). 7th International Symposium on Physiological Processes in Roots of Woody Plants, Tartu, June 26-29, 2017.\u00a0Tartu.\n\t\t\t\t<\/p>\n<\/td>\n<\/tr>\n<tr>\n<td>\n<p>\n\t\t\t\t\tKrasnova, Alisa; Krasnov, Dmitrii; Noe, Steffen M.; Uri, Veiko; Mander, \u00dclo; Niinemets, \u00dclo; Soosaar, Kaido (2017). CO2 flux studies of different hemiboreal forest ecosystems . Geophysical Research Abstracts, 19: EGU General Assembly 2017. \u00a0Vienna: European \u00a0Geosciences Union, 1\u22121.\n\t\t\t\t<\/p>\n<\/td>\n<\/tr>\n<tr>\n<td>\n<p>\n\t\t\t\t\tMander, \u00dc.; Maddison, M.; Truu, M.; Truu, J.; Espenberg, M.; Teemusk, A; Torga, R; Soosaar, K; Uri, V. (2017). Full-drained peatland forests as nitrous oxide sources. Geophysical Research Abstracts, 19: European Geosciences Union General Assembly 2017. \u00a0Vienna: European Geosciences Union, 1\u22121. (EGU2017-5266).\n\t\t\t\t<\/p>\n<\/td>\n<\/tr>\n<tr>\n<td>\n<p>\n\t\t\t\t\tKriiska, K.;Uri, V.; Frey, J.; Napa, \u00dc.; Kabral, N.; Soosaar, K.; Rannik, K.; Ostonen, I. (2017). Carbon allocation patterns in boreal and hemiboreal forest ecosystems along the gradient of soil fertility. In: \u00a0Geophysical Research Abstracts European Geosciences Union General Assembly 2017 Vienna, Austria, \u00a023\u2013 28 April. \u00a0(EGU2017-12807).\n\t\t\t\t<\/p>\n<\/td>\n<\/tr>\n<\/tbody>\n<\/table>\n","protected":false},"excerpt":{"rendered":"<p>Torga, Raili; Mander, \u00dclo; Soosaar, Kaido; Kupper, Priit; Tullus, Arvo; Rosenvald, Katrin; Ostonen, Ivika; Kutti, Sander; Jaagus, Jaak; S\u00f5ber, Jaak; Maddison, Martin; Kaasik, Ants; L\u00f5hmus, Krista (2017). Weather extremes and tree species shape soil greenhouse gas fluxes in an experimental &#8230;<\/p>\n","protected":false},"author":199,"featured_media":0,"parent":0,"menu_order":0,"comment_status":"closed","ping_status":"closed","template":"","meta":{"_acf_changed":false,"inline_featured_image":false,"footnotes":""},"class_list":["post-18","page","type-page","status-publish","hentry"],"acf":[],"_links":{"self":[{"href":"https:\/\/sisu.ut.ee\/biometeorology\/wp-json\/wp\/v2\/pages\/18","targetHints":{"allow":["GET"]}}],"collection":[{"href":"https:\/\/sisu.ut.ee\/biometeorology\/wp-json\/wp\/v2\/pages"}],"about":[{"href":"https:\/\/sisu.ut.ee\/biometeorology\/wp-json\/wp\/v2\/types\/page"}],"author":[{"embeddable":true,"href":"https:\/\/sisu.ut.ee\/biometeorology\/wp-json\/wp\/v2\/users\/199"}],"replies":[{"embeddable":true,"href":"https:\/\/sisu.ut.ee\/biometeorology\/wp-json\/wp\/v2\/comments?post=18"}],"version-history":[{"count":1,"href":"https:\/\/sisu.ut.ee\/biometeorology\/wp-json\/wp\/v2\/pages\/18\/revisions"}],"predecessor-version":[{"id":125,"href":"https:\/\/sisu.ut.ee\/biometeorology\/wp-json\/wp\/v2\/pages\/18\/revisions\/125"}],"wp:attachment":[{"href":"https:\/\/sisu.ut.ee\/biometeorology\/wp-json\/wp\/v2\/media?parent=18"}],"curies":[{"name":"wp","href":"https:\/\/api.w.org\/{rel}","templated":true}]}}