{"id":16,"date":"2024-04-04T08:59:34","date_gmt":"2024-04-04T05:59:34","guid":{"rendered":"https:\/\/sisu.ut.ee\/biometeorology\/2019-2\/"},"modified":"2024-04-19T11:20:50","modified_gmt":"2024-04-19T08:20:50","slug":"2019-2","status":"publish","type":"page","link":"https:\/\/sisu.ut.ee\/biometeorology\/2019-2\/?lang=et","title":{"rendered":"2019"},"content":{"rendered":"<table class=\"table table-hover\" border=\"0\" cellpadding=\"1\" cellspacing=\"1\">\n<tbody>\n<tr>\n<td>\n<p>\n\t\t\t\t\tUri, V.; Kukum\u00e4gi, M.; Aosaar, J.; Varik, M.; Becker, H.; Aun, K.; Krasnova, A.; Morozov, G.; Ostonen, I.; Mander, \u00dc.; L\u00f5hmus, K.; Rosenvald, K.; Kriiska, K.; Soosaar, K. (2019). The carbon balance of a six-year-old Scots pine (Pinus sylvestris L.) ecosystem estimated by different methods. Forest Ecology and Management, 433, \u00a0248\u2212262. DOI:\u00a0<a href=\"https:\/\/doi.org\/10.1016\/j.foreco.2018.11.012\" target=\"_blank\" title=\"\" rel=\"noopener\">10.1016\/j.foreco.2018.11.012<\/a>.\n\t\t\t\t<\/p>\n<\/td>\n<\/tr>\n<tr>\n<td>\n<p>\n\t\t\t\t\tKrasnova, Alisa; Kukum\u00e4gi, Mai; Mander, \u00dclo; Torga, Raili; Krasnov, Dmitrii; Noe, Steffen M.; Ostonen, Ivika; P\u00fcttsepp, \u00dclle; Killian, Helen; Uri, Veiko; L\u00f5hmus, Krista; S\u00f5ber, Jaak; Soosaar, Kaido; (2019). Carbon exchange in a hemiboreal mixed forest in relation to tree species composition. Agricultural and Forest Meteorology, 275, \u00a011\u221223. DOI:\u00a0<a href=\"https:\/\/doi.org\/10.1016\/j.agrformet.2019.05.007\" target=\"_blank\" title=\"\" rel=\"noopener\">10.1016\/j.agrformet.2019.05.007<\/a>.\n\t\t\t\t<\/p>\n<\/td>\n<\/tr>\n<tr>\n<td>\n<p>\n\t\t\t\t\tSoosaar, K; Schindler, T; Krasnov, D; Krasnova, A; Escuer Gatius, J; Mach\u00e1cov\u00e1, K; Mander, \u00dc. (2019). The annual budget of CH4 and N2O from a riparian forest: balances between the forest floor, tree stems and canopy . Geophysical Research Abstracts, 21: EGU General Assembly 2019. \u00a0 Vienna: European Geosciences Union. (EGU2019-13200).\n\t\t\t\t<\/p>\n<\/td>\n<\/tr>\n<tr>\n<td>\n<p>\n\t\t\t\t\tMander, \u00dc; Schindler, T; Mach\u00e1cov\u00e1, K; Krasnova, A; Soosaar, K. (2019). Methane and nitrous oxide cycles in forests. Geophysical Research Abstracts, 21: EGU General Assembly 2019. \u00a0 Vienna: European Geosciences Union. ( EGU2019-7190).\n\t\t\t\t<\/p>\n<\/td>\n<\/tr>\n<tr>\n<td>\n<p>\n\t\t\t\t\tL\u00f5hmus, K.; Rosenvald, K.; Ostonen, I.; Kukum\u00e4gi, M.; Uri, V.; Tullus, A.; Aosaar, J.; Varik, M.; Kupper, P.; Torga, R.; Maddison, M.; Soosaar, K.; S\u00f5ber, J.; Mander, \u00dc.; Kaasik, A.; S\u00f5ber, A. (2019). Elevated atmospheric humidity shapes the carbon cycle of a silver birch forest ecosystem: A FAHM study. The Science of The Total Environment, 661, \u00a0441\u2212448. DOI:\u00a0<a href=\"https:\/\/doi.org\/10.1016\/j.scitotenv.2019.01.160\" target=\"_blank\" title=\"\" rel=\"noopener\">10.1016\/j.scitotenv.2019.01.160<\/a>.\n\t\t\t\t<\/p>\n<\/td>\n<\/tr>\n<tr>\n<td>\n<p>\n\t\t\t\t\tUri, V.; Kukum\u00e4gi, M.; Aosaar, J.; Varik, M.; Becker, H.; Aun, K.; Krasnova, A.; Morozov, G.; Ostonen, I.; Mander, \u00dc.; L\u00f5hmus, K.; Rosenvald, K.; Kriiska, K.; Soosaar, K. (2019). The carbon balance of a six-year-old Scots pine (Pinus sylvestris L.) ecosystem estimated by different methods. Forest Ecology and Management, 433, \u00a0248\u2212262. DOI:\u00a0<a href=\"https:\/\/doi.org\/10.1016\/j.foreco.2018.11.012\" target=\"_blank\" title=\"\" rel=\"noopener\">10.1016\/j.foreco.2018.11.012<\/a>.\n\t\t\t\t<\/p>\n<\/td>\n<\/tr>\n<tr>\n<td>\n<p>\n\t\t\t\t\tKrasnova, A; Soosaar, K; Uri, V; Mander, \u00dc; Krasnov, D; Noe, S.M. (2019). Hemiboreal forests under the 2018 Europe heat wave. Geophysical Research Abstracts, 21: EGU General Assembly 2019. \u00a0 Vienna: European Geosciences Union. (EGU2019-8604).\n\t\t\t\t<\/p>\n<\/td>\n<\/tr>\n<tr>\n<td>\n<p>\n\t\t\t\t\tSchindler, T; Mander, \u00dc; Mach\u00e1cov\u00e1, K; Krasnov, D; Escuar-Gatius, J; Veber, G; Espenberg, M; Soosaar, K. (2019). Understanding N2O and CH4 flux dynamics from soil to tree level in a grey alder forest under experimental flooding conditions. Geophysical Research Abstracts, 21: EGU General Assembly 2019. \u00a0 Vienna: European Geosciences Union. ( EGU2019-7200).\n\t\t\t\t<\/p>\n<\/td>\n<\/tr>\n<tr>\n<td>\n<p>\n\t\t\t\t\tMander, \u00dc; Schindler, T; Mach\u00e1cov\u00e1, K; Krasnova, A; Soosaar, K. (2019). Methane and nitrous oxide cycles in forests. Geophysical Research Abstracts, 21: EGU General Assembly 2019. \u00a0 Vienna: European Geosciences Union. ( EGU2019-7190).\n\t\t\t\t<\/p>\n<\/td>\n<\/tr>\n<tr>\n<td>\n<p>\n\t\t\t\t\tSoosaar, K; Schindler, T; Krasnov, D; Krasnova, A; Escuer Gatius, J; Mach\u00e1cov\u00e1, K; Mander, \u00dc. (2019). The annual budget of CH4 and N2O from a riparian forest: balances between the forest floor, tree stems and canopy . Geophysical Research Abstracts, 21: EGU General Assembly 2019. \u00a0 Vienna: European Geosciences Union. (EGU2019-13200).\n\t\t\t\t<\/p>\n<\/td>\n<\/tr>\n<\/tbody>\n<\/table>\n","protected":false},"excerpt":{"rendered":"<p>Uri, V.; Kukum\u00e4gi, M.; Aosaar, J.; Varik, M.; Becker, H.; Aun, K.; Krasnova, A.; Morozov, G.; Ostonen, I.; Mander, \u00dc.; L\u00f5hmus, K.; Rosenvald, K.; Kriiska, K.; Soosaar, K. (2019). The carbon balance of a six-year-old Scots pine (Pinus sylvestris L.) &#8230;<\/p>\n","protected":false},"author":199,"featured_media":0,"parent":0,"menu_order":0,"comment_status":"closed","ping_status":"closed","template":"","meta":{"_acf_changed":false,"inline_featured_image":false,"footnotes":""},"class_list":["post-16","page","type-page","status-publish","hentry"],"acf":[],"_links":{"self":[{"href":"https:\/\/sisu.ut.ee\/biometeorology\/wp-json\/wp\/v2\/pages\/16","targetHints":{"allow":["GET"]}}],"collection":[{"href":"https:\/\/sisu.ut.ee\/biometeorology\/wp-json\/wp\/v2\/pages"}],"about":[{"href":"https:\/\/sisu.ut.ee\/biometeorology\/wp-json\/wp\/v2\/types\/page"}],"author":[{"embeddable":true,"href":"https:\/\/sisu.ut.ee\/biometeorology\/wp-json\/wp\/v2\/users\/199"}],"replies":[{"embeddable":true,"href":"https:\/\/sisu.ut.ee\/biometeorology\/wp-json\/wp\/v2\/comments?post=16"}],"version-history":[{"count":1,"href":"https:\/\/sisu.ut.ee\/biometeorology\/wp-json\/wp\/v2\/pages\/16\/revisions"}],"predecessor-version":[{"id":123,"href":"https:\/\/sisu.ut.ee\/biometeorology\/wp-json\/wp\/v2\/pages\/16\/revisions\/123"}],"wp:attachment":[{"href":"https:\/\/sisu.ut.ee\/biometeorology\/wp-json\/wp\/v2\/media?parent=16"}],"curies":[{"name":"wp","href":"https:\/\/api.w.org\/{rel}","templated":true}]}}