{"id":7,"date":"2025-06-04T22:44:16","date_gmt":"2025-06-04T19:44:16","guid":{"rendered":"https:\/\/sisu.ut.ee\/bioinfo\/?page_id=7"},"modified":"2025-06-12T17:15:06","modified_gmt":"2025-06-12T14:15:06","slug":"team","status":"publish","type":"page","link":"https:\/\/sisu.ut.ee\/bioinfo\/team\/","title":{"rendered":"Meeskond"},"content":{"rendered":"<p><br><strong>T\u00d6\u00d6TAJAD<\/strong><br><img loading=\"lazy\" decoding=\"async\" width=\"133\" height=\"200\" class=\"wp-image-45\" style=\"width: 133px;\" src=\"https:\/\/sisu.ut.ee\/wp-content\/uploads\/sites\/911\/MR.jpg\" alt=\"\"><br>Maido Remm, PhD, 1.0k professor<br><a href=\"mailto:maido.remm@ut.ee\">maido.remm@ut.ee<\/a><br>Tel: +372-7375001<\/p>\n\n\n\n<p>Age Brauer, PhD, 1.0k kaasprofessor<br><a href=\"mailto:age.brauer@ut.ee\">age.brauer@ut.ee<\/a><br>Tel: +372-7374047<\/p>\n\n\n\n<p>Reidar Andreson, PhD, 1.0k teadur<br><a href=\"mailto:reidar.andreson@ut.ee\">reidar.andreson@ut.ee<\/a><br>Tel: +372-7374047<br><br>Kairi Raime, PhD, teadur<br><a href=\"mailto:kairira@ut.ee\">kairi.raime@ut.ee<\/a><\/p>\n\n\n\n<p>Susanna Janno, 1.0k spetsialist<br><a href=\"mailto:susanna.janno@ut.ee\">susanna.janno@ut.ee<\/a><br><br>Grete Paat, 0.6k spetsialist<br><br>Erki Aun, 0.3k spetsialist<br><br>Janeli Lember, 0.2k spetsialist<br><br>Alice Z\u00f5rjanova, 0.2k spetsialist<br><br>Lauris Kaplinski, PhD, 0.1k kaasprofessor<br><br>Triinu K\u00f5ressaar, PhD, 0k teadur<\/p>\n\n\n\n<hr class=\"wp-block-separator has-alpha-channel-opacity\">\n\n\n\n<p><strong>TUDENGID<\/strong><br><br><span style=\"text-decoration: underline;\">doktorandid<\/span><br>Tarmo Puurand<br>Fanny-Dhelia Pajuste<br><br><span style=\"text-decoration: underline;\">magistrandid<\/span><br>Karita Helda<br>Anette \u0160tra\u017eev<br><br><span style=\"text-decoration: underline;\">3. aasta bakalaureus<\/span><br>Heleri Savolainen<br>Marten Rikberg<br>Kethel Monso<br>Sander Arna<br>Leiki-Maria Arroval<br>Annaliisa Vask<br>Kaur Reidma<br>Carmen Beljajev<br>Katariina Ilmoja<br>Mihkel Krit\u0161mann<br>Aleksander Roosimaa, T\u00dc BII<br>Caroline Lehes, T\u00dc ATI<br><br><span style=\"text-decoration: underline;\">2. aasta bakalaureus<br><\/span>Grete Paat<br>Eva-Aleksandra Lestberg<br>Hendrik Peru, T\u00dc ATI<br><\/p>\n\n\n\n<hr class=\"wp-block-separator has-alpha-channel-opacity\">\n","protected":false},"excerpt":{"rendered":"<p>T\u00d6\u00d6TAJADMaido Remm, PhD, 1.0k professormaido.remm@ut.eeTel: +372-7375001 Age Brauer, PhD, 1.0k kaasprofessorage.brauer@ut.eeTel: +372-7374047 Reidar Andreson, PhD, 1.0k teadurreidar.andreson@ut.eeTel: +372-7374047 Kairi Raime, PhD, teadurkairi.raime@ut.ee Susanna Janno, 1.0k spetsialistsusanna.janno@ut.ee Grete Paat, 0.6k spetsialist Erki Aun, 0.3k spetsialist Janeli Lember, 0.2k spetsialist Alice Z\u00f5rjanova, &#8230;<\/p>\n","protected":false},"author":857,"featured_media":0,"parent":0,"menu_order":0,"comment_status":"closed","ping_status":"closed","template":"","meta":{"_acf_changed":false,"inline_featured_image":false,"footnotes":""},"class_list":["post-7","page","type-page","status-publish","hentry"],"acf":[],"_links":{"self":[{"href":"https:\/\/sisu.ut.ee\/bioinfo\/wp-json\/wp\/v2\/pages\/7","targetHints":{"allow":["GET"]}}],"collection":[{"href":"https:\/\/sisu.ut.ee\/bioinfo\/wp-json\/wp\/v2\/pages"}],"about":[{"href":"https:\/\/sisu.ut.ee\/bioinfo\/wp-json\/wp\/v2\/types\/page"}],"author":[{"embeddable":true,"href":"https:\/\/sisu.ut.ee\/bioinfo\/wp-json\/wp\/v2\/users\/857"}],"replies":[{"embeddable":true,"href":"https:\/\/sisu.ut.ee\/bioinfo\/wp-json\/wp\/v2\/comments?post=7"}],"version-history":[{"count":8,"href":"https:\/\/sisu.ut.ee\/bioinfo\/wp-json\/wp\/v2\/pages\/7\/revisions"}],"predecessor-version":[{"id":48,"href":"https:\/\/sisu.ut.ee\/bioinfo\/wp-json\/wp\/v2\/pages\/7\/revisions\/48"}],"wp:attachment":[{"href":"https:\/\/sisu.ut.ee\/bioinfo\/wp-json\/wp\/v2\/media?parent=7"}],"curies":[{"name":"wp","href":"https:\/\/api.w.org\/{rel}","templated":true}]}}