{"id":62,"date":"2025-06-13T12:20:18","date_gmt":"2025-06-13T09:20:18","guid":{"rendered":"https:\/\/sisu.ut.ee\/bioinfo\/?page_id=62"},"modified":"2025-06-13T12:20:19","modified_gmt":"2025-06-13T09:20:19","slug":"people","status":"publish","type":"page","link":"https:\/\/sisu.ut.ee\/bioinfo\/people\/","title":{"rendered":"People"},"content":{"rendered":"<p><br><strong>Staff<\/strong><br><img loading=\"lazy\" decoding=\"async\" width=\"133\" height=\"200\" class=\"wp-image-45\" style=\"width: 133px;\" src=\"https:\/\/sisu.ut.ee\/wp-content\/uploads\/sites\/911\/MR.jpg\" alt=\"\"><br>Maido Remm, PhD, professor<br><a href=\"mailto:maido.remm@ut.ee\">maido.remm@ut.ee<\/a><br>Tel: +372-7375001<\/p>\n\n\n\n<p>Age Brauer, PhD, associate professor<br><a href=\"mailto:age.brauer@ut.ee\">age.brauer@ut.ee<\/a><br>Tel: +372-7374047<\/p>\n\n\n\n<p>Reidar Andreson, PhD, research scientist<br><a href=\"mailto:reidar.andreson@ut.ee\">reidar.andreson@ut.ee<\/a><br>Tel: +372-7374047<br><br>Kairi Raime, PhD, research scientist<br><a href=\"mailto:kairira@ut.ee\">kairi.raime@ut.ee<\/a><\/p>\n\n\n\n<p>Susanna Janno, specialist<br><a href=\"mailto:susanna.janno@ut.ee\">susanna.janno@ut.ee<\/a><br><br>Grete Paat, 0.6FTE bioinformatics specialist<br><br>Erki Aun, 0.3FTE bioinformatics specialist<br><br>Janeli Lember, 0.2FTE bioinformatics specialist<br><br>Alice Z\u00f5rjanova, 0.2FTE bioinformatics specialist<br><br>Lauris Kaplinski, PhD, 0.1FTE associate professor<br><br>Triinu K\u00f5ressaar, PhD, 0FTE research scientist<\/p>\n\n\n\n<hr class=\"wp-block-separator has-alpha-channel-opacity\">\n\n\n\n<p><strong>STUDENTS<\/strong><br><br><span style=\"text-decoration: underline;\">PhD students<\/span><br>Tarmo Puurand<br>Fanny-Dhelia Pajuste<br><br><span style=\"text-decoration: underline;\">Master students<\/span><br>Karita Helda<br>Anette \u0160tra\u017eev<br><br><span style=\"text-decoration: underline;\">Bachelor students<br><\/span>Heleri Savolainen<br>Marten Rikberg<br>Kethel Monso<br>Sander Arna<br>Leiki-Maria Arroval<br>Annaliisa Vask<br>Kaur Reidma<br>Carmen Beljajev<br>Katariina Ilmoja<br>Mihkel Krit\u0161mann<br>Aleksander Roosimaa, T\u00dc BII<br>Caroline Lehes, T\u00dc ATI<br>Grete Paat<br>Eva-Aleksandra Lestberg<br>Hendrik Peru, T\u00dc ATI<br><\/p>\n\n\n\n<hr class=\"wp-block-separator has-alpha-channel-opacity\">\n","protected":false},"excerpt":{"rendered":"<p>StaffMaido Remm, PhD, professormaido.remm@ut.eeTel: +372-7375001 Age Brauer, PhD, associate professorage.brauer@ut.eeTel: +372-7374047 Reidar Andreson, PhD, research scientistreidar.andreson@ut.eeTel: +372-7374047 Kairi Raime, PhD, research scientistkairi.raime@ut.ee Susanna Janno, specialistsusanna.janno@ut.ee Grete Paat, 0.6FTE bioinformatics specialist Erki Aun, 0.3FTE bioinformatics specialist Janeli Lember, 0.2FTE bioinformatics specialist &#8230;<\/p>\n","protected":false},"author":535,"featured_media":0,"parent":0,"menu_order":0,"comment_status":"closed","ping_status":"closed","template":"","meta":{"_acf_changed":false,"inline_featured_image":false,"footnotes":""},"class_list":["post-62","page","type-page","status-publish","hentry"],"acf":[],"_links":{"self":[{"href":"https:\/\/sisu.ut.ee\/bioinfo\/wp-json\/wp\/v2\/pages\/62","targetHints":{"allow":["GET"]}}],"collection":[{"href":"https:\/\/sisu.ut.ee\/bioinfo\/wp-json\/wp\/v2\/pages"}],"about":[{"href":"https:\/\/sisu.ut.ee\/bioinfo\/wp-json\/wp\/v2\/types\/page"}],"author":[{"embeddable":true,"href":"https:\/\/sisu.ut.ee\/bioinfo\/wp-json\/wp\/v2\/users\/535"}],"replies":[{"embeddable":true,"href":"https:\/\/sisu.ut.ee\/bioinfo\/wp-json\/wp\/v2\/comments?post=62"}],"version-history":[{"count":1,"href":"https:\/\/sisu.ut.ee\/bioinfo\/wp-json\/wp\/v2\/pages\/62\/revisions"}],"predecessor-version":[{"id":63,"href":"https:\/\/sisu.ut.ee\/bioinfo\/wp-json\/wp\/v2\/pages\/62\/revisions\/63"}],"wp:attachment":[{"href":"https:\/\/sisu.ut.ee\/bioinfo\/wp-json\/wp\/v2\/media?parent=62"}],"curies":[{"name":"wp","href":"https:\/\/api.w.org\/{rel}","templated":true}]}}