{"id":2,"date":"2025-06-04T19:39:04","date_gmt":"2025-06-04T19:39:04","guid":{"rendered":"https:\/\/sisu.ut.ee\/bioinfo\/?page_id=2"},"modified":"2025-06-13T13:49:14","modified_gmt":"2025-06-13T10:49:14","slug":"sample-page","status":"publish","type":"page","link":"https:\/\/sisu.ut.ee\/bioinfo\/","title":{"rendered":"T\u00dc MRI bioinformaatika \u00f5ppetool"},"content":{"rendered":"<p>Bioinformaatika \u00f5ppetool on \u00fcks kaheksast \u00f5ppetoolist Tartu \u00dclikooli <a href=\"https:\/\/tymri.ut.ee\/et\">Molekulaar- ja Rakubioloogia Instituudis<\/a>. \u00d5ppetooli juhataja on professor\u00a0<a href=\"https:\/\/www.etis.ee\/CV\/Maido_Remm\/est\/\" target=\"_blank\" rel=\"noreferrer noopener\">Maido Remm<\/a>.<\/p>\n\n\n\n<p>K\u00e4esolevalt lehelt leiate:<\/p>\n\n\n\n<ul class=\"wp-block-list\">\n<li>t\u00f6\u00f6grupiga seotud <a href=\"https:\/\/sisu.ut.ee\/bioinfo\/team\/\" data-type=\"page\" data-id=\"7\">inimesed<\/a>;<\/li>\n\n\n\n<li>t\u00f6\u00f6grupi <a href=\"https:\/\/sisu.ut.ee\/bioinfo\/uurimisteemad\/\" data-type=\"page\" data-id=\"30\">uurimisteemade<\/a> kirjelduse;<\/li>\n\n\n\n<li>lingid <a href=\"https:\/\/sisu.ut.ee\/bioinfo\/tools\/\" data-type=\"page\" data-id=\"9\">meie t\u00f6\u00f6grupis loodud tarkvarale<\/a>.<\/li>\n<\/ul>\n\n\n\n<p><\/p>\n\n\n\n<h2 class=\"wp-block-heading\">Department of bioinformatics, IMCB, University of Tartu<\/h2>\n\n\n\n<p>Department of bioinformatics is part of <a href=\"https:\/\/tymri.ut.ee\/en\">Institute of Molecular and Cell Biology<\/a> at <a href=\"https:\/\/ut.ee\/en\">University of Tartu<\/a>. The department is led by <a href=\"https:\/\/www.etis.ee\/CV\/Maido_Remm\/eng\/\">Prof. Maido Remm<\/a>.<\/p>\n\n\n\n<p>You can find additional information about:<\/p>\n\n\n\n<ul class=\"wp-block-list\">\n<li>our <a href=\"https:\/\/sisu.ut.ee\/bioinfo\/people\/\" data-type=\"page\" data-id=\"62\">people<\/a>;<\/li>\n\n\n\n<li>our <a href=\"https:\/\/sisu.ut.ee\/bioinfo\/research\/\" data-type=\"page\" data-id=\"67\">research topics<\/a>;<\/li>\n\n\n\n<li>links to <a href=\"https:\/\/sisu.ut.ee\/bioinfo\/tools-and-datasets\/\" data-type=\"page\" data-id=\"59\">software<\/a> created by us.<\/li>\n<\/ul>\n\n\n\n<p><\/p>\n","protected":false},"excerpt":{"rendered":"<p>Bioinformaatika \u00f5ppetool on \u00fcks kaheksast \u00f5ppetoolist Tartu \u00dclikooli Molekulaar- ja Rakubioloogia Instituudis. \u00d5ppetooli juhataja on professor\u00a0Maido Remm. K\u00e4esolevalt lehelt leiate: Department of bioinformatics, IMCB, University of Tartu Department of bioinformatics is part of Institute of Molecular and Cell Biology at &#8230;<\/p>\n","protected":false},"author":535,"featured_media":0,"parent":0,"menu_order":0,"comment_status":"closed","ping_status":"closed","template":"","meta":{"_acf_changed":false,"inline_featured_image":false,"footnotes":""},"class_list":["post-2","page","type-page","status-publish","hentry"],"acf":[],"_links":{"self":[{"href":"https:\/\/sisu.ut.ee\/bioinfo\/wp-json\/wp\/v2\/pages\/2","targetHints":{"allow":["GET"]}}],"collection":[{"href":"https:\/\/sisu.ut.ee\/bioinfo\/wp-json\/wp\/v2\/pages"}],"about":[{"href":"https:\/\/sisu.ut.ee\/bioinfo\/wp-json\/wp\/v2\/types\/page"}],"author":[{"embeddable":true,"href":"https:\/\/sisu.ut.ee\/bioinfo\/wp-json\/wp\/v2\/users\/535"}],"replies":[{"embeddable":true,"href":"https:\/\/sisu.ut.ee\/bioinfo\/wp-json\/wp\/v2\/comments?post=2"}],"version-history":[{"count":11,"href":"https:\/\/sisu.ut.ee\/bioinfo\/wp-json\/wp\/v2\/pages\/2\/revisions"}],"predecessor-version":[{"id":80,"href":"https:\/\/sisu.ut.ee\/bioinfo\/wp-json\/wp\/v2\/pages\/2\/revisions\/80"}],"wp:attachment":[{"href":"https:\/\/sisu.ut.ee\/bioinfo\/wp-json\/wp\/v2\/media?parent=2"}],"curies":[{"name":"wp","href":"https:\/\/api.w.org\/{rel}","templated":true}]}}