{"id":56,"date":"2024-04-04T08:53:24","date_gmt":"2024-04-04T05:53:24","guid":{"rendered":"https:\/\/sisu.ut.ee\/biogymnaasium\/4-bioloogia-uurimisvaldkonnad\/"},"modified":"2024-04-04T08:54:44","modified_gmt":"2024-04-04T05:54:44","slug":"4-bioloogia-uurimisvaldkonnad","status":"publish","type":"page","link":"https:\/\/sisu.ut.ee\/biogymnaasium\/4-bioloogia-uurimisvaldkonnad\/","title":{"rendered":"4. Bioloogia uurimisvaldkonnad"},"content":{"rendered":"<p dir=\"ltr\" id=\"yui_3_17_2_1_1689687078089_310\">\n\tBioloogia haruteaduste uurimisobjektid l\u00e4htuvad elu organiseerituse tasemetest (vt eelmine tabel).\u00a0\n<\/p>\n<p dir=\"ltr\">\n\tVastavalt uurimisobjekti\u00a0 s\u00fcstemaatilisele kuuluvusele eristatakse bioloogia uurimisvaldkondi j\u00e4rgnevalt:\n<\/p>\n<p dir=\"ltr\">\n\t\u00a0\n<\/p>\n<table class=\"table table-hover\" border=\"1\" cellpadding=\"5\" cellspacing=\"0\">\n<tbody>\n<tr>\n<td style=\"text-align: center\">\n<p>\n\t\t\t\t\t<strong>Uurimisobjekt<\/strong>\n\t\t\t\t<\/p>\n<\/td>\n<td style=\"text-align: center\">\n<p>\n\t\t\t\t\t<strong>Uurimisvaldkonna nimetus<\/strong>\n\t\t\t\t<\/p>\n<\/td>\n<\/tr>\n<tr>\n<td>\n<p>\n\t\t\t\t\t<strong>Taimed<\/strong>, s.h:\n\t\t\t\t<\/p>\n<\/td>\n<td>\n<p>\n\t\t\t\t\t<strong>Botaanika<\/strong>\n\t\t\t\t<\/p>\n<\/td>\n<\/tr>\n<tr>\n<td>\n<p style=\"margin-left: 40px\">\n\t\t\t\t\tVetikad\n\t\t\t\t<\/p>\n<\/td>\n<td>\n<p>\n\t\t\t\t\tAlgoloogia\n\t\t\t\t<\/p>\n<\/td>\n<\/tr>\n<tr>\n<td>\n<p style=\"margin-left: 40px\">\n\t\t\t\t\tSamblad\n\t\t\t\t<\/p>\n<\/td>\n<td>\n<p>\n\t\t\t\t\tBr\u00fcoloogia\n\t\t\t\t<\/p>\n<\/td>\n<\/tr>\n<tr>\n<td>\n<p style=\"margin-left: 40px\">\n\t\t\t\t\tS\u00f5najalgtaimed\n\t\t\t\t<\/p>\n<\/td>\n<td>\n<p>\n\t\t\t\t\tPteridoloogia\n\t\t\t\t<\/p>\n<\/td>\n<\/tr>\n<tr>\n<td>\n<p style=\"margin-left: 40px\">\n\t\t\t\t\tPaljasseemnetaimed (okaspuud)\n\t\t\t\t<\/p>\n<\/td>\n<td>\n<p>\n\t\t\t\t\tDendroloogia (teadus puudest ja p\u00f5\u00f5sastest)\n\t\t\t\t<\/p>\n<\/td>\n<\/tr>\n<tr>\n<td>\n<p style=\"margin-left: 40px\">\n\t\t\t\t\tKatteseemnetaimed ehk \u00f5istaimed\n\t\t\t\t<\/p>\n<\/td>\n<td>\n<p>\n\t\t\t\t\tFloristika\n\t\t\t\t<\/p>\n<\/td>\n<\/tr>\n<tr>\n<td>\n<p>\n\t\t\t\t\t<strong id=\"yui_3_17_2_1_1689687078089_392\">Loomad<\/strong>\u00a0s.h.selgrootud ja selgroogsed\n\t\t\t\t<\/p>\n<\/td>\n<td>\n<p>\n\t\t\t\t\t<strong><strong id=\"yui_3_17_2_1_1689687078089_396\">Zooloogia<\/strong><\/strong>\n\t\t\t\t<\/p>\n<\/td>\n<\/tr>\n<tr>\n<td>\n<p style=\"margin-left: 40px\">\n\t\t\t\t\tUssid\n\t\t\t\t<\/p>\n<\/td>\n<td>\n<p>\n\t\t\t\t\tHelmintoloogia (teadus parasiitsetest ussidest)\n\t\t\t\t<\/p>\n<\/td>\n<\/tr>\n<tr>\n<td>\n<p style=\"margin-left: 40px\">\n\t\t\t\t\tLimused\n\t\t\t\t<\/p>\n<\/td>\n<td>\n<p>\n\t\t\t\t\tEntomoloogia\n\t\t\t\t<\/p>\n<\/td>\n<\/tr>\n<tr>\n<td>\n<p style=\"margin-left: 40px\">\n\t\t\t\t\t\u00c4mblikud\n\t\t\t\t<\/p>\n<\/td>\n<td>\n<p>\n\t\t\t\t\tArahnoloogia\n\t\t\t\t<\/p>\n<\/td>\n<\/tr>\n<tr>\n<td>\n<p style=\"margin-left: 40px\">\n\t\t\t\t\tKalad\n\t\t\t\t<\/p>\n<\/td>\n<td>\n<p>\n\t\t\t\t\tIht\u00fcoloogia\n\t\t\t\t<\/p>\n<\/td>\n<\/tr>\n<tr>\n<td>\n<p style=\"margin-left: 40px\">\n\t\t\t\t\tKahepaiksed (amfiibid)\n\t\t\t\t<\/p>\n<\/td>\n<td>\n<p>\n\t\t\t\t\tBatrahholoogia ehk amfiboloogia\n\t\t\t\t<\/p>\n<\/td>\n<\/tr>\n<tr>\n<td>\n<p style=\"margin-left: 40px\">\n\t\t\t\t\tRoomajad (reptiilid)\n\t\t\t\t<\/p>\n<\/td>\n<td>\n<p>\n\t\t\t\t\tReptiloloogia\n\t\t\t\t<\/p>\n<\/td>\n<\/tr>\n<tr>\n<td>\n<p style=\"margin-left: 40px\">\n\t\t\t\t\tImetajad (mammaalid)\n\t\t\t\t<\/p>\n<\/td>\n<td>\n<p>\n\t\t\t\t\tTerioloogia\u00a0ehk\u00a0mammaloloogia\u00a0ehk\u00a0<br>mammalioloogia\n\t\t\t\t<\/p>\n<\/td>\n<\/tr>\n<tr>\n<td>\n<p style=\"margin-left: 40px\">\n\t\t\t\t\tLinnud\n\t\t\t\t<\/p>\n<\/td>\n<td>\n<p>\n\t\t\t\t\tOrnitoloogia\n\t\t\t\t<\/p>\n<\/td>\n<\/tr>\n<tr>\n<td>\n<p>\n\t\t\t\t\t<strong>Seened<\/strong>\n\t\t\t\t<\/p>\n<\/td>\n<td>\n<p>\n\t\t\t\t\t<strong>M\u00fckoloogia<\/strong>\n\t\t\t\t<\/p>\n<\/td>\n<\/tr>\n<tr>\n<td>\n<p style=\"margin-left: 40px\">\n\t\t\t\t\tSamblikud (j\u00e4galad)\n\t\t\t\t<\/p>\n<\/td>\n<td>\n<p>\n\t\t\t\t\tLihheneloogia\n\t\t\t\t<\/p>\n<\/td>\n<\/tr>\n<tr>\n<td>\n<p>\n\t\t\t\t\t<strong id=\"yui_3_17_2_1_1689687078089_470\">Bakterid ja arhed<\/strong>\n\t\t\t\t<\/p>\n<\/td>\n<td>\n<p>\n\t\t\t\t\t<strong id=\"yui_3_17_2_1_1689687078089_477\">Bakterioloogia \/\u00a0<\/strong><strong>Mikrobioloogia<\/strong>\n\t\t\t\t<\/p>\n<\/td>\n<\/tr>\n<tr>\n<td>\n<p>\n\t\t\t\t\t<strong>Viirused<\/strong>\n\t\t\t\t<\/p>\n<\/td>\n<td>\n<p>\n\t\t\t\t\t<strong id=\"yui_3_17_2_1_1689687078089_485\">Viroloogia<\/strong>\n\t\t\t\t<\/p>\n<p>\n\t\t\t\t\tNB! Viirustel on elu tunnustest p\u00e4rilikkus ja muutlikkus ning evolutsioneerumise v\u00f5ime, seet\u00f5ttu on viimasel ajal neid m\u00f5nes allikas\u00a0 pidama ka v\u00e4ga primitiivseteks\u00a0 elusolesteks.\n\t\t\t\t<\/p>\n<\/td>\n<\/tr>\n<\/tbody>\n<\/table>\n<p>\n\t\u00a0\n<\/p>\n<blockquote>\n<h4>\n\t\t<strong>T\u00e4iendav info ja enesekontrolli harjutus\u00fclesanded\u00a0<\/strong><br>\n\t<\/h4>\n<p>\n\t\tLoodusteaduslik uuring:\u00a0<a href=\"https:\/\/vara.e-koolikott.ee\/taxonomy\/term\/3529\" target=\"_blank\" rel=\"noopener\">https:\/\/vara.e-koolikott.ee\/taxonomy\/term\/3529<\/a>\n\t<\/p>\n<p>\n\t\tRakendusbioloogia eesm\u00e4rk, seos bioloogia ja teiste loodusteadustega:\u00a0<a href=\"https:\/\/e-koolikott.ee\/en\/oppematerjal\/19741-5-1-Rakendusbioloogia-suunad\/228898\" target=\"_blank\" rel=\"noopener\">https:\/\/e-koolikott.ee\/en\/oppematerjal\/19741-5-1-Rakendusbioloogia-suunad\/228898<\/a>\n\t<\/p>\n<\/blockquote>\n<div id=\"gtx-trans\" style=\"position: absolute;left: 486px;top: 1566px\">\n<div class=\"gtx-trans-icon\">\n\t\t\u00a0\n\t<\/div>\n<\/div>\n","protected":false},"excerpt":{"rendered":"<p>Bioloogia haruteaduste uurimisobjektid l\u00e4htuvad elu organiseerituse tasemetest (vt eelmine tabel).\u00a0 Vastavalt uurimisobjekti\u00a0 s\u00fcstemaatilisele kuuluvusele eristatakse bioloogia uurimisvaldkondi j\u00e4rgnevalt: \u00a0 Uurimisobjekt Uurimisvaldkonna nimetus Taimed, s.h: Botaanika Vetikad Algoloogia Samblad Br\u00fcoloogia S\u00f5najalgtaimed Pteridoloogia Paljasseemnetaimed (okaspuud) Dendroloogia (teadus puudest ja p\u00f5\u00f5sastest) Katteseemnetaimed ehk &#8230;<\/p>\n","protected":false},"author":319,"featured_media":0,"parent":0,"menu_order":0,"comment_status":"closed","ping_status":"closed","template":"","meta":{"_acf_changed":false,"inline_featured_image":false,"footnotes":""},"class_list":["post-56","page","type-page","status-publish","hentry"],"acf":[],"_links":{"self":[{"href":"https:\/\/sisu.ut.ee\/biogymnaasium\/wp-json\/wp\/v2\/pages\/56","targetHints":{"allow":["GET"]}}],"collection":[{"href":"https:\/\/sisu.ut.ee\/biogymnaasium\/wp-json\/wp\/v2\/pages"}],"about":[{"href":"https:\/\/sisu.ut.ee\/biogymnaasium\/wp-json\/wp\/v2\/types\/page"}],"author":[{"embeddable":true,"href":"https:\/\/sisu.ut.ee\/biogymnaasium\/wp-json\/wp\/v2\/users\/319"}],"replies":[{"embeddable":true,"href":"https:\/\/sisu.ut.ee\/biogymnaasium\/wp-json\/wp\/v2\/comments?post=56"}],"version-history":[{"count":1,"href":"https:\/\/sisu.ut.ee\/biogymnaasium\/wp-json\/wp\/v2\/pages\/56\/revisions"}],"predecessor-version":[{"id":451,"href":"https:\/\/sisu.ut.ee\/biogymnaasium\/wp-json\/wp\/v2\/pages\/56\/revisions\/451"}],"wp:attachment":[{"href":"https:\/\/sisu.ut.ee\/biogymnaasium\/wp-json\/wp\/v2\/media?parent=56"}],"curies":[{"name":"wp","href":"https:\/\/api.w.org\/{rel}","templated":true}]}}