{"id":53,"date":"2024-04-04T08:53:24","date_gmt":"2024-04-04T05:53:24","guid":{"rendered":"https:\/\/sisu.ut.ee\/biogymnaasium\/1-elu-tunnused\/"},"modified":"2024-04-04T08:54:44","modified_gmt":"2024-04-04T05:54:44","slug":"1-elu-tunnused","status":"publish","type":"page","link":"https:\/\/sisu.ut.ee\/biogymnaasium\/1-elu-tunnused\/","title":{"rendered":"1. Elu tunnused"},"content":{"rendered":"<p>\n\t<strong>Bioloogia uurimisobjektiks<\/strong> on elu, mida ei olegi nii lihtne defineerida, sest esmapilgul j\u00e4\u00e4vad olulised elu tunnused silmale n\u00e4htamatuks, nt DNA kui elusorganismide \u00fclesehitamiseks vajalik info, elu kui s\u00fcsiniku keemial p\u00f5hinev ja vett vajav s\u00fcsteem jne.\u00a0Elus ja eluta objektide eristamiseks saab tugineda elu tunnustele, mida on kirjeldatud j\u00e4rgmises tabelis.\n<\/p>\n<p>\n\t\u00a0\n<\/p>\n<table class=\"table table-hover\" border=\"1\" cellpadding=\"1\" cellspacing=\"0\" style=\"width: 800px\">\n<thead>\n<tr>\n<th scope=\"col\">\n\t\t\t\tElu tunnus\n\t\t\t<\/th>\n<th scope=\"col\">\n\t\t\t\tKirjeldus\n\t\t\t<\/th>\n<\/tr>\n<\/thead>\n<tbody>\n<tr>\n<td>\n\t\t\t\t<strong>Rakuline ehitus<\/strong>\n\t\t\t<\/td>\n<td>\n<p id=\"yui_3_17_2_1_1689685609335_380\">\n\t\t\t\t\tRakk\u00a0on\u00a0k\u00f5ikide\u00a0<a href=\"https:\/\/et.wikipedia.org\/wiki\/Elusorganism\" title=\"Elusorganism\">organismide<\/a>\u00a0v\u00e4ikseim ehituslik ja talitluslik osa, mis on v\u00f5imeline \u00fcmbritseva elukeskkonnaga suheldes\u00a0 iseseisvalt elama.\u00a0\n\t\t\t\t<\/p>\n<p>\n\t\t\t\t\tOrganismid on kas \u00fcherakulised (nt bakterid ja seened) v\u00f5i hulraksed (nt taimed ja loomad).\n\t\t\t\t<\/p>\n<\/td>\n<\/tr>\n<tr>\n<td>\n\t\t\t\t<strong>Keeruline organiseeritus<\/strong>\n\t\t\t<\/td>\n<td>\n\t\t\t\tOrganismide ning nende osade keeruline ehitus, talitlus ja regulatsioon\n\t\t\t<\/td>\n<\/tr>\n<tr>\n<td>\n\t\t\t\t<strong>Aine- ja energiavahetus<\/strong>\n\t\t\t<\/td>\n<td>\n\t\t\t\tToitumine, hingamine ja eritamine tagavad aine- energiavahetuse v\u00e4liskeskkonna ja organismi vahel.\n\t\t\t<\/td>\n<\/tr>\n<tr>\n<td>\n\t\t\t\t<strong>Stabiilne sisekeskkond \u2013 hom\u00f6ostaas<\/strong>\n\t\t\t<\/td>\n<td>\n\t\t\t\tOrganismi normaalseks elutegevuseks on vajalik p\u00fcsiv keemiline koostis, p\u00fcsiv pH (happesus) ning p\u00fcsisoojastel p\u00fcsiv temperatuur, mis tagatakse ainevahetuse regulatsiooni kaudu.\n\t\t\t<\/td>\n<\/tr>\n<tr>\n<td>\n\t\t\t\t<strong>Paljunemine<\/strong>\n\t\t\t<\/td>\n<td>\n\t\t\t\tOrganismid paljunevad kas suguliselt (isas- ja emassugurakkude abil) v\u00f5i mittesuguliselt\u00a0 (pooldumine, eostega, vegetatiivselt kehaosade abil).\n\t\t\t<\/td>\n<\/tr>\n<tr>\n<td>\n\t\t\t\t<strong>Kasvamine ja arenemine<\/strong>\n\t\t\t<\/td>\n<td>\n\t\t\t\tOrganismid muutuvad oma elu jooksul. Kasvamisel toimuvad kvantitatiivsed ja arenemisel\u00a0 kvalitatiivsed muutused organismis. Kujunevad uued sise- ja v\u00e4listunnused, toimub kohanemine keskkonnaga. Areng kas otsene v\u00f5i moondeline.\n\t\t\t<\/td>\n<\/tr>\n<tr>\n<td>\n\t\t\t\t<strong>Reageerimine keskkonnale\u00a0<\/strong>\n\t\t\t<\/td>\n<td>\n\t\t\t\tVastavalt keskkonnast saadud infole organismid reageerivad sellele, et paremini kohaneda elutingimustega. Ainuraksed v\u00f5tavad infot vastu spetsiaalsete retseptormolekulidega ning hulkraksetel loomorganismidel on retseptorrakud v\u00f5i meeleorganid.\u00a0(nt h\u00e4belik mimoos t\u00f5mbab oma lehed puudutamisel kokku).\n\t\t\t<\/td>\n<\/tr>\n<tr>\n<td>\n\t\t\t\t<strong>P\u00e4rilikkus ja muuutlikkus<\/strong>\n\t\t\t<\/td>\n<td>\n<p id=\"yui_3_17_2_1_1689685609335_457\">\n\t\t\t\t\tP\u00e4rilikkus v\u00e4ljendub geenide edasikandumises vanematelt j\u00e4rglastele, mis tagab, et vanemate tunnused kantakse \u00fcle j\u00e4rglastele.\n\t\t\t\t<\/p>\n<p>\n\t\t\t\t\tMuutlikkus on organismide v\u00f5ime muutuda ja \u00fcksteisest erineda liigi piires, mis tagab, et j\u00e4rglased on vanematest erinevad.\n\t\t\t\t<\/p>\n<\/td>\n<\/tr>\n<tr>\n<td>\n\t\t\t\t<strong>Evolutsioneerumise v\u00f5ime<\/strong>\n\t\t\t<\/td>\n<td>\n\t\t\t\tLiikide p\u00e4ritavad tunnused muutuvad t\u00e4nu olelusv\u00f5itlusele ja looduslikule valikule p\u00f6\u00f6rdumatult ajas. Lihtsamatest organismidest arenevad j\u00e4rk-j\u00e4rgult keerukamad organismid.\n\t\t\t<\/td>\n<\/tr>\n<tr>\n<td>\n\t\t\t\t<strong>Surm<\/strong>\n\t\t\t<\/td>\n<td>\n\t\t\t\tSurm on elu eelduseks nii aineringe kui elu l\u00f5pu kontekstis, sest elusorganismi elu l\u00f5peb alati surmaga, mis s\u00f5ltub organismi geneetilisest infost ja keskkonnast.\n\t\t\t<\/td>\n<\/tr>\n<\/tbody>\n<\/table>\n<p>\n\t\u00a0\n<\/p>\n<blockquote>\n<h4>\n\t\t<strong>T\u00e4iendav info ja enesekontrolli harjutus\u00fclesanded<\/strong><br>\n\t<\/h4>\n<p>\n\t\tElu tunnused:\u00a0<a href=\"https:\/\/vara.e-koolikott.ee\/taxonomy\/term\/3527\" target=\"_blank\" rel=\"noopener\">https:\/\/vara.e-koolikott.ee\/taxonomy\/term\/3527<\/a>\n\t<\/p>\n<p>\n\t\t<strong>Lisaks vaata videot<\/strong>\n\t<\/p>\n<p>\n\t\tVideo\u00f5ps \u201eElu tunnused\u201c\u00a0<a href=\"https:\/\/www.youtube.com\/watch?v=ArGRIAqHodc\" target=\"_blank\" rel=\"noopener\">https:\/\/www.youtube.com\/watch?v=ArGRIAqHodc<\/a>\n\t<\/p>\n<p>\n\t\t<\/p><div class=\"ratio ratio-16x9 mb-3\"><div class=\"video-placeholder-wrapper video-placeholder-wrapper--16x9\">\n\t\t\t    <div class=\"video-placeholder d-flex justify-content-center align-items-center\">\n\t\t\t        <div class=\"overlay text-white p-2 w-100 text-center d-block justify-content-center align-items-center\">\n\t\t\t            <div>Kolmandate osapoolte sisu n\u00e4gemiseks palun n\u00f5ustu k\u00fcpsistega.<\/div>\n\t\t\t            <button class=\"btn btn-secondary btn-sm mt-1 consent-change\">Muuda n\u00f5usolekut<\/button>\n\t\t\t        <\/div>\n\t\t\t    <\/div>\n\t\t\t<\/div>\n<\/div>\n\t\n<p>\n\t\t\u00a0\n\t<\/p>\n<\/blockquote>\n<div id=\"gtx-trans\" style=\"position: absolute;left: 425px;top: 934px\">\n<div class=\"gtx-trans-icon\">\n\t\t\u00a0\n\t<\/div>\n<\/div>\n","protected":false},"excerpt":{"rendered":"<p>Bioloogia uurimisobjektiks on elu, mida ei olegi nii lihtne defineerida, sest esmapilgul j\u00e4\u00e4vad olulised elu tunnused silmale n\u00e4htamatuks, nt DNA kui elusorganismide \u00fclesehitamiseks vajalik info, elu kui s\u00fcsiniku keemial p\u00f5hinev ja vett vajav s\u00fcsteem jne.\u00a0Elus ja eluta objektide eristamiseks saab &#8230;<\/p>\n","protected":false},"author":319,"featured_media":0,"parent":0,"menu_order":0,"comment_status":"closed","ping_status":"closed","template":"","meta":{"_acf_changed":false,"inline_featured_image":false,"footnotes":""},"class_list":["post-53","page","type-page","status-publish","hentry"],"acf":[],"_links":{"self":[{"href":"https:\/\/sisu.ut.ee\/biogymnaasium\/wp-json\/wp\/v2\/pages\/53","targetHints":{"allow":["GET"]}}],"collection":[{"href":"https:\/\/sisu.ut.ee\/biogymnaasium\/wp-json\/wp\/v2\/pages"}],"about":[{"href":"https:\/\/sisu.ut.ee\/biogymnaasium\/wp-json\/wp\/v2\/types\/page"}],"author":[{"embeddable":true,"href":"https:\/\/sisu.ut.ee\/biogymnaasium\/wp-json\/wp\/v2\/users\/319"}],"replies":[{"embeddable":true,"href":"https:\/\/sisu.ut.ee\/biogymnaasium\/wp-json\/wp\/v2\/comments?post=53"}],"version-history":[{"count":1,"href":"https:\/\/sisu.ut.ee\/biogymnaasium\/wp-json\/wp\/v2\/pages\/53\/revisions"}],"predecessor-version":[{"id":454,"href":"https:\/\/sisu.ut.ee\/biogymnaasium\/wp-json\/wp\/v2\/pages\/53\/revisions\/454"}],"wp:attachment":[{"href":"https:\/\/sisu.ut.ee\/biogymnaasium\/wp-json\/wp\/v2\/media?parent=53"}],"curies":[{"name":"wp","href":"https:\/\/api.w.org\/{rel}","templated":true}]}}