{"id":52,"date":"2024-04-04T08:53:24","date_gmt":"2024-04-04T05:53:24","guid":{"rendered":"https:\/\/sisu.ut.ee\/biogymnaasium\/moodul7\/"},"modified":"2024-04-04T08:54:44","modified_gmt":"2024-04-04T05:54:44","slug":"moodul7","status":"publish","type":"page","link":"https:\/\/sisu.ut.ee\/biogymnaasium\/moodul7\/","title":{"rendered":"7. Moodul"},"content":{"rendered":"<h4>\n\t\u00a0\u00d6koloogia ja keskkonnakaitse<br>\n<\/h4>\n<p>\n\t<img loading=\"lazy\" decoding=\"async\" width=\"500\" height=\"500\" class=\"alignnone wp-image-355\" style=\"width: 150px;height: 150px;margin-left: 10px;margin-right: 10px;float: left\" src=\"https:\/\/sisu.ut.ee\/wp-content\/uploads\/sites\/647\/8teema.png\" title=\"8teema.png\" alt=\"8teema\" srcset=\"https:\/\/sisu.ut.ee\/wp-content\/uploads\/sites\/647\/8teema.png 500w, https:\/\/sisu.ut.ee\/wp-content\/uploads\/sites\/647\/8teema-300x300.png 300w, https:\/\/sisu.ut.ee\/wp-content\/uploads\/sites\/647\/8teema-150x150.png 150w\" sizes=\"auto, (max-width: 500px) 100vw, 500px\"><strong>TEEMA MOTO \u2013 \u201cK\u00d5IK ON K\u00d5IGEGA SEOTUD\u201d\u00a0Barry Commoner<\/strong>\n<\/p>\n<p>\n\tViimasel n\u00e4dalal on huviorbiidis keskkonnaga seotud teemad: kuidas keskkond m\u00f5jutab organisme, millised on liikidevahelised suhted, \u00f6kos\u00fcsteemide terviklikkus ja nende aine- ning energiaringe. Eraldi k\u00e4sitleme keskkonnakaitse k\u00fcsimusi. P\u00e4rast materjali l\u00e4bit\u00f6\u00f6tamist peaksid m\u00f5istma keskkonna ja organismide vahelisi suhteid ja nende s\u00fcsteemset olemust aine- ja energiaringetes ning keskkonnaprobleemide p\u00f5hjuseid, tagaj\u00e4rgi ja meetmeid nende leevendamiseks.\n<\/p>\n<p>\n\t\u00a0\n<\/p>\n<h4>\n\t7. Mooduli sissejuhatav video<br>\n<\/h4>\n<p>\n\t\u201c\u00d6koloogia\u201d \u2013 Valdur Mikita (eesti kirjanik, bioloog ja semiootik)\n<\/p>\n<p>\n\t<\/p><div class=\"ratio ratio-16x9 mb-3\"><div class=\"video-placeholder-wrapper video-placeholder-wrapper--16x9\">\n\t\t\t    <div class=\"video-placeholder d-flex justify-content-center align-items-center\">\n\t\t\t        <div class=\"overlay text-white p-2 w-100 text-center d-block justify-content-center align-items-center\">\n\t\t\t            <div>Kolmandate osapoolte sisu n\u00e4gemiseks palun n\u00f5ustu k\u00fcpsistega.<\/div>\n\t\t\t            <button class=\"btn btn-secondary btn-sm mt-1 consent-change\">Muuda n\u00f5usolekut<\/button>\n\t\t\t        <\/div>\n\t\t\t    <\/div>\n\t\t\t<\/div>\n<\/div>\n\n<p style=\"text-align: center\">\n\tNB Video vaatamiseks t\u00e4isekraanil kl\u00f5psa nupule\u00a0<img decoding=\"async\" alt=\"T\u00e4isekraani nupp\" data-file_info=\"%7B%22fid%22:%2280964%22,%22view_mode%22:%22default%22,%22type%22:%22media%22%7D\" src=\"https:\/\/sisu.ut.ee\/wp-content\/uploads\/sites\/647\/nupp_taisekraan.png\" title=\"\">\n<\/p>\n<div id=\"gtx-trans\" style=\"position: absolute;left: -75px;top: -17px\">\n<div class=\"gtx-trans-icon\">\n\t\t\u00a0\n\t<\/div>\n<\/div>\n","protected":false},"excerpt":{"rendered":"<p>\u00a0\u00d6koloogia ja keskkonnakaitse TEEMA MOTO \u2013 \u201cK\u00d5IK ON K\u00d5IGEGA SEOTUD\u201d\u00a0Barry Commoner Viimasel n\u00e4dalal on huviorbiidis keskkonnaga seotud teemad: kuidas keskkond m\u00f5jutab organisme, millised on liikidevahelised suhted, \u00f6kos\u00fcsteemide terviklikkus ja nende aine- ning energiaringe. Eraldi k\u00e4sitleme keskkonnakaitse k\u00fcsimusi. P\u00e4rast materjali l\u00e4bit\u00f6\u00f6tamist &#8230;<\/p>\n","protected":false},"author":319,"featured_media":0,"parent":0,"menu_order":0,"comment_status":"closed","ping_status":"closed","template":"","meta":{"_acf_changed":false,"inline_featured_image":false,"footnotes":""},"class_list":["post-52","page","type-page","status-publish","hentry"],"acf":[],"_links":{"self":[{"href":"https:\/\/sisu.ut.ee\/biogymnaasium\/wp-json\/wp\/v2\/pages\/52","targetHints":{"allow":["GET"]}}],"collection":[{"href":"https:\/\/sisu.ut.ee\/biogymnaasium\/wp-json\/wp\/v2\/pages"}],"about":[{"href":"https:\/\/sisu.ut.ee\/biogymnaasium\/wp-json\/wp\/v2\/types\/page"}],"author":[{"embeddable":true,"href":"https:\/\/sisu.ut.ee\/biogymnaasium\/wp-json\/wp\/v2\/users\/319"}],"replies":[{"embeddable":true,"href":"https:\/\/sisu.ut.ee\/biogymnaasium\/wp-json\/wp\/v2\/comments?post=52"}],"version-history":[{"count":1,"href":"https:\/\/sisu.ut.ee\/biogymnaasium\/wp-json\/wp\/v2\/pages\/52\/revisions"}],"predecessor-version":[{"id":455,"href":"https:\/\/sisu.ut.ee\/biogymnaasium\/wp-json\/wp\/v2\/pages\/52\/revisions\/455"}],"wp:attachment":[{"href":"https:\/\/sisu.ut.ee\/biogymnaasium\/wp-json\/wp\/v2\/media?parent=52"}],"curies":[{"name":"wp","href":"https:\/\/api.w.org\/{rel}","templated":true}]}}