{"id":51,"date":"2024-04-04T08:53:24","date_gmt":"2024-04-04T05:53:24","guid":{"rendered":"https:\/\/sisu.ut.ee\/biogymnaasium\/moodul8\/"},"modified":"2024-04-04T08:54:45","modified_gmt":"2024-04-04T05:54:45","slug":"moodul8","status":"publish","type":"page","link":"https:\/\/sisu.ut.ee\/biogymnaasium\/moodul8\/","title":{"rendered":"8. Moodul"},"content":{"rendered":"<h4>\n\t\u00a0 Evolutsiooniteooria<br>\n<\/h4>\n<p>\n\t<strong><img loading=\"lazy\" decoding=\"async\" width=\"500\" height=\"500\" class=\"alignnone wp-image-354\" style=\"width: 150px;height: 150px;margin-left: 10px;margin-right: 10px;float: left\" src=\"https:\/\/sisu.ut.ee\/wp-content\/uploads\/sites\/647\/7teema.png\" title=\"7teema.png\" alt=\"7teema\" srcset=\"https:\/\/sisu.ut.ee\/wp-content\/uploads\/sites\/647\/7teema.png 500w, https:\/\/sisu.ut.ee\/wp-content\/uploads\/sites\/647\/7teema-300x300.png 300w, https:\/\/sisu.ut.ee\/wp-content\/uploads\/sites\/647\/7teema-150x150.png 150w\" sizes=\"auto, (max-width: 500px) 100vw, 500px\">TEEMA MOTO \u2013 \u00a0\u201cMISKI BIOLOOOGIAS EI OMA M\u00d5TET, KUI SEDA EI VAADATA EVOLUTSIOONI V\u00d5TMES\u201d\u00a0Theodosius Dobzhansky<\/strong>\n<\/p>\n<p>\n\tSeitsmendal n\u00e4dalal on j\u00e4rg evolutsiooniteooria k\u00e4es. Kuidas kujunes evolutsiooniteooria? Kuidas arenes elu Maal? Kuidas toimus inimese evolutsioon? Vaatame, millised on evolutsiooni mehhanismid ja vormid, kohastumine ja liigiteke. P\u00e4rast materjali l\u00e4bit\u00f6\u00f6tamist peaksid m\u00f5istma evolutsiooni v\u00f5tmerolli organismide kujunemisel, evolutsiooni toimumise mehhanisme ning olelusv\u00f5itluse ning loodusliku valiku m\u00f5ju liikide tekkimisele ja keskkonnaga kohastumisele.\n<\/p>\n<p>\n\t\u00a0\n<\/p>\n<h4>\n\t8. Mooduli sissejuhatav video<br>\n<\/h4>\n<p>\n\t\u201cEvolutsioon\u201d \u2013 Valdur Mikita (eesti kirjanik, bioloog ja semiootik)\n<\/p>\n<p>\n\t<\/p><div class=\"ratio ratio-16x9 mb-3\"><div class=\"video-placeholder-wrapper video-placeholder-wrapper--16x9\">\n\t\t\t    <div class=\"video-placeholder d-flex justify-content-center align-items-center\">\n\t\t\t        <div class=\"overlay text-white p-2 w-100 text-center d-block justify-content-center align-items-center\">\n\t\t\t            <div>Kolmandate osapoolte sisu n\u00e4gemiseks palun n\u00f5ustu k\u00fcpsistega.<\/div>\n\t\t\t            <button class=\"btn btn-secondary btn-sm mt-1 consent-change\">Muuda n\u00f5usolekut<\/button>\n\t\t\t        <\/div>\n\t\t\t    <\/div>\n\t\t\t<\/div>\n<\/div>\n\n<p style=\"text-align: center\">\n\tNB Video vaatamiseks t\u00e4isekraanil kl\u00f5psa nupule\u00a0<img decoding=\"async\" alt=\"T\u00e4isekraani nupp\" data-file_info=\"%7B%22fid%22:%2280964%22,%22view_mode%22:%22default%22,%22type%22:%22media%22%7D\" src=\"https:\/\/sisu.ut.ee\/wp-content\/uploads\/sites\/647\/nupp_taisekraan.png\" title=\"\">\n<\/p>\n<div id=\"gtx-trans\" style=\"position: absolute;left: -51px;top: -17px\">\n<div class=\"gtx-trans-icon\">\n\t\t\u00a0\n\t<\/div>\n<\/div>\n","protected":false},"excerpt":{"rendered":"<p>\u00a0 Evolutsiooniteooria TEEMA MOTO \u2013 \u00a0\u201cMISKI BIOLOOOGIAS EI OMA M\u00d5TET, KUI SEDA EI VAADATA EVOLUTSIOONI V\u00d5TMES\u201d\u00a0Theodosius Dobzhansky Seitsmendal n\u00e4dalal on j\u00e4rg evolutsiooniteooria k\u00e4es. Kuidas kujunes evolutsiooniteooria? Kuidas arenes elu Maal? Kuidas toimus inimese evolutsioon? Vaatame, millised on evolutsiooni mehhanismid ja &#8230;<\/p>\n","protected":false},"author":319,"featured_media":0,"parent":0,"menu_order":0,"comment_status":"closed","ping_status":"closed","template":"","meta":{"_acf_changed":false,"inline_featured_image":false,"footnotes":""},"class_list":["post-51","page","type-page","status-publish","hentry"],"acf":[],"_links":{"self":[{"href":"https:\/\/sisu.ut.ee\/biogymnaasium\/wp-json\/wp\/v2\/pages\/51","targetHints":{"allow":["GET"]}}],"collection":[{"href":"https:\/\/sisu.ut.ee\/biogymnaasium\/wp-json\/wp\/v2\/pages"}],"about":[{"href":"https:\/\/sisu.ut.ee\/biogymnaasium\/wp-json\/wp\/v2\/types\/page"}],"author":[{"embeddable":true,"href":"https:\/\/sisu.ut.ee\/biogymnaasium\/wp-json\/wp\/v2\/users\/319"}],"replies":[{"embeddable":true,"href":"https:\/\/sisu.ut.ee\/biogymnaasium\/wp-json\/wp\/v2\/comments?post=51"}],"version-history":[{"count":1,"href":"https:\/\/sisu.ut.ee\/biogymnaasium\/wp-json\/wp\/v2\/pages\/51\/revisions"}],"predecessor-version":[{"id":456,"href":"https:\/\/sisu.ut.ee\/biogymnaasium\/wp-json\/wp\/v2\/pages\/51\/revisions\/456"}],"wp:attachment":[{"href":"https:\/\/sisu.ut.ee\/biogymnaasium\/wp-json\/wp\/v2\/media?parent=51"}],"curies":[{"name":"wp","href":"https:\/\/api.w.org\/{rel}","templated":true}]}}