{"id":50,"date":"2024-04-04T08:53:24","date_gmt":"2024-04-04T05:53:24","guid":{"rendered":"https:\/\/sisu.ut.ee\/biogymnaasium\/moodul6\/"},"modified":"2024-04-04T08:54:45","modified_gmt":"2024-04-04T05:54:45","slug":"moodul6","status":"publish","type":"page","link":"https:\/\/sisu.ut.ee\/biogymnaasium\/moodul6\/","title":{"rendered":"6. Moodul"},"content":{"rendered":"<h4>\n\tP\u00e4rilikkus ja muutlikkus<br>\n<\/h4>\n<p>\n\t<img loading=\"lazy\" decoding=\"async\" width=\"500\" height=\"500\" class=\"alignnone wp-image-353\" style=\"width: 150px;height: 150px;margin-left: 10px;margin-right: 10px;float: left\" src=\"https:\/\/sisu.ut.ee\/wp-content\/uploads\/sites\/647\/6teema.png\" title=\"6teema.png\" alt=\"6teema\" srcset=\"https:\/\/sisu.ut.ee\/wp-content\/uploads\/sites\/647\/6teema.png 500w, https:\/\/sisu.ut.ee\/wp-content\/uploads\/sites\/647\/6teema-300x300.png 300w, https:\/\/sisu.ut.ee\/wp-content\/uploads\/sites\/647\/6teema-150x150.png 150w\" sizes=\"auto, (max-width: 500px) 100vw, 500px\"><strong>TEEMA MOTO \u2013 IGA ORGANISM ON OMA VANEMATE DNA-de KOMBINATSIOON<\/strong>\n<\/p>\n<p>\n\tKuuendal n\u00e4dalal s\u00fcveneme molekulaarbioloogilistesse p\u00f5hiprotsessidesse, p\u00e4rilikkusesse ja muutlikkusesse ja geenitehnoloogiasse. Vaatame l\u00e4hemalt ka viiruste ja bakteritega seotud teemasid. P\u00e4rast materjali l\u00e4bit\u00f6\u00f6tamist peaksid teadma p\u00e4rilikkuse ja muutlikkuse olemust, p\u00e4rilikkuse realiseerumist viirustel ja bakteritel ning nende t\u00e4htsust.\n<\/p>\n<p>\n\t\u00a0\n<\/p>\n<p>\n\t\u00a0\n<\/p>\n<h4>\n\t6. mooduli sissejuhatav video<br>\n<\/h4>\n<p>\n\t\u201cP\u00e4rilikkus ja muutlikkus. Rekombinantne DNA \u00a0\u2013 viirused biotehnoloogias\u201d \u2013 Prof. Ants Kurg (T\u00dc Molekulaar- ja rakubioloogia instituudi biotehnoloogia \u00f5ppetooli juhataja)\n<\/p>\n<p>\n\t<\/p><div class=\"ratio ratio-16x9 mb-3\"><div class=\"video-placeholder-wrapper video-placeholder-wrapper--16x9\">\n\t\t\t    <div class=\"video-placeholder d-flex justify-content-center align-items-center\">\n\t\t\t        <div class=\"overlay text-white p-2 w-100 text-center d-block justify-content-center align-items-center\">\n\t\t\t            <div>Kolmandate osapoolte sisu n\u00e4gemiseks palun n\u00f5ustu k\u00fcpsistega.<\/div>\n\t\t\t            <button class=\"btn btn-secondary btn-sm mt-1 consent-change\">Muuda n\u00f5usolekut<\/button>\n\t\t\t        <\/div>\n\t\t\t    <\/div>\n\t\t\t<\/div>\n<\/div>\n\n<p style=\"text-align: center\">\n\tNB Video vaatamiseks t\u00e4isekraanil kl\u00f5psa nupule\u00a0<img decoding=\"async\" alt=\"T\u00e4isekraani nupp\" data-file_info=\"%7B%22fid%22:%2280964%22,%22view_mode%22:%22default%22,%22type%22:%22media%22%7D\" src=\"https:\/\/sisu.ut.ee\/wp-content\/uploads\/sites\/647\/nupp_taisekraan.png\" title=\"\"><\/p>\n","protected":false},"excerpt":{"rendered":"<p>P\u00e4rilikkus ja muutlikkus TEEMA MOTO \u2013 IGA ORGANISM ON OMA VANEMATE DNA-de KOMBINATSIOON Kuuendal n\u00e4dalal s\u00fcveneme molekulaarbioloogilistesse p\u00f5hiprotsessidesse, p\u00e4rilikkusesse ja muutlikkusesse ja geenitehnoloogiasse. Vaatame l\u00e4hemalt ka viiruste ja bakteritega seotud teemasid. P\u00e4rast materjali l\u00e4bit\u00f6\u00f6tamist peaksid teadma p\u00e4rilikkuse ja muutlikkuse olemust, &#8230;<\/p>\n","protected":false},"author":319,"featured_media":0,"parent":0,"menu_order":0,"comment_status":"closed","ping_status":"closed","template":"","meta":{"_acf_changed":false,"inline_featured_image":false,"footnotes":""},"class_list":["post-50","page","type-page","status-publish","hentry"],"acf":[],"_links":{"self":[{"href":"https:\/\/sisu.ut.ee\/biogymnaasium\/wp-json\/wp\/v2\/pages\/50","targetHints":{"allow":["GET"]}}],"collection":[{"href":"https:\/\/sisu.ut.ee\/biogymnaasium\/wp-json\/wp\/v2\/pages"}],"about":[{"href":"https:\/\/sisu.ut.ee\/biogymnaasium\/wp-json\/wp\/v2\/types\/page"}],"author":[{"embeddable":true,"href":"https:\/\/sisu.ut.ee\/biogymnaasium\/wp-json\/wp\/v2\/users\/319"}],"replies":[{"embeddable":true,"href":"https:\/\/sisu.ut.ee\/biogymnaasium\/wp-json\/wp\/v2\/comments?post=50"}],"version-history":[{"count":1,"href":"https:\/\/sisu.ut.ee\/biogymnaasium\/wp-json\/wp\/v2\/pages\/50\/revisions"}],"predecessor-version":[{"id":457,"href":"https:\/\/sisu.ut.ee\/biogymnaasium\/wp-json\/wp\/v2\/pages\/50\/revisions\/457"}],"wp:attachment":[{"href":"https:\/\/sisu.ut.ee\/biogymnaasium\/wp-json\/wp\/v2\/media?parent=50"}],"curies":[{"name":"wp","href":"https:\/\/api.w.org\/{rel}","templated":true}]}}